{"id":137346,"date":"2023-08-15T14:28:21","date_gmt":"2023-08-15T14:28:21","guid":{"rendered":"https:\/\/extu.com\/prawne\/podwykonawcy-przetwarzajacy-dane\/"},"modified":"2024-11-06T11:47:55","modified_gmt":"2024-11-06T11:47:55","slug":"podwykonawcy-przetwarzajacy-dane","status":"publish","type":"page","link":"https:\/\/extu.com\/pl\/prawne\/podwykonawcy-przetwarzajacy-dane\/","title":{"rendered":"Podwykonawcy przetwarzaj\u0105cy dane"},"content":{"rendered":"\n<p class=\"has-base-2-color has-contrast-background-color has-text-color has-background\"><strong>Ostatnia aktualizacja:<\/strong> 17 czerwca 2024 r.<\/p>\n\n<p>Extu korzysta z us\u0142ug okre\u015blonych podwykonawc\u00f3w (w tym cz\u0142onk\u00f3w grupy Extu i podmiot\u00f3w zewn\u0119trznych wymienionych poni\u017cej), aby \u015bwiadczy\u0107 us\u0142ugi zgodnie z obowi\u0105zuj\u0105cymi <a href=\"https:\/\/extu.com\/pl\/prawne\/ogolne-warunki-swiadczenia-uslug\/\">standardowymi warunkami i postanowieniami<\/a>.<\/p>\n\n<p>Ci podwykonawcy mog\u0105 znajdowa\u0107 si\u0119 lub mie\u0107 swoje serwery za granic\u0105. Dane osobowe b\u0119d\u0105 przekazywane wy\u0142\u0105cznie organizacjom, w kt\u00f3rych Extu wprowadzi\u0142 odpowiednie zabezpieczenia spe\u0142niaj\u0105ce wymagania firmy, zgodne z obowi\u0105zuj\u0105cymi przepisami o ochronie prywatno\u015bci. <\/p>\n\n<h3 class=\"wp-block-heading\">Podwykonawcy w grupie Extu<\/h3>\n\n<p>Ni\u017cej wymieniony podmioty nale\u017c\u0105 do Extu Group. W zwi\u0105zku z tym dzia\u0142aj\u0105 oni jako podwykonawcy przetwarzaj\u0105cy dane w celu \u015bwiadczenia us\u0142ug. <\/p>\n\n<figure class=\"wp-block-table\"><table><tbody><tr><td><strong>Nazwa podmiotu<\/strong><\/td><td><strong>Kraj<\/strong><\/td><td><strong>Cel<\/strong><\/td><\/tr><tr><td>Finnigan Investments (Australia) Pty Ltd<\/td><td>Australia<\/td><td>Siedziba g\u0142\u00f3wna grupy<\/td><\/tr><tr><td>OneAffiniti LLC<\/td><td>USA<\/td><td>Biuro sprzeda\u017cy i marketingu<\/td><\/tr><tr><td>OneAffiniti Ltd<\/td><td>UK<\/td><td>Biuro sprzeda\u017cy i marketingu<\/td><\/tr><\/tbody><\/table><\/figure>\n\n<h3 class=\"wp-block-heading\">Podwykonawcy zapewniaj\u0105cy infrastruktur\u0119 do przechowywania danych<\/h3>\n\n<p>W tabeli poni\u017cej zestawiono kraje i sp\u00f3\u0142ki, z kt\u00f3rych us\u0142ug korzysta Extu w celu przechowywania danych.<\/p>\n\n<figure class=\"wp-block-table\"><table><tbody><tr><td><strong>Nazwa podmiotu<\/strong><\/td><td><strong>Kraj<\/strong><\/td><td><strong>Nazwa podmiotu<\/strong><\/td><\/tr><tr><td>Amazon Web Services<\/td><td>Australia i USA<\/td><td>Dostawca us\u0142ug w chmurze<\/td><\/tr><tr><td>Flexential Corp. <\/td><td>USA <\/td><td>Dostawca centrum danych <\/td><\/tr><tr><td>Google Cloud<\/td><td>USA<\/td><td>Dostawca us\u0142ug w chmurze<\/td><\/tr><\/tbody><\/table><\/figure>\n\n<h3 class=\"wp-block-heading\">Podwykonawcy w zale\u017cno\u015bci od rodzaju us\u0142ug<\/h3>\n\n<p>Extu wsp\u00f3\u0142pracuje z podmiotami zewn\u0119trznymi w celu zapewnienia okre\u015blonych funkcji w ramach us\u0142ug, oceny skuteczno\u015bci i\/lub optymalizacji us\u0142ug.<\/p>\n\n<figure class=\"wp-block-table\"><table><tbody><tr><td><strong>Nazwa podmiotu<\/strong><\/td><td><strong>Kraj<\/strong><\/td><td><strong>Cel<\/strong><\/td><\/tr><tr><td>Alchemer<\/td><td>USA<\/td><td>Przesy\u0142anie formularzy<\/td><\/tr><tr><td>Bakkt Marketplace, LLC<\/td><td>USA<\/td><td>Realizacja us\u0142ug zwi\u0105zanych z podr\u00f3\u017cami<\/td><\/tr><tr><td>Best Buy Co. Inc. <\/td><td>USA<\/td><td>Oferowanie towar\u00f3w<\/td><\/tr><tr><td>Blackhawk Network Holdings, Inc <\/td><td>USA <\/td><td>Oferowanie kart podarunkowych <\/td><\/tr><tr><td>Books-A-Million, Inc.<\/td><td>USA<\/td><td>Oferowanie towar\u00f3w<\/td><\/tr><tr><td>Bulovoa Watch Company<\/td><td>USA<\/td><td>Oferowanie towar\u00f3w<\/td><\/tr><tr><td>Calendly<\/td><td>USA<\/td><td>Calendar scheduling integration<\/td><\/tr><tr><td>Campaign Monitor<\/td><td>USA<\/td><td>Dystrybucja wiadomo\u015bci e-mail<\/td><\/tr><tr><td>Capitol Sales Company<\/td><td>USA<\/td><td>Oferowanie towar\u00f3w<\/td><\/tr><tr><td>Castle Merchandising, Inc<\/td><td>USA<\/td><td>Oferowanie towar\u00f3w<\/td><\/tr><tr><td>Chargebee<\/td><td>Australia<\/td><td>Zarz\u0105dzanie rozliczeniami dot. subskrypcji<\/td><\/tr><tr><td>Clearbit<\/td><td>USA<\/td><td>Walidacja danych kontaktowych<\/td><\/tr><tr><td>The DataDirect Group <\/td><td>USA <\/td><td>Oferowanie towar\u00f3w <\/td><\/tr><tr><td>Domo<\/td><td>USA<\/td><td>Analityka, spostrze\u017cenia i raportowanie<\/td><\/tr><tr><td>Edenred SE<\/td><td>FRA<\/td><td>Oferowanie towar\u00f3w<\/td><\/tr><tr><td>Emapta<\/td><td>Filipiny<\/td><td>Zesp\u00f3\u0142 produkcyjny i centrum wsparcia<\/td><\/tr><tr><td>Fandango Media LLC<\/td><td>USA<\/td><td>Oferowanie bilet\u00f3w do kina<\/td><\/tr><tr><td>Giftbit<\/td><td>Kanada<\/td><td>Portal kart podarunkowych<\/td><\/tr><tr><td>GiftPay<\/td><td>AU<\/td><td>System Flexi eGift<\/td><\/tr><tr><td>GlockApps<\/td><td>USA<\/td><td>Analiza dostarczania wiadomo\u015bci e-mail<\/td><\/tr><tr><td>Google, LLC <\/td><td>USA <\/td><td>Analiza strony internetowej <\/td><\/tr><tr><td>Google Tag Manager\/Google Analytics<\/td><td>USA<\/td><td>Analiza statystyk behawioralnych<\/td><\/tr><tr><td>G Suite (Google Apps)<\/td><td>USA<\/td><td>Narz\u0119dzia biurowe zwi\u0119kszaj\u0105ce produktywno\u015b\u0107<\/td><\/tr><tr><td>Helix Global Solutions, Inc <\/td><td>USA <\/td><td>Oferowanie towar\u00f3w <\/td><\/tr><tr><td>Hotjar<\/td><td>Malta<\/td><td>Analiza statystyk behawioralnych<\/td><\/tr><tr><td>Incentive Concepts, Inc <\/td><td>USA <\/td><td>Oferowanie towar\u00f3w <\/td><\/tr><tr><td>Incomm Digital Solutions, LLC <\/td><td>USA <\/td><td>Oferowanie kart podarunkowych <\/td><\/tr><tr><td>Ingram Content Group <\/td><td>USA <\/td><td>Oferowanie towar\u00f3w <\/td><\/tr><tr><td>Ingram Entertainment, Inc <\/td><td>USA <\/td><td>Oferowanie towar\u00f3w <\/td><\/tr><tr><td>IRIS Worldwide<\/td><td>USA<\/td><td>Us\u0142ugi reklamowe i marketingowe<\/td><\/tr><tr><td>KleerWest, LLC <\/td><td>USA <\/td><td>Oferowanie towar\u00f3w <\/td><\/tr><tr><td>KPI Analytics<\/td><td>USA<\/td><td>Generowanie lead\u00f3w i analiza danych<\/td><\/tr><tr><td>Lapine, Inc <\/td><td>USA <\/td><td>Oferowanie towar\u00f3w <\/td><\/tr><tr><td>Links Unlimited, Inc <\/td><td>USA <\/td><td>Oferowanie towar\u00f3w <\/td><\/tr><tr><td>MAS, Inc <\/td><td>USA <\/td><td>Oferowanie towar\u00f3w <\/td><\/tr><tr><td>Microsoft<\/td><td>USA<\/td><td>Narz\u0119dzia biurowe zwi\u0119kszaj\u0105ce produktywno\u015b\u0107<\/td><\/tr><tr><td>Microsoft Corporation <\/td><td>USA <\/td><td>To\u017csamo\u015b\u0107, uwierzytelnianie, poczta e-mail, przechowywanie plik\u00f3w, przechowywanie dziennik\u00f3w<\/td><\/tr><tr><td>My Channel Team (\u201cSpark Your Channel\u201d)<\/td><td>USA<\/td><td>Platforma z tre\u015bciami wideo<\/td><\/tr><tr><td>O&#8217;Rourke Sales Company <\/td><td>USA <\/td><td>Oferowanie towar\u00f3w <\/td><\/tr><tr><td>Omnicard<\/td><td>USA<\/td><td>Portal kart podarunkowych<\/td><\/tr><tr><td>Onbe, Inc <\/td><td>USA <\/td><td>Realizacja przedp\u0142aconych obci\u0105\u017ce\u0144 <\/td><\/tr><tr><td>PayPal Holdings, Inc <\/td><td>USA <\/td><td>Przetwarzanie kart kredytowych <\/td><\/tr><tr><td>Power Sales and Advertising, Inc <\/td><td>USA <\/td><td>Oferowanie towar\u00f3w <\/td><\/tr><tr><td>Premco Associates <\/td><td>USA <\/td><td>Oferowanie towar\u00f3w <\/td><\/tr><tr><td>Premstar, Inc. <\/td><td>USA <\/td><td>Oferowanie towar\u00f3w <\/td><\/tr><tr><td>Prezzy Card<\/td><td>NZ<\/td><td>Portal kart podarunkowych<\/td><\/tr><tr><td>Proam Golf <\/td><td>USA <\/td><td>Oferowanie towar\u00f3w <\/td><\/tr><tr><td>Q6 Inc. <\/td><td>USA <\/td><td>Oferowanie towar\u00f3w <\/td><\/tr><tr><td>The Rocket Science Group LLC <\/td><td>USA <\/td><td>Dostarczanie wiadomo\u015bci e-mail <\/td><\/tr><tr><td>Salesforce<\/td><td>USA<\/td><td>Zarz\u0105dzanie relacjami z klientami<\/td><\/tr><tr><td>Sand Dune Mail Ltd <\/td><td>USA <\/td><td>Dostarczanie wiadomo\u015bci e-mail <\/td><\/tr><tr><td>Sendgrid<\/td><td>USA<\/td><td>Dystrybucja wiadomo\u015bci e-mail<\/td><\/tr><tr><td>Smartsheet<\/td><td>USA<\/td><td>Zarz\u0105dzanie zadaniami i projektami<\/td><\/tr><tr><td>Stark Enterprises, Inc <\/td><td>USA <\/td><td>Oferowanie towar\u00f3w <\/td><\/tr><tr><td>Stripe<\/td><td>USA<\/td><td>Operator p\u0142atno\u015bci<\/td><\/tr><tr><td>Successful Channels<\/td><td>USA<\/td><td>Platforma kart wynik\u00f3w<\/td><\/tr><tr><td>Top Brands, Inc <\/td><td>USA <\/td><td>Oferowanie towar\u00f3w <\/td><\/tr><tr><td>Ticket Network, Inc <\/td><td>USA <\/td><td>Realizacja bilet\u00f3w na wydarzenia <\/td><\/tr><tr><td>Twilio<\/td><td>USA<\/td><td>Powiadamianie i dostarczanie wiadomo\u015bci SMS<\/td><\/tr><tr><td>Universal Gift Cards<\/td><td>Australia<\/td><td>Portal kart podarunkowych<\/td><\/tr><tr><td>Zane&#8217;s Cycle <\/td><td>USA <\/td><td>Oferowanie towar\u00f3w <\/td><\/tr><tr><td>Zapier<\/td><td>USA<\/td><td>Automatyzacja i synchronizacja<\/td><\/tr><tr><td>Zerobounce<\/td><td>USA<\/td><td>Weryfikacja wiadomo\u015bci e-mail subskrybent\u00f3w<\/td><\/tr><\/tbody><\/table><\/figure>\n","protected":false},"excerpt":{"rendered":"<p>Ostatnia aktualizacja: 17 czerwca 2024 r. Extu korzysta z us\u0142ug okre\u015blonych podwykonawc\u00f3w (w tym cz\u0142onk\u00f3w grupy Extu i &hellip;<\/p>\n","protected":false},"author":4,"featured_media":0,"parent":119473,"menu_order":0,"comment_status":"closed","ping_status":"closed","template":"","meta":{"_acf_changed":false,"_eb_attr":"","footnotes":""},"class_list":["post-137346","page","type-page","status-publish"],"acf":{"footer_box_text":"Partnering With Us = Higher Returns for You","footer_form_text":"Channel Growth Looks Good On You","footer_form":""},"_links":{"self":[{"href":"https:\/\/extu.com\/pl\/wp-json\/wp\/v2\/pages\/137346","targetHints":{"allow":["GET"]}}],"collection":[{"href":"https:\/\/extu.com\/pl\/wp-json\/wp\/v2\/pages"}],"about":[{"href":"https:\/\/extu.com\/pl\/wp-json\/wp\/v2\/types\/page"}],"author":[{"embeddable":true,"href":"https:\/\/extu.com\/pl\/wp-json\/wp\/v2\/users\/4"}],"replies":[{"embeddable":true,"href":"https:\/\/extu.com\/pl\/wp-json\/wp\/v2\/comments?post=137346"}],"version-history":[{"count":0,"href":"https:\/\/extu.com\/pl\/wp-json\/wp\/v2\/pages\/137346\/revisions"}],"up":[{"embeddable":true,"href":"https:\/\/extu.com\/pl\/wp-json\/wp\/v2\/pages\/119473"}],"wp:attachment":[{"href":"https:\/\/extu.com\/pl\/wp-json\/wp\/v2\/media?parent=137346"}],"curies":[{"name":"wp","href":"https:\/\/api.w.org\/{rel}","templated":true}]}}