{"id":137335,"date":"2023-08-10T13:15:41","date_gmt":"2023-08-10T13:15:41","guid":{"rendered":"https:\/\/extu.com\/prawne\/rodo-a-extu\/"},"modified":"2024-11-06T10:38:46","modified_gmt":"2024-11-06T10:38:46","slug":"rodo-a-extu","status":"publish","type":"page","link":"https:\/\/extu.com\/pl\/prawne\/rodo-a-extu\/","title":{"rendered":"RODO a Extu"},"content":{"rendered":"<div class=\"gb-container gb-container-b18ab946 gb-container-default\">\n<div class=\"gb-container gb-container-5d0439a9 gb-container-inner\">\n<div class=\"gb-grid-wrapper gb-grid-wrapper-209d1e03\">\n<div class=\"gb-grid-column gb-grid-column-22a1eb65\"><div class=\"gb-container gb-container-22a1eb65\">\n\n<h1 class=\"gb-headline gb-headline-aa84e7da gb-headline-text\">RODO a Extu<\/h1>\n\n\n\n<p class=\"gb-headline gb-headline-c06d6f66 gb-headline-text\">W Extu cenimy prywatno\u015b\u0107 naszych u\u017cytkownik\u00f3w. <\/p>\n\n<\/div><\/div>\n<\/div>\n<\/div>\n<\/div>\n\n<div class=\"gb-container gb-container-2be5925a gb-container-default\">\n<div class=\"gb-container gb-container-71010533\">\n\n<h2 class=\"gb-headline gb-headline-07db59a1 gb-headline-text\">Jakie dzia\u0142ania podj\u0119\u0142a firma Extu, aby zachowa\u0107 zgodno\u015b\u0107 z RODO?<\/h2>\n\n\n\n<p>Extu dok\u0142ada wszelkich stara\u0144, aby odpowiedzialnie przechowywa\u0107 dane osobowe, kt\u00f3rych gromadzenie i przetwarzanie zosta\u0142o nam powierzone. W ramach naszego zaanga\u017cowania w ochron\u0119 prywatno\u015bci skorzystali\u015bmy ze specjalistycznych porad prawnych i utworzyli\u015bmy wewn\u0119trzny zesp\u00f3\u0142 ds. RODO, aby oceni\u0107 nasze obowi\u0105zki i wdro\u017cy\u0107 \u015brodki wymagane do zapewnienia zgodno\u015bci z RODO. Przyj\u0119li\u015bmy r\u00f3wnie\u017c RODO jako nasz globalny standard prywatno\u015bci i ochrony danych. Oto podsumowanie kluczowych krok\u00f3w, kt\u00f3re podj\u0119li\u015bmy:   <\/p>\n\n\n\n<ul class=\"wp-block-list\">\n<li><strong>Analiza luk: <\/strong>przeprowadzili\u015bmy analiz\u0119 luk w zakresie wymog\u00f3w RODO maj\u0105cych zastosowanie do dzia\u0142alno\u015bci Extu.<\/li>\n\n\n\n<li><strong>Mapy danych: <\/strong>stworzyli\u015bmy kompleksowe mapy danych, kt\u00f3re \u015bledz\u0105 przep\u0142yw danych osobowych w naszych systemach i us\u0142ugach.<\/li>\n\n\n\n<li><strong>Komunikaty:<\/strong> zaktualizowali\u015bmy komunikaty w naszych materia\u0142ach marketingowych i na stronach internetowych.<\/li>\n\n\n\n<li><strong>Informacje o ochronie prywatno\u015bci:<\/strong> zaktualizowali\u015bmy informacje o ochronie prywatno\u015bci na naszej stronie internetowej i wewn\u0119trzne informacje o ochronie prywatno\u015bci, aby by\u0142y zgodne z RODO, a tak\u017ce by by\u0142y bardziej zwi\u0119z\u0142e i przejrzyste w kwestii przetwarzania danych osobowych.<\/li>\n\n\n\n<li><strong>Powiadomienia o naruszeniu ochrony danych:<\/strong> zaktualizowali\u015bmy nasz plan zg\u0142aszania narusze\u0144 ochrony danych i procedury reagowania na incydenty, aby dostosowa\u0107 je do RODO.<\/li>\n\n\n\n<li><strong>Bezpiecze\u0144stwo danych: <\/strong>dokonali\u015bmy przegl\u0105du naszych technicznych i organizacyjnych praktyk w zakresie bezpiecze\u0144stwa system\u00f3w, a w stosownych przypadkach je zaktualizowali\u015bmy.<\/li>\n\n\n\n<li><strong>Prawa os\u00f3b, kt\u00f3rych dane dotycz\u0105:<\/strong> wdro\u017cyli\u015bmy procedury post\u0119powania z najwa\u017cniejszymi prawami os\u00f3b, kt\u00f3rych dane dotycz\u0105, tj. prawem dost\u0119pu, prawem do \u017c\u0105dania przeniesienia danych i prawem do usuni\u0119cia danych.<\/li>\n\n\n\n<li><strong>Rejestry dot. przetwarzania danych:<\/strong> utrzymujemy rejestry dot. przetwarzania danych zgodne z RODO, w tym procedury transferu mi\u0119dzynarodowego.<\/li>\n\n\n\n<li><strong>Polityki dot. ochrony danych i szkolenia:<\/strong> opracowali\u015bmy polityki dot. ochrony danych i post\u0119powania z nimi oraz wdro\u017cyli\u015bmy ramy szkoleniowe dla wszystkich pracownik\u00f3w Extu.<\/li>\n\n\n\n<li><strong>Dostawcy i podmioty zewn\u0119trzne: <\/strong>dokonali\u015bmy przegl\u0105du naszych relacji z dostawcami zewn\u0119trznymi i upewnili\u015bmy si\u0119, \u017ce stosowane przez nas warunki spe\u0142niaj\u0105 wymogi RODO.<\/li>\n<\/ul>\n\n\n\n<p>Nasze dzia\u0142ania w zakresie zgodno\u015bci z RODO obejmuj\u0105 proces ci\u0105g\u0142ego doskonalenia. Chcemy wspiera\u0107 inicjatywy marketingowe U\u017cytkownika, a pracuj\u0105c jako zesp\u00f3\u0142 mo\u017cemy budowa\u0107 oparte na zaufaniu i przejrzyste relacje z obecnymi i potencjalnymi subskrybentami U\u017cytkownika. <\/p>\n\n\n\n<p>Poniewa\u017c przyj\u0119li\u015bmy RODO jako standard dla naszego globalnego programu zgodno\u015bci z przepisami dotycz\u0105cymi prywatno\u015bci danych, jeste\u015bmy w stanie spe\u0142ni\u0107 wiele wymaga\u0144 wynikaj\u0105cych z kalifornijskiej ustawy o ochronie prywatno\u015bci CCPA. W zakresie, w jakim to by\u0142o wymagane dla zgodno\u015bci z CCPA, zaktualizowali\u015bmy nasze wewn\u0119trzne polityki, \u015brodki bezpiecze\u0144stwa i plan dotycz\u0105cy incydent\u00f3w zwi\u0105zanych z danymi. Ponadto zaktualizowali\u015bmy Informacj\u0119 o ochronie prywatno\u015bci.   <\/p>\n\n<\/div>\n<\/div>\n\n<div class=\"gb-container gb-container-822b9373 gb-container-default\">\n<div class=\"gb-container gb-container-267a6df0 gb-container-inner\">\n\n<h2 class=\"gb-headline gb-headline-a64fe33d gb-headline-text\">W jaki spos\u00f3b Extu odnios\u0142a si\u0119 do kalifornijskiej ustawy o ochronie prywatno\u015bci (CCPA)?<\/h2>\n\n\n\n<p>CCPA obejmuje prawo mieszka\u0144c\u00f3w Kalifornii do sprzeciwu wobec \u201esprzeda\u017cy\u201d ich danych osobowych. Extu nie sprzedaje danych osobowych. Dane osobowe ujawniamy wy\u0142\u0105cznie podmiotom zewn\u0119trznym, kt\u00f3re s\u0105 us\u0142ugodawcami, lub sponsorom w celach biznesowych lub w przypadku, gdy u\u017cytkownik nas do tego upowa\u017cni\u0142.  <\/p>\n\n<\/div>\n<\/div>\n\n<div class=\"gb-container gb-container-1d6fd59e gb-container-default\">\n<div class=\"gb-container gb-container-061503a3 gb-container-inner\">\n\n<h2 class=\"gb-headline gb-headline-4b3e56ac gb-headline-text\">Najcz\u0119\u015bciej zadawane pytania<\/h2>\n\n\n<div class=\"gb-container gb-container-884b9234 gb-accordion\">\n<div class=\"gb-container gb-container-2dbb83bd gb-accordion__item gb-accordion__item-open\" data-transition=\"slide\">\n\n<button class=\"gb-button gb-button-4269b730 gb-accordion__toggle gb-block-is-current\" id=\"gb-accordion-toggle-4269b730\"><span class=\"gb-button-text\">Gdzie Extu przechowuje dane partner\u00f3w i subskrybent\u00f3w?<\/span><span class=\"gb-icon\"><svg xmlns=\"http:\/\/www.w3.org\/2000\/svg\" viewBox=\"0 0 448 512\" width=\"1em\" height=\"1em\" ariahidden=\"true\" role=\"img\" class=\"gb-accordion__icon\"><path d=\"M207.029 381.476L12.686 187.132c-9.373-9.373-9.373-24.569 0-33.941l22.667-22.667c9.357-9.357 24.522-9.375 33.901-.04L224 284.505l154.745-154.021c9.379-9.335 24.544-9.317 33.901.04l22.667 22.667c9.373 9.373 9.373 24.569 0 33.941L240.971 381.476c-9.373 9.372-24.569 9.372-33.942 0z\" fill=\"currentColor\"><\/path><\/svg><svg xmlns=\"http:\/\/www.w3.org\/2000\/svg\" viewBox=\"0 0 448 512\" width=\"1em\" height=\"1em\" ariahidden=\"true\" role=\"img\" class=\"gb-accordion__icon-open\"><path d=\"M240.971 130.524l194.343 194.343c9.373 9.373 9.373 24.569 0 33.941l-22.667 22.667c-9.357 9.357-24.522 9.375-33.901.04L224 227.495 69.255 381.516c-9.379 9.335-24.544 9.317-33.901-.04l-22.667-22.667c-9.373-9.373-9.373-24.569 0-33.941L207.03 130.525c9.372-9.373 24.568-9.373 33.941-.001z\" fill=\"currentColor\"><\/path><\/svg><\/span><\/button>\n\n\n<div id=\"gb-accordion-content-b52027d9\" class=\"gb-accordion__content\"><div class=\"gb-container gb-container-b52027d9\">\n\n<p>Do hostingu naszych us\u0142ug u\u017cywamy najwy\u017cszej klasy zewn\u0119trznego dostawcy us\u0142ug hostingu danych (Amazon Web Services). Wi\u0119cej informacji na temat podej\u015bcia AWS do zgodno\u015bci z RODO mo\u017cna znale\u017a\u0107 na stronie <a href=\"https:\/\/aws.amazon.com\/compliance\/gdpr-center\/\" target=\"_blank\" rel=\"noopener\">https:\/\/aws.amazon.com\/compliance\/gdpr-center\/<\/a>. <\/p>\n\n<\/div><\/div>\n<\/div>\n\n<div class=\"gb-container gb-container-a9f1b25a gb-accordion__item\" data-transition=\"slide\">\n\n<button class=\"gb-button gb-button-2278a0e9 gb-accordion__toggle\" id=\"gb-accordion-toggle-2278a0e9\"><span class=\"gb-button-text\">Kim s\u0105 podwykonawcy przetwarzaj\u0105cy dane lub us\u0142ugodawcy zewn\u0119trzni Extu?<\/span><span class=\"gb-icon\"><svg xmlns=\"http:\/\/www.w3.org\/2000\/svg\" viewBox=\"0 0 448 512\" width=\"1em\" height=\"1em\" ariahidden=\"true\" role=\"img\" class=\"gb-accordion__icon\"><path d=\"M207.029 381.476L12.686 187.132c-9.373-9.373-9.373-24.569 0-33.941l22.667-22.667c9.357-9.357 24.522-9.375 33.901-.04L224 284.505l154.745-154.021c9.379-9.335 24.544-9.317 33.901.04l22.667 22.667c9.373 9.373 9.373 24.569 0 33.941L240.971 381.476c-9.373 9.372-24.569 9.372-33.942 0z\" fill=\"currentColor\"><\/path><\/svg><svg xmlns=\"http:\/\/www.w3.org\/2000\/svg\" viewBox=\"0 0 448 512\" width=\"1em\" height=\"1em\" ariahidden=\"true\" role=\"img\" class=\"gb-accordion__icon-open\"><path d=\"M240.971 130.524l194.343 194.343c9.373 9.373 9.373 24.569 0 33.941l-22.667 22.667c-9.357 9.357-24.522 9.375-33.901.04L224 227.495 69.255 381.516c-9.379 9.335-24.544 9.317-33.901-.04l-22.667-22.667c-9.373-9.373-9.373-24.569 0-33.941L207.03 130.525c9.372-9.373 24.568-9.373 33.941-.001z\" fill=\"currentColor\"><\/path><\/svg><\/span><\/button>\n\n\n<div id=\"gb-accordion-content-c77d4ed5\" class=\"gb-accordion__content\"><div class=\"gb-container gb-container-c77d4ed5\">\n\n<p>Pe\u0142ny wykaz naszych zewn\u0119trznych podmiot\u00f3w przetwarzaj\u0105cych dane dost\u0119pny jest <a href=\"http:\/\/extu.com\/legal\/subprocessors\/\">tutaj<\/a>.<\/p>\n\n<\/div><\/div>\n<\/div>\n\n<div class=\"gb-container gb-container-097a6cf1 gb-accordion__item\" data-transition=\"slide\">\n\n<button class=\"gb-button gb-button-189cce92 gb-accordion__toggle\" id=\"gb-accordion-toggle-189cce92\"><span class=\"gb-button-text\">Jestem partnerem uczestnicz\u0105cym w programie Extu. Czy nadal musz\u0119 niepokoi\u0107 si\u0119 o kwestie zgodno\u015bci z RODO? <\/span><span class=\"gb-icon\"><svg xmlns=\"http:\/\/www.w3.org\/2000\/svg\" viewBox=\"0 0 448 512\" width=\"1em\" height=\"1em\" ariahidden=\"true\" role=\"img\" class=\"gb-accordion__icon\"><path d=\"M207.029 381.476L12.686 187.132c-9.373-9.373-9.373-24.569 0-33.941l22.667-22.667c9.357-9.357 24.522-9.375 33.901-.04L224 284.505l154.745-154.021c9.379-9.335 24.544-9.317 33.901.04l22.667 22.667c9.373 9.373 9.373 24.569 0 33.941L240.971 381.476c-9.373 9.372-24.569 9.372-33.942 0z\" fill=\"currentColor\"><\/path><\/svg><svg xmlns=\"http:\/\/www.w3.org\/2000\/svg\" viewBox=\"0 0 448 512\" width=\"1em\" height=\"1em\" ariahidden=\"true\" role=\"img\" class=\"gb-accordion__icon-open\"><path d=\"M240.971 130.524l194.343 194.343c9.373 9.373 9.373 24.569 0 33.941l-22.667 22.667c-9.357 9.357-24.522 9.375-33.901.04L224 227.495 69.255 381.516c-9.379 9.335-24.544 9.317-33.901-.04l-22.667-22.667c-9.373-9.373-9.373-24.569 0-33.941L207.03 130.525c9.372-9.373 24.568-9.373 33.941-.001z\" fill=\"currentColor\"><\/path><\/svg><\/span><\/button>\n\n\n<div id=\"gb-accordion-content-5a60a2dd\" class=\"gb-accordion__content\"><div class=\"gb-container gb-container-5a60a2dd\">\n\n<p>Tak. Je\u015bli masz siedzib\u0119 w UE lub poza UE, ale cho\u0107 jeden z Twoich z subskrybent\u00f3w mieszka na terenie UE, b\u0119dziesz uznawany(-a) za administratora danych subskrybent\u00f3w. Istniej\u0105 r\u00f3wnie\u017c wymogi dotycz\u0105ce prywatno\u015bci danych, kt\u00f3re musisz spe\u0142ni\u0107 zgodnie z Og\u00f3lnymi warunkami \u015bwiadczenia us\u0142ug przez Extu. W zwi\u0105zku z tym, gdy uczestniczysz w programie Extu, zgodnie z naszymi Og\u00f3lnymi warunkami \u015bwiadczenia us\u0142ug, Twoje obowi\u0105zki wynikaj\u0105ce z RODO obejmuj\u0105 upewnienie si\u0119, \u017ce:  <\/p>\n\n\n\n<ul class=\"wp-block-list\">\n<li>Twoja lista subskrybent\u00f3w jest zgodna z RODO<\/li>\n\n\n\n<li>Twoja informacja o ochronie prywatno\u015bci zawiera odpowiednie informacje zgodne z wymogami RODO<\/li>\n\n\n\n<li>posiadasz odpowiednie techniczne i organizacyjne \u015brodki bezpiecze\u0144stwa w celu ograniczenia ryzyka naruszenia ochrony prywatno\u015bci<\/li>\n\n\n\n<li>niezw\u0142oczne powiadomisz Extu w przypadku otrzymania skargi lub \u017c\u0105dania dotycz\u0105cego ochrony prywatno\u015bci, lub udzia\u0142u w potencjalnym lub faktycznym incydencie naruszenia danych.<\/li>\n<\/ul>\n\n\n\n<p>Extu zobowi\u0105zuje si\u0119 do pomocy U\u017cytkownikom w wype\u0142nianiu obowi\u0105zk\u00f3w wynikaj\u0105cych z RODO w odniesieniu do zarz\u0105dzania preferencjami subskrybent\u00f3w, ujawniania plik\u00f3w cookie, \u017c\u0105da\u0144 dotycz\u0105cych danych osobowych i innych praw os\u00f3b, kt\u00f3rych dane dotycz\u0105. Do\u0142o\u017cymy wszelkich stara\u0144, aby nasza us\u0142uga by\u0142a \u015bwiadczona zgodnie z obowi\u0105zuj\u0105cymi przepisami dotycz\u0105cymi ochrony prywatno\u015bci. Podejmujemy te\u017c dzia\u0142ania, aby pom\u00f3c u\u017cytkownikom w dostarczaniu wiadomo\u015bci marketingowych klientom zgodnie z RODO. <\/p>\n\n\n\n<p>Wi\u0119cej informacji na ten temat zawiera cze\u015b\u0107 dotycz\u0105ca <a href=\"http:\/\/extu.com\/legal\/gdpr-and-partners\/\">obowi\u0105zk\u00f3w partner\u00f3w w zakresie RODO<\/a>.<\/p>\n\n<\/div><\/div>\n<\/div>\n\n<div class=\"gb-container gb-container-64bd034b gb-accordion__item\" data-transition=\"slide\">\n\n<button class=\"gb-button gb-button-20831c2f gb-accordion__toggle\" id=\"gb-accordion-toggle-20831c2f\"><span class=\"gb-button-text\">Jakie \u015brodki bezpiecze\u0144stwa stosuje Extu w celu ochrony danych?<\/span><span class=\"gb-icon\"><svg xmlns=\"http:\/\/www.w3.org\/2000\/svg\" viewBox=\"0 0 448 512\" width=\"1em\" height=\"1em\" ariahidden=\"true\" role=\"img\" class=\"gb-accordion__icon\"><path d=\"M207.029 381.476L12.686 187.132c-9.373-9.373-9.373-24.569 0-33.941l22.667-22.667c9.357-9.357 24.522-9.375 33.901-.04L224 284.505l154.745-154.021c9.379-9.335 24.544-9.317 33.901.04l22.667 22.667c9.373 9.373 9.373 24.569 0 33.941L240.971 381.476c-9.373 9.372-24.569 9.372-33.942 0z\" fill=\"currentColor\"><\/path><\/svg><svg xmlns=\"http:\/\/www.w3.org\/2000\/svg\" viewBox=\"0 0 448 512\" width=\"1em\" height=\"1em\" ariahidden=\"true\" role=\"img\" class=\"gb-accordion__icon-open\"><path d=\"M240.971 130.524l194.343 194.343c9.373 9.373 9.373 24.569 0 33.941l-22.667 22.667c-9.357 9.357-24.522 9.375-33.901.04L224 227.495 69.255 381.516c-9.379 9.335-24.544 9.317-33.901-.04l-22.667-22.667c-9.373-9.373-9.373-24.569 0-33.941L207.03 130.525c9.372-9.373 24.568-9.373 33.941-.001z\" fill=\"currentColor\"><\/path><\/svg><\/span><\/button>\n\n\n<div id=\"gb-accordion-content-41a5d2f2\" class=\"gb-accordion__content\"><div class=\"gb-container gb-container-41a5d2f2\">\n\n<p>Stosujemy \u015brodki techniczne i procedury organizacyjne w celu ochrony bezpiecze\u0144stwa i poufno\u015bci danych osobowych. Niekt\u00f3re z nich obejmuj\u0105: <\/p>\n\n\n\n<ul class=\"wp-block-list\">\n<li><strong>Ochrona sieci: <\/strong>dost\u0119pu do naszego \u015brodowiska chroni wiele warstw zabezpiecze\u0144, w tym zapory ogniowe, systemy ochrony przed w\u0142amaniami i segregacja sieci. Regularnie korzystamy z us\u0142ug naszych ekspert\u00f3w ds. bezpiecze\u0144stwa danych i wykorzystujemy ich wiedz\u0119 do ochrony naszych system\u00f3w. <\/li>\n\n\n\n<li><strong>Szyfrowanie danych:<\/strong> szyfrujemy wszystkie dane przesy\u0142ane mi\u0119dzy u\u017cytkownikiem, subskrybentami i Extu przy u\u017cyciu standardowego protoko\u0142u TLS (Transport Layer Security).z<\/li>\n\n\n\n<li><strong>Bezpieczne centra danych: <\/strong>nasze serwery znajduj\u0105 si\u0119 w obiektach hostingowych klasy korporacyjnej, kt\u00f3re stosuj\u0105 solidne \u015brodki fizyczne dla zapewnienia bezpiecze\u0144stwa. Extu utrzymuje repliki danych i \u015brodowiska hostingowe w r\u00f3\u017cnych lokalizacjach geograficznych, aby zminimalizowa\u0107 ryzyko utraty danych lub awarii. <\/li>\n\n\n\n<li><strong>Wewn\u0119trzne polityki i \u015brodki bezpiecze\u0144stwa:<\/strong> prowadzimy szeroko zakrojone polityki ochrony danych i bezpiecze\u0144stwa IT, a tak\u017ce przeprowadzamy regularne audyty system\u00f3w i \u015brodk\u00f3w bezpiecze\u0144stwa.<\/li>\n<\/ul>\n\n<\/div><\/div>\n<\/div>\n<\/div>\n<\/div>\n<\/div>\n\n<div class=\"gb-container gb-container-6e0523e1 gb-container-default\">\n<div class=\"gb-container gb-container-542ab6fd gb-container-inner\">\n\n<p><em>Niniejszy materia\u0142 ma charakter informacyjny i nie stanowi porady prawnej. Aby zrozumie\u0107 pe\u0142ny wp\u0142yw RODO na jakiekolwiek dzia\u0142ania zwi\u0105zane z przetwarzaniem danych, nale\u017cy skonsultowa\u0107 si\u0119 z niezale\u017cnym prawnikiem i\/lub specjalist\u0105 ds. prywatno\u015bci. <\/em><\/p>\n\n<\/div>\n<\/div>","protected":false},"excerpt":{"rendered":"<p>Jakie dzia\u0142ania podj\u0119\u0142a firma Extu, aby zachowa\u0107 zgodno\u015b\u0107 z RODO? Extu dok\u0142ada wszelkich stara\u0144, aby odpowiedzialnie przechowywa\u0107 dane &hellip;<\/p>\n","protected":false},"author":4,"featured_media":0,"parent":119473,"menu_order":0,"comment_status":"closed","ping_status":"closed","template":"","meta":{"_acf_changed":false,"_eb_attr":"","footnotes":""},"class_list":["post-137335","page","type-page","status-publish"],"acf":{"footer_box_text":"Partnering With Us = Higher Returns for You","footer_form_text":"Channel Growth Looks Good On You","footer_form":""},"_links":{"self":[{"href":"https:\/\/extu.com\/pl\/wp-json\/wp\/v2\/pages\/137335","targetHints":{"allow":["GET"]}}],"collection":[{"href":"https:\/\/extu.com\/pl\/wp-json\/wp\/v2\/pages"}],"about":[{"href":"https:\/\/extu.com\/pl\/wp-json\/wp\/v2\/types\/page"}],"author":[{"embeddable":true,"href":"https:\/\/extu.com\/pl\/wp-json\/wp\/v2\/users\/4"}],"replies":[{"embeddable":true,"href":"https:\/\/extu.com\/pl\/wp-json\/wp\/v2\/comments?post=137335"}],"version-history":[{"count":0,"href":"https:\/\/extu.com\/pl\/wp-json\/wp\/v2\/pages\/137335\/revisions"}],"up":[{"embeddable":true,"href":"https:\/\/extu.com\/pl\/wp-json\/wp\/v2\/pages\/119473"}],"wp:attachment":[{"href":"https:\/\/extu.com\/pl\/wp-json\/wp\/v2\/media?parent=137335"}],"curies":[{"name":"wp","href":"https:\/\/api.w.org\/{rel}","templated":true}]}}