{"id":137217,"date":"2024-01-05T17:45:48","date_gmt":"2024-01-05T17:45:48","guid":{"rendered":"https:\/\/extu.com\/?page_id=137217"},"modified":"2025-10-03T15:15:41","modified_gmt":"2025-10-03T15:15:41","slug":"etyki","status":"publish","type":"page","link":"https:\/\/extu.com\/pl\/prawne\/etyki\/","title":{"rendered":""},"content":{"rendered":"<div class=\"gb-container gb-container-4cff618d gb-container-default\">\n<div class=\"gb-container gb-container-c99d16b8 gb-container-inner\">\n\n<h1 class=\"gb-headline gb-headline-a34b3b00 gb-headline-text\">Portal Extu do zg\u0142aszania narusze\u0144 etyki i zgodno\u015bci z przepisami<\/h1>\n\n<\/div>\n<\/div>\n\n<div class=\"gb-container gb-container-0369e52c gb-container-default\">\n<div class=\"gb-container gb-container-006b7185 gb-container-inner\">\n\n<p>W Extu bardzo zale\u017cy nam na utrzymaniu najwy\u017cszych standard\u00f3w uczciwo\u015bci i profesjonalizmu we wszystkich naszych dzia\u0142aniach. Rozumiemy, \u017ce miejsce pracy charakteryzuj\u0105ce si\u0119 etycznym post\u0119powaniem to nie tylko wym\u00f3g, ale r\u00f3wnie\u017c podstawa zaufania i szacunku, kt\u00f3rymi darzymy naszych pracownik\u00f3w, klient\u00f3w i interesariuszy.<\/p>\n\n\n\n<h3 class=\"gb-headline gb-headline-18eadb67 gb-headline-text\">Tw\u00f3j g\u0142os ma znaczenie<\/h3>\n\n\n\n<p>Wierzymy, \u017ce ka\u017cdy g\u0142os ma ogromne znaczenie dla kszta\u0142towania pozytywnego i etycznego \u015brodowiska pracy. Dlatego zach\u0119camy do zg\u0142aszania wszelkich w\u0105tpliwo\u015bci lub skarg dotycz\u0105cych etycznego post\u0119powania, zgodno\u015bci z przepisami i praktyk firmy. Niezale\u017cnie od tego, czy jest to drobna w\u0105tpliwo\u015b\u0107, czy powa\u017cna obawa, Tw\u00f3j wk\u0142ad jest nieoceniony, gdy\u017c pomaga nam w podtrzymaniu naszego zaanga\u017cowania w doskonalenie kwestii etyki.<\/p>\n\n\n\n<h3 class=\"gb-headline gb-headline-6a4c0cb4 gb-headline-text\">Ca\u0142kowita anonimowo\u015b\u0107 i poufno\u015b\u0107<\/h3>\n\n\n\n<p>Zapewniamy, \u017ce Twoje zg\u0142oszenia b\u0119d\u0105 traktowane z najwy\u017csz\u0105 poufno\u015bci\u0105. Masz mo\u017cliwo\u015b\u0107 dokonania zg\u0142oszenia w spos\u00f3b anonimowy, dzi\u0119ki czemu Twoja to\u017csamo\u015b\u0107 jest chroniona. Nasz anonimowy system zg\u0142aszania ma na celu zapewnienie poczucia bezpiecze\u0144stwa i wsparcia, umo\u017cliwiaj\u0105c wyra\u017canie obaw bez ryzyka, \u017ce spotkasz si\u0119 z dzia\u0142aniem odwetowym. Je\u015bli chcesz, aby\u015bmy si\u0119 z Tob\u0105 skontaktowali, podaj swoje dane kontaktowe w polu Komentarzy. Je\u015bli nie, mo\u017cesz pomin\u0105\u0107 dane umo\u017cliwiaj\u0105ce identyfikacj\u0119 w swoim zg\u0142oszeniu.<\/p>\n\n\n<div class=\"gb-grid-wrapper gb-grid-wrapper-0ef983d8\">\n<div class=\"gb-grid-column gb-grid-column-2b38ed27\"><div class=\"gb-container gb-container-2b38ed27\">\n\n<h3 class=\"gb-headline gb-headline-ef077ec7 gb-headline-text\">Jak dokona\u0107 zg\u0142oszenia<\/h3>\n\n\n\n<p>Zg\u0142oszenie w\u0105tpliwo\u015bci lub skargi dotycz\u0105cej etyki jest proste. Wystarczy wype\u0142ni\u0107 formularz na tej stronie. Mo\u017cesz opisa\u0107 wszystko bardzo szczeg\u00f3\u0142owo. Niezale\u017cnie od tego, czy zdecydujesz si\u0119 na anonimowo\u015b\u0107, zajmiemy si\u0119 Twoim zg\u0142oszeniem z takim samym szacunkiem, uwag\u0105 i pilno\u015bci\u0105.<\/p>\n\n\n\n<h3 class=\"gb-headline gb-headline-f82efa78 gb-headline-text\">Nasze zobowi\u0105zanie wobec Ciebie<\/h3>\n\n\n\n<p>W Extu dok\u0142adamy wszelkich stara\u0144, aby rozwi\u0105zywa\u0107 wszelkie w\u0105tpliwo\u015bci z nale\u017cyt\u0105 staranno\u015bci\u0105, bez zb\u0119dnej zw\u0142oki. D\u0105\u017cymy do rozwijania kultury przejrzysto\u015bci i odpowiedzialno\u015bci. Twoje spostrze\u017cenia maj\u0105 kluczowe znaczenie w utrzymaniu najwy\u017cszych standard\u00f3w etycznych i tworzeniu miejsca pracy, z kt\u00f3rego wszyscy jeste\u015bmy dumni.<\/p>\n\n\n\n<p>Dzi\u0119kujemy za Tw\u00f3j czas i wysi\u0142ek, dzi\u0119ki czemu firma Extu mo\u017ce by\u0107 lepszym miejscem dla wszystkich. Twoja odwaga i zaanga\u017cowanie w uczciwo\u015b\u0107 s\u0105 nieocenione.<\/p>\n\n\n\n<p>Wsp\u00f3lnie zadbajmy o kultur\u0119 uczciwo\u015bci, szacunku i doskonalenia kwestii etyki w Extu.<\/p>\n\n<\/div><\/div>\n\n<div class=\"gb-grid-column gb-grid-column-e9c4431f\"><div class=\"gb-container gb-container-e9c4431f\">\n\n<h4 class=\"gb-headline gb-headline-d485bae0 gb-headline-text\">Zg\u0142o\u015b problem<\/h4>\n\n\n<style id=\"wpforms-css-vars-137235-block-70298dca-b44c-44b9-acfe-491861450dce\">\n\t\t\t\t#wpforms-137235.wpforms-block-70298dca-b44c-44b9-acfe-491861450dce {\n\t\t\t\t--wpforms-label-color: var(--contrast);\n--wpforms-label-sublabel-color: var(--contrast-2);\n--wpforms-label-error-color: var(--contrast);\n--wpforms-button-border-radius: 5px;\n--wpforms-button-background-color: var(--contrast);\n--wpforms-button-text-color: var(--base-2);\n--wpforms-field-size-input-height: 43px;\n--wpforms-field-size-input-spacing: 15px;\n--wpforms-field-size-font-size: 16px;\n--wpforms-field-size-line-height: 19px;\n--wpforms-field-size-padding-h: 14px;\n--wpforms-field-size-checkbox-size: 16px;\n--wpforms-field-size-sublabel-spacing: 5px;\n--wpforms-field-size-icon-size: 1;\n--wpforms-label-size-font-size: 16px;\n--wpforms-label-size-line-height: 19px;\n--wpforms-label-size-sublabel-font-size: 14px;\n--wpforms-label-size-sublabel-line-height: 17px;\n--wpforms-button-size-font-size: 17px;\n--wpforms-button-size-height: 41px;\n--wpforms-button-size-padding-h: 15px;\n--wpforms-button-size-margin-top: 10px;\n--wpforms-container-shadow-size-box-shadow: none;\n\t\t\t}\n\t\t\t<\/style><div class=\"wpforms-container wpforms-container-full wpforms-block wpforms-block-70298dca-b44c-44b9-acfe-491861450dce wpforms-render-modern\" id=\"wpforms-137235\"><form id=\"wpforms-form-137235\" class=\"wpforms-validate wpforms-form wpforms-ajax-form\" data-formid=\"137235\" data-form-name=\"Ethics Form pl-pl\" method=\"post\" enctype=\"multipart\/form-data\" action=\"\/pl\/wp-json\/wp\/v2\/pages\/137217\" data-token=\"532ebaa9c7eb90d992db2172e1ceb1f6\" data-token-time=\"1775761874\"><noscript class=\"wpforms-error-noscript\">Aby wype\u0142ni\u0107 ten formularz, w\u0142\u0105cz obs\u0142ug\u0119 JavaScript w przegl\u0105darce.<\/noscript><div id=\"wpforms-error-noscript\" style=\"display: none;\">Aby wype\u0142ni\u0107 ten formularz, w\u0142\u0105cz obs\u0142ug\u0119 JavaScript w przegl\u0105darce.<\/div><div class=\"wpforms-field-container\"><div id=\"wpforms-137235-field_1-container\" class=\"wpforms-field wpforms-field-email\" data-field-id=\"1\"><label class=\"wpforms-field-label\" for=\"wpforms-137235-field_1\">E-mail:<\/label><input type=\"email\" id=\"wpforms-137235-field_1\" class=\"wpforms-field-medium\" name=\"wpforms[fields][1]\" spellcheck=\"false\" aria-errormessage=\"wpforms-137235-field_1-error\" aria-describedby=\"wpforms-137235-field_1-description\" ><div id=\"wpforms-137235-field_1-description\" class=\"wpforms-field-description\">Pozostaw puste, aby zachowa\u0107 anonimowo\u015b\u0107<\/div><\/div><div id=\"wpforms-137235-field_3-container\" class=\"wpforms-field wpforms-field-text\" data-field-id=\"3\"><label class=\"wpforms-field-label\" for=\"wpforms-137235-field_3\">Podsumowanie problemu lub obawy: <span class=\"wpforms-required-label\" aria-hidden=\"true\">*<\/span><\/label><input type=\"text\" id=\"wpforms-137235-field_3\" class=\"wpforms-field-medium wpforms-field-required\" name=\"wpforms[fields][3]\" aria-errormessage=\"wpforms-137235-field_3-error\" required><\/div><div id=\"wpforms-137235-field_2-container\" class=\"wpforms-field wpforms-field-textarea\" data-field-id=\"2\"><label class=\"wpforms-field-label\" for=\"wpforms-137235-field_2\">Szczeg\u00f3\u0142owy opis problemu lub obawy: <span class=\"wpforms-required-label\" aria-hidden=\"true\">*<\/span><\/label><textarea id=\"wpforms-137235-field_2\" class=\"wpforms-field-medium wpforms-field-required\" name=\"wpforms[fields][2]\" aria-errormessage=\"wpforms-137235-field_2-error\" required><\/textarea><\/div><\/div><!-- .wpforms-field-container --><div class=\"wpforms-recaptcha-container wpforms-is-turnstile\" ><div class=\"wpforms-turnstile\" data-sitekey=\"0x4AAAAAAAPi5flkWrHI0UNL\" data-action=\"FormID-137235\"><\/div><input type=\"text\" name=\"g-recaptcha-hidden\" class=\"wpforms-recaptcha-hidden\" style=\"position:absolute!important;clip:rect(0,0,0,0)!important;height:1px!important;width:1px!important;border:0!important;overflow:hidden!important;padding:0!important;margin:0!important;\" data-rule-turnstile=\"1\"><\/div><div class=\"wpforms-submit-container\" ><input type=\"hidden\" name=\"wpforms[id]\" value=\"137235\"><input type=\"hidden\" name=\"page_title\" value=\"\"><input type=\"hidden\" name=\"page_url\" value=\"https:\/\/extu.com\/pl\/wp-json\/wp\/v2\/pages\/137217\"><input type=\"hidden\" name=\"url_referer\" value=\"\"><button type=\"submit\" name=\"wpforms[submit]\" id=\"wpforms-submit-137235\" class=\"wpforms-submit gb-button\" data-alt-text=\"Przesy\u0142ka...\" data-submit-text=\"Prze\u015blij\" aria-live=\"assertive\" value=\"wpforms-submit\">Prze\u015blij<\/button><img loading=\"lazy\" decoding=\"async\" src=\"https:\/\/extu.com\/wp-content\/plugins\/wpforms\/assets\/images\/submit-spin.svg\" class=\"wpforms-submit-spinner\" style=\"display: none;\" width=\"26\" height=\"26\" alt=\"Wczytywanie\"><\/div><\/form><\/div>  <!-- .wpforms-container -->\n<\/div><\/div>\n<\/div>\n<\/div>\n<\/div>","protected":false},"excerpt":{"rendered":"<p>Portal Extu do zg\u0142aszania narusze\u0144 etyki i zgodno\u015bci z przepisami W Extu bardzo zale\u017cy nam na utrzymaniu najwy\u017cszych &hellip;<\/p>\n","protected":false},"author":29,"featured_media":0,"parent":119473,"menu_order":0,"comment_status":"closed","ping_status":"closed","template":"","meta":{"_acf_changed":false,"_eb_attr":"","footnotes":""},"class_list":["post-137217","page","type-page","status-publish"],"acf":{"footer_box_text":"Partnering With Us = Higher Returns for You","footer_form_text":"Channel Growth Looks Good On You","footer_form":""},"_links":{"self":[{"href":"https:\/\/extu.com\/pl\/wp-json\/wp\/v2\/pages\/137217","targetHints":{"allow":["GET"]}}],"collection":[{"href":"https:\/\/extu.com\/pl\/wp-json\/wp\/v2\/pages"}],"about":[{"href":"https:\/\/extu.com\/pl\/wp-json\/wp\/v2\/types\/page"}],"author":[{"embeddable":true,"href":"https:\/\/extu.com\/pl\/wp-json\/wp\/v2\/users\/29"}],"replies":[{"embeddable":true,"href":"https:\/\/extu.com\/pl\/wp-json\/wp\/v2\/comments?post=137217"}],"version-history":[{"count":0,"href":"https:\/\/extu.com\/pl\/wp-json\/wp\/v2\/pages\/137217\/revisions"}],"up":[{"embeddable":true,"href":"https:\/\/extu.com\/pl\/wp-json\/wp\/v2\/pages\/119473"}],"wp:attachment":[{"href":"https:\/\/extu.com\/pl\/wp-json\/wp\/v2\/media?parent=137217"}],"curies":[{"name":"wp","href":"https:\/\/api.w.org\/{rel}","templated":true}]}}