{"id":119501,"date":"2023-08-09T18:16:58","date_gmt":"2023-08-09T18:16:58","guid":{"rendered":"https:\/\/extu.com\/?page_id=119501"},"modified":"2024-10-28T14:36:43","modified_gmt":"2024-10-28T14:36:43","slug":"informacja-o-plikach-cookie","status":"publish","type":"page","link":"https:\/\/extu.com\/pl\/prawne\/informacja-o-plikach-cookie\/","title":{"rendered":"Polityka dotycz\u0105ca plik\u00f3w cookie"},"content":{"rendered":"\n<h6 class=\"wp-block-heading\">Data wej\u015bcia w&nbsp;\u017cycie 9&nbsp;sierpnia 2021&nbsp;r.<\/h6>\n\n\n\n<p>Podczas odwiedzania przez u\u017cytkownika naszych Stron internetowych, korzystania z&nbsp;aplikacji mobilnych, korzystania z naszych Materia\u0142\u00f3w marketingowych, wchodzenia w interakcje z reklamami online lub wiadomo\u015bciami e-mail (lub wiadomo\u015bciami e-mail, kt\u00f3re wysy\u0142amy w&nbsp;imieniu naszych klient\u00f3w), zbieramy informacje, wykorzystuj\u0105c technologie takie jak pliki cookie, znaczniki pikselowe (zwane r\u00f3wnie\u017c sygna\u0142ami nawigacyjnymi), narz\u0119dzia s\u0142u\u017c\u0105ce do analizy przegl\u0105darki oraz dzienniki serwer\u00f3w. Ka\u017cda z&nbsp;tych technologii zosta\u0142a wyja\u015bniona poni\u017cej.<\/p>\n\n\n\n<h3 class=\"wp-block-heading\">a. Dlaczego u\u017cywamy plik\u00f3w cookies<\/h3>\n\n\n\n<p>Dane, kt\u00f3re zbieramy za pomoc\u0105 plik\u00f3w cookie i&nbsp;innych narz\u0119dzi, s\u0105 wykorzystywane do wielu r\u00f3\u017cnych cel\u00f3w.<\/p>\n\n\n\n<ul class=\"wp-block-list\">\n<li><strong>Niezb\u0119dne pliki cookie<\/strong>&nbsp;i&nbsp;znaczniki s\u0105 wykorzystywane przez OneAffiniti do zapewnienia dzia\u0142ania naszych stron internetowych i&nbsp;aplikacji. Umo\u017cliwiaj\u0105 one realizacj\u0119 podstawowych funkcji, takich jak uwierzytelnianie, bezpiecze\u0144stwo, zarz\u0105dzanie sieci\u0105 oraz dost\u0119pno\u015b\u0107. U\u017cytkownik mo\u017ce mie\u0107 mo\u017cliwo\u015b\u0107 wy\u0142\u0105czenia ich poprzez zmian\u0119 ustawie\u0144 przegl\u0105darki, ale mo\u017ce to wp\u0142yn\u0105\u0107 na funkcjonowanie strony internetowej.<\/li>\n\n\n\n<li><strong>Pliki cookie i\u00a0znaczniki zwi\u0105zane z\u00a0analiz\u0105 i\u00a0popraw\u0105 wydajno\u015bci<\/strong>\u00a0s\u0105 wykorzystywane przez nas i\u00a0naszych dostawc\u00f3w us\u0142ug do zarz\u0105dzania naszymi stronami internetowymi. Mo\u017ce to obejmowa\u0107 zbieranie analitycznych plik\u00f3w cookie na temat os\u00f3b odwiedzaj\u0105cych nasz\u0105 stron\u0119 internetow\u0105 oraz zbieranie informacji na temat korzystania ze strony internetowej. Wykorzystujemy te informacje do sporz\u0105dzania raport\u00f3w i\u00a0ulepszania strony internetowej. Te pliki cookie pomagaj\u0105 nam gromadzi\u0107 dane w\u00a0celu optymalizacji dzia\u0142ania naszej strony internetowej. <em>Nie wykorzystujemy danych zebranych przez te pliki cookie w\u00a0celach marketingu ukierunkowanego<\/em>.<\/li>\n\n\n\n<li><strong>Pliki cookie i&nbsp;znaczniki zwi\u0105zane z&nbsp;korzystaniem ze strony internetowej<\/strong>&nbsp;pomagaj\u0105 zapewni\u0107 u\u017cytkownikom wygod\u0119 korzystania ze strony internetowej i&nbsp;obejmuj\u0105 opcje wybierane przez u\u017cytkownika oraz narz\u0119dzia pomagaj\u0105ce w nawigacji po stronie internetowej. Te pliki cookie zapewniaj\u0105 wi\u0119ksz\u0105 funkcjonalno\u015b\u0107 naszych stron oraz lepsz\u0105 personalizacj\u0119 tre\u015bci na naszych stronach. Je\u015bli u\u017cytkownik nie zezwoli na te pliki cookie, niekt\u00f3re us\u0142ugi dost\u0119pne na&nbsp;naszych stronach internetowych mog\u0105 nie dzia\u0142a\u0107 prawid\u0142owo.<\/li>\n\n\n\n<li><strong>Marketingowe pliki cookie i\u00a0pliki cookie s\u0142u\u017c\u0105ce do personalizacji<\/strong>\u00a0s\u0105 wykorzystywane do udost\u0119pniania tre\u015bci w\u00a0serwisach spo\u0142eczno\u015bciowych oraz dostarczania u\u017cytkownikowi reklam online w\u00a0oparciu o\u00a0jego zainteresowania.<br><\/li>\n\n\n\n<li><strong style=\"background-color: var(--base-2); color: var(--contrast);\">Pliki cookie i\u00a0znaczniki medi\u00f3w spo\u0142eczno\u015bciowych<\/strong><span style=\"background-color: var(--base-2); color: var(--contrast);\">\u00a0u\u017cywane przez nas i\u00a0platformy medi\u00f3w spo\u0142eczno\u015bciowych (takie jak Facebook), aby umo\u017cliwi\u0107 u\u017cytkownikom platform udost\u0119pnianie tre\u015bci na naszych stronach. Wsp\u00f3\u0142pracujemy r\u00f3wnie\u017c z\u00a0platformami medi\u00f3w spo\u0142eczno\u015bciowych, takimi jak Facebook i\u00a0Instagram, aby wy\u015bwietla\u0107 u\u017cytkownikowi reklamy, gdy korzysta z\u00a0tych platform. Targetowanie to jest realizowane przez dan\u0105 platform\u0119 zgodnie z\u00a0jej w\u0142asnymi warunkami u\u017cytkowania.<\/span><br><\/li>\n\n\n\n<li><span style=\"background-color: var(--base-2); color: var(--contrast);\"><strong style=\"background-color: var(--base-2); color: var(--contrast);\">Reklamowe pliki cookie<\/strong><span style=\"background-color: var(--base-2); color: var(--contrast);\">\u00a0<\/span><\/span>i znaczniki wykorzystywane s\u0105 przez nas, naszych us\u0142ugodawc\u00f3w i podmioty zewn\u0119trzne w celu personalizacji reklam wy\u015bwietlanych u\u017cytkownikowi w naszej witrynie i w innych witrynach. Te pliki cookie gromadz\u0105 dane o aktywno\u015bci u\u017cytkownika w Internecie i umo\u017cliwiaj\u0105 wy\u015bwietlanie reklam, kt\u00f3re mog\u0105 go zainteresowa\u0107. Pliki te rejestruj\u0105 r\u00f3wnie\u017c, kt\u00f3re reklamy u\u017cytkownik widzia\u0142 i czy klikn\u0105\u0142 w kt\u00f3r\u0105\u015b z nich. Pomagaj\u0105 te\u017c upewni\u0107 si\u0119, czy wy\u015bwietlane reklamy s\u0105 trafne i nie powtarzaj\u0105 si\u0119.<\/li>\n<\/ul>\n\n\n\n<p>Mimo \u017ce nie przekazujemy \u017cadnych danych osobowych zewn\u0119trznym firmom reklamowym, mo\u017cemy umieszcza\u0107 w ich imieniu pliki cookie i znaczniki, gdy u\u017cytkownik odwiedza witryn\u0119 Extu. Umo\u017cliwia to im zbieranie informacji o u\u017cytkowniku przy u\u017cyciu tych technologii w naszych witrynach internetowych. Gromadzone przez nie dane podlegaj\u0105 ich w\u0142asnym informacjom o ochronie prywatno\u015bci.<\/p>\n\n\n\n<h3 class=\"wp-block-heading\">b. Wybory u\u017cytkownika<\/h3>\n\n\n\n<ul class=\"wp-block-list\">\n<li>U\u017cytkownik mo\u017ce zarz\u0105dza\u0107 plikami cookie i&nbsp;usuwa\u0107 pliki cookie pochodz\u0105ce od firmy OneAffiniti i&nbsp;innych firm za pomoc\u0105 ustawie\u0144 przegl\u0105darki. Przegl\u0105darki takie jak Chrome, Internet Explorer, Microsoft Edge, Firefox i&nbsp;Safari daj\u0105 mo\u017cliwo\u015b\u0107 akceptacji, odrzucenia lub usuni\u0119cia plik\u00f3w cookie. Wi\u0119cej informacji mo\u017cna uzyska\u0107, odwiedzaj\u0105c \u201ecentrum pomocy\u201d swojej przegl\u0105darki.&nbsp;<\/li>\n\n\n\n<li>Mo\u017cna r\u00f3wnie\u017c skorzysta\u0107 z\u00a0program\u00f3w bran\u017cowych, kt\u00f3re pozwalaj\u0105 kontrolowa\u0107 spos\u00f3b, w\u00a0jaki firmy dostarczaj\u0105 u\u017cytkownikowi reklamy.<br><\/li>\n\n\n\n<li>Network Advertising Initiative (NAI) zarz\u0105dza programem rezygnacji obejmuj\u0105cym wiele zewn\u0119trznych firm reklamowych. U\u017cytkownik mo\u017ce zrezygnowa\u0107 z\u00a0otrzymywania reklam od cz\u0142onk\u00f3w NAI, odwiedzaj\u0105c stron\u0119\u00a0<a href=\"https:\/\/optout.networkadvertising.org\/?c=1\" target=\"_blank\" rel=\"noopener\">https:\/\/optout.networkadvertising.org\/<\/a>.<\/li>\n\n\n\n<li>Na niekt\u00f3rych stronach internetowych mo\u017ce by\u0107 widoczna ikona AdChoices, kt\u00f3ra mo\u017ce pojawia\u0107 si\u0119 w\u00a0niekt\u00f3rych reklamach ukierunkowanych. Mo\u017cna klikn\u0105\u0107 t\u0119 ikon\u0119 AdChoices, aby uzyska\u0107 wi\u0119cej informacji na temat zbierania i\u00a0wykorzystywania danych lub zrezygnowa\u0107 z\u00a0takiego zbierania danych w\u00a0przysz\u0142o\u015bci. Wi\u0119cej informacji o\u00a0narz\u0119dziu Digital Advertising Alliance Consumer Choice mo\u017cna znale\u017a\u0107 na stronie\u00a0<a href=\"http:\/\/optout.aboutads.info\/\" target=\"_blank\" rel=\"noopener\">http:\/\/optout.aboutads.info<\/a>.<\/li>\n\n\n\n<li>Dodatkowe mo\u017cliwo\u015bci wyboru s\u0105 oferowane przez:<br><strong>Google:<\/strong>\u00a0Aby dowiedzie\u0107 si\u0119, jak Google Analytics wykorzystuje dane, warto odwiedzi\u0107 stron\u0119 \u201eW\u00a0jaki spos\u00f3b Google wykorzystuje dane, gdy u\u017cytkownik korzysta z\u00a0witryn lub aplikacji naszych partner\u00f3w\u201d, znajduj\u0105c\u0105 si\u0119 pod adresem\u00a0<a href=\"https:\/\/www.google.com\/policies\/privacy\/partners\" target=\"_blank\" rel=\"noopener\">https:\/\/policies.google.com\/technologies\/partner-sites?hl=pl<\/a>.<\/li>\n<\/ul>\n\n\n\n<p>W&nbsp;wi\u0119kszo\u015bci przypadk\u00f3w dokonywane wybory s\u0105 powi\u0105zane z&nbsp;przegl\u0105dark\u0105. Je\u015bli u\u017cytkownik korzysta z&nbsp;r\u00f3\u017cnych przegl\u0105darek lub r\u00f3\u017cnych urz\u0105dze\u0144, b\u0119dzie musia\u0142 ustawi\u0107 swoje preferencje na ka\u017cdym z&nbsp;nich. Nawet je\u015bli u\u017cytkownik zrezygnuje, mo\u017ce nadal otrzymywa\u0107 reklamy, kt\u00f3re nie s\u0105 dostosowane do jego potrzeb.<\/p>\n\n\n\n<p>Chocia\u017c nasze strony internetowe nie u\u017cywaj\u0105 obecnie mechanizmu rozpoznawania r\u00f3\u017cnych sygna\u0142\u00f3w \u201eNie \u015bledzi\u0107\u201d przegl\u0105darki, oferujemy naszym klientom mo\u017cliwo\u015b\u0107 zarz\u0105dzania preferencjami dotycz\u0105cymi plik\u00f3w cookie, jak opisano w&nbsp;poprzednim punkcie. Wi\u0119cej informacji o&nbsp;sygna\u0142ach \u015bledzenia przegl\u0105darki i&nbsp;funkcji \u201eNie \u015bledzi\u0107\u201d zawiera strona&nbsp;<a href=\"http:\/\/www.allaboutdnt.org\/\" target=\"_blank\" rel=\"noopener\">www.allaboutdnt.org<\/a>.<\/p>\n\n\n\n<h3 class=\"wp-block-heading\">c. Media spo\u0142eczno\u015bciowe i&nbsp;inne platformy<\/h3>\n\n\n\n<p>Nasze strony internetowe mog\u0105 umo\u017cliwia\u0107 u\u017cytkownikowi interakcj\u0119 z&nbsp;nami i&nbsp;innymi podmiotami za po\u015brednictwem platform medi\u00f3w spo\u0142eczno\u015bciowych, takich jak Facebook, Twitter, LinkedIn i&nbsp;Instagram. Ta funkcjonalno\u015b\u0107 dzia\u0142a za pomoc\u0105 plik\u00f3w cookie i&nbsp;znacznik\u00f3w medi\u00f3w spo\u0142eczno\u015bciowych. Niekt\u00f3re strony internetowe OneAffiniti pozwalaj\u0105 na przyk\u0142ad na zalogowanie si\u0119 przy u\u017cyciu danych uwierzytelniaj\u0105cych platform medi\u00f3w spo\u0142eczno\u015bciowych. Aby dowiedzie\u0107 si\u0119, w&nbsp;jaki spos\u00f3b platformy medi\u00f3w spo\u0142eczno\u015bciowych wykorzystuj\u0105 informacje o&nbsp;u\u017cytkowniku i&nbsp;zarz\u0105dza\u0107 swoimi wyborami, nale\u017cy zapozna\u0107 si\u0119 z&nbsp;udost\u0119pnianymi przez nie o\u015bwiadczeniami o&nbsp;ochronie prywatno\u015bci.<\/p>\n\n\n\n<p>Gdy u\u017cytkownik korzysta z&nbsp;platform takich jak Facebook i&nbsp;Google, mo\u017cemy wy\u015bwietla\u0107 reklamy na podstawie&nbsp;jego zainteresowa\u0144. Platformy te pozwalaj\u0105 nam na personalizacj\u0119 reklam, kt\u00f3re wy\u015bwietlamy u\u017cytkownikowi. Aby umo\u017cliwi\u0107 dostarczanie tych reklam, przekszta\u0142camy adres e-mail u\u017cytkownika na unikalny numer. Platformy r\u00f3wnie\u017c konwertuj\u0105 adresy e-mail u\u017cytkownik\u00f3w na unikalne numery przy u\u017cyciu tego samego procesu. Umo\u017cliwia to dopasowanie odpowiednich zapis\u00f3w bez konieczno\u015bci wymiany element\u00f3w danych, kt\u00f3re mog\u0142yby prowadzi\u0107 do identyfikacji u\u017cytkownika. Platformy dokonuj\u0105 tego dopasowania jako dostawca us\u0142ug na rzecz firmy OneAffiniti i&nbsp;nie zachowuj\u0105 ani nie wykorzystuj\u0105 przes\u0142anego im pliku do w\u0142asnych cel\u00f3w. Proces ten umo\u017cliwia platformie dostarczanie naszych reklam klientom na platformie. Platformy mog\u0105 uzyska\u0107 informacje na temat os\u00f3b, kt\u00f3re reaguj\u0105 na dostarczane przez nas reklamy.<\/p>\n\n\n\n<h3 class=\"wp-block-heading\">d. Inne metody zbierania danych online<\/h3>\n\n\n\n<p><strong>Logi naszego serwera<\/strong>&nbsp;rejestruj\u0105 informacje o&nbsp;u\u017cytkownikach naszych stron internetowych. Mo\u017cemy wykorzystywa\u0107 te logi do cel\u00f3w wewn\u0119trznych, takich jak administracja strony, optymalizacja i&nbsp;bezpiecze\u0144stwo. Mo\u017cemy r\u00f3wnie\u017c wykorzystywa\u0107 te dane do ochrony przed oszustwami, personalizacji i&nbsp;do cel\u00f3w reklamowych.<\/p>\n\n\n\n<p>Zbieramy&nbsp;<strong>identyfikatory urz\u0105dze\u0144<\/strong>&nbsp;i&nbsp;inne informacje na temat urz\u0105dze\u0144, w&nbsp;tym identyfikator reklamowy urz\u0105dzenia, je\u015bli jest dost\u0119pny. Informacje te s\u0105 wykorzystywane do identyfikacji urz\u0105dzenia i&nbsp;uwierzytelniania u\u017cytkownika. Mo\u017cemy r\u00f3wnie\u017c wykorzystywa\u0107 informacje na temat urz\u0105dze\u0144 do powi\u0105zania u\u017cytkownika z&nbsp;r\u00f3\u017cnymi urz\u0105dzeniami, z&nbsp;kt\u00f3rych mo\u017ce on korzysta\u0107, w&nbsp;tym do cel\u00f3w ochrony przed oszustwami oraz do lepszego ukierunkowania reklam. W&nbsp;wielu przypadkach u\u017cytkownik mo\u017ce zresetowa\u0107 identyfikator reklamowy urz\u0105dzenia. Zar\u00f3wno urz\u0105dzenia z&nbsp;systemem Android, jak i&nbsp;iOS umo\u017cliwiaj\u0105 zresetowanie identyfikatora urz\u0105dzenia w&nbsp;menu \u201eUstawienia\u201d.<\/p>\n\n\n\n<h3 class=\"wp-block-heading\">e. Przewodnik po plikach cookie i&nbsp;innych technologiach<\/h3>\n\n\n\n<ul class=\"wp-block-list\">\n<li><strong>Pliki cookie<\/strong><br>Pliki cookie to ma\u0142e pliki tekstowe, kt\u00f3re strony internetowe wysy\u0142aj\u0105 do komputera lub innego urz\u0105dzenia u\u017cytkownika po\u0142\u0105czonego z\u00a0Internetem, aby jednoznacznie zidentyfikowa\u0107 przegl\u0105dark\u0119 u\u017cytkownika lub zapisa\u0107 informacje b\u0105d\u017a ustawienia w\u00a0przegl\u0105darce. Pliki cookie umo\u017cliwiaj\u0105 nam rozpoznanie u\u017cytkownika przy ponownym odwiedzeniu strony. Pomagaj\u0105 nam r\u00f3wnie\u017c w\u00a0zapewnieniu spersonalizowanych us\u0142ug i\u00a0mog\u0105 umo\u017cliwi\u0107 nam wykrycie niekt\u00f3rych rodzaj\u00f3w oszustw.<br><\/li>\n\n\n\n<li>W\u0142asne pliki cookie to te pliki, kt\u00f3re s\u0105 umieszczane przez firm\u0119 OneAffiniti. Te pliki cookie s\u0105 wykorzystywane przez OneAffiniti i\u00a0obejmuj\u0105 wszystkie podstawowe pliki cookie.<br><\/li>\n\n\n\n<li>Pliki cookie os\u00f3b trzecich s\u0105 umieszczane przez inne firmy, w\u00a0tym dostawc\u00f3w us\u0142ug, pliki cookie medi\u00f3w spo\u0142eczno\u015bciowych i\u00a0reklamodawc\u00f3w zewn\u0119trznych. Pliki cookie umieszczone przez osoby trzecie mog\u0105 by\u0107 odczytywane przez te osoby trzecie, gdy u\u017cytkownik odwiedza inne strony w\u00a0sieci reklamowej, co pozwala na stworzenie profilu zachowania online u\u017cytkownika, dzi\u0119ki czemu osoba trzecia mo\u017ce dostarcza\u0107 ukierunkowane reklamy od wszystkich swoich klient\u00f3w.<br><\/li>\n\n\n\n<li><strong>Znaczniki pikselowe i&nbsp;sygna\u0142y nawigacyjne<\/strong><br>Znaczniki pikselowe (zwane r\u00f3wnie\u017c sygna\u0142ami nawigacyjnymi) to niewielkie obrazy graficzne i&nbsp;ma\u0142e bloki kodu umieszczane na stronach internetowych, w&nbsp;reklamach lub w&nbsp;wiadomo\u015bciach e-mail, kt\u00f3re pozwalaj\u0105 nam ustali\u0107, czy u\u017cytkownik wykona\u0142 okre\u015blone dzia\u0142anie. Kiedy u\u017cytkownik wchodzi na strony lub otwiera wiadomo\u015b\u0107 e-mail, znacznik informuje nas o&nbsp;tym, \u017ce wszed\u0142 na dan\u0105 stron\u0119 lub otworzy\u0142 wiadomo\u015b\u0107. Narz\u0119dzia te pozwalaj\u0105 nam mierzy\u0107 reakcj\u0119 na nasz\u0105 komunikacj\u0119 oraz ulepsza\u0107 nasze strony internetowe i&nbsp;promocje.<\/li>\n\n\n\n<li><strong>Logi serwera<\/strong><br>Logi serwera rejestruj\u0105 dzia\u0142ania wykonywane na naszych stronach internetowych. Inne rodzaje log\u00f3w zbieraj\u0105 podobne informacje z&nbsp;naszych aplikacji. Logi te rejestruj\u0105 informacje o&nbsp;urz\u0105dzeniu, z&nbsp;kt\u00f3rego u\u017cytkownik korzysta, aby uzyska\u0107 dost\u0119p do naszej strony internetowej, rodzaju systemu operacyjnego, rodzaju przegl\u0105darki, domeny i&nbsp;innych ustawie\u0144 systemowych, a&nbsp;tak\u017ce j\u0119zyka u\u017cywanego przez system oraz kraju i&nbsp;strefy czasowej, w&nbsp;kt\u00f3rej znajduje si\u0119 urz\u0105dzenie. Nasze logi rejestruj\u0105 r\u00f3wnie\u017c adres IP urz\u0105dzenia, kt\u00f3rego u\u017cytkownik u\u017cywa do \u0142\u0105czenia si\u0119 z&nbsp;Internetem. Adres IP to unikalny identyfikator, kt\u00f3rego urz\u0105dzenia wymagaj\u0105 do identyfikacji i&nbsp;komunikacji mi\u0119dzy sob\u0105 w&nbsp;Internecie. Mo\u017cemy r\u00f3wnie\u017c zbiera\u0107 informacje o&nbsp;stronie internetowej, kt\u00f3r\u0105 u\u017cytkownik odwiedza\u0142 przed wej\u015bciem na stron\u0119 OneAffiniti oraz o&nbsp;stronie internetowej, kt\u00f3r\u0105 odwiedzi\u0142 po opuszczeniu&nbsp;naszej strony.<\/li>\n<\/ul>\n","protected":false},"excerpt":{"rendered":"<p>Data wej\u015bcia w&nbsp;\u017cycie 9&nbsp;sierpnia 2021&nbsp;r. Podczas odwiedzania przez u\u017cytkownika naszych Stron internetowych, korzystania z&nbsp;aplikacji mobilnych, korzystania z naszych &hellip;<\/p>\n","protected":false},"author":4,"featured_media":0,"parent":119473,"menu_order":0,"comment_status":"closed","ping_status":"closed","template":"","meta":{"_acf_changed":false,"_eb_attr":"","footnotes":""},"class_list":["post-119501","page","type-page","status-publish"],"acf":{"footer_box_text":"<h2 data-pm-slice=\"1 1 []\">Partnering With Us = Higher Returns for You<\/h2>","footer_form_text":"Channel Growth Looks Good On You","footer_form":""},"_links":{"self":[{"href":"https:\/\/extu.com\/pl\/wp-json\/wp\/v2\/pages\/119501","targetHints":{"allow":["GET"]}}],"collection":[{"href":"https:\/\/extu.com\/pl\/wp-json\/wp\/v2\/pages"}],"about":[{"href":"https:\/\/extu.com\/pl\/wp-json\/wp\/v2\/types\/page"}],"author":[{"embeddable":true,"href":"https:\/\/extu.com\/pl\/wp-json\/wp\/v2\/users\/4"}],"replies":[{"embeddable":true,"href":"https:\/\/extu.com\/pl\/wp-json\/wp\/v2\/comments?post=119501"}],"version-history":[{"count":0,"href":"https:\/\/extu.com\/pl\/wp-json\/wp\/v2\/pages\/119501\/revisions"}],"up":[{"embeddable":true,"href":"https:\/\/extu.com\/pl\/wp-json\/wp\/v2\/pages\/119473"}],"wp:attachment":[{"href":"https:\/\/extu.com\/pl\/wp-json\/wp\/v2\/media?parent=119501"}],"curies":[{"name":"wp","href":"https:\/\/api.w.org\/{rel}","templated":true}]}}