{"id":119497,"date":"2023-08-10T18:15:26","date_gmt":"2023-08-10T18:15:26","guid":{"rendered":"https:\/\/extu.com\/?page_id=119497"},"modified":"2024-11-06T11:16:54","modified_gmt":"2024-11-06T11:16:54","slug":"centrum-zaufania-rodo","status":"publish","type":"page","link":"https:\/\/extu.com\/pl\/prawne\/centrum-zaufania-rodo\/","title":{"rendered":"Centrum zaufania RODO"},"content":{"rendered":"<div class=\"gb-container gb-container-b18ab946 gb-container-default\">\n<div class=\"gb-container gb-container-5d0439a9 gb-container-inner\">\n<div class=\"gb-grid-wrapper gb-grid-wrapper-209d1e03\">\n<div class=\"gb-grid-column gb-grid-column-22a1eb65\"><div class=\"gb-container gb-container-22a1eb65\">\n\n<h1 class=\"gb-headline gb-headline-aa84e7da gb-headline-text\">Centrum zaufania RODO<\/h1>\n\n<\/div><\/div>\n<\/div>\n<\/div>\n<\/div>\n\n<div class=\"gb-container gb-container-638790bd gb-container-default\">\n<div class=\"gb-container gb-container-fcd868d2 gb-container-inner\">\n\n<p>Jako dostawca us\u0142ug marketingu cyfrowego, firma Extu jest zobowi\u0105zana do \u015bcis\u0142ej wsp\u00f3\u0142pracy z naszymi partnerami, aby pom\u00f3c im spe\u0142ni\u0107 ich wymagania wynikaj\u0105ce z og\u00f3lnego rozporz\u0105dzenia Unii Europejskiej o ochronie danych (RODO) i lokalnych przepis\u00f3w wykonawczych. Opracowali\u015bmy ten przewodnik, aby pom\u00f3c Ci zrozumie\u0107 Twoje obowi\u0105zki zwi\u0105zane z RODO i wyja\u015bni\u0107, w jaki spos\u00f3b Extu b\u0119dzie Cci\u0119 wpiera\u0107 w dzia\u0142aniach na rzecz zapewnienia zgodno\u015bci z RODO. <\/p>\n\n\n<div class=\"gb-grid-wrapper gb-grid-wrapper-eccdd1c8\">\n<div class=\"gb-grid-column gb-grid-column-9147cf97\"><div class=\"gb-container gb-container-9147cf97\"><\/div><\/div>\n<\/div>\n\n<div class=\"gb-grid-wrapper gb-grid-wrapper-9d478778\">\n<div class=\"gb-grid-column gb-grid-column-84aa4f5b\"><div class=\"gb-container gb-container-84aa4f5b\">\n\n<p class=\"gb-headline gb-headline-fec0a191 gb-headline-text\"><a href=\"https:\/\/extu.com\/pl\/prawne\/objasnienie-rodo\/\">Obja\u015bnienie RODO<\/a><\/p>\n\n\n\n<p class=\"gb-headline gb-headline-b9779c9c gb-headline-text\">Zapewnij uczestnikom najlepsze do\u015bwiadczenia od pocz\u0105tku do ko\u0144ca \u2014 bez kiwni\u0119cia palcem.<\/p>\n\n<\/div><\/div>\n\n<div class=\"gb-grid-column gb-grid-column-906ff3e7\"><div class=\"gb-container gb-container-906ff3e7 by-md-0\">\n\n<p class=\"gb-headline gb-headline-12ad1c88 gb-headline-text\"><a href=\"https:\/\/extu.com\/pl\/prawne\/rodo-a-extu\/\" data-type=\"page\" data-id=\"117095\">RODO a Extu<\/a><\/p>\n\n\n\n<p class=\"gb-headline gb-headline-a3303339 gb-headline-text\">Czeka na Ciebie pe\u0142en pakiet: wysokiej jako\u015bci multimedia, przemy\u015blane przyw\u00f3dztwo i wiadomo\u015bci bran\u017cowe.<\/p>\n\n<\/div><\/div>\n\n<div class=\"gb-grid-column gb-grid-column-5eec28f3\"><div class=\"gb-container gb-container-5eec28f3\">\n\n<p class=\"gb-headline gb-headline-97d9727a gb-headline-text\"><a href=\"https:\/\/extu.com\/pl\/prawne\/rodo-i-partnerzy\/\"><\/a><a href=\"https:\/\/extu.com\/pl\/prawne\/rodo-i-partnerzy\/\" data-type=\"link\" data-id=\"https:\/\/extu.com\/pl\/prawne\/rodo-i-partnerzy\/\">RODO a Partnerzy<\/a><\/p>\n\n\n\n<p class=\"gb-headline gb-headline-9f328ec6 gb-headline-text\">Osi\u0105gnij idealn\u0105 r\u00f3wnowag\u0119 mi\u0119dzy tworzeniem wspomnie\u0144 a sukcesem w biznesie.<\/p>\n\n<\/div><\/div>\n<\/div>\n<\/div>\n<\/div>\n\n<div class=\"gb-container gb-container-c9581eeb gb-container-default\">\n<div class=\"gb-container gb-container-3fc8b47d gb-container-inner\">\n\n<p><em>Niniejszy materia\u0142 ma charakter informacyjny i nie stanowi porady prawnej. Aby zrozumie\u0107 pe\u0142ny wp\u0142yw RODO na jakiekolwiek dzia\u0142ania zwi\u0105zane z przetwarzaniem danych, nale\u017cy skonsultowa\u0107 si\u0119 z niezale\u017cnym prawnikiem i\/lub specjalist\u0105 ds. prywatno\u015bci. <\/em><\/p>\n\n<\/div>\n<\/div>","protected":false},"excerpt":{"rendered":"<p>Jako dostawca us\u0142ug marketingu cyfrowego, firma Extu jest zobowi\u0105zana do \u015bcis\u0142ej wsp\u00f3\u0142pracy z naszymi partnerami, aby pom\u00f3c im &hellip;<\/p>\n","protected":false},"author":4,"featured_media":0,"parent":119473,"menu_order":0,"comment_status":"closed","ping_status":"closed","template":"","meta":{"_acf_changed":false,"_eb_attr":"","footnotes":""},"class_list":["post-119497","page","type-page","status-publish"],"acf":{"footer_box_text":"<h2 data-pm-slice=\"1 1 []\">Partnering With Us = Higher Returns for You<\/h2>","footer_form_text":"Channel Growth Looks Good On You","footer_form":""},"_links":{"self":[{"href":"https:\/\/extu.com\/pl\/wp-json\/wp\/v2\/pages\/119497","targetHints":{"allow":["GET"]}}],"collection":[{"href":"https:\/\/extu.com\/pl\/wp-json\/wp\/v2\/pages"}],"about":[{"href":"https:\/\/extu.com\/pl\/wp-json\/wp\/v2\/types\/page"}],"author":[{"embeddable":true,"href":"https:\/\/extu.com\/pl\/wp-json\/wp\/v2\/users\/4"}],"replies":[{"embeddable":true,"href":"https:\/\/extu.com\/pl\/wp-json\/wp\/v2\/comments?post=119497"}],"version-history":[{"count":0,"href":"https:\/\/extu.com\/pl\/wp-json\/wp\/v2\/pages\/119497\/revisions"}],"up":[{"embeddable":true,"href":"https:\/\/extu.com\/pl\/wp-json\/wp\/v2\/pages\/119473"}],"wp:attachment":[{"href":"https:\/\/extu.com\/pl\/wp-json\/wp\/v2\/media?parent=119497"}],"curies":[{"name":"wp","href":"https:\/\/api.w.org\/{rel}","templated":true}]}}