{"id":119473,"date":"2025-02-27T19:34:44","date_gmt":"2025-02-27T19:34:44","guid":{"rendered":"https:\/\/extu.com\/?page_id=119473"},"modified":"2025-08-20T18:42:23","modified_gmt":"2025-08-20T18:42:23","slug":"prawne","status":"publish","type":"page","link":"https:\/\/extu.com\/pl\/prawne\/","title":{"rendered":"Prawne"},"content":{"rendered":"<div class=\"gb-container gb-container-b18ab946 gb-container-default\">\n<div class=\"gb-container gb-container-5d0439a9 gb-container-inner\">\n<div class=\"gb-grid-wrapper gb-grid-wrapper-209d1e03\">\n<div class=\"gb-grid-column gb-grid-column-22a1eb65\"><div class=\"gb-container gb-container-22a1eb65\">\n\n<h1 class=\"wp-block-heading\">Informacje prawne<\/h1>\n\n\n\n<p class=\"gb-headline gb-headline-c06d6f66 gb-headline-text\">Informacje o ochronie prywatno\u015bci, umowy o \u015bwiadczenie us\u0142ug i informacje o RODO<\/p>\n\n<\/div><\/div>\n<\/div>\n<\/div>\n<\/div>\n\n<div class=\"gb-container gb-container-463aa812 gb-container-default\">\n<div class=\"gb-container gb-container-84c2a964 gb-container-inner\">\n<div class=\"gb-container gb-container-9dd34232 gb-container-inner\">\n<div class=\"gb-grid-wrapper gb-grid-wrapper-a3a33e72\">\n<div class=\"gb-grid-column gb-grid-column-8eff1c0f\"><div class=\"gb-container gb-container-8eff1c0f\">\n<div class=\"gb-container gb-container-6af02a06\">\n\n<h4 class=\"wp-block-heading has-var-contrast-color has-text-color\">Informacja o ochronie prywatno\u015bci<\/h4>\n\n\n\n<p class=\"gb-headline gb-headline-6d8513ed gb-headline-text\">Dowiedz si\u0119, w jaki spos\u00f3b traktujemy dane osobowe, kt\u00f3re od Ciebie zbieramy.<\/p>\n\n\n\n<a class=\"gb-button gb-button-a273ec42 gb-button-text gb-button-dark\" href=\"https:\/\/extu.com\/pl\/prawne\/polityka-prywatnosci\/\">Dowiedz si\u0119 wi\u0119cej.<\/a>\n\n<\/div>\n<\/div><\/div>\n\n<div class=\"gb-grid-column gb-grid-column-7866f7c3\"><div class=\"gb-container gb-container-7866f7c3\">\n<div class=\"gb-container gb-container-37eaa16b\">\n\n<h4 class=\"gb-headline gb-headline-e13838bf gb-headline-text\">Warunki i postanowienia<\/h4>\n\n\n\n<p class=\"gb-headline gb-headline-1bede1a4 gb-headline-text\">Przeczytaj Warunki i postanowienia, aby do\u0142\u0105czy\u0107 do naszego programu.<br>Dowiedz si\u0119 wi\u0119cej.<\/p>\n\n\n\n<a class=\"gb-button gb-button-7e8c29cd gb-button-text gb-button-dark\" href=\"https:\/\/extu.com\/pl\/prawne\/ogolne-warunki-swiadczenia-uslug\/\">Dowiedz si\u0119 wi\u0119cej.<\/a>\n\n<\/div>\n<\/div><\/div>\n\n<div class=\"gb-grid-column gb-grid-column-ffb6fc73\"><div class=\"gb-container gb-container-ffb6fc73\">\n<div class=\"gb-container gb-container-25713b59\">\n\n<h4 class=\"gb-headline gb-headline-0679410e gb-headline-text\">Umowa ramowa o \u015bwiadczenie us\u0142ug<\/h4>\n\n\n\n<p class=\"gb-headline gb-headline-f974fb1f gb-headline-text\">Nasza kompleksowa umowa okre\u015blaj\u0105ca warunki \u015bwiadczenia us\u0142ug mi\u0119dzy stronami.<\/p>\n\n\n\n<a class=\"gb-button gb-button-ccd4d159 gb-button-text gb-button-dark\" href=\"https:\/\/extu.com\/pl\/prawne\/umowa-ramowa-o-swiadczenie-uslug\/\">Dowiedz si\u0119 wi\u0119cej.<\/a>\n\n<\/div>\n<\/div><\/div>\n\n<div class=\"gb-grid-column gb-grid-column-1172b4ec\"><div class=\"gb-container gb-container-1172b4ec\">\n<div class=\"gb-container gb-container-0e084831\">\n\n<h4 class=\"gb-headline gb-headline-663471c7 gb-headline-text\">Informacja o plikach cookie<\/h4>\n\n\n\n<p class=\"gb-headline gb-headline-6ee08213 gb-headline-text\">Dowiedz si\u0119, w jaki spos\u00f3b Extu gromadzi dane za pomoc\u0105 plik\u00f3w cookie.<\/p>\n\n\n\n<a class=\"gb-button gb-button-c244ded5 gb-button-text gb-button-dark\" href=\"https:\/\/extu.com\/pl\/prawne\/informacja-o-plikach-cookie\/\">Dowiedz si\u0119 wi\u0119cej.<\/a>\n\n<\/div>\n<\/div><\/div>\n\n<div class=\"gb-grid-column gb-grid-column-93b6d93d\"><div class=\"gb-container gb-container-93b6d93d\">\n<div class=\"gb-container gb-container-e67f3927\">\n\n<h4 class=\"gb-headline gb-headline-36aae907 gb-headline-text\">Centrum zaufania RODO<\/h4>\n\n\n\n<p class=\"gb-headline gb-headline-0cf29c4f gb-headline-text\">Dowiedz si\u0119, jak firma wspiera Ci\u0119 w zakresie RODO.<\/p>\n\n\n\n<a class=\"gb-button gb-button-34a32cde gb-button-text gb-button-dark\" href=\"https:\/\/extu.com\/pl\/prawne\/centrum-zaufania-rodo\/\">Dowiedz si\u0119 wi\u0119cej.<\/a>\n\n<\/div>\n<\/div><\/div>\n\n<div class=\"gb-grid-column gb-grid-column-a5bfdea5\"><div class=\"gb-container gb-container-a5bfdea5\">\n<div class=\"gb-container gb-container-49deef64\">\n\n<h4 class=\"gb-headline gb-headline-67abe379 gb-headline-text\">Dodatek dotycz\u0105cy przetwarzania danych<\/h4>\n\n\n\n<p class=\"gb-headline gb-headline-29c7f795 gb-headline-text\">Nasza kompleksowa umowa okre\u015blaj\u0105ca warunki \u015bwiadczenia us\u0142ug mi\u0119dzy stronami.<\/p>\n\n\n\n<a class=\"gb-button gb-button-6a3b0854 gb-button-text gb-button-dark\" href=\"https:\/\/extu.com\/pl\/prawne\/dpa\/\">Dowiedz si\u0119 wi\u0119cej.<\/a>\n\n<\/div>\n<\/div><\/div>\n\n<div class=\"gb-grid-column gb-grid-column-80f61fea\"><div class=\"gb-container gb-container-80f61fea\">\n<div class=\"gb-container gb-container-b2a37216\">\n\n<h4 class=\"gb-headline gb-headline-af7a8524 gb-headline-text\">Wzajemna umowa o zachowaniu poufno\u015bci i nieujawnianiu informacji<\/h4>\n\n\n\n<p class=\"gb-headline gb-headline-eeefc9b1 gb-headline-text\">Wzajemne porozumienie zapewniaj\u0105ce poufno\u015b\u0107 udost\u0119pnianych informacji.<\/p>\n\n\n\n<a class=\"gb-button gb-button-ccd5e30b gb-button-text gb-button-dark\" href=\"https:\/\/extu.com\/pl\/prawne\/wzajemna-umowa-o-zachowaniu-poufnosci-i-nieujawnianiu-informacji\/\">Dowiedz si\u0119 wi\u0119cej.<\/a>\n\n<\/div>\n<\/div><\/div>\n\n<div class=\"gb-grid-column gb-grid-column-b5d631a8\"><div class=\"gb-container gb-container-b5d631a8\">\n<div class=\"gb-container gb-container-23cd919e\">\n\n<h4 class=\"gb-headline gb-headline-b22d6529 gb-headline-text\">Zg\u0142aszanie problem\u00f3w dotycz\u0105cych etyki i zgodno\u015b\u0107 z przepisami <\/h4>\n\n\n\n<p class=\"gb-headline gb-headline-a328576c gb-headline-text\">Zg\u0142aszaj w\u0105tpliwo\u015bci, poznaj zasady, dzia\u0142aj uczciwie.<\/p>\n\n\n\n<a class=\"gb-button gb-button-5be5fe7b gb-button-text gb-button-dark\" href=\"https:\/\/extu.com\/pl\/prawne\/etyki\/\">Poka\u017c.<\/a>\n\n<\/div>\n<\/div><\/div>\n\n<div class=\"gb-grid-column gb-grid-column-e572a4a2\"><div class=\"gb-container gb-container-e572a4a2\">\n<div class=\"gb-container gb-container-92d37069\">\n\n<h2 class=\"gb-headline gb-headline-650f51cb gb-headline-text\">Your security is our top concern.<\/h2>\n\n<\/div>\n<\/div><\/div>\n<\/div>\n<\/div>\n<\/div>\n<\/div>","protected":false},"excerpt":{"rendered":"","protected":false},"author":1,"featured_media":0,"parent":0,"menu_order":0,"comment_status":"closed","ping_status":"closed","template":"","meta":{"_acf_changed":false,"_eb_attr":"","footnotes":""},"class_list":["post-119473","page","type-page","status-publish"],"acf":{"footer_box_text":"<h2 data-pm-slice=\"1 1 []\">Partnering With Us = Higher Returns for You<\/h2>","footer_form_text":"Channel Growth Looks Good On You","footer_form":""},"_links":{"self":[{"href":"https:\/\/extu.com\/pl\/wp-json\/wp\/v2\/pages\/119473","targetHints":{"allow":["GET"]}}],"collection":[{"href":"https:\/\/extu.com\/pl\/wp-json\/wp\/v2\/pages"}],"about":[{"href":"https:\/\/extu.com\/pl\/wp-json\/wp\/v2\/types\/page"}],"author":[{"embeddable":true,"href":"https:\/\/extu.com\/pl\/wp-json\/wp\/v2\/users\/1"}],"replies":[{"embeddable":true,"href":"https:\/\/extu.com\/pl\/wp-json\/wp\/v2\/comments?post=119473"}],"version-history":[{"count":0,"href":"https:\/\/extu.com\/pl\/wp-json\/wp\/v2\/pages\/119473\/revisions"}],"wp:attachment":[{"href":"https:\/\/extu.com\/pl\/wp-json\/wp\/v2\/media?parent=119473"}],"curies":[{"name":"wp","href":"https:\/\/api.w.org\/{rel}","templated":true}]}}