{"id":136457,"date":"2023-11-14T01:57:00","date_gmt":"2023-11-14T01:57:00","guid":{"rendered":"https:\/\/extu.com\/legali\/accordo-di-non-divulgazione-edi-riservatezza-e-di-non-divulgazione-reciproca\/"},"modified":"2025-08-08T18:54:36","modified_gmt":"2025-08-08T18:54:36","slug":"accordo-di-non-divulgazione-edi-riservatezza-e-di-non-divulgazione-reciproca","status":"publish","type":"page","link":"https:\/\/extu.com\/it\/legali\/accordo-di-non-divulgazione-edi-riservatezza-e-di-non-divulgazione-reciproca\/","title":{"rendered":"Accordo di non divulgazione edi riservatezza e di non divulgazione reciproca"},"content":{"rendered":"<div class=\"gb-container gb-container-b9b8bdc7 gb-container-default\">\n<div class=\"gb-container gb-container-727a5169 gb-container-inner\">\n\n<h1 class=\"gb-headline gb-headline-75f232a7 gb-headline-text\">Accordo di non divulgazione edi riservatezza e di non divulgazione reciproca&nbsp;<\/h1>\n\n<\/div>\n<\/div><div class=\"gb-container gb-container-27f6910c gb-container-default\">\n<div class=\"gb-container gb-container-372ebc27 gb-container-inner\">\n\n<p><strong>Accordo <\/strong>e accettazione stabilito tra <strong>Extu, Inc.,<\/strong> un\u2019azienda dello stato della Georgia negli Stati Uniti, i suoi azionisti e affiliati (di seguito indicati collettivamente come \u201cExtu\u201d) con sede all\u2019indirizzo 4170 Ashford Dunwoody Rd, Suite 250, Atlanta, GA 30319 e ______________________<strong> <\/strong>(di seguito indicata come \u201cSponsor\u201d), costituita nello stato di _______________, con sede aziendale principale all\u2019indirizzo _______________________. Extu e lo Sponsor vengono di seguito collettivamente definiti quali \u201cParti\u201d.  <\/p>\n\n\n\n<p><strong>Considerato che<\/strong> le Parti di questo Accordo intendono discutere e concludere vari accordi commerciali; <\/p>\n\n\n\n<p><strong>Considerato che <\/strong>nell&#8217;ambito di tali discussioni e accordi commerciali, le Parti possono divulgare alcune informazioni riservate e proprietarie di ciascuna parte; <\/p>\n\n\n\n<p><strong>Considerato che<\/strong> potenzialmente la divulgazione di tali informazioni consentir\u00e0 alle Parti di ottenere un reddito significativo; <\/p>\n\n\n\n<p><strong>Considerato che<\/strong> le Parti divulgheranno tali informazioni solo a condizione di essere vincolate dai termini del presente Accordo; <\/p>\n\n\n\n<p><strong>Pertanto,<\/strong> nell\u2019ambito del rilascio delle informazioni tra le Parti, e tenendo conto delle clausole contenute nel presente documento, le Parti convengono quanto segue: <\/p>\n\n<\/div>\n\n<div class=\"gb-container gb-container-d3aa09ef gb-container-inner\">\n\n<ol class=\"wp-block-list\" start=\"1\">\n<li>Per \u201cParte divulgante\u201d si intende la parte che fornisce all&#8217;altra le Informazioni riservate. <\/li>\n<\/ol>\n\n\n\n<ol class=\"wp-block-list\" start=\"2\">\n<li>Per \u201cParte ricevente\u201d si intende la parte che riceve le Informazioni riservate dalla Parte divulgante. <\/li>\n<\/ol>\n\n\n\n<ol class=\"wp-block-list\" start=\"3\">\n<li>Per \u201cInformazioni riservate\u201d si intendono le informazioni ricevute da o relative alla Parte divulgante, (a) che detengono valore economico, effettivo o potenziale, dal fatto di non essere note o facilmente accertabili da altre persone che possono trarre valore economico dalla loro divulgazione o dal loro utilizzo; e (b) che sono oggetto di sforzi ragionevoli per mantenerne la segretezza. Le Informazioni riservate comprendono, senza limitazioni, qualsiasi conoscenza o propriet\u00e0 materiale della Parte divulgante (i) di cui la Parte ricevente viene a conoscenza o a cui ha accesso a seguito di discussioni con la Parte divulgante; (ii) che la Parte divulgante rilascia alla Parte ricevente (comprese le conoscenze concepite, originate, scoperte o sviluppate a seguito del rilascio di tali informazioni). Le Informazioni riservate comprendono, a titolo esemplificativo e non esaustivo, le seguenti informazioni o dati simili (anche in eventuale forma scritta): (i) piani, materiali o altre informazioni relative all&#8217;attivit\u00e0 proposta dalla Parte divulgante; (ii) scoperte, invenzioni, concetti e idee, brevettabili o meno, comprese, senza limitazioni, la natura e i risultati delle attivit\u00e0 di ricerca e sviluppo, le tecniche e il \u201cknow-how\u201d; (iii) qualsiasi altro materiale, o conoscenza, relativo ai piani aziendali o alle attivit\u00e0 della Parte divulgante che non \u00e8 generalmente noto ad altri soggetti e (iv) ai fornitori di servizi della Parte divulgante; e (v) qualsiasi informazione sopra descritta che la Parte divulgante considera riservata o proprietaria o che indica come tale. La Parte ricevente, legalmente vincolata, con il presente accordo accetta e garantisce alla Parte divulgante che non interferir\u00e0, direttamente o indirettamente, con gli interessi o l&#8217;attivit\u00e0 della Parte divulgante, n\u00e9 li eluder\u00e0 o tenter\u00e0 di eluderli in alcun modo.             <\/li>\n<\/ol>\n\n\n\n<ol class=\"wp-block-list\" start=\"4\">\n<li>Le Parti manterranno tutte le Informazioni riservate confidenziali e non le divulgheranno a terze parti n\u00e9 le utilizzeranno per scopi non autorizzati. Le Parti possono utilizzare le Informazioni riservate solo nella misura necessaria per soddisfare gli scopi del presente Accordo. Le Parti informeranno i propri dipendenti, affiliati o consulenti (collettivamente indicati come \u201cRappresentanti\u201d) che potrebbero avere accesso alle Informazioni riservate, della natura riservata delle stesse e concordano che i loro dipendenti siano vincolati dai termini del presente Accordo. Nessuna Informazione riservata verr\u00e0 comunicata a dipendenti, affiliati o consulenti che non abbiano necessit\u00e0 di conoscerla. La Parte ricevente \u00e8 responsabile degli atti e delle eventuali omissioni di tutti i suoi Rappresentanti e deve fornire una copia del presente Accordo a tutti i Rappresentanti ai quali vengono comunicate le Informazioni riservate. La divulgazione di informazioni riservate a qualsiasi soggetto che non sia un Rappresentante, come definito nel presente documento, non pu\u00f2 avvenire senza previa autorizzazione scritta della Parte divulgante.      <\/li>\n<\/ol>\n\n\n\n<ol class=\"wp-block-list\" start=\"5\">\n<li>Le Informazioni riservate non possono essere riprodotte in alcuna forma salvo quanto necessario per rispettare quanto stabilito nel presente Accordo. Tutte le Informazioni riservate (comprese le relative copie) rimarranno di propriet\u00e0 della Parte divulgante e saranno ad essa restituite dalla Parte ricevente quando non le occorrono pi\u00f9, o su richiesta della Parte divulgante e, in ogni caso, al completamento o alla risoluzione del presente Contratto. Non verranno effettuate o conservate copie delle informazioni fornite alla Parte ricevente senza esplicita autorizzazione scritta della Parte divulgante. Tutti gli appunti, le note, i memorandum o qualsiasi altro documento contenente Informazioni riservate, o qualsiasi discussione a riguardo, saranno distrutti o restituiti alla Parte divulgante su richiesta. La Parte ricevente certificher\u00e0 di aver rispettato tutte le istruzioni fornite dalla Parte divulgante e di non aver conservato alcuna parte delle Informazioni riservate. Nessuna divulgazione di Informazioni riservate ai sensi del presente documento potr\u00e0 mai essere interpretata come una divulgazione pubblica di tali informazioni riservate, da parte di una delle due Parti, qualsiasi ne sia lo scopo.      <\/li>\n<\/ol>\n\n\n\n<ol class=\"wp-block-list\" start=\"6\">\n<li>Le Informazioni riservate non comprendono informazioni, o materiali, che: (i) sono o diventano generalmente note o disponibili al pubblico senza che questo avvenga per responsabilit\u00e0 della Parte ricevente; (ii) erano gi\u00e0 note alla Parte ricevente, senza che vi siano state imposte restrizioni su di esse, prima di essere ricevute da o per conto della Parte divulgante; (iii) sono legittimamente divulgate alla Parte ricevente da una terza parte che \u00e8 ad essa nota di non essere sottoposta ad alcun obbligo, contrattuale, fiduciario, legale, di riservatezza o di altro tipo nei confronti della Parte divulgante in relazione a tali Informazioni riservate; (iv) sono state sviluppate dalla Parte ricevente in modo indipendente, in qualunque momento, senza utilizzare le Informazioni riservate dell&#8217;altra Parte o riferirsi a esse; o (v) la divulgazione sia necessaria per ottemperare a un ordine o a un\u2019ingiunzione di un tribunale, di un&#8217;agenzia amministrativa o di un altro ente governativo competente. Questo a condizione che la Parte ricevente utilizzi ogni sforzo diligente per limitare tale divulgazione e invii notifica relativa a tale ordine o ingiunzione alla Parte divulgante entro tre (3) giorni dal suo ricevimento, per dare modo alla Parte divulgante di richiedere un ordine protettivo o di impedire o limitare in altro modo tale divulgazione.      <\/li>\n<\/ol>\n\n\n\n<ol class=\"wp-block-list\" start=\"7\">\n<li>Propriet\u00e0 delle Informazioni riservate. La Parte ricevente concorda che la Parte divulgante \u00e8 e rimarr\u00e0 esclusiva proprietaria delle Informazioni riservate divulgate alla Parte ricevente e di tutti i diritti di brevetto, copyright, segreto commerciale, marchio e altri diritti di propriet\u00e0 intellettuale in esse contenuti.  <\/li>\n<\/ol>\n\n\n\n<ol class=\"wp-block-list\" start=\"8\">\n<li>Nessun diritto o licenza su marchi, invenzioni, diritti d&#8217;autore, brevetti o qualsiasi altra propriet\u00e0 intellettuale \u00e8 implicito o concesso alla Parte ricevente ai sensi del presente Accordo. La divulgazione di Informazioni riservate non comporta alcun obbligo di concedere alla Parte ricevente alcun diritto sulle Informazioni riservate. <\/li>\n<\/ol>\n\n\n\n<ol class=\"wp-block-list\" start=\"9\">\n<li>I termini di riservatezza del presente Accordo resteranno in vigore per un periodo di tre (3) anni a partire dalla data del presente Accordo. <\/li>\n<\/ol>\n\n\n\n<ol class=\"wp-block-list\" start=\"10\">\n<li>Le Parti convengono che le disposizioni del presente Accordo costituiscono l&#8217;essenza dello stesso e che se lo Sponsor non accetta di mantenere le Informazioni di Extu riservate e non accetta di essere vincolato dal presente Accordo, Extu non riveler\u00e0 o fornir\u00e0 a esso alcuna di tali informazioni. Analogamente, se Extu non accetta di essere vincolata dal presente Accordo, lo Sponsor non riveler\u00e0 Informazioni riservate a Extu. Le misure qui stabilite sono considerate ragionevoli e necessarie per proteggere le attivit\u00e0 aziendali, gli interessi e le propriet\u00e0 delle Parti. In caso di violazione del presente Accordo, le Parti potrebbero subire un danno irreparabile. Di conseguenza, ciascuna Parte acconsente e concorda che l&#8217;altra Parte abbia il diritto di applicare provvedimenti ingiuntivi provvisori, preliminari e definitivi, e qualsiasi altro rimedio applicabile previsto dalla legge o dai principi di equit\u00e0 nei confronti della Parte ricevente, qualora quest&#8217;ultima abbia violato, o minacciato di violare, il presente Accordo. L&#8217;esistenza di qualsiasi rivendicazione di una Parte nei confronti dell&#8217;altra non pregiudica l&#8217;applicazione dei patti e degli accordi contenuti nel presente Accordo.      <\/li>\n<\/ol>\n\n\n\n<ol class=\"wp-block-list\" start=\"11\">\n<li>Se una qualsiasi delle disposizioni del presente Accordo viene dichiarata come non valida da un tribunale competente, tale disposizione verr\u00e0 eliminata dal presente Accordo e tutte<br\/>le altre disposizioni rimarranno in vigore nella massima misura consentita dalle leggi. <\/li>\n<\/ol>\n\n\n\n<ol class=\"wp-block-list\" start=\"12\">\n<li>La mancata applicazione di una qualsiasi delle disposizioni del presente Accordo, in qualsiasi momento ci\u00f2 possa avvenire, o la mancata insistenza sull&#8217;adempimento puntuale di un obbligo contenuto nel presente Accordo, non potr\u00e0 essere interpretata come una rinuncia a tale disposizione o a qualsiasi altra disposizione, o al diritto di richiedere di adempiere pienamente a tutti gli obblighi elencati nel presente Accordo. <\/li>\n<\/ol>\n\n\n\n<ol class=\"wp-block-list\" start=\"13\">\n<li>Questo Accordo costituisce l&#8217;intero accordo tra le Parti in relazione alla materia trattata. Tutte le discussioni precedenti tra le Parti vengono classificate come Informazioni riservate. Questo Accordo non potr\u00e0 essere modificato se non mediante un documento scritto firmato da entrambe le Parti in una data successiva alla data del presente Accordo.  <\/li>\n<\/ol>\n\n\n\n<ol class=\"wp-block-list\" start=\"14\">\n<li>Se una delle Parti si avvale di consulenti legali per far valere qualsiasi diritto derivante dal presente Accordo, o relativo a esso, la Parte prevalente avr\u00e0 il diritto di recuperare le opportune spese legali. <\/li>\n<\/ol>\n\n\n\n<ol class=\"wp-block-list\" start=\"15\">\n<li>Il presente Accordo verr\u00e0 interpretato e disciplinato in base alle leggi dello Stato della Georgia, negli Stati Uniti d&#8217;America. <\/li>\n<\/ol>\n\n\n\n<ol class=\"wp-block-list\" start=\"16\">\n<li>Il presente Accordo \u00e8 stato negoziato tra le Parti e pertanto si considera redatto in collaborazione tra le stesse. <\/li>\n<\/ol>\n\n<\/div>\n\n<div class=\"gb-container gb-container-cada4080 gb-container-inner\">\n\n<p>FIRMATO E CONSEGNATO. <\/p>\n\n\n<div class=\"gb-grid-wrapper gb-grid-wrapper-d58f33a0\">\n<div class=\"gb-grid-column gb-grid-column-28bdc1a8\"><div class=\"gb-container gb-container-28bdc1a8\">\n\n<p><strong>SPONSOR<\/strong> <\/p>\n\n\n\n<p>Da: _______________________________<\/p>\n\n\n\n<p>Nome: _______________________________ <\/p>\n\n\n\n<p>Titolo:___________________________<\/p>\n\n\n\n<p>Data: _______________________________<\/p>\n\n<\/div><\/div>\n\n<div class=\"gb-grid-column gb-grid-column-0c2ed346\"><div class=\"gb-container gb-container-0c2ed346\">\n\n<p><strong>EXTU, INC.<\/strong> <\/p>\n\n\n\n<p>Da: _______________________________<\/p>\n\n\n\n<p>Nome: _______________________________<\/p>\n\n\n\n<p>Titolo:___________________________<\/p>\n\n\n\n<p>Data: _______________________________<\/p>\n\n<\/div><\/div>\n<\/div>\n<\/div>\n<\/div>","protected":false},"excerpt":{"rendered":"<p>Accordo di non divulgazione edi riservatezza e di non divulgazione reciproca&nbsp; Accordo e accettazione stabilito tra Extu, Inc., &hellip;<\/p>\n","protected":false},"author":4,"featured_media":0,"parent":119371,"menu_order":0,"comment_status":"closed","ping_status":"closed","template":"","meta":{"_acf_changed":false,"_eb_attr":"","footnotes":""},"class_list":["post-136457","page","type-page","status-publish"],"acf":{"footer_box_text":"Partnering With Us = Higher Returns for You","footer_form_text":"Channel Growth Looks Good On You","footer_form":""},"_links":{"self":[{"href":"https:\/\/extu.com\/it\/wp-json\/wp\/v2\/pages\/136457","targetHints":{"allow":["GET"]}}],"collection":[{"href":"https:\/\/extu.com\/it\/wp-json\/wp\/v2\/pages"}],"about":[{"href":"https:\/\/extu.com\/it\/wp-json\/wp\/v2\/types\/page"}],"author":[{"embeddable":true,"href":"https:\/\/extu.com\/it\/wp-json\/wp\/v2\/users\/4"}],"replies":[{"embeddable":true,"href":"https:\/\/extu.com\/it\/wp-json\/wp\/v2\/comments?post=136457"}],"version-history":[{"count":0,"href":"https:\/\/extu.com\/it\/wp-json\/wp\/v2\/pages\/136457\/revisions"}],"up":[{"embeddable":true,"href":"https:\/\/extu.com\/it\/wp-json\/wp\/v2\/pages\/119371"}],"wp:attachment":[{"href":"https:\/\/extu.com\/it\/wp-json\/wp\/v2\/media?parent=136457"}],"curies":[{"name":"wp","href":"https:\/\/api.w.org\/{rel}","templated":true}]}}