{"id":135845,"date":"2024-01-05T17:45:48","date_gmt":"2024-01-05T17:45:48","guid":{"rendered":"https:\/\/extu.com\/?page_id=135845"},"modified":"2025-08-08T18:52:41","modified_gmt":"2025-08-08T18:52:41","slug":"etica","status":"publish","type":"page","link":"https:\/\/extu.com\/it\/legali\/etica\/","title":{"rendered":"Etica"},"content":{"rendered":"<div class=\"gb-container gb-container-4cff618d gb-container-default\">\n<div class=\"gb-container gb-container-c99d16b8 gb-container-inner\">\n\n<h1 class=\"gb-headline gb-headline-a34b3b00 gb-headline-text\">Portale di segnalazione di problemi di etica e conformit\u00e0 di Extu<\/h1>\n\n<\/div>\n<\/div>\n\n<div class=\"gb-container gb-container-0369e52c gb-container-default\">\n<div class=\"gb-container gb-container-006b7185 gb-container-inner\">\n\n<p>In Extu ci impegniamo al massimo per mantenere elevati standard di integrit\u00e0 e professionalit\u00e0 in tutto quello che facciamo. Sappiamo bene che un ambiente di lavoro etico non \u00e8 solo un requisito da rispettare; \u00e8 un aspetto fondamentale per stabilire un rapporto di fiducia e di rispetto con i nostri dipendenti, i nostri clienti e tutti gli stakeholder.<\/p>\n\n\n\n<h3 class=\"gb-headline gb-headline-18eadb67 gb-headline-text\">La vostra voce \u00e8 importante<\/h3>\n\n\n\n<p>Riteniamo che ogni voce sia fondamentale per creare un ambiente di lavoro positivo ed etico. Per questo motivo vi invitiamo a condividere qualsiasi preoccupazione o critica che potete avere in relazione alla condotta etica, alla conformit\u00e0 o alle pratiche aziendali. Che si tratti di una piccola segnalazione o di una critica sostanziale, il vostro contributo \u00e8 prezioso per aiutarci a mantenere, costantemente, un livello di eccellenza etica.<\/p>\n\n\n\n<h3 class=\"gb-headline gb-headline-6a4c0cb4 gb-headline-text\">Anonimato e riservatezza assoluti<\/h3>\n\n\n\n<p>Le vostre segnalazioni saranno trattate con la massima riservatezza. Avete anche la possibilit\u00e0 di effettuare segnalazioni in forma anonima, proteggendo la vostra identit\u00e0. Il nostro sistema di segnalazione anonima \u00e8 stato progettato per garantire sicurezza e supporto, consentendovi di esprimere liberamente le vostre preoccupazioni senza timore di essere soggetti a ritorsioni. Se desiderate essere contattati, inserite le vostre informazioni di contatto nella casella dei Commenti. In caso contrario, siete liberi di omettere qualsiasi informazione che potrebbe identificarvi.<\/p>\n\n\n<div class=\"gb-grid-wrapper gb-grid-wrapper-0ef983d8\">\n<div class=\"gb-grid-column gb-grid-column-2b38ed27\"><div class=\"gb-container gb-container-2b38ed27\">\n\n<h3 class=\"gb-headline gb-headline-ef077ec7 gb-headline-text\">Come effettuare una segnalazione<\/h3>\n\n\n\n<p>Inviare una segnalazione o un reclamo in materia di etica \u00e8 semplice. Basta compilare il modulo riportato in questa pagina. Potete includere tutti i dettagli che desiderate. Ogni segnalazione sar\u00e0 trattata con rispetto e con la stessa attenzione e urgenza, indipendentemente dal fatto che sia anonima o meno.<\/p>\n\n\n\n<h3 class=\"gb-headline gb-headline-f82efa78 gb-headline-text\">Il nostro impegno verso di voi<\/h3>\n\n\n\n<p>Come Extu, ci impegniamo a risolvere ogni problema in modo rapido e completo. Vogliamo promuovere una cultura di trasparenza e responsabilit\u00e0, e le vostre indicazioni, critiche e suggerimenti sono fondamentali per aiutarci a mantenere i pi\u00f9 alti standard etici e a creare un luogo di lavoro di cui tutti possono essere orgogliosi.<\/p>\n\n\n\n<p>Grazie per averci aiutato a rendere Extu un&#8217;azienda migliore. Apprezziamo davvero il vostro coraggio e il vostro impegno per l&#8217;integrit\u00e0.<\/p>\n\n\n\n<p>Insieme, possiamo sviluppare una cultura di onest\u00e0, rispetto ed eccellenza etica in Extu.<\/p>\n\n<\/div><\/div>\n\n<div class=\"gb-grid-column gb-grid-column-e9c4431f\"><div class=\"gb-container gb-container-e9c4431f\">\n\n<h4 class=\"gb-headline gb-headline-d485bae0 gb-headline-text\">Segnala un problema<\/h4>\n\n\n<style id=\"wpforms-css-vars-135851-block-70298dca-b44c-44b9-acfe-491861450dce\">\n\t\t\t\t#wpforms-135851.wpforms-block-70298dca-b44c-44b9-acfe-491861450dce {\n\t\t\t\t--wpforms-label-color: var(--contrast);\n--wpforms-label-sublabel-color: var(--contrast-2);\n--wpforms-label-error-color: var(--contrast);\n--wpforms-button-border-radius: 5px;\n--wpforms-button-background-color: var(--contrast);\n--wpforms-button-text-color: var(--base-2);\n--wpforms-field-size-input-height: 43px;\n--wpforms-field-size-input-spacing: 15px;\n--wpforms-field-size-font-size: 16px;\n--wpforms-field-size-line-height: 19px;\n--wpforms-field-size-padding-h: 14px;\n--wpforms-field-size-checkbox-size: 16px;\n--wpforms-field-size-sublabel-spacing: 5px;\n--wpforms-field-size-icon-size: 1;\n--wpforms-label-size-font-size: 16px;\n--wpforms-label-size-line-height: 19px;\n--wpforms-label-size-sublabel-font-size: 14px;\n--wpforms-label-size-sublabel-line-height: 17px;\n--wpforms-button-size-font-size: 17px;\n--wpforms-button-size-height: 41px;\n--wpforms-button-size-padding-h: 15px;\n--wpforms-button-size-margin-top: 10px;\n--wpforms-container-shadow-size-box-shadow: none;\n\t\t\t}\n\t\t\t<\/style><div class=\"wpforms-container wpforms-container-full wpforms-block wpforms-block-70298dca-b44c-44b9-acfe-491861450dce wpforms-render-modern\" id=\"wpforms-135851\"><form id=\"wpforms-form-135851\" class=\"wpforms-validate wpforms-form wpforms-ajax-form\" data-formid=\"135851\" data-form-name=\"Ethics Form it-it\" method=\"post\" enctype=\"multipart\/form-data\" action=\"\/it\/wp-json\/wp\/v2\/pages\/135845\" data-token=\"3495c07bb195dd59eeff4fea0422e359\" data-token-time=\"1775766381\"><noscript class=\"wpforms-error-noscript\">Abilita JavaScript nel browser per completare questo modulo.<\/noscript><div id=\"wpforms-error-noscript\" style=\"display: none;\">Abilita JavaScript nel browser per completare questo modulo.<\/div><div class=\"wpforms-field-container\"><div id=\"wpforms-135851-field_1-container\" class=\"wpforms-field wpforms-field-email\" data-field-id=\"1\"><label class=\"wpforms-field-label\" for=\"wpforms-135851-field_1\">E-mail:<\/label><input type=\"email\" id=\"wpforms-135851-field_1\" class=\"wpforms-field-medium\" name=\"wpforms[fields][1]\" spellcheck=\"false\" aria-errormessage=\"wpforms-135851-field_1-error\" aria-describedby=\"wpforms-135851-field_1-description\" ><div id=\"wpforms-135851-field_1-description\" class=\"wpforms-field-description\">Lasciare vuoto per rimanere anonimi<\/div><\/div><div id=\"wpforms-135851-field_3-container\" class=\"wpforms-field wpforms-field-text\" data-field-id=\"3\"><label class=\"wpforms-field-label\" for=\"wpforms-135851-field_3\">Riassunto del problema o della criticit\u00e0: <span class=\"wpforms-required-label\" aria-hidden=\"true\">*<\/span><\/label><input type=\"text\" id=\"wpforms-135851-field_3\" class=\"wpforms-field-medium wpforms-field-required\" name=\"wpforms[fields][3]\" aria-errormessage=\"wpforms-135851-field_3-error\" required><\/div><div id=\"wpforms-135851-field_2-container\" class=\"wpforms-field wpforms-field-textarea\" data-field-id=\"2\"><label class=\"wpforms-field-label\" for=\"wpforms-135851-field_2\">Dettaglio del problema o della criticit\u00e0: <span class=\"wpforms-required-label\" aria-hidden=\"true\">*<\/span><\/label><textarea id=\"wpforms-135851-field_2\" class=\"wpforms-field-medium wpforms-field-required\" name=\"wpforms[fields][2]\" aria-errormessage=\"wpforms-135851-field_2-error\" required><\/textarea><\/div><\/div><!-- .wpforms-field-container --><div class=\"wpforms-recaptcha-container wpforms-is-turnstile\" ><div class=\"wpforms-turnstile\" data-sitekey=\"0x4AAAAAAAPi5flkWrHI0UNL\" data-action=\"FormID-135851\"><\/div><input type=\"text\" name=\"g-recaptcha-hidden\" class=\"wpforms-recaptcha-hidden\" style=\"position:absolute!important;clip:rect(0,0,0,0)!important;height:1px!important;width:1px!important;border:0!important;overflow:hidden!important;padding:0!important;margin:0!important;\" data-rule-turnstile=\"1\"><\/div><div class=\"wpforms-submit-container\" ><input type=\"hidden\" name=\"wpforms[id]\" value=\"135851\"><input type=\"hidden\" name=\"page_title\" value=\"\"><input type=\"hidden\" name=\"page_url\" value=\"https:\/\/extu.com\/it\/wp-json\/wp\/v2\/pages\/135845\"><input type=\"hidden\" name=\"url_referer\" value=\"\"><button type=\"submit\" name=\"wpforms[submit]\" id=\"wpforms-submit-135851\" class=\"wpforms-submit gb-button\" data-alt-text=\"Invio...\" data-submit-text=\"Invia\" aria-live=\"assertive\" value=\"wpforms-submit\">Invia<\/button><img loading=\"lazy\" decoding=\"async\" src=\"https:\/\/extu.com\/wp-content\/plugins\/wpforms\/assets\/images\/submit-spin.svg\" class=\"wpforms-submit-spinner\" style=\"display: none;\" width=\"26\" height=\"26\" alt=\"Caricamento\"><\/div><\/form><\/div>  <!-- .wpforms-container -->\n<\/div><\/div>\n<\/div>\n<\/div>\n<\/div>","protected":false},"excerpt":{"rendered":"<p>Portale di segnalazione di problemi di etica e conformit\u00e0 di Extu In Extu ci impegniamo al massimo per &hellip;<\/p>\n","protected":false},"author":29,"featured_media":0,"parent":119371,"menu_order":0,"comment_status":"closed","ping_status":"closed","template":"","meta":{"_acf_changed":false,"_eb_attr":"","footnotes":""},"class_list":["post-135845","page","type-page","status-publish"],"acf":{"footer_box_text":"Partnering With Us = Higher Returns for You","footer_form_text":"Channel Growth Looks Good On You","footer_form":""},"_links":{"self":[{"href":"https:\/\/extu.com\/it\/wp-json\/wp\/v2\/pages\/135845","targetHints":{"allow":["GET"]}}],"collection":[{"href":"https:\/\/extu.com\/it\/wp-json\/wp\/v2\/pages"}],"about":[{"href":"https:\/\/extu.com\/it\/wp-json\/wp\/v2\/types\/page"}],"author":[{"embeddable":true,"href":"https:\/\/extu.com\/it\/wp-json\/wp\/v2\/users\/29"}],"replies":[{"embeddable":true,"href":"https:\/\/extu.com\/it\/wp-json\/wp\/v2\/comments?post=135845"}],"version-history":[{"count":0,"href":"https:\/\/extu.com\/it\/wp-json\/wp\/v2\/pages\/135845\/revisions"}],"up":[{"embeddable":true,"href":"https:\/\/extu.com\/it\/wp-json\/wp\/v2\/pages\/119371"}],"wp:attachment":[{"href":"https:\/\/extu.com\/it\/wp-json\/wp\/v2\/media?parent=135845"}],"curies":[{"name":"wp","href":"https:\/\/api.w.org\/{rel}","templated":true}]}}