{"id":119378,"date":"2023-08-10T18:15:26","date_gmt":"2023-08-10T18:15:26","guid":{"rendered":"https:\/\/extu.com\/?page_id=119378"},"modified":"2025-10-01T19:31:20","modified_gmt":"2025-10-01T19:31:20","slug":"centro-protezione-gdpr","status":"publish","type":"page","link":"https:\/\/extu.com\/it\/legali\/centro-protezione-gdpr\/","title":{"rendered":"Centro protezione GDPR"},"content":{"rendered":"<div class=\"gb-container gb-container-b18ab946 gb-container-default\">\n<div class=\"gb-container gb-container-5d0439a9 gb-container-inner\">\n<div class=\"gb-grid-wrapper gb-grid-wrapper-209d1e03\">\n<div class=\"gb-grid-column gb-grid-column-22a1eb65\"><div class=\"gb-container gb-container-22a1eb65\">\n\n<h1 class=\"gb-headline gb-headline-aa84e7da gb-headline-text\">Centro protezione GDPR<\/h1>\n\n<\/div><\/div>\n<\/div>\n<\/div>\n<\/div>\n\n<div class=\"gb-container gb-container-638790bd gb-container-default\">\n<div class=\"gb-container gb-container-fcd868d2 gb-container-inner\">\n\n<p>Come fornitore di servizi di marketing digitale, Extu lavora a stretto contatto con i propri partner per aiutarli a soddisfare i requisiti previsti dal Regolamento generale sulla protezione dei dati (GDPR) dell&#8217;Unione Europea e dalle legislazioni locali di attuazione. Abbiamo sviluppato questa guida per aiutarvi a comprendere le vostre responsabilit\u00e0 in materia di GDPR e spiegarvi come Extu<br>vi pu\u00f2 aiutare nella conformit\u00e0 al GDPR.<\/p>\n\n\n<div class=\"gb-container gb-container-dd571327\">\n<div class=\"gb-grid-wrapper gb-grid-wrapper-c3fac489\">\n<div class=\"gb-grid-column gb-grid-column-96c8650d\"><div class=\"gb-container gb-container-96c8650d\">\n\n<p class=\"gb-headline gb-headline-2d9fdb02 gb-headline-text\"><a href=\"https:\/\/extu.com\/it\/legali\/illustrazione-del-gpdr\/\">Spiegazione del GDPR<\/a><\/p>\n\n\n\n<p>Offrite ai partecipanti un&#8217;esperienza di primo livello, dall&#8217;inizio alla fine, in maniera semplice.<\/p>\n\n<\/div><\/div>\n\n<div class=\"gb-grid-column gb-grid-column-aacc6c01\"><div class=\"gb-container gb-container-aacc6c01\">\n\n<p class=\"gb-headline gb-headline-9e1aa441 gb-headline-text\"><a href=\"https:\/\/extu.com\/it\/legali\/gdpr-e-extu\/\" data-type=\"link\" data-id=\"https:\/\/extu.com\/it\/legali\/gdpr-e-extu\/\">GDPR e Extu<\/a><\/p>\n\n\n\n<p>Contenuti multimediali di alta qualit\u00e0 e perfettamente realizzati, tra cui leadership di pensiero e notizie di settore.<\/p>\n\n<\/div><\/div>\n\n<div class=\"gb-grid-column gb-grid-column-aba3ae3f\"><div class=\"gb-container gb-container-aba3ae3f\">\n\n<p class=\"gb-headline gb-headline-0f26da3d gb-headline-text\"><a href=\"https:\/\/extu.com\/it\/legali\/gdpr-e-partner\/\">GDPR e Partner<\/a><\/p>\n\n\n\n<p>Equilibrio perfetto tra il divertimento di creare ricordi e il successo aziendale di raggiungere gli obiettivi.<\/p>\n\n<\/div><\/div>\n<\/div>\n<\/div>\n<\/div>\n<\/div>\n\n<div class=\"gb-container gb-container-c9581eeb gb-container-default\">\n<div class=\"gb-container gb-container-3fc8b47d gb-container-inner\">\n\n<p><em>Questo materiale viene fornito solo a titolo informativo e non ha lo scopo di fornire consulenza legale. Per comprendere l&#8217;impatto completo del GDPR sulle vostre attivit\u00e0 di trattamento dei dati, vi invitiamo a consultare un professionista legale e\/o della privacy indipendente.<\/em><\/p>\n\n<\/div>\n<\/div>","protected":false},"excerpt":{"rendered":"<p>Come fornitore di servizi di marketing digitale, Extu lavora a stretto contatto con i propri partner per aiutarli &hellip;<\/p>\n","protected":false},"author":4,"featured_media":0,"parent":119371,"menu_order":0,"comment_status":"closed","ping_status":"closed","template":"","meta":{"_acf_changed":false,"_eb_attr":"","footnotes":""},"class_list":["post-119378","page","type-page","status-publish"],"acf":{"footer_box_text":"<h2 data-pm-slice=\"1 1 []\">Partnering With Us = Higher Returns for You<\/h2>","footer_form_text":"Channel Growth Looks Good On You","footer_form":""},"_links":{"self":[{"href":"https:\/\/extu.com\/it\/wp-json\/wp\/v2\/pages\/119378","targetHints":{"allow":["GET"]}}],"collection":[{"href":"https:\/\/extu.com\/it\/wp-json\/wp\/v2\/pages"}],"about":[{"href":"https:\/\/extu.com\/it\/wp-json\/wp\/v2\/types\/page"}],"author":[{"embeddable":true,"href":"https:\/\/extu.com\/it\/wp-json\/wp\/v2\/users\/4"}],"replies":[{"embeddable":true,"href":"https:\/\/extu.com\/it\/wp-json\/wp\/v2\/comments?post=119378"}],"version-history":[{"count":0,"href":"https:\/\/extu.com\/it\/wp-json\/wp\/v2\/pages\/119378\/revisions"}],"up":[{"embeddable":true,"href":"https:\/\/extu.com\/it\/wp-json\/wp\/v2\/pages\/119371"}],"wp:attachment":[{"href":"https:\/\/extu.com\/it\/wp-json\/wp\/v2\/media?parent=119378"}],"curies":[{"name":"wp","href":"https:\/\/api.w.org\/{rel}","templated":true}]}}