{"id":119368,"date":"2023-08-09T18:16:58","date_gmt":"2023-08-09T18:16:58","guid":{"rendered":"https:\/\/extu.com\/?page_id=119368"},"modified":"2025-08-08T18:45:00","modified_gmt":"2025-08-08T18:45:00","slug":"politica-sui-cookie","status":"publish","type":"page","link":"https:\/\/extu.com\/it\/legali\/politica-sui-cookie\/","title":{"rendered":"Politica sui cookie"},"content":{"rendered":"\n<p>Data di entrata in vigore: 23 dicembre 2022<\/p>\n\n\n\n<p>Extu raccoglie informazioni, utilizzando tecnologie quali cookie, pixel tag (detti anche web beacon), strumenti di analisi del browser e log del server, quando l&#8217;utente visita i Siti, utilizza le applicazioni mobili, interagisce con i Materiali di marketing, con gli annunci online o con le e-mail (o le e-mail che inviate da Extu per conto dei propri clienti). Tutte queste diverse tecnologie sono illustrate di seguito.<\/p>\n\n\n\n<h4 class=\"wp-block-heading\">a. Perch\u00e9 sono utilizzati i cookie<\/h4>\n\n\n\n<p>I dati che raccolti da Extu con i cookie e gli altri strumenti vengono utilizzati per finalit\u00e0 diverse.<\/p>\n\n\n\n<ul class=\"wp-block-list\">\n<li><strong>Cookie strettamente necessari<\/strong>\u202fe tag vengono utilizzati da Extu per il funzionamento dei propri siti web e delle proprie applicazioni. Consentono lo svolgimento di funzioni fondamentali, come l&#8217;autenticazione, la sicurezza, la gestione della rete e l&#8217;accessibilit\u00e0. \u00c8 possibile disattivarli, modificando le impostazioni del browser, ma fare questo potrebbe influire sul funzionamento del sito web.<\/li>\n\n\n\n<li><strong>Cookie prestazionali e analitici<\/strong>\u202fe tag vengono utilizzati da Extu e dai suoi fornitori di servizi per gestire i propri siti web. Questo include la raccolta di cookie analitici sui visitatori del sito web e la raccolta di informazioni su come utilizzano il sito. Extu utilizza queste informazioni per realizzare dei report e per migliorare il sito web. Questi cookie aiutano anche a raccogliere dati per ottimizzare le prestazioni del sito web.<em> Extu non utilizza i dati raccolti da questi cookie per operazioni di marketing mirato.<\/em><\/li>\n\n\n\n<li><strong>Cookie per l\u2019esperienza sul sito<\/strong>\u202fe tag vengono utilizzati per supportare l&#8217;esperienza dell&#8217;utente e includono opzioni selezionate dall&#8217;utente e ausili alla navigazione del sito. Questi cookie consentono a Extu di migliorare le funzionalit\u00e0 dei siti e fornire personalizzazioni. Se l&#8217;utente non consentisse l&#8217;utilizzo di questi cookie, alcuni servizi dei siti web potrebbero non funzionare correttamente.<\/li>\n\n\n\n<li><strong>Cookie di marketing e personalizzazione<\/strong>\u202fvengono utilizzati per consentire la condivisione sui social e per fornire all&#8217;utente annunci online basati sui suoi interessi.&nbsp;<\/li>\n<\/ul>\n\n\n\n<ul class=\"wp-block-list\">\n<li><strong>Cookie dei social media<\/strong> e tag utilizzati da Extu e dalle piattaforme di social media (come Facebook) per consentire agli utenti delle piattaforme di condividere contenuti sui propri siti. Extu collabora con piattaforme di social media, come Facebook e Instagram, per fornire annunci all&#8217;utente quando utilizza queste piattaforme. Questo targeting viene effettuato dalle varie piattaforme in base alle loro condizioni d&#8217;uso.<\/li>\n<\/ul>\n\n\n\n<ul class=\"wp-block-list\">\n<li><strong>Cookie promozionali<\/strong>\u202fe tag utilizzati da Extu, dai propri fornitori di servizi e da terze parti per personalizzare gli annunci pubblicitari forniti all&#8217;utente sui siti di Extu e su altri siti. Questi cookie raccolgono dati sull\u2019attivit\u00e0 online dell&#8217;utente e consentono di visualizzare annunci che potrebbero risultare di suo interesse. I cookie registrano anche quali annunci l&#8217;utente ha visualizzato e se ha interagito con essi. Questi cookie garantiscono che gli annunci visualizzati siano pertinenti e non ripetitivi.<\/li>\n<\/ul>\n\n\n\n<p>Sebbene non fornisca alcuna informazione di identificazione personale alle aziende pubblicitarie terze, Extu pu\u00f2 inserire cookie e tag per loro quando l&#8217;utente visita un sito web Extu. Questo permette a queste terze parti di raccogliere informazioni dall&#8217;utente utilizzando queste tecnologie sui siti web di Extu. Le informazioni raccolte sono soggette alle informative sulla privacy di tali terze parti.<\/p>\n\n\n\n<h3 class=\"wp-block-heading\">b. Scelte dell\u2019utente<\/h3>\n\n\n\n<ul class=\"wp-block-list\">\n<li>\u00c8 possibile gestire i cookie e cancellare i cookie di Extu e delle altre aziende utilizzando le impostazioni del browser. Browser come Chrome, Internet Explorer, Microsoft Edge, Firefox e Safari consentono di accettare, rifiutare o eliminare i cookie. \u00c8 possibile visitare il &#8220;centro assistenza&#8221; del proprio browser per avere ulteriori informazioni.<\/li>\n\n\n\n<li>\u00c8 anche possibile utilizzare programmi specifici che permettono di controllare il modo in cui le aziende mostrano i loro messaggi pubblicitari.<\/li>\n<\/ul>\n\n\n\n<ul class=\"wp-block-list\">\n<li>La Network Advertising Initiative (NAI) gestisce un programma di rinuncia per molte aziende pubblicitarie terze. L&#8217;utente pu\u00f2 scegliere di non essere pi\u00f9 soggetto a pubblicit\u00e0 mirata, da parte delle aziende aderenti alla NAI, visitando il sito <a href=\"https:\/\/optout.networkadvertising.org\/\" target=\"_blank\" rel=\"noopener\">https:\/\/optout.networkadvertising.org\/<\/a>.<\/li>\n\n\n\n<li>Su alcuni siti web pu\u00f2 essere visualizzata l&#8217;icona AdChoices, che pu\u00f2 apparire anche su alcuni annunci mirati. L&#8217;utente pu\u00f2 cliccare su questa icona per avere maggiori informazioni sulla raccolta e sull&#8217;utilizzo dei suoi dati o per negare il consenso alla raccolta. Per ulteriori informazioni sugli strumenti di scelta a disposizione dei consumatori di Digital Advertising Alliance, \u00e8 possibile visitare il sito\u202f<a href=\"http:\/\/optout.aboutads.info\/\" target=\"_blank\" rel=\"noopener\">http:\/\/optout.aboutads.info<\/a>.&nbsp;<\/li>\n\n\n\n<li>Opzioni aggiuntive sono offerte da:<br><strong>Google:<\/strong> per informazioni sull&#8217;utilizzo dei dati da parte di Google Analytics, \u00e8 possibile consultare la sezione \u201cModalit\u00e0 di utilizzo da parte di Google delle informazioni fornite da app o siti che usano i suoi servizi\u201d, all&#8217;indirizzo: <a href=\"https:\/\/www.google.com\/policies\/privacy\/partners\" target=\"_blank\" rel=\"noopener\">https:\/\/www.google.com\/policies\/privacy\/partners<\/a>.&nbsp;<\/li>\n<\/ul>\n\n\n\n<p>Nella maggior parte dei casi, le scelte effettuate dall&#8217;utente dipendono dal browser. Se si utilizzano browser diversi o dispositivi diversi, \u00e8 necessario configurare le impostazioni su ciascuno di essi. Anche in caso di rinuncia, \u00e8 possibile che l&#8217;utente continui a ricevere annunci pubblicitari non personalizzati.<\/p>\n\n\n\n<p>Anche se i siti web di Extu non dispongono di un meccanismo per riconoscere i segnali \u201cDo Not Track\u201d dei browser, ai propri clienti \u00e8 offerta la possibilit\u00e0 di gestire le loro preferenze in materia di cookie, come descritto nella sezione precedente. Per ulteriori informazioni sui segnali automatici di tracciamento browser e sul Do Not Track \u00e8 possibile consultare il sito\u202f<a href=\"http:\/\/www.allaboutdnt.org\/\" target=\"_blank\" rel=\"noopener\">www.allaboutdnt.org<\/a>.&nbsp;<\/p>\n\n\n\n<h3 class=\"wp-block-heading\">c. Social media e altre piattaforme<\/h3>\n\n\n\n<p>I siti web di Extu possono consentire all&#8217;utente di interagire con essi e con altri tramite piattaforme social media come Facebook, Twitter, LinkedIn e Instagram. Questa funzionalit\u00e0 viene abilitata utilizzando i cookie e i tag dei social media. Ad esempio, alcuni siti web Extu consentono di accedere utilizzando le stesse credenziali di acceso delle piattaforme di social media. L&#8217;utente \u00e8 invitato a leggere le politiche sulla privacy fornite dalle varie piattaforme di social media per comprendere come utilizzano le sue informazioni e per determinare le sue impostazioni.<\/p>\n\n\n\n<p>Quando utilizza piattaforme come Facebook e Google, Extu pu\u00f2 mostrare all&#8217;utente annunci basati sui suoi interessi. Queste piattaforme consentono di personalizzare gli annunci che Extu mostra. Per consentire l&#8217;invio di questi annunci, l&#8217;indirizzo e-mail dell&#8217;utente viene convertito in un numero univoco. Anche queste piattaforme convertono le e-mail degli utenti in numeri univoci utilizzando lo stesso processo. Queste consente di abbinare i record senza che si verifichi alcuno scambio di dati in grado di identificare l&#8217;utente. Le piattaforme eseguono l&#8217;abbinamento in qualit\u00e0 di fornitori di servizi a Extu e non conservano n\u00e9 utilizzano per altri scopi il file inviato. Questo processo consente alla piattaforma di fornire gli annunci di Extu ai propri clienti sulla piattaforma. Le piattaforme possono ottenere informazioni sugli utenti che rispondono agli annunci pubblicitari forniti da Extu.<\/p>\n\n\n\n<h3 class=\"wp-block-heading\">d. Altre tipologie di raccolta dati online<\/h3>\n\n\n\n<p>I <strong>log dei server <\/strong>di Extu registrano informazioni degli utenti sui propri siti web. Questi log possono essere utilizzati per scopi interni, come l&#8217;amministrazione del sito web, l&#8217;ottimizzazione e la sicurezza. I dati possono essere utilizzati anche per la protezione dalle frodi, la personalizzazione e la fornitura di annunci pubblicitari.<\/p>\n\n\n\n<p>Extu raccoglie <strong>identificatori del dispositivo<\/strong> e altre informazioni relative al dispositivo, compreso l&#8217;ID pubblicitario del dispositivo, qualora disponibile. Queste informazioni vengono utilizzate per identificare il dispositivo e autenticare l&#8217;utente. Le informazioni relative al dispositivo possono essere utilizzate anche per associare l&#8217;utente a diversi dispositivi che potrebbe utilizzare, anche a scopo di protezione dalle frodi e per fornire pubblicit\u00e0 mirata. Nella maggior parte dei casi, l&#8217;utente pu\u00f2 resettare l&#8217;ID pubblicitario del dispositivo. Sia i dispositivi Android che iOS consentono di effettuare questa procedura nel menu \u201cImpostazioni\u201d.<\/p>\n\n\n\n<h3 class=\"wp-block-heading\">e. Una guida ai cookie e alle altre tecnologie<\/h3>\n\n\n\n<ul class=\"wp-block-list\">\n<li><strong>Cookies<\/strong><br>I cookie sono piccoli file di testo che i siti web inviano al computer dell&#8217;utente o a un altro dispositivo connesso a Internet per identificare in modo univoco il browser o per memorizzare informazioni o impostazioni del browser. I cookie permettono di riconoscere l&#8217;utente quando ritorna sul sito. Inoltre, aiutano a fornire un&#8217;esperienza personalizzata e consentono di rilevare alcuni tipi di frode.<\/li>\n<\/ul>\n\n\n\n<ul class=\"wp-block-list\">\n<li>I cookie di prima parte sono quelli inseriti da Extu. Questi cookie sono utilizzati da Extu e comprendono tutti i cookie essenziali.<\/li>\n<\/ul>\n\n\n\n<ul class=\"wp-block-list\">\n<li>I cookie di terze parti sono quelli inseriti da un&#8217;altra azienda, compresi i fornitori di servizi, i cookie dei social media e quelli delle aziende pubblicitarie terze. I cookie inseriti da terze parti possono essere letti da queste terze parti quando l&#8217;utente visita altri siti della rete di pubblicit\u00e0, per creare un profilo del suo comportamento online in modo che le terze parti possano fornire all&#8217;utente annunci mirati da parte di tutti i suoi clienti.<\/li>\n<\/ul>\n\n\n\n<ul class=\"wp-block-list\">\n<li><strong>Pixel tag e web Beacon<\/strong><br>I pixel tag (chiamati anche web beacon) sono piccole immagini grafiche e piccoli blocchi di codice inseriti nelle pagine dei siti web, negli annunci pubblicitari o nelle e-mail che permettono di determinare se l&#8217;utente ha eseguito una particolare azione. Quando l&#8217;utente accede alle pagine o apre un&#8217;e-mail, il tag informa dell&#8217;operazione effettuata. Questi strumenti consentono di misurare il tasso di risposta alle comunicazioni ricevute e di migliorare le pagine web e le promozioni.<\/li>\n\n\n\n<li><strong>Log del server<\/strong><br>I log del server registrano le attivit\u00e0 sui siti web. Altri tipi di log raccolgono informazioni simili dalle app. I log registrano informazioni sul dispositivo utilizzato per accedere al sito web, sul sistema operativo dell&#8217;utente, sul tipo di browser, sul dominio e su altre impostazioni di sistema, oltre alle informazioni sulla lingua di sistema e sul Paese e fuso orario in cui si trova il dispositivo. I log di Extu registrano anche l&#8217;indirizzo IP del dispositivo utilizzato per connettersi a Internet. L&#8217;indirizzo IP \u00e8 un identificativo univoco che serve ai dispositivi per identificarsi e comunicare tra loro su Internet. Possono anche essere raccolte informazioni sul sito web che l&#8217;utente stava visitando prima di arrivare al sito di Extu e sul sito web che visita dopo averlo lasciato.<\/li>\n<\/ul>\n","protected":false},"excerpt":{"rendered":"<p>Data di entrata in vigore: 23 dicembre 2022 Extu raccoglie informazioni, utilizzando tecnologie quali cookie, pixel tag (detti &hellip;<\/p>\n","protected":false},"author":4,"featured_media":0,"parent":119371,"menu_order":0,"comment_status":"closed","ping_status":"closed","template":"","meta":{"_acf_changed":false,"_eb_attr":"","footnotes":""},"class_list":["post-119368","page","type-page","status-publish"],"acf":{"footer_box_text":"<h2 data-pm-slice=\"1 1 []\">Partnering With Us = Higher Returns for You<\/h2>","footer_form_text":"Channel Growth Looks Good On You","footer_form":""},"_links":{"self":[{"href":"https:\/\/extu.com\/it\/wp-json\/wp\/v2\/pages\/119368","targetHints":{"allow":["GET"]}}],"collection":[{"href":"https:\/\/extu.com\/it\/wp-json\/wp\/v2\/pages"}],"about":[{"href":"https:\/\/extu.com\/it\/wp-json\/wp\/v2\/types\/page"}],"author":[{"embeddable":true,"href":"https:\/\/extu.com\/it\/wp-json\/wp\/v2\/users\/4"}],"replies":[{"embeddable":true,"href":"https:\/\/extu.com\/it\/wp-json\/wp\/v2\/comments?post=119368"}],"version-history":[{"count":0,"href":"https:\/\/extu.com\/it\/wp-json\/wp\/v2\/pages\/119368\/revisions"}],"up":[{"embeddable":true,"href":"https:\/\/extu.com\/it\/wp-json\/wp\/v2\/pages\/119371"}],"wp:attachment":[{"href":"https:\/\/extu.com\/it\/wp-json\/wp\/v2\/media?parent=119368"}],"curies":[{"name":"wp","href":"https:\/\/api.w.org\/{rel}","templated":true}]}}