{"id":130484,"date":"2023-08-15T14:28:21","date_gmt":"2023-08-15T14:28:21","guid":{"rendered":"https:\/\/extu.com\/mentions-legales\/sous-traitants\/"},"modified":"2024-05-17T12:32:27","modified_gmt":"2024-05-17T12:32:27","slug":"sous-traitants","status":"publish","type":"page","link":"https:\/\/extu.com\/fr_ca\/mentions-legales\/sous-traitants\/","title":{"rendered":"Sous-traitants"},"content":{"rendered":"\n<p class=\"has-base-2-color has-contrast-background-color has-text-color has-background\"><strong>Derni\u00e8re mise \u00e0 jour : <\/strong> 16 juin 2021<\/p>\n\n\n\n<p>Extu utilise certains sous-traitants (y compris des membres du groupe Extu et des tiers, comme indiqu\u00e9 ci-dessous) pour l&rsquo;aider \u00e0 fournir les services tells que d\u00e9crits dans <a href=\"https:\/\/extu.com\/fr_ca\/mentions-legales\/termes-generaux-de-service\/\">les conditions g\u00e9n\u00e9rales standard applicables<\/a>.<\/p>\n\n\n\n<p>Ces sous-traitants peuvent \u00eatre situ\u00e9s \u00e0 l&rsquo;\u00e9tranger ou avoir leurs serveurs situ\u00e9s \u00e0 l&rsquo;\u00e9tranger. Les informations personnelles ne seront transf\u00e9r\u00e9es qu&rsquo;\u00e0 des organisations o\u00f9 Extu a mis en place des garanties ad\u00e9quates r\u00e9pondant aux exigences d\u2019Extu et conform\u00e9ment \u00e0 la l\u00e9gislation applicable en mati\u00e8re de confidentialit\u00e9. <\/p>\n\n\n\n<h3 class=\"wp-block-heading\">Sous-traitants du groupe Extu<\/h3>\n\n\n\n<p>Les entit\u00e9s suivantes sont membres du groupe Extu. En cons\u00e9quence, elles agissent en tant que sous-traitants pour fournir les services. <\/p>\n\n\n\n<figure class=\"wp-block-table\"><table><tbody><tr><td><strong>Nom de l&rsquo;entit\u00e9<\/strong><\/td><td><strong>Pays<\/strong><\/td><td><strong>Objectif<\/strong><\/td><\/tr><tr><td>Finnigan Investments (Australie) Pty Ltd<\/td><td>Australie<\/td><td>Si\u00e8ge social du groupe<\/td><\/tr><tr><td>OneAffiniti LLC<\/td><td>\u00c9TATS-UNIS<\/td><td>Bureau de vente et de marketing<\/td><\/tr><tr><td>OneAffiniti Ltd<\/td><td>ROYAUME-UNI<\/td><td>Bureau de vente et de marketing<\/td><\/tr><\/tbody><\/table><\/figure>\n\n\n\n<h3 class=\"wp-block-heading\">Sous-traitants pour le stockage des donn\u00e9es d&rsquo;infrastructure<\/h3>\n\n\n\n<p>Le tableau suivant d\u00e9crit les pays et les entit\u00e9s l\u00e9gales avec lesquels Extu collabore pour le stockage des donn\u00e9es.<\/p>\n\n\n\n<figure class=\"wp-block-table\"><table><tbody><tr><td><strong>Nom de l&rsquo;entit\u00e9<\/strong><\/td><td><strong>Pays<\/strong><\/td><td><strong>Type d&rsquo;entit\u00e9<\/strong><\/td><\/tr><tr><td>Amazon Web Services<\/td><td>Australie et \u00c9tats-Unis<\/td><td>Fournisseur de services en nuage<\/td><\/tr><tr><td>Google Cloud<\/td><td>\u00c9TATS-UNIS<\/td><td>Fournisseur de services en nuage<\/td><\/tr><\/tbody><\/table><\/figure>\n\n\n\n<h3 class=\"wp-block-heading\">Sous-traitants sp\u00e9cifiques aux services<\/h3>\n\n\n\n<p>Extu collabore avec certains tiers pour fournir des fonctionnalit\u00e9s sp\u00e9cifiques au sein des services, \u00e9valuer l&rsquo;efficacit\u00e9 et\/ou optimiser les services.<\/p>\n\n\n\n<figure class=\"wp-block-table\"><table><tbody><tr><td><strong>Nom de l&rsquo;entit\u00e9<\/strong><\/td><td><strong>Pays<\/strong><\/td><td><strong>Objectif<\/strong><\/td><\/tr><tr><td>Alchemer<\/td><td>\u00c9TATS-UNIS<\/td><td>Soumission de formulaires<\/td><\/tr><tr><td>Calendly<\/td><td>\u00c9TATS-UNIS<\/td><td>Int\u00e9gration d&rsquo;un calendrier<\/td><\/tr><tr><td>Campaign Monitor<\/td><td>\u00c9TATS-UNIS<\/td><td>Distribution par Email<\/td><\/tr><tr><td>Chargebee<\/td><td>Australie<\/td><td>Gestion de la facturation des abonnements<\/td><\/tr><tr><td>Clearbit<\/td><td>\u00c9TATS-UNIS<\/td><td>Validation des coordonn\u00e9es<\/td><\/tr><tr><td>Domo<\/td><td>\u00c9TATS-UNIS<\/td><td>Analyses, perspectives et rapports<\/td><\/tr><tr><td>Emapta<\/td><td>Philippines<\/td><td>\u00c9quipe de production et centre de soutien<\/td><\/tr><tr><td>Giftbit<\/td><td>Canada<\/td><td>Portail cartes-cadeaux<\/td><\/tr><tr><td>GiftPay<\/td><td>Australie<\/td><td>Syst\u00e8me Flexi eGift<\/td><\/tr><tr><td>GlockApps<\/td><td>\u00c9TATS-UNIS<\/td><td>Analyse de la d\u00e9livrabilit\u00e9 des Emails<\/td><\/tr><tr><td>Google Tag Manager\/Google Analytics<\/td><td>\u00c9TATS-UNIS<\/td><td>Analyse des statistiques comportementales<\/td><\/tr><tr><td>G Suite (Google Apps)<\/td><td>\u00c9TATS-UNIS<\/td><td>Outils de productivit\u00e9 bureautique<\/td><\/tr><tr><td>Hotjar<\/td><td>Malte<\/td><td>Analyse des statistiques comportementales<\/td><\/tr><tr><td>IRIS Worldwide<\/td><td>\u00c9TATS-UNIS<\/td><td>Services de publicit\u00e9 et de marketing<\/td><\/tr><tr><td>KPI Analytics<\/td><td>\u00c9TATS-UNIS<\/td><td>G\u00e9n\u00e9ration de donn\u00e9es et renseignements<\/td><\/tr><tr><td>Microsoft<\/td><td>\u00c9TATS-UNIS<\/td><td>Outils de productivit\u00e9 bureautique<\/td><\/tr><tr><td>My Channel Team (\u201cSpark Your Channel\u201d)<\/td><td>\u00c9TATS-UNIS<\/td><td>Plate-forme de contenu vid\u00e9o<\/td><\/tr><tr><td>Omnicard<\/td><td>\u00c9TATS-UNIS<\/td><td>Portail cartes-cadeaux<\/td><\/tr><tr><td>OptinMonster<\/td><td>\u00c9TATS-UNIS<\/td><td>Formulaire d&rsquo;opt-in sur la page d&rsquo;atterrissage<\/td><\/tr><tr><td>Prezzy Card<\/td><td>NOUVELLE-ZELANDE<\/td><td>Portail cartes-cadeaux<\/td><\/tr><tr><td>Salesforce<\/td><td>\u00c9TATS-UNIS<\/td><td>Gestion des relations avec les clients<\/td><\/tr><tr><td>Sendgrid<\/td><td>\u00c9TATS-UNIS<\/td><td>Distribution par Email<\/td><\/tr><tr><td>Smartsheet<\/td><td>\u00c9TATS-UNIS<\/td><td>Gestion des t\u00e2ches et des projets<\/td><\/tr><tr><td>Stripe<\/td><td>\u00c9TATS-UNIS<\/td><td>Processeur de paiement<\/td><\/tr><tr><td>Successful Channels<\/td><td>\u00c9TATS-UNIS<\/td><td>Plate-forme de tableaux de bord<\/td><\/tr><tr><td>Twilio<\/td><td>\u00c9TATS-UNIS<\/td><td>Notification par SMS<\/td><\/tr><tr><td>Universal Gift Cards<\/td><td>Australie<\/td><td>Portail cartes-cadeaux<\/td><\/tr><tr><td>Zapier<\/td><td>\u00c9TATS-UNIS<\/td><td>Automatisation et synchronisation<\/td><\/tr><tr><td>Zerobounce<\/td><td>\u00c9TATS-UNIS<\/td><td>Validation des Emails des abonn\u00e9s<\/td><\/tr><\/tbody><\/table><\/figure>\n","protected":false},"excerpt":{"rendered":"<p>Derni\u00e8re mise \u00e0 jour : 16 juin 2021 Extu utilise certains sous-traitants (y compris des membres du groupe &hellip;<\/p>\n","protected":false},"author":4,"featured_media":0,"parent":130269,"menu_order":0,"comment_status":"closed","ping_status":"closed","template":"","meta":{"_acf_changed":false,"_eb_attr":"","footnotes":""},"class_list":["post-130484","page","type-page","status-publish"],"acf":{"footer_box_text":"<h2 data-pm-slice=\"1 1 []\">Partnering With Us = Higher Returns for You<\/h2>","footer_form_text":"Channel Growth Looks Good On You","footer_form":""},"_links":{"self":[{"href":"https:\/\/extu.com\/fr_ca\/wp-json\/wp\/v2\/pages\/130484","targetHints":{"allow":["GET"]}}],"collection":[{"href":"https:\/\/extu.com\/fr_ca\/wp-json\/wp\/v2\/pages"}],"about":[{"href":"https:\/\/extu.com\/fr_ca\/wp-json\/wp\/v2\/types\/page"}],"author":[{"embeddable":true,"href":"https:\/\/extu.com\/fr_ca\/wp-json\/wp\/v2\/users\/4"}],"replies":[{"embeddable":true,"href":"https:\/\/extu.com\/fr_ca\/wp-json\/wp\/v2\/comments?post=130484"}],"version-history":[{"count":0,"href":"https:\/\/extu.com\/fr_ca\/wp-json\/wp\/v2\/pages\/130484\/revisions"}],"up":[{"embeddable":true,"href":"https:\/\/extu.com\/fr_ca\/wp-json\/wp\/v2\/pages\/130269"}],"wp:attachment":[{"href":"https:\/\/extu.com\/fr_ca\/wp-json\/wp\/v2\/media?parent=130484"}],"curies":[{"name":"wp","href":"https:\/\/api.w.org\/{rel}","templated":true}]}}