{"id":130436,"date":"2023-08-10T13:15:41","date_gmt":"2023-08-10T13:15:41","guid":{"rendered":"https:\/\/extu.com\/mentions-legales\/rgpd-et-extu\/"},"modified":"2024-06-24T14:03:37","modified_gmt":"2024-06-24T14:03:37","slug":"rgpd-et-extu","status":"publish","type":"page","link":"https:\/\/extu.com\/fr_ca\/mentions-legales\/rgpd-et-extu\/","title":{"rendered":"RGPD et Extu"},"content":{"rendered":"<div class=\"gb-container gb-container-b18ab946 gb-container-default\">\n<div class=\"gb-container gb-container-5d0439a9 gb-container-inner\">\n<div class=\"gb-grid-wrapper gb-grid-wrapper-209d1e03\">\n<div class=\"gb-grid-column gb-grid-column-22a1eb65\"><div class=\"gb-container gb-container-22a1eb65\">\n\n<h1 class=\"gb-headline gb-headline-aa84e7da gb-headline-text\">RGPD et Extu<\/h1>\n\n\n\n<p class=\"gb-headline gb-headline-c06d6f66 gb-headline-text\">Chez Extu, nous accordons une grande importance \u00e0 la confidentialit\u00e9 de nos utilisateurs. <\/p>\n\n<\/div><\/div>\n<\/div>\n<\/div>\n<\/div>\n\n<div class=\"gb-container gb-container-2be5925a gb-container-default\">\n<div class=\"gb-container gb-container-71010533\">\n\n<h2 class=\"gb-headline gb-headline-07db59a1 gb-headline-text\">Qu&rsquo;a fait Extu pour se conformer au RGPD?<\/h2>\n\n\n\n<p>Extu s&rsquo;engage \u00e0 \u00eatre un gardien responsable des informations personnelles que vous nous confiez pour collecter et traiter. Dans le cadre de notre engagement envers la confidentialit\u00e9, nous avons sollicit\u00e9 des conseils juridiques sp\u00e9cialis\u00e9s et mis en place une \u00e9quipe interne d\u00e9di\u00e9e au RGPD pour \u00e9valuer nos responsabilit\u00e9s et mettre en \u0153uvre les mesures requises pour \u00eatre conforme au RGPD. Nous avons \u00e9galement adopt\u00e9 le RGPD comme notre norme mondiale pour la confidentialit\u00e9 et la protection des donn\u00e9es. Voici un r\u00e9sum\u00e9 des principales \u00e9tapes que nous avons prises :   <\/p>\n\n\n\n<ul class=\"wp-block-list\">\n<li><strong>Analyse des \u00e9carts :<\/strong> Nous avons r\u00e9alis\u00e9 une analyse des \u00e9carts des exigences impos\u00e9es par le RGPD, telles qu&rsquo;applicables aux op\u00e9rations commerciales d&rsquo;Extu.<\/li>\n\n\n\n<li><strong>Cartes des donn\u00e9es :<\/strong> Nous avons cr\u00e9\u00e9 des cartes des donn\u00e9es compl\u00e8tes qui suivent les flux de donn\u00e9es personnelles dans l&rsquo;ensemble de nos syst\u00e8mes et services.<\/li>\n\n\n\n<li><strong>Divulgation :<\/strong> Nous avons mis \u00e0 jour les divulgations sur nos supports marketing et nos pages de destination.<\/li>\n\n\n\n<li><strong>Avis de confidentialit\u00e9 :<\/strong> Nous avons mis \u00e0 jour notre avis de confidentialit\u00e9 sur le site Web et nos avis de confidentialit\u00e9 internes pour les rendre conformes au RGPD, tout en \u00e9tant plus clairs, concis et transparents sur la fa\u00e7on dont nous traitons les donn\u00e9es personnelles.<\/li>\n\n\n\n<li><strong>Notification de violation des donn\u00e9es :<\/strong> Nous avons mis \u00e0 jour notre plan de gestion des violations de donn\u00e9es et nos proc\u00e9dures d&rsquo;intervention en cas d&rsquo;incidents pour les rendre conformes au RGPD.<\/li>\n\n\n\n<li><strong>S\u00e9curit\u00e9 des donn\u00e9es : <\/strong> Nous avons examin\u00e9 et, le cas \u00e9ch\u00e9ant, mis \u00e0 jour\/am\u00e9lior\u00e9 nos pratiques de s\u00e9curit\u00e9 technique et organisationnelle des syst\u00e8mes.<\/li>\n\n\n\n<li><strong>Droits des personnes concern\u00e9es : <\/strong> Nous avons mis en place des processus pour traiter les principaux droits des personnes concern\u00e9es, tels que le droit d&rsquo;acc\u00e8s, le droit \u00e0 la portabilit\u00e9 des donn\u00e9es et le droit \u00e0 l&rsquo;effacement.<\/li>\n\n\n\n<li><strong>Registres de traitement des donn\u00e9es : <\/strong> Nous disposons de registres de traitement des donn\u00e9es conformes au RGPD, y compris des proc\u00e9dures de transfert transfrontalier.<\/li>\n\n\n\n<li><strong>Politiques de protection des donn\u00e9es et formation :<\/strong> Nous avons \u00e9labor\u00e9 des politiques de protection et de traitement des donn\u00e9es et avons mis en place un cadre de formation pour tout le personnel d&rsquo;Extu.<\/li>\n\n\n\n<li><strong>Fournisseurs et tiers : <\/strong> Nous avons examin\u00e9 nos relations avec les fournisseurs tiers et nous nous sommes assur\u00e9s que les conditions que nous avons en place respectent les exigences du RGPD.<\/li>\n<\/ul>\n\n\n\n<p>Notre parcours de conformit\u00e9 au RGPD implique un processus d&rsquo;am\u00e9lioration continue. Nous sommes l\u00e0 pour soutenir vos initiatives marketing et en travaillant ensemble en tant qu&rsquo;\u00e9quipe, nous pouvons construire une relation de confiance et de transparence avec vos abonn\u00e9s actuels et potentiels.<\/p>\n\n\n\n<p>Comme nous avons adopt\u00e9 le RGPD comme norme pour notre programme mondial de conformit\u00e9 \u00e0 la protection des donn\u00e9es, nous sommes en mesure de r\u00e9pondre \u00e0 de nombreuses exigences de la CCPA. Lorsque n\u00e9cessaire, nous avons mis \u00e0 jour nos politiques internes et nos contr\u00f4les pour r\u00e9pondre \u00e0 la CCPA, comme nos plans d&rsquo;intervention en cas d&rsquo;incidents de donn\u00e9es. Nous avons \u00e9galement actualis\u00e9 notre avis de confidentialit\u00e9.   <\/p>\n\n<\/div>\n<\/div>\n\n<div class=\"gb-container gb-container-822b9373 gb-container-default\">\n<div class=\"gb-container gb-container-267a6df0 gb-container-inner\">\n\n<h2 class=\"gb-headline gb-headline-a64fe33d gb-headline-text\">Comment Extu a-t-il abord\u00e9 la loi californienne sur la protection des consommateurs (CCPA)?<\/h2>\n\n\n\n<p>Le CCPA accorde aux r\u00e9sidents de la Californie le droit de s&rsquo;opposer \u00e0 la \u00ab\u00a0vente\u00a0\u00bb de leurs informations personnelles. Extu ne vend pas d&rsquo;informations personnelles. Nous ne divulguons des donn\u00e9es personnelles qu&rsquo;\u00e0 des tiers qui sont des prestataires de services ou \u00e0 des tiers, tels que nos sponsors, \u00e0 des fins commerciales, ou lorsque vous nous avez autoris\u00e9s \u00e0 le faire.  <\/p>\n\n<\/div>\n<\/div>\n\n<div class=\"gb-container gb-container-1d6fd59e gb-container-default\">\n<div class=\"gb-container gb-container-061503a3 gb-container-inner\">\n\n<h2 class=\"gb-headline gb-headline-4b3e56ac gb-headline-text\">FAQ rapide<\/h2>\n\n\n<div class=\"gb-container gb-container-884b9234 gb-accordion\">\n<div class=\"gb-container gb-container-2dbb83bd gb-accordion__item gb-accordion__item-open\" data-transition=\"slide\">\n\n<button class=\"gb-button gb-button-4269b730 gb-accordion__toggle gb-block-is-current\"><span class=\"gb-button-text\">O\u00f9 est-ce qu&rsquo;Extu stocke les donn\u00e9es des partenaires et des abonn\u00e9s?<\/span><span class=\"gb-icon\"><svg xmlns=\"http:\/\/www.w3.org\/2000\/svg\" viewBox=\"0 0 448 512\" width=\"1em\" height=\"1em\" ariahidden=\"true\" role=\"img\" class=\"gb-accordion__icon\"><path d=\"M207.029 381.476L12.686 187.132c-9.373-9.373-9.373-24.569 0-33.941l22.667-22.667c9.357-9.357 24.522-9.375 33.901-.04L224 284.505l154.745-154.021c9.379-9.335 24.544-9.317 33.901.04l22.667 22.667c9.373 9.373 9.373 24.569 0 33.941L240.971 381.476c-9.373 9.372-24.569 9.372-33.942 0z\" fill=\"currentColor\"><\/path><\/svg><svg xmlns=\"http:\/\/www.w3.org\/2000\/svg\" viewBox=\"0 0 448 512\" width=\"1em\" height=\"1em\" ariahidden=\"true\" role=\"img\" class=\"gb-accordion__icon-open\"><path d=\"M240.971 130.524l194.343 194.343c9.373 9.373 9.373 24.569 0 33.941l-22.667 22.667c-9.357 9.357-24.522 9.375-33.901.04L224 227.495 69.255 381.516c-9.379 9.335-24.544 9.317-33.901-.04l-22.667-22.667c-9.373-9.373-9.373-24.569 0-33.941L207.03 130.525c9.372-9.373 24.568-9.373 33.941-.001z\" fill=\"currentColor\"><\/path><\/svg><\/span><\/button>\n\n\n<div class=\"gb-accordion__content\"><div class=\"gb-container gb-container-b52027d9\">\n\n<p>Extu stocke les donn\u00e9es des partenaires et des abonn\u00e9s aupr\u00e8s d&rsquo;un fournisseur d&rsquo;h\u00e9bergement de donn\u00e9es de premier plan, tierce partie (Amazon Web Services). Pour plus d&rsquo;informations sur l&rsquo;approche d&rsquo;AWS en mati\u00e8re de conformit\u00e9 au RGPD, consultez <a href=\"https:\/\/aws.amazon.com\/compliance\/gdpr-center\/\" target=\"_blank\" rel=\"noopener\">https:\/\/aws.amazon.com\/compliance\/gdpr-center\/<\/a>. <\/p>\n\n<\/div><\/div>\n<\/div>\n\n<div class=\"gb-container gb-container-a9f1b25a gb-accordion__item\" data-transition=\"slide\">\n\n<button class=\"gb-button gb-button-2278a0e9 gb-accordion__toggle\"><span class=\"gb-button-text\">Qui sont les sous-traitants ou fournisseurs tiers d&rsquo;Extu ?<\/span><span class=\"gb-icon\"><svg xmlns=\"http:\/\/www.w3.org\/2000\/svg\" viewBox=\"0 0 448 512\" width=\"1em\" height=\"1em\" ariahidden=\"true\" role=\"img\" class=\"gb-accordion__icon\"><path d=\"M207.029 381.476L12.686 187.132c-9.373-9.373-9.373-24.569 0-33.941l22.667-22.667c9.357-9.357 24.522-9.375 33.901-.04L224 284.505l154.745-154.021c9.379-9.335 24.544-9.317 33.901.04l22.667 22.667c9.373 9.373 9.373 24.569 0 33.941L240.971 381.476c-9.373 9.372-24.569 9.372-33.942 0z\" fill=\"currentColor\"><\/path><\/svg><svg xmlns=\"http:\/\/www.w3.org\/2000\/svg\" viewBox=\"0 0 448 512\" width=\"1em\" height=\"1em\" ariahidden=\"true\" role=\"img\" class=\"gb-accordion__icon-open\"><path d=\"M240.971 130.524l194.343 194.343c9.373 9.373 9.373 24.569 0 33.941l-22.667 22.667c-9.357 9.357-24.522 9.375-33.901.04L224 227.495 69.255 381.516c-9.379 9.335-24.544 9.317-33.901-.04l-22.667-22.667c-9.373-9.373-9.373-24.569 0-33.941L207.03 130.525c9.372-9.373 24.568-9.373 33.941-.001z\" fill=\"currentColor\"><\/path><\/svg><\/span><\/button>\n\n\n<div class=\"gb-accordion__content\"><div class=\"gb-container gb-container-c77d4ed5\">\n\n<p>Une liste compl\u00e8te de nos sous-traitants tiers est disponible <a href=\"https:\/\/extu.com\/fr_ca\/mentions-legales\/Sous-traitants\/\">ici<\/a>.<\/p>\n\n<\/div><\/div>\n<\/div>\n\n<div class=\"gb-container gb-container-097a6cf1 gb-accordion__item\" data-transition=\"slide\">\n\n<button class=\"gb-button gb-button-189cce92 gb-accordion__toggle\"><span class=\"gb-button-text\">Je suis un partenaire participant au programme Extu. Dois-je encore m&rsquo;inqui\u00e9ter de la conformit\u00e9 au RGPD? <\/span><span class=\"gb-icon\"><svg xmlns=\"http:\/\/www.w3.org\/2000\/svg\" viewBox=\"0 0 448 512\" width=\"1em\" height=\"1em\" ariahidden=\"true\" role=\"img\" class=\"gb-accordion__icon\"><path d=\"M207.029 381.476L12.686 187.132c-9.373-9.373-9.373-24.569 0-33.941l22.667-22.667c9.357-9.357 24.522-9.375 33.901-.04L224 284.505l154.745-154.021c9.379-9.335 24.544-9.317 33.901.04l22.667 22.667c9.373 9.373 9.373 24.569 0 33.941L240.971 381.476c-9.373 9.372-24.569 9.372-33.942 0z\" fill=\"currentColor\"><\/path><\/svg><svg xmlns=\"http:\/\/www.w3.org\/2000\/svg\" viewBox=\"0 0 448 512\" width=\"1em\" height=\"1em\" ariahidden=\"true\" role=\"img\" class=\"gb-accordion__icon-open\"><path d=\"M240.971 130.524l194.343 194.343c9.373 9.373 9.373 24.569 0 33.941l-22.667 22.667c-9.357 9.357-24.522 9.375-33.901.04L224 227.495 69.255 381.516c-9.379 9.335-24.544 9.317-33.901-.04l-22.667-22.667c-9.373-9.373-9.373-24.569 0-33.941L207.03 130.525c9.372-9.373 24.568-9.373 33.941-.001z\" fill=\"currentColor\"><\/path><\/svg><\/span><\/button>\n\n\n<div class=\"gb-accordion__content\"><div class=\"gb-container gb-container-5a60a2dd\">\n\n<p>Oui, si vous \u00eates \u00e9tabli dans l\u2019UE, ou si vous \u00eates \u00e9tabli en dehors de l\u2019UE, dans la mesure o\u00f9 l\u2019un de vos abonn\u00e9s est situ\u00e9 dans l\u2019UE, vous serez consid\u00e9r\u00e9 comme le responsable du traitement de vos informations d\u2019abonn\u00e9. Il existe \u00e9galement des exigences en mati\u00e8re de confidentialit\u00e9 des donn\u00e9es que vous \u00eates tenu de respecter en vertu des conditions g\u00e9n\u00e9rales d\u2019utilisation d\u2019Extu. Par cons\u00e9quent, lorsque vous participez au programme Extu et \u00e0 nos conditions g\u00e9n\u00e9rales d\u2019utilisation, vos obligations en vertu du RGPD incluent de vous assurer que :<\/p>\n\n\n\n<ul class=\"wp-block-list\">\n<li>avoir une liste d&rsquo;abonn\u00e9s conforme au RGPD<\/li>\n\n\n\n<li>que votre avis de confidentialit\u00e9 contienne des informations ad\u00e9quates conform\u00e9ment aux exigences du RGPD<\/li>\n\n\n\n<li>avoir mis en place des mesures de s\u00e9curit\u00e9 techniques et organisationnelles appropri\u00e9es pour r\u00e9duire les risques de violation de la confidentialit\u00e9<\/li>\n\n\n\n<li>you notify Extu immediately if you receive a privacy complaint or request or are involved in a potential or actual data breach incident.<\/li>\n<\/ul>\n\n\n\n<p>Extu s&rsquo;engage \u00e0 vous aider \u00e0 respecter vos obligations en mati\u00e8re de RGPD concernant la gestion des pr\u00e9f\u00e9rences des abonn\u00e9s, la divulgation des cookies, les demandes d&rsquo;informations personnelles et autres droits des personnes concern\u00e9es par les donn\u00e9es. Nous ferons de notre mieux pour assurer que notre service soit conforme aux r\u00e9glementations de confidentialit\u00e9 applicables et travaillons pour vous aider \u00e0 diffuser votre message marketing aupr\u00e8s des clients conform\u00e9ment au RGPD. <\/p>\n\n\n\n<p>Veuillez consulter notre section sur <a href=\"https:\/\/extu.com\/fr_ca\/mentions-legales\/le-rgpd-et-les-partenaires\/\">les obligations RGPD pour les partenaires<\/a> pour plus d&rsquo;informations.<\/p>\n\n<\/div><\/div>\n<\/div>\n\n<div class=\"gb-container gb-container-64bd034b gb-accordion__item\" data-transition=\"slide\">\n\n<button class=\"gb-button gb-button-20831c2f gb-accordion__toggle\"><span class=\"gb-button-text\">Quelles sont les mesures de s\u00e9curit\u00e9 mises en place par Extu pour prot\u00e9ger les donn\u00e9es?<\/span><span class=\"gb-icon\"><svg xmlns=\"http:\/\/www.w3.org\/2000\/svg\" viewBox=\"0 0 448 512\" width=\"1em\" height=\"1em\" ariahidden=\"true\" role=\"img\" class=\"gb-accordion__icon\"><path d=\"M207.029 381.476L12.686 187.132c-9.373-9.373-9.373-24.569 0-33.941l22.667-22.667c9.357-9.357 24.522-9.375 33.901-.04L224 284.505l154.745-154.021c9.379-9.335 24.544-9.317 33.901.04l22.667 22.667c9.373 9.373 9.373 24.569 0 33.941L240.971 381.476c-9.373 9.372-24.569 9.372-33.942 0z\" fill=\"currentColor\"><\/path><\/svg><svg xmlns=\"http:\/\/www.w3.org\/2000\/svg\" viewBox=\"0 0 448 512\" width=\"1em\" height=\"1em\" ariahidden=\"true\" role=\"img\" class=\"gb-accordion__icon-open\"><path d=\"M240.971 130.524l194.343 194.343c9.373 9.373 9.373 24.569 0 33.941l-22.667 22.667c-9.357 9.357-24.522 9.375-33.901.04L224 227.495 69.255 381.516c-9.379 9.335-24.544 9.317-33.901-.04l-22.667-22.667c-9.373-9.373-9.373-24.569 0-33.941L207.03 130.525c9.372-9.373 24.568-9.373 33.941-.001z\" fill=\"currentColor\"><\/path><\/svg><\/span><\/button>\n\n\n<div class=\"gb-accordion__content\"><div class=\"gb-container gb-container-41a5d2f2\">\n\n<p>Nous avons mis en place des mesures techniques et des proc\u00e9dures organisationnelles pour prot\u00e9ger la s\u00e9curit\u00e9 et la confidentialit\u00e9 des informations personnelles. Voici quelques-unes de ces mesures : <\/p>\n\n\n\n<ul class=\"wp-block-list\">\n<li><strong>Protection du r\u00e9seau : <\/strong> Nous avons mis en place plusieurs couches de contr\u00f4les de s\u00e9curit\u00e9 pour prot\u00e9ger l&rsquo;acc\u00e8s \u00e0 notre environnement, notamment des pare-feux, des syst\u00e8mes de protection contre les intrusions et une segmentation du r\u00e9seau. Nous faisons appel \u00e0 des experts en s\u00e9curit\u00e9 des donn\u00e9es de mani\u00e8re r\u00e9guli\u00e8re et tirons parti de leur expertise pour prot\u00e9ger nos syst\u00e8mes. <\/li>\n\n\n\n<li><strong>Cryptage des donn\u00e9es :<\/strong> Nous cryptons toutes les donn\u00e9es \u00e9chang\u00e9es entre vous, vos abonn\u00e9s et Extu en utilisant le protocole TLS (Transport Layer Security) conforme aux normes de l&rsquo;industrie.<\/li>\n\n\n\n<li><strong>Centres de donn\u00e9es s\u00e9curis\u00e9s :<\/strong> Nos serveurs sont situ\u00e9s dans des installations d&rsquo;h\u00e9bergement de qualit\u00e9 professionnelle qui appliquent des contr\u00f4les de s\u00e9curit\u00e9 physique robustes. Extu maintient des r\u00e9pliques de donn\u00e9es g\u00e9ographiquement s\u00e9par\u00e9es et des environnements d&rsquo;h\u00e9bergement pour minimiser les risques de perte de donn\u00e9es ou d&rsquo;interruptions de service. <\/li>\n\n\n\n<li><strong>Politiques et contr\u00f4les internes :<\/strong> Nous avons mis en place des politiques de protection des donn\u00e9es et des politiques de s\u00e9curit\u00e9 informatique \u00e9tendues, ainsi que des audits r\u00e9guliers des syst\u00e8mes et des contr\u00f4les.<\/li>\n<\/ul>\n\n<\/div><\/div>\n<\/div>\n<\/div>\n<\/div>\n<\/div>\n\n<div class=\"gb-container gb-container-6e0523e1 gb-container-default\">\n<div class=\"gb-container gb-container-542ab6fd gb-container-inner\">\n\n<p><em>Ce mat\u00e9riel est fourni \u00e0 titre d&rsquo;information g\u00e9n\u00e9rale et n&rsquo;a pas pour but de fournir des conseils juridiques. Pour comprendre pleinement l&rsquo;impact du RGPD sur vos activit\u00e9s de traitement des donn\u00e9es, veuillez consulter un professionnel du droit et\/ou de la confidentialit\u00e9 ind\u00e9pendant. <\/em><\/p>\n\n<\/div>\n<\/div>","protected":false},"excerpt":{"rendered":"<p>Qu&rsquo;a fait Extu pour se conformer au RGPD? Extu s&rsquo;engage \u00e0 \u00eatre un gardien responsable des informations personnelles &hellip;<\/p>\n","protected":false},"author":4,"featured_media":0,"parent":130269,"menu_order":0,"comment_status":"closed","ping_status":"closed","template":"","meta":{"_acf_changed":false,"_eb_attr":"","footnotes":""},"class_list":["post-130436","page","type-page","status-publish"],"acf":{"footer_box_text":"<h2 data-pm-slice=\"1 1 []\">Partnering With Us = Higher Returns for You<\/h2>","footer_form_text":"Channel Growth Looks Good On You","footer_form":""},"_links":{"self":[{"href":"https:\/\/extu.com\/fr_ca\/wp-json\/wp\/v2\/pages\/130436","targetHints":{"allow":["GET"]}}],"collection":[{"href":"https:\/\/extu.com\/fr_ca\/wp-json\/wp\/v2\/pages"}],"about":[{"href":"https:\/\/extu.com\/fr_ca\/wp-json\/wp\/v2\/types\/page"}],"author":[{"embeddable":true,"href":"https:\/\/extu.com\/fr_ca\/wp-json\/wp\/v2\/users\/4"}],"replies":[{"embeddable":true,"href":"https:\/\/extu.com\/fr_ca\/wp-json\/wp\/v2\/comments?post=130436"}],"version-history":[{"count":0,"href":"https:\/\/extu.com\/fr_ca\/wp-json\/wp\/v2\/pages\/130436\/revisions"}],"up":[{"embeddable":true,"href":"https:\/\/extu.com\/fr_ca\/wp-json\/wp\/v2\/pages\/130269"}],"wp:attachment":[{"href":"https:\/\/extu.com\/fr_ca\/wp-json\/wp\/v2\/media?parent=130436"}],"curies":[{"name":"wp","href":"https:\/\/api.w.org\/{rel}","templated":true}]}}