{"id":130433,"date":"2023-08-10T18:15:26","date_gmt":"2023-08-10T18:15:26","guid":{"rendered":"https:\/\/extu.com\/mentions-legales\/centre-de-confiance-gdpr\/"},"modified":"2025-02-18T16:12:10","modified_gmt":"2025-02-18T16:12:10","slug":"centre-de-confiance-gdpr","status":"publish","type":"page","link":"https:\/\/extu.com\/fr_ca\/mentions-legales\/centre-de-confiance-gdpr\/","title":{"rendered":"Centre de confiance RGPD"},"content":{"rendered":"<div class=\"gb-container gb-container-b18ab946 gb-container-default\">\n<div class=\"gb-container gb-container-5d0439a9 gb-container-inner\">\n<div class=\"gb-grid-wrapper gb-grid-wrapper-209d1e03\">\n<div class=\"gb-grid-column gb-grid-column-22a1eb65\"><div class=\"gb-container gb-container-22a1eb65\">\n\n<h1 class=\"gb-headline gb-headline-aa84e7da gb-headline-text\">Centre de confiance RGPD<\/h1>\n\n<\/div><\/div>\n<\/div>\n<\/div>\n<\/div><div class=\"gb-container gb-container-638790bd gb-container-default\">\n<div class=\"gb-container gb-container-fcd868d2 gb-container-inner\">\n\n<p>En tant que fournisseur de services de marketing num\u00e9rique, Extu s&rsquo;engage \u00e0 collaborer \u00e9troitement avec nos partenaires pour les aider \u00e0 respecter leurs obligations en vertu du R\u00e8glement G\u00e9n\u00e9ral sur la Protection des Donn\u00e9es (RGPD) de l&rsquo;Union Europ\u00e9enne et de la l\u00e9gislation locale de mise en \u0153uvre. Nous avons \u00e9labor\u00e9 ce guide pour vous aider \u00e0 comprendre vos responsabilit\u00e9s en mati\u00e8re de RGPD et expliquer comment Extu vous soutient \u00e0 travers ses propres efforts de conformit\u00e9 au RGPD. <\/p>\n\n\n<div class=\"gb-grid-wrapper gb-grid-wrapper-eccdd1c8\">\n<div class=\"gb-grid-column gb-grid-column-9147cf97\"><div class=\"gb-container gb-container-9147cf97\"><\/div><\/div>\n<\/div>\n\n<div class=\"gb-grid-wrapper gb-grid-wrapper-9d478778\">\n<div class=\"gb-grid-column gb-grid-column-84aa4f5b\"><div class=\"gb-container gb-container-84aa4f5b\">\n\n<p class=\"gb-headline gb-headline-fec0a191 gb-headline-text\"><a href=\"https:\/\/extu.com\/fr_ca\/mentions-legales\/le-rgpd-explique\/\">Le RGPD expliqu\u00e9<\/a><\/p>\n\n\n\n<p class=\"gb-headline gb-headline-b9779c9c gb-headline-text\">Offrez aux participants une exp\u00e9rience de r\u00e9compense d\u00e9licieuse de A \u00e0 Z, sans lever le moindre petit doigt.<\/p>\n\n<\/div><\/div>\n\n<div class=\"gb-grid-column gb-grid-column-906ff3e7\"><div class=\"gb-container gb-container-906ff3e7 by-md-0\">\n\n<p class=\"gb-headline gb-headline-12ad1c88 gb-headline-text\"><a href=\"https:\/\/extu.com\/fr_ca\/mentions-legales\/rgpd-et-extu\/\" data-type=\"page\" data-id=\"117095\">RGPD et Extu<\/a><\/p>\n\n\n\n<p class=\"gb-headline gb-headline-a3303339 gb-headline-text\">Acc\u00e9dez \u00e0 un contenu multim\u00e9dia de haute qualit\u00e9, enti\u00e8rement emball\u00e9, comprenant des r\u00e9flexions de pointe et les derni\u00e8res actualit\u00e9s de l&rsquo;industrie.<\/p>\n\n<\/div><\/div>\n\n<div class=\"gb-grid-column gb-grid-column-5eec28f3\"><div class=\"gb-container gb-container-5eec28f3\">\n\n<p class=\"gb-headline gb-headline-97d9727a gb-headline-text\"><a href=\"https:\/\/extu.com\/fr_ca\/mentions-legales\/le-rgpd-et-les-partenaires\/\"><\/a><a href=\"https:\/\/extu.com\/fr_ca\/mentions-legales\/le-rgpd-et-les-partenaires\/\" data-type=\"page\" data-id=\"117111\">Le RGPD et les Partenaires<\/a><\/p>\n\n\n\n<p class=\"gb-headline gb-headline-9f328ec6 gb-headline-text\">Trouvez l&rsquo;\u00e9quilibre parfait entre des exp\u00e9riences m\u00e9morables et le succ\u00e8s commercial, en atteignant vos objectifs avec brio.<\/p>\n\n<\/div><\/div>\n<\/div>\n<\/div>\n<\/div><div class=\"gb-container gb-container-c9581eeb gb-container-default\">\n<div class=\"gb-container gb-container-3fc8b47d gb-container-inner\">\n\n<p><em>Ce mat\u00e9riel est fourni \u00e0 titre d&rsquo;information g\u00e9n\u00e9rale et n&rsquo;a pas vocation \u00e0 fournir des conseils juridiques. Pour comprendre pleinement l&rsquo;impact du RGPD sur l&rsquo;une de vos activit\u00e9s de traitement des donn\u00e9es, veuillez consulter un professionnel ind\u00e9pendant du droit et\/ou de la confidentialit\u00e9. <\/em><\/p>\n\n<\/div>\n<\/div>","protected":false},"excerpt":{"rendered":"<p>En tant que fournisseur de services de marketing num\u00e9rique, Extu s&rsquo;engage \u00e0 collaborer \u00e9troitement avec nos partenaires pour &hellip;<\/p>\n","protected":false},"author":4,"featured_media":0,"parent":130269,"menu_order":0,"comment_status":"closed","ping_status":"closed","template":"","meta":{"_acf_changed":false,"_eb_attr":"","footnotes":""},"class_list":["post-130433","page","type-page","status-publish"],"acf":{"footer_box_text":"<h2 data-pm-slice=\"1 1 []\">Partnering With Us = Higher Returns for You<\/h2>","footer_form_text":"Channel Growth Looks Good On You","footer_form":""},"_links":{"self":[{"href":"https:\/\/extu.com\/fr_ca\/wp-json\/wp\/v2\/pages\/130433","targetHints":{"allow":["GET"]}}],"collection":[{"href":"https:\/\/extu.com\/fr_ca\/wp-json\/wp\/v2\/pages"}],"about":[{"href":"https:\/\/extu.com\/fr_ca\/wp-json\/wp\/v2\/types\/page"}],"author":[{"embeddable":true,"href":"https:\/\/extu.com\/fr_ca\/wp-json\/wp\/v2\/users\/4"}],"replies":[{"embeddable":true,"href":"https:\/\/extu.com\/fr_ca\/wp-json\/wp\/v2\/comments?post=130433"}],"version-history":[{"count":0,"href":"https:\/\/extu.com\/fr_ca\/wp-json\/wp\/v2\/pages\/130433\/revisions"}],"up":[{"embeddable":true,"href":"https:\/\/extu.com\/fr_ca\/wp-json\/wp\/v2\/pages\/130269"}],"wp:attachment":[{"href":"https:\/\/extu.com\/fr_ca\/wp-json\/wp\/v2\/media?parent=130433"}],"curies":[{"name":"wp","href":"https:\/\/api.w.org\/{rel}","templated":true}]}}