{"id":130423,"date":"2024-01-05T17:45:48","date_gmt":"2024-01-05T17:45:48","guid":{"rendered":"https:\/\/extu.com\/mentions-legales\/ethique\/"},"modified":"2024-05-15T00:34:33","modified_gmt":"2024-05-15T00:34:33","slug":"ethique","status":"publish","type":"page","link":"https:\/\/extu.com\/fr_ca\/mentions-legales\/ethique\/","title":{"rendered":"\u00c9thique"},"content":{"rendered":"<div class=\"gb-container gb-container-4cff618d gb-container-default\">\n<div class=\"gb-container gb-container-c99d16b8 gb-container-inner\">\n\n<h1 class=\"gb-headline gb-headline-a34b3b00 gb-headline-text\">Portail de d\u00e9claration d&rsquo;\u00e9thique et de conformit\u00e9 d&rsquo;Extu<\/h1>\n\n<\/div>\n<\/div>\n\n<div class=\"gb-container gb-container-0369e52c gb-container-default\">\n<div class=\"gb-container gb-container-006b7185 gb-container-inner\">\n\n<p><br>Chez Extu, nous nous engageons fermement \u00e0 maintenir les plus hautes normes d&rsquo;int\u00e9grit\u00e9 et de professionnalisme dans toutes nos activit\u00e9s. Nous sommes conscients qu&rsquo;un environnement de travail \u00e9thique est bien plus qu&rsquo;une simple exigence ; il constitue le socle de la confiance et du respect que nous entretenons avec nos employ\u00e9s, nos clients et nos partenaires. <\/p>\n\n\n\n<h3 class=\"gb-headline gb-headline-18eadb67 gb-headline-text\">Votre voix compte<\/h3>\n\n\n\n<p>Nous croyons fermement que chaque voix est cruciale pour fa\u00e7onner un environnement de travail positif et \u00e9thique. C&rsquo;est pourquoi nous vous encourageons \u00e0 partager toute pr\u00e9occupation ou plainte que vous pourriez avoir concernant l&rsquo;\u00e9thique, la conformit\u00e9 ou les pratiques de l&rsquo;entreprise. Qu&rsquo;il s&rsquo;agisse d&rsquo;une simple question ou d&rsquo;une pr\u00e9occupation majeure, votre contribution est inestimable pour nous aider \u00e0 maintenir notre engagement envers l&rsquo;excellence \u00e9thique.  <\/p>\n\n\n\n<h3 class=\"gb-headline gb-headline-6a4c0cb4 gb-headline-text\">Anonymat et confidentialit\u00e9 absolus<\/h3>\n\n\n\n<p>Nous vous assurons que toutes vos soumissions seront trait\u00e9es avec la plus grande confidentialit\u00e9. Vous avez la possibilit\u00e9 de signaler de mani\u00e8re anonyme, garantissant ainsi la protection de votre identit\u00e9. Notre syst\u00e8me de signalement anonyme est con\u00e7u pour vous offrir un sentiment de s\u00e9curit\u00e9 et de soutien, vous permettant d&rsquo;exprimer vos pr\u00e9occupations sans craindre de repr\u00e9sailles. Si vous souhaitez \u00eatre contact\u00e9, veuillez inclure vos coordonn\u00e9es dans la zone de commentaires. Sinon, vous pouvez omettre toute information permettant de vous identifier dans votre soumission.    <\/p>\n\n\n<div class=\"gb-grid-wrapper gb-grid-wrapper-0ef983d8\">\n<div class=\"gb-grid-column gb-grid-column-2b38ed27\"><div class=\"gb-container gb-container-2b38ed27\">\n\n<h3 class=\"gb-headline gb-headline-ef077ec7 gb-headline-text\">Comment signaler<\/h3>\n\n\n\n<p>Signaler une pr\u00e9occupation ou une plainte \u00e9thique est simple. Il vous suffit de remplir le formulaire sur cette page. Vous pouvez inclure autant ou aussi peu de d\u00e9tails que vous le souhaitez. Que vous choisissiez de rester anonyme ou non, nous traiterons votre soumission avec le m\u00eame respect, attention et urgence.   <\/p>\n\n\n\n<h3 class=\"gb-headline gb-headline-f82efa78 gb-headline-text\">Notre engagement envers vous<\/h3>\n\n\n\n<p>Chez Extu, nous nous engageons \u00e0 examiner rapidement et en profondeur chaque pr\u00e9occupation. Nous sommes r\u00e9solus \u00e0 encourager une culture de transparence et de responsabilit\u00e9. Vos id\u00e9es sont pr\u00e9cieuses pour nous aider \u00e0 maintenir les normes \u00e9thiques les plus \u00e9lev\u00e9es et \u00e0 cr\u00e9er un environnement de travail dont nous pouvons tous \u00eatre fiers.  <\/p>\n\n\n\n<p>Nous vous remercions d&rsquo;avoir pris le temps de nous aider \u00e0 faire d&rsquo;Extu un lieu meilleur pour tous. Votre courage et votre engagement envers l&rsquo;int\u00e9grit\u00e9 sont hautement appr\u00e9ci\u00e9s. <\/p>\n\n\n\n<p>Ensemble, cultivons une culture d&rsquo;honn\u00eatet\u00e9, de respect et d&rsquo;excellence \u00e9thique chez Extu.<\/p>\n\n<\/div><\/div>\n\n<div class=\"gb-grid-column gb-grid-column-e9c4431f\"><div class=\"gb-container gb-container-e9c4431f\">\n\n<h4 class=\"gb-headline gb-headline-d485bae0 gb-headline-text\">Signaler un probl\u00e8me<\/h4>\n\n\n<style id=\"wpforms-css-vars-130426-block-70298dca-b44c-44b9-acfe-491861450dce\">\n\t\t\t\t#wpforms-130426.wpforms-block-70298dca-b44c-44b9-acfe-491861450dce {\n\t\t\t\t--wpforms-label-color: var(--contrast);\n--wpforms-label-sublabel-color: var(--contrast-2);\n--wpforms-label-error-color: var(--contrast);\n--wpforms-button-border-radius: 5px;\n--wpforms-button-background-color: var(--contrast);\n--wpforms-button-text-color: var(--base-2);\n\t\t\t}\n\t\t\t<\/style><div class=\"wpforms-container wpforms-container-full wpforms-block wpforms-block-70298dca-b44c-44b9-acfe-491861450dce wpforms-render-modern\" id=\"wpforms-130426\"><form id=\"wpforms-form-130426\" class=\"wpforms-validate wpforms-form wpforms-ajax-form\" data-formid=\"130426\" data-form-name=\"Ethics Form fr-CA\" method=\"post\" enctype=\"multipart\/form-data\" action=\"\/fr_ca\/wp-json\/wp\/v2\/pages\/130423\" data-token=\"26b2adaca527078a4cfb9d317ad22a1c\" data-token-time=\"1775761896\"><noscript class=\"wpforms-error-noscript\">Please enable JavaScript in your browser to complete this form.<\/noscript><div id=\"wpforms-error-noscript\" style=\"display: none;\">Please enable JavaScript in your browser to complete this form.<\/div><div class=\"wpforms-field-container\"><div id=\"wpforms-130426-field_1-container\" class=\"wpforms-field wpforms-field-email\" data-field-id=\"1\"><label class=\"wpforms-field-label\" for=\"wpforms-130426-field_1\">E-mail :<\/label><input type=\"email\" id=\"wpforms-130426-field_1\" class=\"wpforms-field-medium\" name=\"wpforms[fields][1]\" spellcheck=\"false\" aria-errormessage=\"wpforms-130426-field_1-error\" aria-describedby=\"wpforms-130426-field_1-description\" ><div id=\"wpforms-130426-field_1-description\" class=\"wpforms-field-description\">Laisser en blanc pour rester anonyme<\/div><\/div><div id=\"wpforms-130426-field_3-container\" class=\"wpforms-field wpforms-field-text\" data-field-id=\"3\"><label class=\"wpforms-field-label\" for=\"wpforms-130426-field_3\">R\u00e9sum\u00e9 du probl\u00e8me ou de la pr\u00e9occupation :  <span class=\"wpforms-required-label\" aria-hidden=\"true\">*<\/span><\/label><input type=\"text\" id=\"wpforms-130426-field_3\" class=\"wpforms-field-medium wpforms-field-required\" name=\"wpforms[fields][3]\" aria-errormessage=\"wpforms-130426-field_3-error\" required><\/div><div id=\"wpforms-130426-field_2-container\" class=\"wpforms-field wpforms-field-textarea\" data-field-id=\"2\"><label class=\"wpforms-field-label\" for=\"wpforms-130426-field_2\">D\u00e9tail du probl\u00e8me ou de la pr\u00e9occupation :  <span class=\"wpforms-required-label\" aria-hidden=\"true\">*<\/span><\/label><textarea id=\"wpforms-130426-field_2\" class=\"wpforms-field-medium wpforms-field-required\" name=\"wpforms[fields][2]\" aria-errormessage=\"wpforms-130426-field_2-error\" required><\/textarea><\/div><\/div><!-- .wpforms-field-container --><div class=\"wpforms-recaptcha-container wpforms-is-turnstile\" ><div class=\"wpforms-turnstile\" data-sitekey=\"0x4AAAAAAAPi5flkWrHI0UNL\" data-action=\"FormID-130426\"><\/div><input type=\"text\" name=\"g-recaptcha-hidden\" class=\"wpforms-recaptcha-hidden\" style=\"position:absolute!important;clip:rect(0,0,0,0)!important;height:1px!important;width:1px!important;border:0!important;overflow:hidden!important;padding:0!important;margin:0!important;\" data-rule-turnstile=\"1\"><\/div><div class=\"wpforms-submit-container\" ><input type=\"hidden\" name=\"wpforms[id]\" value=\"130426\"><input type=\"hidden\" name=\"page_title\" value=\"\"><input type=\"hidden\" name=\"page_url\" value=\"https:\/\/extu.com\/fr_ca\/wp-json\/wp\/v2\/pages\/130423\"><input type=\"hidden\" name=\"url_referer\" value=\"\"><button type=\"submit\" name=\"wpforms[submit]\" id=\"wpforms-submit-130426\" class=\"wpforms-submit gb-button\" data-alt-text=\"Envoi...\" data-submit-text=\"Soumettre\" aria-live=\"assertive\" value=\"wpforms-submit\">Soumettre<\/button><img loading=\"lazy\" decoding=\"async\" src=\"https:\/\/extu.com\/wp-content\/plugins\/wpforms\/assets\/images\/submit-spin.svg\" class=\"wpforms-submit-spinner\" style=\"display: none;\" width=\"26\" height=\"26\" alt=\"Loading\"><\/div><\/form><\/div>  <!-- .wpforms-container -->\n<\/div><\/div>\n<\/div>\n<\/div>\n<\/div>","protected":false},"excerpt":{"rendered":"<p>Portail de d\u00e9claration d&rsquo;\u00e9thique et de conformit\u00e9 d&rsquo;Extu Chez Extu, nous nous engageons fermement \u00e0 maintenir les plus &hellip;<\/p>\n","protected":false},"author":4,"featured_media":0,"parent":130269,"menu_order":0,"comment_status":"closed","ping_status":"closed","template":"","meta":{"_acf_changed":false,"_eb_attr":"","footnotes":""},"class_list":["post-130423","page","type-page","status-publish"],"acf":{"footer_box_text":"<h2 data-pm-slice=\"1 1 []\">Partnering With Us = Higher Returns for You<\/h2>","footer_form_text":"Channel Growth Looks Good On You","footer_form":""},"_links":{"self":[{"href":"https:\/\/extu.com\/fr_ca\/wp-json\/wp\/v2\/pages\/130423","targetHints":{"allow":["GET"]}}],"collection":[{"href":"https:\/\/extu.com\/fr_ca\/wp-json\/wp\/v2\/pages"}],"about":[{"href":"https:\/\/extu.com\/fr_ca\/wp-json\/wp\/v2\/types\/page"}],"author":[{"embeddable":true,"href":"https:\/\/extu.com\/fr_ca\/wp-json\/wp\/v2\/users\/4"}],"replies":[{"embeddable":true,"href":"https:\/\/extu.com\/fr_ca\/wp-json\/wp\/v2\/comments?post=130423"}],"version-history":[{"count":0,"href":"https:\/\/extu.com\/fr_ca\/wp-json\/wp\/v2\/pages\/130423\/revisions"}],"up":[{"embeddable":true,"href":"https:\/\/extu.com\/fr_ca\/wp-json\/wp\/v2\/pages\/130269"}],"wp:attachment":[{"href":"https:\/\/extu.com\/fr_ca\/wp-json\/wp\/v2\/media?parent=130423"}],"curies":[{"name":"wp","href":"https:\/\/api.w.org\/{rel}","templated":true}]}}