{"id":130413,"date":"2023-08-09T18:16:58","date_gmt":"2023-08-09T18:16:58","guid":{"rendered":"https:\/\/extu.com\/mentions-legales\/politique-de-cookies\/"},"modified":"2024-05-17T13:10:25","modified_gmt":"2024-05-17T13:10:25","slug":"politique-de-cookies","status":"publish","type":"page","link":"https:\/\/extu.com\/fr_ca\/mentions-legales\/politique-de-cookies\/","title":{"rendered":"Politique de cookies"},"content":{"rendered":"\n<p>Date d&rsquo;entr\u00e9e en vigueur : 23 d\u00e9cembre 2022<\/p>\n\n\n\n<p>Lorsque vous acc\u00e9dez \u00e0 nos sites web, utilisez nos applications mobiles, interagissez avec nos supports marketing, annonces en ligne ou e-mails (ou les e-mails que nous envoyons pour nos clients), nous recueillons des informations \u00e0 l&rsquo;aide de technologies telles que les cookies, les balises pixel (aussi appel\u00e9es balises web), les outils d&rsquo;analyse de navigateur et les journaux de serveur. Chacune de ces technologies est expliqu\u00e9e ci-dessous.<\/p>\n\n\n\n<h4 class=\"wp-block-heading\">a. Pourquoi nous utilisons des cookies<\/h4>\n\n\n\n<p>Les donn\u00e9es que nous collectons \u00e0 l&rsquo;aide de cookies et d&rsquo;autres outils servent \u00e0 diverses fins.<\/p>\n\n\n\n<ul class=\"wp-block-list\">\n<li><strong>Les cookies et balises strictement<\/strong> n\u00e9cessaires sont utilis\u00e9s par Extu pour faire fonctionner nos sites web et nos applications. Ils activent des fonctions de base telles que l&rsquo;authentification, la s\u00e9curit\u00e9, la gestion du r\u00e9seau et l&rsquo;accessibilit\u00e9. Vous pouvez d\u00e9sactiver ces cookies en modifiant les param\u00e8tres de votre navigateur, mais cela peut affecter le fonctionnement du site web.  <\/li>\n\n\n\n<li><strong>Les cookies et balises de performance<\/strong> et d&rsquo;analyse sont utilis\u00e9s par nous et nos fournisseurs de services pour g\u00e9rer nos sites web. Cela peut inclure la collecte de cookies analytiques sur les visiteurs de notre site web et la collecte d&rsquo;informations sur l&rsquo;utilisation du site web. Nous utilisons ces informations pour compiler des rapports et nous aider \u00e0 am\u00e9liorer le site web. Ces cookies nous aident \u00e0 recueillir des donn\u00e9es pour optimiser les performances de notre site web.    <em>Nous n&rsquo;utilisons pas les donn\u00e9es collect\u00e9es par ces cookies \u00e0 des fins de marketing cibl\u00e9.<\/em><\/li>\n\n\n\n<li><strong>Les cookies et balises d&rsquo;exp\u00e9rience sur le site<\/strong> sont utilis\u00e9s pour soutenir votre exp\u00e9rience et incluent des options s\u00e9lectionn\u00e9es par l&rsquo;utilisateur et des aides \u00e0 la navigation sur le site. Ces cookies offrent une fonctionnalit\u00e9 am\u00e9lior\u00e9e et une personnalisation sur nos sites. Si vous n&rsquo;autorisez pas ces cookies, certains services sur nos sites web peuvent ne pas fonctionner correctement.  <\/li>\n\n\n\n<li><strong>Les cookies et balises de marketing et de personnalisation<\/strong> sont utilis\u00e9s pour faciliter le partage sur les r\u00e9seaux sociaux et pour vous pr\u00e9senter des annonces bas\u00e9es sur vos centres d&rsquo;int\u00e9r\u00eat en ligne. <\/li>\n<\/ul>\n\n\n\n<ul class=\"wp-block-list\">\n<li><strong>Les cookies et balises des r\u00e9seaux sociaux<\/strong> sont utilis\u00e9s par nous et les plateformes de m\u00e9dias sociaux (telles que Facebook) pour permettre aux utilisateurs des plateformes de partager du contenu sur nos sites. Nous collaborons \u00e9galement avec des plateformes de m\u00e9dias sociaux, telles que Facebook et Instagram, pour diffuser des annonces lorsque vous utilisez ces plateformes. Ce ciblage est effectu\u00e9 par la plateforme conform\u00e9ment \u00e0 ses propres conditions d&rsquo;utilisation.  <\/li>\n<\/ul>\n\n\n\n<ul class=\"wp-block-list\">\n<li><strong>Les cookies et balises publicitaires<\/strong> sont utilis\u00e9s par nous, nos fournisseurs de services et des tiers pour personnaliser les annonces diffus\u00e9es sur notre site et sur d&rsquo;autres sites. Ces cookies collectent des donn\u00e9es sur votre activit\u00e9 en ligne et permettent l&rsquo;affichage d&rsquo;annonces susceptibles de vous int\u00e9resser. Ils enregistrent \u00e9galement les annonces que vous avez vues et si vous avez interagi avec celles-ci. Ces cookies assurent que les annonces que vous voyez sont pertinentes et non r\u00e9p\u00e9titives.   <\/li>\n<\/ul>\n\n\n\n<p>Bien que nous ne fournissions aucune information personnellement identifiable aux soci\u00e9t\u00e9s de publicit\u00e9 tierces, nous pouvons placer des cookies et des tags pour elles lorsque vous visitez un site web Extu. Cela permet \u00e0 ces tiers de collecter des informations vous concernant en utilisant ces technologies sur nos sites web. Les informations qu&rsquo;ils collectent sont soumises \u00e0 leurs propres avis de confidentialit\u00e9.  <\/p>\n\n\n\n<h3 class=\"wp-block-heading\">b. Vos Choix<\/h3>\n\n\n\n<ul class=\"wp-block-list\">\n<li>Vous avez la possibilit\u00e9 de g\u00e9rer et de supprimer les cookies provenant de Extu et d&rsquo;autres entreprises en utilisant les param\u00e8tres de votre navigateur. Des navigateurs tels que Chrome, Internet Explorer, Microsoft Edge, Firefox et Safari vous permettent d&rsquo;accepter, de refuser ou de supprimer les cookies. Consultez le \u00ab\u00a0centre d&rsquo;aide\u00a0\u00bb de votre navigateur pour obtenir de plus amples informations.  <\/li>\n\n\n\n<li>Vous pouvez \u00e9galement b\u00e9n\u00e9ficier des programmes de l&rsquo;industrie qui vous permettent de contr\u00f4ler la mani\u00e8re dont les entreprises vous adressent des publicit\u00e9s.<\/li>\n<\/ul>\n\n\n\n<ul class=\"wp-block-list\">\n<li>L&rsquo;Initiative de la publicit\u00e9 sur le r\u00e9seau (NAI) g\u00e8re un programme de d\u00e9sinscription pour de nombreuses entreprises de publicit\u00e9 tierces. Vous pouvez choisir de ne pas \u00eatre cibl\u00e9 par les membres de la NAI en visitant <a href=\"https:\/\/optout.networkadvertising.org\/\" target=\"_blank\" rel=\"noopener\">https:\/\/optout.networkadvertising.org\/<\/a>. <\/li>\n\n\n\n<li>Sur certains sites web, vous pouvez voir une ic\u00f4ne AdChoices, qui peut appara\u00eetre sur certaines annonces cibl\u00e9es. Vous pouvez cliquer sur cette ic\u00f4ne AdChoices pour obtenir plus d&rsquo;informations sur la collecte et l&rsquo;utilisation de vos informations, ou pour choisir de ne pas participer \u00e0 cette collecte \u00e0 l&rsquo;avenir. Pour en savoir plus sur l&rsquo;outil de choix du consommateur de la Digital Advertising Alliance, veuillez visiter <a href=\"http:\/\/optout.aboutads.info\/\" target=\"_blank\" rel=\"noopener\">http:\/\/optout.aboutads.info<\/a>.   <\/li>\n\n\n\n<li>Des options suppl\u00e9mentaires sont propos\u00e9es par :<br><strong>Google<\/strong>: Pour plus d\u2019informations sur la mani\u00e8re dont Google Analytics utilise les donn\u00e9es, veuillez consulter la page \u201cComment Google utilise les donn\u00e9es lorsque vous utilisez les sites ou applications de nos partenaires\u201d, disponible \u00e0 l\u2019adresse suivante : <a href=\"https:\/\/www.google.com\/policies\/privacy\/partners\" target=\"_blank\" rel=\"noopener\">https:\/\/www.google.com\/policies\/privacy\/partners<\/a>.<\/li>\n<\/ul>\n\n\n\n<p>Dans la plupart des cas, les choix que vous faites sont li\u00e9s \u00e0 votre navigateur. Si vous utilisez diff\u00e9rents navigateurs ou diff\u00e9rents appareils, vous devrez d\u00e9finir vos pr\u00e9f\u00e9rences sur chacun d&rsquo;entre eux. M\u00eame si vous choisissez de ne pas participer, vous pouvez toujours recevoir des annonces qui ne sont pas personnalis\u00e9es pour vous.  <\/p>\n\n\n\n<p>Bien que nos sites Web ne disposent actuellement pas d&rsquo;un m\u00e9canisme pour reconna\u00eetre les diff\u00e9rents signaux de navigation Ne Pas Suivre, nous offrons \u00e0 nos clients des options pour g\u00e9rer leurs pr\u00e9f\u00e9rences en mati\u00e8re de cookies, comme d\u00e9crit dans la section pr\u00e9c\u00e9dente. Pour en savoir plus sur les signaux de suivi des navigateurs et Ne Pas Suivre, veuillez visiter <a href=\"http:\/\/www.allaboutdnt.org\/\" target=\"_blank\" rel=\"noopener\">www.allaboutdnt.org<\/a>.<\/p>\n\n\n\n<h3 class=\"wp-block-heading\">c. R\u00e9seaux sociaux et autres plateformes <\/h3>\n\n\n\n<p>Nos sites web offrent la possibilit\u00e9 d&rsquo;interagir avec nous et d&rsquo;autres utilisateurs via diverses plateformes de m\u00e9dias sociaux, telles que Facebook, Twitter, LinkedIn et Instagram. Cette fonctionnalit\u00e9 est activ\u00e9e gr\u00e2ce \u00e0 l&rsquo;utilisation de cookies et de balises de m\u00e9dias sociaux. Par exemple, certains sites web d&rsquo;Extu vous permettent de vous connecter en utilisant vos identifiants de m\u00e9dias sociaux. Nous vous invitons \u00e0 consulter les d\u00e9clarations de confidentialit\u00e9 fournies par vos plateformes de m\u00e9dias sociaux afin de comprendre comment elles traitent vos informations et de g\u00e9rer vos pr\u00e9f\u00e9rences.   <\/p>\n\n\n\n<p>Nous sommes susceptibles de vous pr\u00e9senter des annonces en fonction de vos centres d&rsquo;int\u00e9r\u00eat lorsque vous utilisez des plateformes telles que Facebook et Google. Ces plateformes nous permettent de personnaliser les annonces que nous diffusons. Pour ce faire, nous transformons votre adresse e-mail en un identifiant unique. Les plateformes utilisent \u00e9galement ce processus pour convertir les adresses e-mail de leurs utilisateurs en identifiants uniques, sans qu&rsquo;aucune donn\u00e9e permettant de les identifier directement ne soit \u00e9chang\u00e9e. Ces plateformes agissent en tant que prestataires de services pour Extu et ne conservent ni n&rsquo;utilisent les donn\u00e9es que nous leur envoyons \u00e0 des fins personnelles. Ce processus leur permet de diffuser nos annonces \u00e0 nos clients sur leurs plateformes respectives, tout en leur permettant d&rsquo;obtenir des informations sur les personnes qui interagissent avec nos annonces.       <\/p>\n\n\n\n<h3 class=\"wp-block-heading\">d. Autres types de collecte de donn\u00e9es en ligne <\/h3>\n\n\n\n<p>Nos <strong>journaux de serveur <\/strong>enregistrent des informations sur les utilisateurs de nos sites web. Ces donn\u00e9es peuvent \u00eatre utilis\u00e9es \u00e0 des fins internes telles que l&rsquo;administration, l&rsquo;optimisation et la s\u00e9curit\u00e9 du site. Elles peuvent \u00e9galement \u00eatre utilis\u00e9es pour d\u00e9tecter la fraude, personnaliser l&rsquo;exp\u00e9rience utilisateur et diffuser des annonces publicitaires.<\/p>\n\n\n\n<p>Nous collectons <strong>\u00e9galement des identifiants<\/strong> d&rsquo;appareils et d&rsquo;autres informations li\u00e9es \u00e0 ceux-ci, y compris l&rsquo;identifiant publicitaire de votre appareil si disponible. Ces donn\u00e9es sont utilis\u00e9es pour identifier et authentifier votre appareil, ainsi que pour vous associer \u00e0 diff\u00e9rents appareils que vous utilisez, notamment dans le but de lutter contre la fraude et de mieux cibler les publicit\u00e9s. Dans de nombreux cas, il est possible de r\u00e9initialiser l&rsquo;identifiant publicitaire de votre appareil via les param\u00e8tres de celui-ci, que ce soit sur des appareils Android ou iOS.    <\/p>\n\n\n\n<h3 class=\"wp-block-heading\">e. Guide des cookies et autres technologies <\/h3>\n\n\n\n<ul class=\"wp-block-list\">\n<li><strong>Cookies<\/strong><br>Les cookies constituent de petits fichiers texte que les sites web envoient \u00e0 votre ordinateur ou tout autre appareil connect\u00e9 \u00e0 Internet dans le but d&rsquo;identifier de fa\u00e7on unique votre navigateur ou de stocker des informations et des param\u00e8tres. Ils nous permettent de vous reconna\u00eetre lors de votre retour sur le site et facilitent la fourniture d&rsquo;une exp\u00e9rience personnalis\u00e9e tout en nous aidant \u00e0 d\u00e9tecter divers types de fraude.  <\/li>\n<\/ul>\n\n\n\n<ul class=\"wp-block-list\">\n<li>Cookies de premi\u00e8re partie Ces cookies sont plac\u00e9s par Extu et sont essentiels \u00e0 son fonctionnement. <\/li>\n<\/ul>\n\n\n\n<ul class=\"wp-block-list\">\n<li>Ces cookies sont d\u00e9pos\u00e9s par des tiers, y compris des fournisseurs de services, des plateformes de m\u00e9dias sociaux et des soci\u00e9t\u00e9s de publicit\u00e9 tierces. Ils peuvent \u00eatre lus par ces tiers lorsque vous visitez d&rsquo;autres sites inclus dans le r\u00e9seau publicitaire, ce qui permet de cr\u00e9er un profil de votre comportement en ligne afin de diffuser des annonces cibl\u00e9es. <\/li>\n<\/ul>\n\n\n\n<ul class=\"wp-block-list\">\n<li><strong>Balises pixel et balises web<\/strong><br>Les balises pixel, \u00e9galement connues sous le nom de balises web, sont de petites images graphiques ou de petits blocs de code int\u00e9gr\u00e9s dans les pages web, les annonces ou les e-mails. Elles nous permettent de suivre vos actions sp\u00e9cifiques, comme la consultation d&rsquo;une page web ou l&rsquo;ouverture d&rsquo;un e-mail. Ces outils sont pr\u00e9cieux pour mesurer l&rsquo;engagement avec nos communications et pour am\u00e9liorer nos pages web et nos promotions.  <\/li>\n\n\n\n<li><strong>Journaux de serveur<\/strong><br>Les journaux de serveur enregistrent les activit\u00e9s sur nos sites web, et des types similaires de journaux collectent des donn\u00e9es \u00e0 partir de nos applications. Ils enregistrent des informations sur votre appareil, telles que le syst\u00e8me d&rsquo;exploitation, le navigateur utilis\u00e9, le domaine, ainsi que des param\u00e8tres syst\u00e8me tels que la langue, le pays et le fuseau horaire. De plus, ils conservent l&rsquo;adresse IP de votre appareil, un identifiant unique n\u00e9cessaire \u00e0 l&rsquo;identification et \u00e0 la communication sur Internet. Nous pouvons \u00e9galement collecter des informations sur les sites web visit\u00e9s avant et apr\u00e8s l&rsquo;acc\u00e8s \u00e0 Extu.     <\/li>\n<\/ul>\n","protected":false},"excerpt":{"rendered":"<p>Date d&rsquo;entr\u00e9e en vigueur : 23 d\u00e9cembre 2022 Lorsque vous acc\u00e9dez \u00e0 nos sites web, utilisez nos applications &hellip;<\/p>\n","protected":false},"author":4,"featured_media":0,"parent":130269,"menu_order":0,"comment_status":"closed","ping_status":"closed","template":"","meta":{"_acf_changed":false,"_eb_attr":"","footnotes":""},"class_list":["post-130413","page","type-page","status-publish"],"acf":{"footer_box_text":"<h2 data-pm-slice=\"1 1 []\">Partnering With Us = Higher Returns for You<\/h2>","footer_form_text":"Channel Growth Looks Good On You","footer_form":""},"_links":{"self":[{"href":"https:\/\/extu.com\/fr_ca\/wp-json\/wp\/v2\/pages\/130413","targetHints":{"allow":["GET"]}}],"collection":[{"href":"https:\/\/extu.com\/fr_ca\/wp-json\/wp\/v2\/pages"}],"about":[{"href":"https:\/\/extu.com\/fr_ca\/wp-json\/wp\/v2\/types\/page"}],"author":[{"embeddable":true,"href":"https:\/\/extu.com\/fr_ca\/wp-json\/wp\/v2\/users\/4"}],"replies":[{"embeddable":true,"href":"https:\/\/extu.com\/fr_ca\/wp-json\/wp\/v2\/comments?post=130413"}],"version-history":[{"count":0,"href":"https:\/\/extu.com\/fr_ca\/wp-json\/wp\/v2\/pages\/130413\/revisions"}],"up":[{"embeddable":true,"href":"https:\/\/extu.com\/fr_ca\/wp-json\/wp\/v2\/pages\/130269"}],"wp:attachment":[{"href":"https:\/\/extu.com\/fr_ca\/wp-json\/wp\/v2\/media?parent=130413"}],"curies":[{"name":"wp","href":"https:\/\/api.w.org\/{rel}","templated":true}]}}