{"id":130269,"date":"2025-02-27T19:34:44","date_gmt":"2025-02-27T19:34:44","guid":{"rendered":"https:\/\/extu.com\/mentions-legales\/"},"modified":"2025-08-20T18:10:15","modified_gmt":"2025-08-20T18:10:15","slug":"mentions-legales","status":"publish","type":"page","link":"https:\/\/extu.com\/fr_ca\/mentions-legales\/","title":{"rendered":"Mentions l\u00e9gales"},"content":{"rendered":"<div class=\"gb-container gb-container-b18ab946 gb-container-default\">\n<div class=\"gb-container gb-container-5d0439a9 gb-container-inner\">\n<div class=\"gb-grid-wrapper gb-grid-wrapper-209d1e03\">\n<div class=\"gb-grid-column gb-grid-column-22a1eb65\"><div class=\"gb-container gb-container-22a1eb65\">\n\n<h1 class=\"wp-block-heading\">Informations juridiques<\/h1>\n\n\n\n<p class=\"gb-headline gb-headline-c06d6f66 gb-headline-text\">Avis de confidentialit\u00e9, accords de service et informations sur le RGPD<\/p>\n\n<\/div><\/div>\n<\/div>\n<\/div>\n<\/div>\n\n<div class=\"gb-container gb-container-463aa812 gb-container-default\">\n<div class=\"gb-container gb-container-84c2a964 gb-container-inner\">\n<div class=\"gb-container gb-container-9dd34232 gb-container-inner\">\n<div class=\"gb-grid-wrapper gb-grid-wrapper-a3a33e72\">\n<div class=\"gb-grid-column gb-grid-column-8eff1c0f\"><div class=\"gb-container gb-container-8eff1c0f\">\n<div class=\"gb-container gb-container-6af02a06\">\n\n<h4 class=\"wp-block-heading has-var-contrast-color has-text-color\">Avis de confidentialit\u00e9<\/h4>\n\n\n\n<p class=\"gb-headline gb-headline-6d8513ed gb-headline-text\">Comprendre comment nous traitons les informations personnelles que nous recueillons aupr\u00e8s de vous.<\/p>\n\n\n\n<a class=\"gb-button gb-button-a273ec42 gb-button-text gb-button-dark\" href=\"https:\/\/extu.com\/fr_ca\/mentions-legales\/avis-de-confidentialite-mondial\/\">Dites-m&rsquo;en plus.<\/a>\n\n<\/div>\n<\/div><\/div>\n\n<div class=\"gb-grid-column gb-grid-column-7866f7c3\"><div class=\"gb-container gb-container-7866f7c3\">\n<div class=\"gb-container gb-container-37eaa16b\">\n\n<h4 class=\"gb-headline gb-headline-e13838bf gb-headline-text\">Conditions g\u00e9n\u00e9rales d&rsquo;utilisation<\/h4>\n\n\n\n<p class=\"gb-headline gb-headline-1bede1a4 gb-headline-text\">Lisez les conditions g\u00e9n\u00e9rales pour adh\u00e9rer \u00e0 notre programme.<\/p>\n\n\n\n<a class=\"gb-button gb-button-7e8c29cd gb-button-text gb-button-dark\" href=\"https:\/\/extu.com\/fr_ca\/mentions-legales\/termes-generaux-de-service\/\">Dites-m&rsquo;en plus.<\/a>\n\n<\/div>\n<\/div><\/div>\n\n<div class=\"gb-grid-column gb-grid-column-ffb6fc73\"><div class=\"gb-container gb-container-ffb6fc73\">\n<div class=\"gb-container gb-container-25713b59\">\n\n<h4 class=\"gb-headline gb-headline-0679410e gb-headline-text\">Accord-cadre de services<\/h4>\n\n\n\n<p class=\"gb-headline gb-headline-f974fb1f gb-headline-text\">Notre contrat complet d\u00e9crivant les conditions de service entre les parties.<\/p>\n\n\n\n<p><\/p>\n\n\n\n<a class=\"gb-button gb-button-ccd4d159 gb-button-text gb-button-dark\" href=\"https:\/\/extu.com\/fr_ca\/mentions-legales\/accord-cadre-de-services\/\">Dites-m&rsquo;en plus.<\/a>\n\n<\/div>\n<\/div><\/div>\n\n<div class=\"gb-grid-column gb-grid-column-1172b4ec\"><div class=\"gb-container gb-container-1172b4ec\">\n<div class=\"gb-container gb-container-0e084831\">\n\n<h4 class=\"gb-headline gb-headline-663471c7 gb-headline-text\">Avis sur les cookies<\/h4>\n\n\n\n<p class=\"gb-headline gb-headline-6ee08213 gb-headline-text\">D\u00e9couvrez comment Extu collecte des informations \u00e0 l&rsquo;aide de cookies.<\/p>\n\n\n\n<a class=\"gb-button gb-button-c244ded5 gb-button-text gb-button-dark\" href=\"https:\/\/extu.com\/fr_ca\/mentions-legales\/politique-de-cookies\/\">Dites-m&rsquo;en plus.<\/a>\n\n<\/div>\n<\/div><\/div>\n\n<div class=\"gb-grid-column gb-grid-column-93b6d93d\"><div class=\"gb-container gb-container-93b6d93d\">\n<div class=\"gb-container gb-container-e67f3927\">\n\n<h4 class=\"gb-headline gb-headline-36aae907 gb-headline-text\">Centre de confiance RGPD<\/h4>\n\n\n\n<p class=\"gb-headline gb-headline-0cf29c4f gb-headline-text\">D\u00e9couvrez comment Extu vous soutient dans le cadre du RGPD.<\/p>\n\n\n\n<a class=\"gb-button gb-button-34a32cde gb-button-text gb-button-dark\" href=\"https:\/\/extu.com\/fr_ca\/mentions-legales\/centre-de-confiance-gdpr\/\">Dites-m&rsquo;en plus.<\/a>\n\n<\/div>\n<\/div><\/div>\n\n<div class=\"gb-grid-column gb-grid-column-a5bfdea5\"><div class=\"gb-container gb-container-a5bfdea5\">\n<div class=\"gb-container gb-container-49deef64\">\n\n<h4 class=\"gb-headline gb-headline-67abe379 gb-headline-text\">Addendum sur le traitement des donn\u00e9es<\/h4>\n\n\n\n<p class=\"gb-headline gb-headline-29c7f795 gb-headline-text\">Notre contrat complet d\u00e9crivant les conditions de service entre les parties.<\/p>\n\n\n\n<a class=\"gb-button gb-button-6a3b0854 gb-button-text gb-button-dark\" href=\"https:\/\/extu.com\/fr_ca\/mentions-legales\/dpa\/\">Dites-m&rsquo;en plus.<\/a>\n\n<\/div>\n<\/div><\/div>\n\n<div class=\"gb-grid-column gb-grid-column-80f61fea\"><div class=\"gb-container gb-container-80f61fea\">\n<div class=\"gb-container gb-container-b2a37216\">\n\n<h4 class=\"gb-headline gb-headline-af7a8524 gb-headline-text\">Accord mutuel de non-divulgation et de confidentialit\u00e9<\/h4>\n\n\n\n<p class=\"gb-headline gb-headline-eeefc9b1 gb-headline-text\">Un accord mutuel garantissant la confidentialit\u00e9 des informations partag\u00e9es.<\/p>\n\n\n\n<a class=\"gb-button gb-button-ccd5e30b gb-button-text gb-button-dark\" href=\"https:\/\/extu.com\/fr_ca\/mentions-legales\/accord-de-non-divulgation-mutuelle-et-de-confidentialite\/\">Dites-moi-en plus.<\/a>\n\n<\/div>\n<\/div><\/div>\n\n<div class=\"gb-grid-column gb-grid-column-b5d631a8\"><div class=\"gb-container gb-container-b5d631a8\">\n<div class=\"gb-container gb-container-23cd919e\">\n\n<h4 class=\"gb-headline gb-headline-b22d6529 gb-headline-text\">Rapports d&rsquo;\u00e9thique et de conformit\u00e9 <\/h4>\n\n\n\n<p class=\"gb-headline gb-headline-a328576c gb-headline-text\">Signaler les probl\u00e8mes, apprendre les politiques, agir avec int\u00e9grit\u00e9.<\/p>\n\n\n\n<a class=\"gb-button gb-button-5be5fe7b gb-button-text gb-button-dark\" href=\"https:\/\/extu.com\/fr_ca\/mentions-legales\/ethique\/\">Montrez-moi.<\/a>\n\n<\/div>\n<\/div><\/div>\n\n<div class=\"gb-grid-column gb-grid-column-e572a4a2\"><div class=\"gb-container gb-container-e572a4a2\">\n<div class=\"gb-container gb-container-92d37069\">\n\n<h2 class=\"gb-headline gb-headline-650f51cb gb-headline-text\">Votre s\u00e9curit\u00e9 est notre principale pr\u00e9occupation.<\/h2>\n\n<\/div>\n<\/div><\/div>\n<\/div>\n<\/div>\n<\/div>\n<\/div>","protected":false},"excerpt":{"rendered":"","protected":false},"author":1,"featured_media":0,"parent":0,"menu_order":0,"comment_status":"closed","ping_status":"closed","template":"","meta":{"_acf_changed":false,"_eb_attr":"","footnotes":""},"class_list":["post-130269","page","type-page","status-publish"],"acf":{"footer_box_text":"<h2 data-pm-slice=\"1 1 []\">Partnering With Us = Higher Returns for You<\/h2>","footer_form_text":"Channel Growth Looks Good On You","footer_form":""},"_links":{"self":[{"href":"https:\/\/extu.com\/fr_ca\/wp-json\/wp\/v2\/pages\/130269","targetHints":{"allow":["GET"]}}],"collection":[{"href":"https:\/\/extu.com\/fr_ca\/wp-json\/wp\/v2\/pages"}],"about":[{"href":"https:\/\/extu.com\/fr_ca\/wp-json\/wp\/v2\/types\/page"}],"author":[{"embeddable":true,"href":"https:\/\/extu.com\/fr_ca\/wp-json\/wp\/v2\/users\/1"}],"replies":[{"embeddable":true,"href":"https:\/\/extu.com\/fr_ca\/wp-json\/wp\/v2\/comments?post=130269"}],"version-history":[{"count":0,"href":"https:\/\/extu.com\/fr_ca\/wp-json\/wp\/v2\/pages\/130269\/revisions"}],"wp:attachment":[{"href":"https:\/\/extu.com\/fr_ca\/wp-json\/wp\/v2\/media?parent=130269"}],"curies":[{"name":"wp","href":"https:\/\/api.w.org\/{rel}","templated":true}]}}