{"id":129955,"date":"2023-05-29T13:09:47","date_gmt":"2023-05-29T13:09:47","guid":{"rendered":"https:\/\/extu.com\/contactez-nous\/"},"modified":"2024-05-30T14:35:40","modified_gmt":"2024-05-30T14:35:40","slug":"contactez-nous","status":"publish","type":"page","link":"https:\/\/extu.com\/fr_ca\/contactez-nous\/","title":{"rendered":"Contactez-nous"},"content":{"rendered":"<div class=\"gb-container gb-container-b18ab946 gb-container-default\">\n<div class=\"gb-container gb-container-5d0439a9 gb-container-inner\">\n<div class=\"gb-grid-wrapper gb-grid-wrapper-209d1e03\">\n<div class=\"gb-grid-column gb-grid-column-22a1eb65\"><div class=\"gb-container gb-container-22a1eb65\">\n\n<h1 class=\"gb-headline gb-headline-5bc2fd96 gb-headline-text\">Nous serions ravis de vous entendre.<\/h1>\n\n\n\n<p class=\"has-base-2-color has-text-color\">Vous cherchez plus d&rsquo;informations ? Vous avez une question \u00e0 laquelle vous ne trouvez pas de r\u00e9ponse ? Aucun souci. Nous sommes heureux de vous aider. Contactez-nous en remplissant ce formulaire rapide, et nous vous r\u00e9pondrons avant que vous ne vous en rendiez compte.    <\/p>\n\n\n\n<ul class=\"has-base-2-color has-text-color wp-block-list\">\n<li>Quels types de programmes offrez-vous et lequel serait le plus appropri\u00e9 pour moi ?<\/li>\n\n\n\n<li>Qu&rsquo;en est-il de la tarification ?<\/li>\n\n\n\n<li>Quelle serait la dur\u00e9e n\u00e9cessaire pour d\u00e9marrer mon programme ?<\/li>\n\n\n\n<li>Qu&rsquo;en est-il de la commercialisation de mon programme ?<\/li>\n<\/ul>\n\n\n\n<p class=\"has-base-2-color has-text-color\">Nous contacter est facile. Il vous suffit de remplir ce formulaire, de nous appeler directement au 866-567-7432, ou de nous envoyer un e-mail \u00e0 bonjour@extu.com<\/p>\n\n<\/div><\/div>\n\n<div class=\"gb-grid-column gb-grid-column-268a8956\"><div class=\"gb-container gb-container-268a8956\">\n\n<h3 class=\"gb-headline gb-headline-e5d89157 gb-headline-text\">Cr\u00e9ons de la magie ensemble. Contactez-nous d\u00e8s aujourd&rsquo;hui. <\/h3>\n\n\n\n<iframe loading=\"lazy\" src=\"https:\/\/www2.extu.com\/l\/511731\/2024-04-30\/9trfdk\" width=\"100%\" height=\"350\" type=\"text\/html\" frameborder=\"0\" allowtransparency=\"true\" style=\"border: 0\"><\/iframe>\n\n<\/div><\/div>\n<\/div>\n<\/div>\n<\/div>\n\n<div class=\"gb-container gb-container-51b42c19 gb-container-default\">\n<div class=\"gb-container gb-container-64254757 gb-container-inner\">\n\n<h2 class=\"gb-headline gb-headline-1ca972cb gb-headline-text\">Nos bureaux<\/h2>\n\n\n\n<div class=\"wp-block-kadence-spacer aligncenter kt-block-spacer-129955_b32522-0d\"><div class=\"kt-block-spacer kt-block-spacer-halign-center\"><\/div><\/div>\n\n\n<div class=\"gb-grid-wrapper gb-grid-wrapper-674bdaa3\">\n<div class=\"gb-grid-column gb-grid-column-b625fb60\"><div class=\"gb-container gb-container-b625fb60\">\n\n<figure class=\"gb-block-image gb-block-image-0f8b1f0a\"><img loading=\"lazy\" decoding=\"async\" width=\"497\" height=\"463\" class=\"gb-image gb-image-0f8b1f0a\" src=\"https:\/\/extu.com\/wp-content\/uploads\/2023\/08\/ATL-e1691078096838.png\" alt=\"contactez-nous\" title=\"ATL\" srcset=\"https:\/\/extu.com\/wp-content\/uploads\/2023\/08\/ATL-e1691078096838.png 497w, https:\/\/extu.com\/wp-content\/uploads\/2023\/08\/ATL-e1691078096838-300x279.png 300w\" sizes=\"auto, (max-width: 497px) 100vw, 497px\" \/><\/figure>\n\n\n<div class=\"gb-container gb-container-42b9fd86\">\n\n<h3 class=\"gb-headline gb-headline-3b8b3fca gb-headline-text\">Atlanta<\/h3>\n\n\n\n<p>Si\u00e8ge mondial<\/p>\n\n\n\n<p>4170, chemin Ashford Dunwoody, <br>#250<br>Atlanta, GA 30319<br>+<a href=\"tel:1-866-567-7432\">1.866.567.7432<\/a><\/p>\n\n<\/div>\n<\/div><\/div>\n\n<div class=\"gb-grid-column gb-grid-column-26cfd82e\"><div class=\"gb-container gb-container-26cfd82e\">\n\n<figure class=\"gb-block-image gb-block-image-5888981d\"><img loading=\"lazy\" decoding=\"async\" width=\"497\" height=\"467\" class=\"gb-image gb-image-5888981d\" src=\"https:\/\/extu.com\/wp-content\/uploads\/2023\/08\/Austin-e1691078067619.png\" alt=\"\" title=\"Austin\" srcset=\"https:\/\/extu.com\/wp-content\/uploads\/2023\/08\/Austin-e1691078067619.png 497w, https:\/\/extu.com\/wp-content\/uploads\/2023\/08\/Austin-e1691078067619-300x282.png 300w\" sizes=\"auto, (max-width: 497px) 100vw, 497px\"><\/figure>\n\n\n<div class=\"gb-container gb-container-763fc016\">\n\n<h3 class=\"gb-headline gb-headline-fce0dbcd gb-headline-text\">Austin<\/h3>\n\n\n\n<p><br><br>9600 Great Hills Trail, <br>Bureau 220W<br>Austin TX 78759<br>+<a href=\"tel:1-866-567-7432\">1.866.567.7432<\/a><\/p>\n\n<\/div>\n<\/div><\/div>\n\n<div class=\"gb-grid-column gb-grid-column-506d17c6\"><div class=\"gb-container gb-container-506d17c6\">\n\n<figure class=\"gb-block-image gb-block-image-bb1657f9\"><img loading=\"lazy\" decoding=\"async\" width=\"497\" height=\"370\" class=\"gb-image gb-image-bb1657f9\" src=\"https:\/\/extu.com\/wp-content\/uploads\/2024\/04\/dallas-e1713552146187.png\" alt=\"\" title=\"dallas\" srcset=\"https:\/\/extu.com\/wp-content\/uploads\/2024\/04\/dallas-e1713552146187.png 497w, https:\/\/extu.com\/wp-content\/uploads\/2024\/04\/dallas-e1713552146187-300x223.png 300w\" sizes=\"auto, (max-width: 497px) 100vw, 497px\"><\/figure>\n\n\n<div class=\"gb-container gb-container-6baee335\">\n\n<h3 class=\"gb-headline gb-headline-b4fe1ddc gb-headline-text\">Dallas<\/h3>\n\n\n\n<p><br><br>4901 : Lyndon B Johnson Fwy<br>Dallas TX 75244<br>+<a href=\"tel:1-866-567-7432\">1.866.567.7432<\/a><\/p>\n\n<\/div>\n<\/div><\/div>\n\n<div class=\"gb-grid-column gb-grid-column-bc8ab4e6\"><div class=\"gb-container gb-container-bc8ab4e6\">\n\n<figure class=\"gb-block-image gb-block-image-83c591c3\"><img loading=\"lazy\" decoding=\"async\" width=\"497\" height=\"557\" class=\"gb-image gb-image-83c591c3\" src=\"https:\/\/extu.com\/wp-content\/uploads\/2023\/08\/Sydney.png\" alt=\"\" title=\"Sydney\" srcset=\"https:\/\/extu.com\/wp-content\/uploads\/2023\/08\/Sydney.png 497w, https:\/\/extu.com\/wp-content\/uploads\/2023\/08\/Sydney-268x300.png 268w\" sizes=\"auto, (max-width: 497px) 100vw, 497px\"><\/figure>\n\n\n<div class=\"gb-container gb-container-0ae235d3\">\n\n<h3 class=\"gb-headline gb-headline-01dcda62 gb-headline-text\">Sydney<\/h3>\n\n\n\n<p>Si\u00e8ge de l&rsquo;APAC<br><br>Bureau 1007, <br>109 Pitt Street,<br>Sydney, Australie<\/p>\n\n\n\n<div style=\"height:14px\" aria-hidden=\"true\" class=\"wp-block-spacer\"><\/div>\n\n<\/div>\n<\/div><\/div>\n\n<div class=\"gb-grid-column gb-grid-column-e7f70e95\"><div class=\"gb-container gb-container-e7f70e95\">\n\n<figure class=\"gb-block-image gb-block-image-1bbf45c2\"><img loading=\"lazy\" decoding=\"async\" width=\"497\" height=\"401\" class=\"gb-image gb-image-1bbf45c2\" src=\"https:\/\/extu.com\/wp-content\/uploads\/2023\/08\/London-1-e1691079441568.png\" alt=\"\" title=\"London\" srcset=\"https:\/\/extu.com\/wp-content\/uploads\/2023\/08\/London-1-e1691079441568.png 497w, https:\/\/extu.com\/wp-content\/uploads\/2023\/08\/London-1-e1691079441568-300x242.png 300w\" sizes=\"auto, (max-width: 497px) 100vw, 497px\"><\/figure>\n\n\n<div class=\"gb-container gb-container-2606227b\">\n\n<h3 class=\"gb-headline gb-headline-23e14e8f gb-headline-text\">Bracknell<\/h3>\n\n\n\n<p>Si\u00e8ge EMEA<br><br>Venture House, <br>2 Arlington Square,<br>Bracknell RG12 1WA, Royaume-Uni<\/p>\n\n\n\n<div style=\"height:14px\" aria-hidden=\"true\" class=\"wp-block-spacer\"><\/div>\n\n<\/div>\n<\/div><\/div>\n<\/div>\n<\/div>\n<\/div>","protected":false},"excerpt":{"rendered":"<p>Nos bureaux<\/p>\n","protected":false},"author":2,"featured_media":0,"parent":0,"menu_order":0,"comment_status":"closed","ping_status":"closed","template":"","meta":{"_acf_changed":false,"_eb_attr":"","footnotes":""},"class_list":["post-129955","page","type-page","status-publish"],"acf":{"footer_box_text":"<h2 data-pm-slice=\"1 1 []\">Partnering With Us = Higher Returns for You<\/h2>","footer_form_text":"Channel Growth Looks Good On You","footer_form":""},"_links":{"self":[{"href":"https:\/\/extu.com\/fr_ca\/wp-json\/wp\/v2\/pages\/129955","targetHints":{"allow":["GET"]}}],"collection":[{"href":"https:\/\/extu.com\/fr_ca\/wp-json\/wp\/v2\/pages"}],"about":[{"href":"https:\/\/extu.com\/fr_ca\/wp-json\/wp\/v2\/types\/page"}],"author":[{"embeddable":true,"href":"https:\/\/extu.com\/fr_ca\/wp-json\/wp\/v2\/users\/2"}],"replies":[{"embeddable":true,"href":"https:\/\/extu.com\/fr_ca\/wp-json\/wp\/v2\/comments?post=129955"}],"version-history":[{"count":0,"href":"https:\/\/extu.com\/fr_ca\/wp-json\/wp\/v2\/pages\/129955\/revisions"}],"wp:attachment":[{"href":"https:\/\/extu.com\/fr_ca\/wp-json\/wp\/v2\/media?parent=129955"}],"curies":[{"name":"wp","href":"https:\/\/api.w.org\/{rel}","templated":true}]}}