{"id":137195,"date":"2024-01-05T17:45:48","date_gmt":"2024-01-05T17:45:48","guid":{"rendered":"https:\/\/extu.com\/?page_id=137195"},"modified":"2026-04-01T16:28:06","modified_gmt":"2026-04-01T16:28:06","slug":"ethique","status":"publish","type":"page","link":"https:\/\/extu.com\/fr\/informations-legales\/ethique\/","title":{"rendered":"Portail de signalement d&rsquo;\u00e9thique et de conformit\u00e9 d&rsquo;Extu"},"content":{"rendered":"<div class=\"gb-container gb-container-4cff618d gb-container-default\">\n<div class=\"gb-container gb-container-c99d16b8 gb-container-inner\">\n\n<h1 class=\"gb-headline gb-headline-a34b3b00 gb-headline-text\">Portail de signalement d&rsquo;\u00e9thique et de conformit\u00e9 d&rsquo;Extu<\/h1>\n\n<\/div>\n<\/div>\n\n<div class=\"gb-container gb-container-0369e52c gb-container-default\">\n<div class=\"gb-container gb-container-006b7185 gb-container-inner\">\n\n<p>Chez Extu, nous sommes profond\u00e9ment engag\u00e9s \u00e0 maintenir les plus hauts standards d&rsquo;int\u00e9grit\u00e9 et de professionnalisme dans toutes nos op\u00e9rations. Nous comprenons qu&rsquo;un lieu de travail \u00e9thique n&rsquo;est pas seulement une exigence. Il s&rsquo;agit du fondement de la confiance et du respect que nous partageons avec nos employ\u00e9s, nos clients et nos partenaires.<\/p>\n\n\n\n<h3 class=\"gb-headline gb-headline-18eadb67 gb-headline-text\">Your Voice Matters<\/h3>\n\n\n\n<p>We believe that every voice is vital in shaping a positive and ethical work environment. That&rsquo;s why we encourage you to share any concerns or complaints you might have regarding ethical conduct, compliance, or company practices. Whether it\u2019s a minor query or a significant concern, your input is invaluable in helping us uphold our commitment to ethical excellence.<\/p>\n\n\n\n<h3 class=\"gb-headline gb-headline-6a4c0cb4 gb-headline-text\">Absolute Anonymity and Confidentiality<\/h3>\n\n\n\n<p>We assure you that your submissions will be treated with the utmost confidentiality. You have the option to report anonymously, ensuring that your identity will be protected. Our anonymous reporting system is designed to make you feel safe and supported, allowing you to express your concerns without any fear of reprisal. If you&rsquo;d like to be contacted, please include your contact information in the Comments box. If not, you may omit any identifiable information from your submission.<\/p>\n\n\n<div class=\"gb-grid-wrapper gb-grid-wrapper-0ef983d8\">\n<div class=\"gb-grid-column gb-grid-column-2b38ed27\"><div class=\"gb-container gb-container-2b38ed27\">\n\n<h3 class=\"gb-headline gb-headline-ef077ec7 gb-headline-text\">How to Report<\/h3>\n\n\n\n<p>Submitting your ethics concern or complaint is simple. Just fill out the form on this page. You can include as much or as little detail as you wish. Whether or not you choose to remain anonymous, we will respectfully handle your submission with the same level of attention and urgency.<\/p>\n\n\n\n<h3 class=\"gb-headline gb-headline-f82efa78 gb-headline-text\">Our Commitment to You<\/h3>\n\n\n\n<p>At Extu, we are committed to addressing each concern promptly and thoroughly. We are dedicated to fostering a culture of transparency and accountability. Your insights are critical in helping us maintain the highest ethical standards and create a workplace that we can all be proud of.<\/p>\n\n\n\n<p>Thank you for taking the time to help us make Extu a better place for everyone. Your courage and commitment to integrity are greatly appreciated.<\/p>\n\n\n\n<p>Together, let&rsquo;s ensure a culture of honesty, respect, and ethical excellence at Extu.<\/p>\n\n<\/div><\/div>\n\n<div class=\"gb-grid-column gb-grid-column-e9c4431f\"><div class=\"gb-container gb-container-e9c4431f\">\n\n<h4 class=\"gb-headline gb-headline-d485bae0 gb-headline-text\">Report an Issue<\/h4>\n\n\n<style id=\"wpforms-css-vars-125542-block-70298dca-b44c-44b9-acfe-491861450dce\">\n\t\t\t\t#wpforms-125542.wpforms-block-70298dca-b44c-44b9-acfe-491861450dce {\n\t\t\t\t--wpforms-label-color: var(--contrast);\n--wpforms-label-sublabel-color: var(--contrast-2);\n--wpforms-label-error-color: var(--contrast);\n--wpforms-button-border-radius: 5px;\n--wpforms-button-background-color: var(--contrast);\n--wpforms-button-text-color: var(--base-2);\n--wpforms-field-size-input-height: 43px;\n--wpforms-field-size-input-spacing: 15px;\n--wpforms-field-size-font-size: 16px;\n--wpforms-field-size-line-height: 19px;\n--wpforms-field-size-padding-h: 14px;\n--wpforms-field-size-checkbox-size: 16px;\n--wpforms-field-size-sublabel-spacing: 5px;\n--wpforms-field-size-icon-size: 1;\n--wpforms-label-size-font-size: 16px;\n--wpforms-label-size-line-height: 19px;\n--wpforms-label-size-sublabel-font-size: 14px;\n--wpforms-label-size-sublabel-line-height: 17px;\n--wpforms-button-size-font-size: 17px;\n--wpforms-button-size-height: 41px;\n--wpforms-button-size-padding-h: 15px;\n--wpforms-button-size-margin-top: 10px;\n--wpforms-container-shadow-size-box-shadow: none;\n\t\t\t}\n\t\t\t<\/style><div class=\"wpforms-container wpforms-container-full wpforms-block wpforms-block-70298dca-b44c-44b9-acfe-491861450dce wpforms-render-modern\" id=\"wpforms-125542\"><form id=\"wpforms-form-125542\" class=\"wpforms-validate wpforms-form wpforms-ajax-form\" data-formid=\"125542\" data-form-name=\"Ethics Form\" method=\"post\" enctype=\"multipart\/form-data\" action=\"\/fr\/wp-json\/wp\/v2\/pages\/137195\" data-token=\"f08e65b83c18723154555238d8470416\" data-token-time=\"1775766566\"><noscript class=\"wpforms-error-noscript\">Veuillez activer JavaScript dans votre navigateur pour remplir ce formulaire.<\/noscript><div id=\"wpforms-error-noscript\" style=\"display: none;\">Veuillez activer JavaScript dans votre navigateur pour remplir ce formulaire.<\/div><div class=\"wpforms-field-container\"><div id=\"wpforms-125542-field_1-container\" class=\"wpforms-field wpforms-field-email\" data-field-id=\"1\"><label class=\"wpforms-field-label\" for=\"wpforms-125542-field_1\">Email:<\/label><input type=\"email\" id=\"wpforms-125542-field_1\" class=\"wpforms-field-medium\" name=\"wpforms[fields][1]\" spellcheck=\"false\" aria-errormessage=\"wpforms-125542-field_1-error\" aria-describedby=\"wpforms-125542-field_1-description\" ><div id=\"wpforms-125542-field_1-description\" class=\"wpforms-field-description\">Leave blank to remain anonymous<\/div><\/div><div id=\"wpforms-125542-field_3-container\" class=\"wpforms-field wpforms-field-text\" data-field-id=\"3\"><label class=\"wpforms-field-label\" for=\"wpforms-125542-field_3\">Issue or Concern Summary: <span class=\"wpforms-required-label\" aria-hidden=\"true\">*<\/span><\/label><input type=\"text\" id=\"wpforms-125542-field_3\" class=\"wpforms-field-medium wpforms-field-required\" name=\"wpforms[fields][3]\" aria-errormessage=\"wpforms-125542-field_3-error\" required><\/div><div id=\"wpforms-125542-field_2-container\" class=\"wpforms-field wpforms-field-textarea\" data-field-id=\"2\"><label class=\"wpforms-field-label\" for=\"wpforms-125542-field_2\">Issue or Concern Detail: <span class=\"wpforms-required-label\" aria-hidden=\"true\">*<\/span><\/label><textarea id=\"wpforms-125542-field_2\" class=\"wpforms-field-medium wpforms-field-required\" name=\"wpforms[fields][2]\" aria-errormessage=\"wpforms-125542-field_2-error\" required><\/textarea><\/div><\/div><!-- .wpforms-field-container --><div class=\"wpforms-recaptcha-container wpforms-is-turnstile\" ><div class=\"wpforms-turnstile\" data-sitekey=\"0x4AAAAAAAPi5flkWrHI0UNL\" data-action=\"FormID-125542\"><\/div><input type=\"text\" name=\"g-recaptcha-hidden\" class=\"wpforms-recaptcha-hidden\" style=\"position:absolute!important;clip:rect(0,0,0,0)!important;height:1px!important;width:1px!important;border:0!important;overflow:hidden!important;padding:0!important;margin:0!important;\" data-rule-turnstile=\"1\"><\/div><div class=\"wpforms-submit-container\" ><input type=\"hidden\" name=\"wpforms[id]\" value=\"125542\"><input type=\"hidden\" name=\"page_title\" value=\"\"><input type=\"hidden\" name=\"page_url\" value=\"https:\/\/extu.com\/fr\/wp-json\/wp\/v2\/pages\/137195\"><input type=\"hidden\" name=\"url_referer\" value=\"\"><button type=\"submit\" name=\"wpforms[submit]\" id=\"wpforms-submit-125542\" class=\"wpforms-submit gb-button\" data-alt-text=\"Sending...\" data-submit-text=\"Submit\" aria-live=\"assertive\" value=\"wpforms-submit\">Submit<\/button><img loading=\"lazy\" decoding=\"async\" src=\"https:\/\/extu.com\/wp-content\/plugins\/wpforms\/assets\/images\/submit-spin.svg\" class=\"wpforms-submit-spinner\" style=\"display: none;\" width=\"26\" height=\"26\" alt=\"Chargement en cours\"><\/div><\/form><\/div>  <!-- .wpforms-container -->\n<\/div><\/div>\n<\/div>\n<\/div>\n<\/div>","protected":false},"excerpt":{"rendered":"<p>Portail de signalement d&rsquo;\u00e9thique et de conformit\u00e9 d&rsquo;Extu Chez Extu, nous sommes profond\u00e9ment engag\u00e9s \u00e0 maintenir les plus &hellip;<\/p>\n","protected":false},"author":30,"featured_media":0,"parent":119404,"menu_order":0,"comment_status":"closed","ping_status":"closed","template":"","meta":{"_acf_changed":false,"_eb_attr":"","footnotes":""},"class_list":["post-137195","page","type-page","status-publish"],"acf":{"footer_box_text":"Partnering With Us = Higher Returns for You","footer_form_text":"Channel Growth Looks Good On You","footer_form":""},"_links":{"self":[{"href":"https:\/\/extu.com\/fr\/wp-json\/wp\/v2\/pages\/137195","targetHints":{"allow":["GET"]}}],"collection":[{"href":"https:\/\/extu.com\/fr\/wp-json\/wp\/v2\/pages"}],"about":[{"href":"https:\/\/extu.com\/fr\/wp-json\/wp\/v2\/types\/page"}],"author":[{"embeddable":true,"href":"https:\/\/extu.com\/fr\/wp-json\/wp\/v2\/users\/30"}],"replies":[{"embeddable":true,"href":"https:\/\/extu.com\/fr\/wp-json\/wp\/v2\/comments?post=137195"}],"version-history":[{"count":0,"href":"https:\/\/extu.com\/fr\/wp-json\/wp\/v2\/pages\/137195\/revisions"}],"up":[{"embeddable":true,"href":"https:\/\/extu.com\/fr\/wp-json\/wp\/v2\/pages\/119404"}],"wp:attachment":[{"href":"https:\/\/extu.com\/fr\/wp-json\/wp\/v2\/media?parent=137195"}],"curies":[{"name":"wp","href":"https:\/\/api.w.org\/{rel}","templated":true}]}}