{"id":119442,"date":"2023-08-10T18:15:26","date_gmt":"2023-08-10T18:15:26","guid":{"rendered":"https:\/\/extu.com\/?page_id=119442"},"modified":"2026-04-01T16:29:26","modified_gmt":"2026-04-01T16:29:26","slug":"centre-de-confidentialite-rgpd","status":"publish","type":"page","link":"https:\/\/extu.com\/fr\/informations-legales\/centre-de-confidentialite-rgpd\/","title":{"rendered":"Centre de confidentialit\u00e9 RGPD"},"content":{"rendered":"<div class=\"gb-container gb-container-a9727b8d gb-container-default\">\n<div class=\"gb-container gb-container-8f1379a6 gb-container-inner\">\n\n<h1 class=\"gb-headline gb-headline-4fe8bb43 gb-headline-text\">Centre de confidentialit\u00e9 RGPD<\/h1>\n\n<\/div>\n<\/div>\n\n<div class=\"gb-container gb-container-fe9ff9fb gb-container-default\">\n<div class=\"gb-container gb-container-77d86066 gb-container-inner\">\n\n<p>En tant que fournisseur de services de marketing num\u00e9rique, Extu s\u2019engage \u00e0 travailler en \u00e9troite collaboration avec ses partenaires pour les aider \u00e0 se conformer \u00e0 leurs exigences en vertu du R\u00e8glement G\u00e9n\u00e9ral sur la Protection des Donn\u00e9es (RGPD) de l\u2019Union europ\u00e9enne et des lois locales en vigueur. Nous avons \u00e9labor\u00e9 ce guide pour vous aider \u00e0 comprendre vos responsabilit\u00e9s dans le cadre du RGPD et d\u00e9crire la fa\u00e7on dont Extu vous soutient \u00e0 travers ses propres efforts de conformit\u00e9 au RGPD.<\/p>\n\n\n\n<h3 class=\"wp-block-heading\"><a href=\"https:\/\/extu.com\/fr\/informations-legales\/presentation-du-rgpd\/\" data-type=\"page\" data-id=\"119461\">Pr\u00e9sentation du RGPD<\/a><\/h3>\n\n\n\n<p>Ce que vous devez savoir sur le RGPD et l\u2019impact qu\u2019il peut avoir sur votre entreprise.<\/p>\n\n\n\n<h3 class=\"wp-block-heading\"><a href=\"https:\/\/extu.com\/fr\/informations-legales\/le-rgpd-et-extu\/\" data-type=\"page\" data-id=\"119439\">Le RGPD et Extu<\/a><\/h3>\n\n\n\n<p>Quel soutien nous vous apportons dans vos efforts de mise en conformit\u00e9.<\/p>\n\n\n\n<h3 class=\"wp-block-heading\"><a href=\"https:\/\/extu.com\/fr\/informations-legales\/le-rgpd-et-les-partenaires\/\" data-type=\"page\" data-id=\"119464\">Le RGPD et les partenaires<\/a><\/h3>\n\n\n\n<p>Ce que le RGPD signifie pour vous en tant que partenaire<\/p>\n\n\n\n<p><em>Ce document est fourni \u00e0 titre d\u2019information g\u00e9n\u00e9rale et n\u2019est pas destin\u00e9 \u00e0 fournir des conseils juridiques. Pour comprendre l\u2019impact global du RGPD sur l\u2019une de vos activit\u00e9s de traitement des donn\u00e9es, veuillez consulter un professionnel ind\u00e9pendant du droit et\/ou de la confidentialit\u00e9.<\/em><\/p>\n\n<\/div>\n<\/div>","protected":false},"excerpt":{"rendered":"<p>Centre de confidentialit\u00e9 RGPD En tant que fournisseur de services de marketing num\u00e9rique, Extu s\u2019engage \u00e0 travailler en &hellip;<\/p>\n","protected":false},"author":4,"featured_media":0,"parent":119404,"menu_order":0,"comment_status":"closed","ping_status":"closed","template":"","meta":{"_acf_changed":false,"_eb_attr":"","footnotes":""},"class_list":["post-119442","page","type-page","status-publish"],"acf":{"footer_box_text":"<h2 data-pm-slice=\"1 1 []\">Partnering With Us = Higher Returns for You<\/h2>","footer_form_text":"Channel Growth Looks Good On You","footer_form":""},"_links":{"self":[{"href":"https:\/\/extu.com\/fr\/wp-json\/wp\/v2\/pages\/119442","targetHints":{"allow":["GET"]}}],"collection":[{"href":"https:\/\/extu.com\/fr\/wp-json\/wp\/v2\/pages"}],"about":[{"href":"https:\/\/extu.com\/fr\/wp-json\/wp\/v2\/types\/page"}],"author":[{"embeddable":true,"href":"https:\/\/extu.com\/fr\/wp-json\/wp\/v2\/users\/4"}],"replies":[{"embeddable":true,"href":"https:\/\/extu.com\/fr\/wp-json\/wp\/v2\/comments?post=119442"}],"version-history":[{"count":0,"href":"https:\/\/extu.com\/fr\/wp-json\/wp\/v2\/pages\/119442\/revisions"}],"up":[{"embeddable":true,"href":"https:\/\/extu.com\/fr\/wp-json\/wp\/v2\/pages\/119404"}],"wp:attachment":[{"href":"https:\/\/extu.com\/fr\/wp-json\/wp\/v2\/media?parent=119442"}],"curies":[{"name":"wp","href":"https:\/\/api.w.org\/{rel}","templated":true}]}}