{"id":119439,"date":"2023-08-22T12:24:56","date_gmt":"2023-08-22T12:24:56","guid":{"rendered":"https:\/\/extu.com\/?page_id=119439"},"modified":"2026-04-01T16:27:10","modified_gmt":"2026-04-01T16:27:10","slug":"le-rgpd-et-extu","status":"publish","type":"page","link":"https:\/\/extu.com\/fr\/informations-legales\/le-rgpd-et-extu\/","title":{"rendered":"Le RGPD et Extu"},"content":{"rendered":"\n<h1 class=\"wp-block-heading\">Le RGPD et Extu<\/h1>\n\n\n\n<h3 class=\"wp-block-heading\">Quelles actions a entreprises Extu pour se conformer au RGPD&nbsp;?<\/h3>\n\n\n\n<p>Extu s\u2019engage \u00e0 \u00eatre le gardien responsable des informations personnelles que vous nous confiez pour les recueillir et les traiter. Dans le cadre de notre engagement en faveur de la protection de la confidentialit\u00e9, nous nous sommes fait conseiller par des juristes sp\u00e9cialis\u00e9s et cr\u00e9\u00e9 une \u00e9quipe RGPD interne afin d\u2019\u00e9valuer nos responsabilit\u00e9s et mettre en \u0153uvre les mesures requises pour la conformit\u00e9 au RGPD. Nous avons \u00e9galement adopt\u00e9 le RGPD comme norme mondiale pour la confidentialit\u00e9 et la protection des donn\u00e9es. Voici un r\u00e9capitulatif des principales mesures que nous avons prises&nbsp;:<\/p>\n\n\n\n<ul class=\"wp-block-list\">\n<li><strong>Analyse des lacunes&nbsp;:&nbsp;nous avons effectu\u00e9 une analyse des lacunes concernant les exigences impos\u00e9es par le RGPD, telles qu\u2019elles s\u2019appliquent aux activit\u00e9s commerciales de Extu.<\/strong><\/li>\n\n\n\n<li><strong>Cartes de donn\u00e9es&nbsp;:<\/strong>&nbsp;nous avons cr\u00e9\u00e9 des cartes de donn\u00e9es compl\u00e8tes qui suivent les flux de donn\u00e9es personnelles \u00e0 travers nos syst\u00e8mes et services.<\/li>\n\n\n\n<li><strong>Divulgation&nbsp;:&nbsp;<\/strong><strong>nous avons mis \u00e0 jour les divulgations sur nos supports marketing et nos pages de renvoi.<\/strong><\/li>\n\n\n\n<li><strong>Politique de confidentialit\u00e9&nbsp;:&nbsp;<\/strong>nous avons mis \u00e0 jour la politique de confidentialit\u00e9 de notre site Web et nos politiques de confidentialit\u00e9 internes pour assurer leur conformit\u00e9 au RGPD et pour \u00eatre plus clairs, concis et transparents sur la fa\u00e7on dont nous traitons les donn\u00e9es personnelles.<\/li>\n\n\n\n<li><strong>Notification de br\u00e8che des donn\u00e9es&nbsp;:&nbsp;<\/strong>nous avons mis \u00e0 jour notre plan en cas de br\u00e8che des donn\u00e9es et nos proc\u00e9dures de r\u00e9ponse aux incidents afin de les mettre en conformit\u00e9 avec le RGPD.<\/li>\n\n\n\n<li><strong>S\u00e9curit\u00e9 des donn\u00e9es&nbsp;:<\/strong>&nbsp;nous avons examin\u00e9 et, le cas \u00e9ch\u00e9ant, mis \u00e0 jour\/am\u00e9lior\u00e9 nos pratiques en mati\u00e8re de s\u00e9curit\u00e9 des syst\u00e8mes techniques et organisationnels.<\/li>\n\n\n\n<li><strong>Droits des Personnes concern\u00e9es&nbsp;:<\/strong>&nbsp;nous avons mis en place des processus pour traiter les principaux droits des personnes concern\u00e9es, tels que le droit d\u2019acc\u00e8s, le droit de demander la portabilit\u00e9 des donn\u00e9es et le droit \u00e0 la suppression des donn\u00e9es.<\/li>\n\n\n\n<li><strong>Archivage du traitement des donn\u00e9es&nbsp;:<\/strong>&nbsp;nous disposons de registres de traitement des donn\u00e9es conformes au RGPD, y compris des proc\u00e9dures de transfert transfrontalier.<\/li>\n\n\n\n<li><strong>Politiques et formation en mati\u00e8re de protection des donn\u00e9es&nbsp;:<\/strong>&nbsp;nous avons \u00e9labor\u00e9 des politiques de protection et de traitement des donn\u00e9es et avons mis en place un cadre de formation pour l\u2019ensemble du personnel de Extu.<\/li>\n\n\n\n<li><strong>Fournisseurs et tiers&nbsp;:<\/strong>&nbsp;nous avons examin\u00e9 nos relations avec les fournisseurs tiers et nous nous sommes assur\u00e9s que les conditions que nous avons mises en place r\u00e9pondent aux exigences du RGPD.<\/li>\n<\/ul>\n\n\n\n<p>Notre d\u00e9marche de conformit\u00e9 au RGPD implique un processus d\u2019am\u00e9lioration continue. &nbsp;Nous sommes l\u00e0 pour soutenir vos initiatives de marketing et, en collaborant, nous pouvons \u00e9tablir une relation de confiance et de transparence avec vos abonn\u00e9s actuels et potentiels.<\/p>\n\n\n\n<h3 class=\"wp-block-heading\">Comment Extu s\u2019est-il conform\u00e9 \u00e0 la loi californienne sur la protection des consommateurs (CCPA)&nbsp;?<\/h3>\n\n\n\n<p>Nous avons adopt\u00e9 le RGPD comme norme pour notre programme mondial de conformit\u00e9 \u00e0 la confidentialit\u00e9 des donn\u00e9es, nous sommes donc en mesure de r\u00e9pondre \u00e0 de nombreuses exigences du CCPA (California Consumer Privacy Act).&nbsp; Le cas \u00e9ch\u00e9ant, nous avons mis \u00e0 jour nos politiques et contr\u00f4les internes pour tenir compte du CCPA, comme nos plans d\u2019incidents li\u00e9s aux donn\u00e9es.&nbsp; Nous avons \u00e9galement mis \u00e0 jour notre politique de confidentialit\u00e9.&nbsp;&nbsp;<\/p>\n\n\n\n<p>Le CCPA pr\u00e9voit un droit pour les r\u00e9sidents de Californie de s\u2019opposer \u00e0 la \u00ab&nbsp;vente&nbsp;\u00bb de leurs informations personnelles.&nbsp; Extu ne vend pas d\u2019informations personnelles.&nbsp; Nous ne divulguons les donn\u00e9es personnelles qu\u2019\u00e0 des tiers qui sont des prestataires de services ou \u00e0 des tiers, tels que nos sponsors, \u00e0 des fins commerciales, ou lorsque vous nous avez autoris\u00e9s \u00e0 le faire.<\/p>\n\n\n\n<h3 class=\"wp-block-heading\">FAQ en bref<\/h3>\n\n\n\n<h4 class=\"wp-block-heading\">O\u00f9 sont stock\u00e9es les donn\u00e9es des partenaires et des abonn\u00e9s par Extu ?<\/h4>\n\n\n\n<p>Nous utilisons un h\u00e9bergeur de donn\u00e9es tiers de haut de gamme (Amazon&nbsp;Web&nbsp;Services) pour h\u00e9berger nos services. Pour plus d\u2019informations sur l\u2019approche d\u2019AWS en mati\u00e8re de conformit\u00e9 avec le RGPD, consultez&nbsp;<a href=\"https:\/\/aws.amazon.com\/compliance\/gdpr-center\/\" target=\"_blank\" rel=\"noopener\">https:\/\/aws.amazon.com\/compliance\/gdpr-center\/<\/a>.<\/p>\n\n\n\n<h4 class=\"wp-block-heading\">Qui sont les sous-traitants ou les fournisseurs tiers de Extu ?<\/h4>\n\n\n\n<p>Une liste compl\u00e8te de nos prestataires de service est disponible&nbsp;<a href=\"https:\/\/extu.com\/fr\/informations-legales\/sous-traitants\/\" data-type=\"link\" data-id=\"https:\/\/extu.com\/fr\/informations-legales\/sous-traitants\/\">ici<\/a>.<\/p>\n\n\n\n<h4 class=\"wp-block-heading\">Je suis un partenaire participant au programme de Extu. Dois-je me pr\u00e9occuper de la conformit\u00e9 au RGPD ?<\/h4>\n\n\n\n<p>Oui, si vous \u00eates \u00e9tabli dans l\u2019UE ou si vous \u00eates \u00e9tabli en dehors de l\u2019UE, dans la mesure o\u00f9 certains de vos abonn\u00e9s sont situ\u00e9s dans l\u2019UE, vous serez consid\u00e9r\u00e9 comme le contr\u00f4leur des informations relatives \u00e0 vos abonn\u00e9s. Il existe \u00e9galement des exigences en mati\u00e8re de confidentialit\u00e9 des donn\u00e9es que vous \u00eates tenu de respecter en vertu des Conditions G\u00e9n\u00e9rales de Service de Extu. Par cons\u00e9quent, lorsque vous participez au programme de Extu et en vertu de nos Conditions G\u00e9n\u00e9rales de Service, vos obligations en vertu du RGPD consistent notamment \u00e0 vous assurer que&nbsp;:<\/p>\n\n\n\n<ul class=\"wp-block-list\">\n<li>vous disposez d\u2019une liste d\u2019abonn\u00e9s conforme au RGPD<\/li>\n\n\n\n<li>votre politique de confidentialit\u00e9 contient des informations ad\u00e9quates, conform\u00e9ment aux exigences du RGPD<\/li>\n\n\n\n<li>vous avez mis en place des mesures de s\u00e9curit\u00e9 techniques et organisationnelles appropri\u00e9es pour att\u00e9nuer le risque d\u2019une br\u00e8che de la confidentialit\u00e9<\/li>\n\n\n\n<li>vous informez Extu imm\u00e9diatement si vous recevez une plainte ou une demande de confidentialit\u00e9 ou si vous \u00eates impliqu\u00e9 dans un incident potentiel ou r\u00e9el de br\u00e8che de donn\u00e9es<\/li>\n<\/ul>\n\n\n\n<p>Extu s\u2019engage \u00e0 vous aider \u00e0 respecter vos obligations au titre du RGPD en ce qui concerne la gestion des pr\u00e9f\u00e9rences des abonn\u00e9s, la divulgation des cookies, les demandes d\u2019informations personnelles et les autres droits des personnes concern\u00e9es. Nous ferons de notre mieux pour nous assurer que notre service est fourni en conformit\u00e9 avec les r\u00e9glementations applicables en mati\u00e8re de protection de la confidentialit\u00e9 et nous nous effor\u00e7ons de vous aider \u00e0 diffuser votre message marketing aux clients conform\u00e9ment au RGPD.<\/p>\n\n\n\n<p>Veuillez consulter la section sur les&nbsp;<a href=\"https:\/\/extu.com\/fr\/informations-legales\/le-rgpd-et-les-partenaires\/\" data-type=\"link\" data-id=\"https:\/\/extu.com\/fr\/informations-legales\/le-rgpd-et-les-partenaires\/\">obligations de nos partenaires en mati\u00e8re de RGPD<\/a>&nbsp;pour de plus amples informations.<\/p>\n\n\n\n<h4 class=\"wp-block-heading\">Quelles sont les mesures de s\u00e9curit\u00e9 mises en place par Extu pour prot\u00e9ger les donn\u00e9es ?<\/h4>\n\n\n\n<p>Nous avons mis en place des mesures techniques et des proc\u00e9dures organisationnelles pour pr\u00e9server la s\u00e9curit\u00e9 et la confidentialit\u00e9 des informations personnelles. Elles comprennent notamment&nbsp;:<\/p>\n\n\n\n<ul class=\"wp-block-list\">\n<li><strong>Protection du r\u00e9seau&nbsp;:<\/strong>&nbsp;De multiples couches de contr\u00f4les de s\u00e9curit\u00e9 prot\u00e8gent l\u2019acc\u00e8s \u00e0 notre environnement et au sein de celui-ci, notamment des pare-feu, des syst\u00e8mes de protection contre les intrusions et la s\u00e9paration des r\u00e9seaux. Nous faisons r\u00e9guli\u00e8rement appel \u00e0 des experts en s\u00e9curit\u00e9 des donn\u00e9es et tirons parti de leur expertise pour prot\u00e9ger nos syst\u00e8mes.<\/li>\n\n\n\n<li><strong>Cryptage des donn\u00e9es&nbsp;:<\/strong>&nbsp;Nous chiffrons toutes les donn\u00e9es qui circulent entre vous, vos abonn\u00e9s et Extu en utilisant la norme industrielle TLS (S\u00e9curit\u00e9 de la couche de transport).<\/li>\n\n\n\n<li><strong>Data centers s\u00e9curis\u00e9s&nbsp;:<\/strong>&nbsp;Nos serveurs sont situ\u00e9s dans des installations d\u2019h\u00e9bergement haut de gamme qui recourent \u00e0 des contr\u00f4les de s\u00e9curit\u00e9 physique robustes. Extu garde des copies des donn\u00e9es et des environnements d\u2019h\u00e9bergement g\u00e9ographiquement \u00e9loign\u00e9s, afin de r\u00e9duire le risque de perte de donn\u00e9es ou de pannes.<\/li>\n\n\n\n<li><strong>Politiques et contr\u00f4les internes&nbsp;:<\/strong>&nbsp;Nous appliquons des politiques \u00e9tendues en mati\u00e8re de protection des donn\u00e9es et de s\u00e9curit\u00e9 informatique, et proc\u00e9dons \u00e0 des audits r\u00e9guliers des syst\u00e8mes et des contr\u00f4les.<\/li>\n<\/ul>\n\n\n\n<p><em>Ce document est fourni \u00e0 titre d\u2019information g\u00e9n\u00e9rale et n\u2019est pas destin\u00e9 \u00e0 fournir des conseils juridiques. Pour comprendre l\u2019impact global du RGPD sur l\u2019une de vos activit\u00e9s de traitement des donn\u00e9es, veuillez consulter un professionnel ind\u00e9pendant du droit et\/ou de la confidentialit\u00e9.<\/em><\/p>\n","protected":false},"excerpt":{"rendered":"<p>Le RGPD et Extu Quelles actions a entreprises Extu pour se conformer au RGPD&nbsp;? Extu s\u2019engage \u00e0 \u00eatre &hellip;<\/p>\n","protected":false},"author":4,"featured_media":0,"parent":119404,"menu_order":0,"comment_status":"closed","ping_status":"closed","template":"","meta":{"_acf_changed":false,"_eb_attr":"","footnotes":""},"class_list":["post-119439","page","type-page","status-publish"],"acf":{"footer_box_text":"<h2 data-pm-slice=\"1 1 []\">Partnering With Us = Higher Returns for You<\/h2>","footer_form_text":"Channel Growth Looks Good On You","footer_form":""},"_links":{"self":[{"href":"https:\/\/extu.com\/fr\/wp-json\/wp\/v2\/pages\/119439","targetHints":{"allow":["GET"]}}],"collection":[{"href":"https:\/\/extu.com\/fr\/wp-json\/wp\/v2\/pages"}],"about":[{"href":"https:\/\/extu.com\/fr\/wp-json\/wp\/v2\/types\/page"}],"author":[{"embeddable":true,"href":"https:\/\/extu.com\/fr\/wp-json\/wp\/v2\/users\/4"}],"replies":[{"embeddable":true,"href":"https:\/\/extu.com\/fr\/wp-json\/wp\/v2\/comments?post=119439"}],"version-history":[{"count":0,"href":"https:\/\/extu.com\/fr\/wp-json\/wp\/v2\/pages\/119439\/revisions"}],"up":[{"embeddable":true,"href":"https:\/\/extu.com\/fr\/wp-json\/wp\/v2\/pages\/119404"}],"wp:attachment":[{"href":"https:\/\/extu.com\/fr\/wp-json\/wp\/v2\/media?parent=119439"}],"curies":[{"name":"wp","href":"https:\/\/api.w.org\/{rel}","templated":true}]}}