{"id":119425,"date":"2023-08-09T18:16:58","date_gmt":"2023-08-09T18:16:58","guid":{"rendered":"https:\/\/extu.com\/?page_id=119425"},"modified":"2026-04-01T16:31:43","modified_gmt":"2026-04-01T16:31:43","slug":"politique-en-matiere-de-cookies","status":"publish","type":"page","link":"https:\/\/extu.com\/fr\/informations-legales\/politique-en-matiere-de-cookies\/","title":{"rendered":"Politique en mati\u00e8re de cookies"},"content":{"rendered":"\n<p>Entr\u00e9e en vigueur : 23 d\u00e9cembre 2022<\/p>\n\n\n\n<p>Lorsque vous visitez nos sites, utilisez nos applications mobiles, vous engagez avec notre contenu marketing, nos publicit\u00e9s en ligne ou nos e-mails (ou les e-mails que nous envoyons pour nos clients), nous recueillons des informations, en utilisant des technologies telles que les cookies, les balises pixel (\u00e9galement appel\u00e9es balises web), les outils d&rsquo;analyse de navigateur et les journaux de serveur. Chacune de ces technologies est expliqu\u00e9e ci-dessous.<\/p>\n\n\n\n<h4 class=\"wp-block-heading\">a. Pourquoi nous utilisons des cookies<\/h4>\n\n\n\n<p>Les donn\u00e9es que nous collectons \u00e0 l&rsquo;aide de cookies et d&rsquo;autres outils sont utilis\u00e9es \u00e0 des fins tr\u00e8s diverses.<\/p>\n\n\n\n<ul class=\"wp-block-list\">\n<li><strong>Les cookies et balises strictement n\u00e9cessaires<\/strong> sont utilis\u00e9s par Extu pour faire fonctionner nos sites web et nos applications. Ils permettent d&rsquo;assurer des fonctions essentielles telles que l&rsquo;authentification, la s\u00e9curit\u00e9, la gestion du r\u00e9seau et l&rsquo;accessibilit\u00e9. Vous pouvez les d\u00e9sactiver en modifiant les param\u00e8tres de votre navigateur, mais cela peut affecter le fonctionnement du site web.<\/li>\n\n\n\n<li><strong>Les cookies et balises de performance et d&rsquo;analyse<\/strong> sont utilis\u00e9s par nous et nos prestataires de services pour g\u00e9rer nos sites web. Cela peut inclure la collecte de cookies analytiques sur les visiteurs de notre site web et la collecte d&rsquo;informations sur l&rsquo;utilisation du site web. Nous utilisons ces informations pour compiler des rapports et pour nous aider \u00e0 am\u00e9liorer le site web. Ces cookies nous aident \u00e0 recueillir des donn\u00e9es afin d&rsquo;optimiser les performances de notre site web. <em>Nous n&rsquo;utilisons pas les donn\u00e9es collect\u00e9es par ces cookies \u00e0 des fins de marketing cibl\u00e9<\/em>.<\/li>\n\n\n\n<li><strong>Les cookies d&rsquo;exp\u00e9rience du site<\/strong> et les balises sont utilis\u00e9s pour faciliter votre exp\u00e9rience et comprennent des options s\u00e9lectionn\u00e9es par l&rsquo;utilisateur et des aides \u00e0 la navigation sur le site. Ces cookies permettent d&rsquo;am\u00e9liorer la fonctionnalit\u00e9 et la personnalisation de nos sites. Si vous n&rsquo;autorisez pas ces cookies, certains services de nos sites web peuvent ne pas fonctionner correctement.<\/li>\n\n\n\n<li><strong>Les cookies de marketing et de personnalisation<\/strong> sont utilis\u00e9s pour permettre le partage social et pour vous proposer des publicit\u00e9s en ligne bas\u00e9es sur les centres d&rsquo;int\u00e9r\u00eat.<br><\/li>\n\n\n\n<li><strong>Les cookies et balises de r\u00e9seaux<\/strong> sociaux utilis\u00e9s par notre entreprise et par les plateformes de r\u00e9seaux sociaux (comme Facebook) pour permettre aux utilisateurs de ces plateformes de partager du contenu sur nos sites. Nous travaillons \u00e9galement avec des plateformes de r\u00e9seaux sociaux, telles que Facebook et Instagram, pour vous proposer des publicit\u00e9s lorsque vous utilisez ces plateformes. Ce ciblage est effectu\u00e9 par la plateforme selon ses propres conditions d&rsquo;utilisation.<br><\/li>\n\n\n\n<li><strong>Les cookies et balises publicitaires<\/strong> utilis\u00e9s par notre entreprise, nos fournisseurs de services et des tiers pour personnaliser les publicit\u00e9s qui vous sont adress\u00e9es sur notre site et sur d&rsquo;autres sites. Ces cookies collectent des donn\u00e9es sur votre activit\u00e9 en ligne et permettent d&rsquo;afficher des publicit\u00e9s susceptibles de vous int\u00e9resser. Ces cookies enregistrent \u00e9galement les publicit\u00e9s que vous avez vues et si vous avez interagi avec la publicit\u00e9. Ces cookies permettent de s&rsquo;assurer que les publicit\u00e9s que vous voyez sont pertinentes et non r\u00e9p\u00e9titives.<\/li>\n<\/ul>\n\n\n\n<p>Bien que nous ne fournissions aucune information personnelle identifiable aux soci\u00e9t\u00e9s de publicit\u00e9 tierces, nous pouvons placer des cookies et des balises correspondantes lorsque vous visitez un site web d&rsquo;Extu. Cela permet \u00e0 ces tiers de collecter des informations aupr\u00e8s de vous en utilisant ces technologies sur nos sites web. Les informations qu&rsquo;ils recueillent sont soumises \u00e0 leurs propres avis de confidentialit\u00e9.<\/p>\n\n\n\n<h4 class=\"wp-block-heading\">b. Vos choix<\/h4>\n\n\n\n<ul class=\"wp-block-list\">\n<li>Vous pouvez g\u00e9rer les cookies et supprimer les cookies d&rsquo;Extu et des entreprises en utilisant les param\u00e8tres de votre navigateur. Les navigateurs tels que Chrome, Internet Explorer, Microsoft Edge, Firefox et Safari vous permettent d&rsquo;accepter, de rejeter ou de supprimer les cookies. Consultez le \u00abcentre d&rsquo;aide\u00bb de votre navigateur pour en savoir plus.<\/li>\n\n\n\n<li>Vous pouvez \u00e9galement profiter des programmes sectoriels qui vous permettent de contr\u00f4ler la fa\u00e7on dont les entreprises vous font de la publicit\u00e9.<br><\/li>\n\n\n\n<li>La Network Advertising Initiative (NAI) g\u00e8re un programme de retrait pour de nombreuses soci\u00e9t\u00e9s de publicit\u00e9 tierces. Vous pouvez refuser d&rsquo;\u00eatre cibl\u00e9 par les membres de la NAI en visitant le site <a href=\"https:\/\/optout.networkadvertising.org\" target=\"_blank\" rel=\"noopener\">https:\/\/optout.networkadvertising.org\/<\/a>.<\/li>\n\n\n\n<li>Sur certains sites web, vous pouvez voir une ic\u00f4ne AdChoices, qui peut appara\u00eetre sur certaines publicit\u00e9s cibl\u00e9es. Vous pouvez cliquer sur cette ic\u00f4ne AdChoices pour obtenir plus d&rsquo;informations sur la collecte et l&rsquo;utilisation de vos informations ou pour refuser cette collecte \u00e0 l&rsquo;avenir. Pour en savoir plus sur l&rsquo;outil Consumer Choice de la Digital Advertising Alliance, veuillez consulter le site <a href=\"http:\/\/optout.aboutads.info\" target=\"_blank\" rel=\"noopener\">http:\/\/optout.aboutads.info<\/a>.<\/li>\n\n\n\n<li>D&rsquo;autres choix sont offerts par :<br><strong>Google<\/strong> :Pour plus d&rsquo;informations sur l&rsquo;utilisation des donn\u00e9es par Google Analytics, veuillez consulter la page \u00abComment Google utilise les donn\u00e9es lorsque vous utilisez les sites ou applications de nos partenaires\u00bb, \u00e0 l&rsquo;adress: <a href=\"https:\/\/www.google.com\/policies\/privacy\/partners\" target=\"_blank\" rel=\"noopener\">https:\/\/www.google.com\/policies\/privacy\/partners<\/a>.<\/li>\n<\/ul>\n\n\n\n<p>Dans la plupart des cas, les choix que vous faites sont li\u00e9s \u00e0 votre navigateur. Si vous utilisez diff\u00e9rents navigateurs ou diff\u00e9rents appareils, vous devrez d\u00e9finir vos pr\u00e9f\u00e9rences sur chacun d\u2019eux. M\u00eame si vous refusez les cookies, vous risquez de recevoir des publicit\u00e9s qui ne sont pas personnalis\u00e9es pour vous.<\/p>\n\n\n\n<p>Bien que nos sites Web ne disposent pas actuellement d\u2019un m\u00e9canisme permettant de reconna\u00eetre les diff\u00e9rents signaux Do Not Track des navigateurs Web, nous offrons \u00e0 nos clients la possibilit\u00e9 de g\u00e9rer leurs pr\u00e9f\u00e9rences en mati\u00e8re de cookies, comme d\u00e9crit dans la section pr\u00e9c\u00e9dente. Pour en savoir plus sur les signaux de suivi des navigateurs et sur la fonction Do Not Track, veuillez consulter le site suivant&nbsp;<a href=\"http:\/\/www.allaboutdnt.org\/\" target=\"_blank\" rel=\"noopener\">www.allaboutdnt.org<\/a>.<\/p>\n\n\n\n<h4 class=\"wp-block-heading\">c. M\u00e9dias sociaux et autres plateformes<\/h4>\n\n\n\n<p>Nos sites Web peuvent vous permettre d\u2019interagir avec nous et avec d\u2019autres personnes via des plateformes de m\u00e9dias sociaux, telles que Meta, Twitter, LinkedIn et Instagram. Cette fonctionnalit\u00e9 est activ\u00e9e \u00e0 l\u2019aide de cookies et de balises de m\u00e9dias sociaux. Certains sites Web de OneAffiniti vous permettent, par exemple, de vous connecter \u00e0 l\u2019aide d\u2019identifiants de plateformes de m\u00e9dias sociaux. Veuillez lire les d\u00e9clarations sur la confidentialit\u00e9 fournies par vos plateformes de m\u00e9dias sociaux pour comprendre comment elles utilisent vos informations et pour g\u00e9rer vos choix.<\/p>\n\n\n\n<p>Nous pouvons afficher des publicit\u00e9s bas\u00e9es sur vos centres d\u2019int\u00e9r\u00eat lorsque vous utilisez des plateformes telles que Meta et Google. Ces plateformes nous permettent de personnaliser les publicit\u00e9s que nous vous pr\u00e9sentons. Pour permettre la diffusion de ces publicit\u00e9s, nous convertissons votre adresse \u00e9lectronique en un num\u00e9ro unique. Les plateformes convertissent \u00e9galement les courriels de leurs utilisateurs en num\u00e9ros uniques en utilisant le m\u00eame processus. Cela permet de faire correspondre les informations sans que des \u00e9l\u00e9ments de donn\u00e9es susceptibles de vous identifier par eux-m\u00eames soient \u00e9chang\u00e9s. Les plateformes effectuent la correspondance en tant que prestataire de services pour OneAffiniti et elles ne conservent ni n\u2019utilisent le fichier que nous leur envoyons \u00e0 leurs propres fins. Ce processus permet \u00e0 la plateforme de proposer nos publicit\u00e9s \u00e0 nos clients sur la plateforme. Les plateformes peuvent obtenir des informations sur les personnes qui r\u00e9agissent aux publicit\u00e9s que nous diffusons.<\/p>\n\n\n\n<h4 class=\"wp-block-heading\">d. Autres types de collecte de donn\u00e9es en ligne<\/h4>\n\n\n\n<p>Nos&nbsp;<strong>journaux de serveur<\/strong>&nbsp;enregistrent des informations sur les utilisateurs de nos sites Web. Nous pouvons utiliser ces journaux pour un usage interne, comme l\u2019administration, l\u2019optimisation et la s\u00e9curit\u00e9 du site Web. Nous pouvons \u00e9galement utiliser les donn\u00e9es dans le cadre de la lutte contre la fraude, ou \u00e0 des fins de personnalisation et de publicit\u00e9.<\/p>\n\n\n\n<p>Nous recueillons des&nbsp;<strong>identifiants d\u2019appareils<\/strong>&nbsp;et d\u2019autres informations li\u00e9es aux appareils, y compris l\u2019identifiant publicitaire de votre appareil, le cas \u00e9ch\u00e9ant. Ces informations sont utilis\u00e9es pour identifier l\u2019appareil et vous authentifier. Nous pouvons \u00e9galement utiliser les informations relatives aux appareils pour vous associer aux diff\u00e9rents appareils que vous pouvez utiliser, notamment \u00e0 des fins de protection contre la fraude et pour mieux cibler la publicit\u00e9. Dans de nombreux cas, vous pouvez r\u00e9initialiser l\u2019identifiant publicitaire de votre appareil. Les appareils Android et iOS vous permettent de r\u00e9initialiser l\u2019identifiant de votre appareil dans le menu \u00ab&nbsp;Param\u00e8tres&nbsp;\u00bb.<\/p>\n\n\n\n<h4 class=\"wp-block-heading\">e. Guide des cookies et autres technologies<\/h4>\n\n\n\n<ul class=\"wp-block-list\">\n<li><strong>Cookies<\/strong><br>Les cookies sont de petits fichiers texte que les sites Web envoient \u00e0 votre ordinateur ou \u00e0 tout autre appareil connect\u00e9 \u00e0 Internet pour identifier sp\u00e9cifiquement votre navigateur ou pour stocker des informations ou des param\u00e8tres dans votre navigateur. Les cookies nous permettent de vous reconna\u00eetre lorsque vous revenez sur un site Web. Ils nous aident \u00e9galement \u00e0 fournir une exp\u00e9rience personnalis\u00e9e et peuvent nous aider \u00e0 d\u00e9tecter certains types de fraude.\n<ul class=\"wp-block-list\">\n<li>Les cookies de premi\u00e8re partie sont les cookies qui sont plac\u00e9s par OneAffiniti. Ces cookies sont utilis\u00e9s par OneAffiniti et comprennent tous les cookies essentiels.<\/li>\n\n\n\n<li>Les cookies tiers sont plac\u00e9s par une autre soci\u00e9t\u00e9, notamment les fournisseurs de services, les cookies de m\u00e9dias sociaux et les soci\u00e9t\u00e9s de publicit\u00e9 tierces. Les cookies plac\u00e9s par des tiers peuvent \u00eatre lus par ces derniers lorsque vous visitez d\u2019autres sites du r\u00e9seau publicitaire, ce qui permet de cr\u00e9er un profil de votre comportement en ligne afin que la soci\u00e9t\u00e9 tierce puisse proposer des publicit\u00e9s cibl\u00e9es aupr\u00e8s de tous ses clients.<\/li>\n<\/ul>\n<\/li>\n\n\n\n<li><strong>Balises pixel et balises Web<\/strong><br>Les balises pixel (\u00e9galement appel\u00e9es balises Web) sont de minuscules images graphiques et de petits blocs de code plac\u00e9s sur les pages du site Web, les publicit\u00e9s ou dans les courriers \u00e9lectroniques, qui nous permettent de d\u00e9terminer si vous avez effectu\u00e9 une action sp\u00e9cifique. Lorsque vous acc\u00e9dez aux pages du site Web ou que vous ouvrez un courriel, la balise nous permet de savoir que vous avez acc\u00e9d\u00e9 \u00e0 la page Web ou ouvert le courriel. Ces outils nous permettent de mesurer la r\u00e9action \u00e0 nos communications et d\u2019am\u00e9liorer nos pages Web et nos promotions.<\/li>\n\n\n\n<li><strong>Journaux de serveur<\/strong><br>Les journaux des serveurs enregistrent les activit\u00e9s sur nos sites Web. D\u2019autres types de journaux collectent des informations similaires \u00e0 partir de nos applications. Ces journaux enregistrent des informations sur l\u2019appareil que vous utilisez pour acc\u00e9der \u00e0 notre site Web, le type de syst\u00e8me d\u2019exploitation, le type de navigateur, le domaine et d\u2019autres param\u00e8tres syst\u00e8me, ainsi que la langue utilis\u00e9e par votre syst\u00e8me et le pays et le fuseau horaire o\u00f9 se trouve votre appareil. Nos journaux enregistrent \u00e9galement l\u2019adresse IP de l\u2019appareil que vous utilisez pour vous connecter \u00e0 Internet. Une adresse IP est un identifiant unique dont les appareils ont besoin pour s\u2019identifier et communiquer entre eux sur Internet. Nous pouvons \u00e9galement recueillir des informations sur le site Web que vous visitiez avant de venir sur OneAffiniti et sur le site Web que vous visitez apr\u00e8s avoir quitt\u00e9 notre site.<\/li>\n<\/ul>\n","protected":false},"excerpt":{"rendered":"<p>Entr\u00e9e en vigueur : 23 d\u00e9cembre 2022 Lorsque vous visitez nos sites, utilisez nos applications mobiles, vous engagez &hellip;<\/p>\n","protected":false},"author":4,"featured_media":0,"parent":119404,"menu_order":0,"comment_status":"closed","ping_status":"closed","template":"","meta":{"_acf_changed":false,"_eb_attr":"","footnotes":""},"class_list":["post-119425","page","type-page","status-publish"],"acf":{"footer_box_text":"<h2 data-pm-slice=\"1 1 []\">Partnering With Us = Higher Returns for You<\/h2>","footer_form_text":"Channel Growth Looks Good On You","footer_form":""},"_links":{"self":[{"href":"https:\/\/extu.com\/fr\/wp-json\/wp\/v2\/pages\/119425","targetHints":{"allow":["GET"]}}],"collection":[{"href":"https:\/\/extu.com\/fr\/wp-json\/wp\/v2\/pages"}],"about":[{"href":"https:\/\/extu.com\/fr\/wp-json\/wp\/v2\/types\/page"}],"author":[{"embeddable":true,"href":"https:\/\/extu.com\/fr\/wp-json\/wp\/v2\/users\/4"}],"replies":[{"embeddable":true,"href":"https:\/\/extu.com\/fr\/wp-json\/wp\/v2\/comments?post=119425"}],"version-history":[{"count":0,"href":"https:\/\/extu.com\/fr\/wp-json\/wp\/v2\/pages\/119425\/revisions"}],"up":[{"embeddable":true,"href":"https:\/\/extu.com\/fr\/wp-json\/wp\/v2\/pages\/119404"}],"wp:attachment":[{"href":"https:\/\/extu.com\/fr\/wp-json\/wp\/v2\/media?parent=119425"}],"curies":[{"name":"wp","href":"https:\/\/api.w.org\/{rel}","templated":true}]}}