{"id":119408,"date":"2023-08-15T14:28:21","date_gmt":"2023-08-15T14:28:21","guid":{"rendered":"https:\/\/extu.com\/?page_id=119408"},"modified":"2026-04-01T16:28:23","modified_gmt":"2026-04-01T16:28:23","slug":"sous-traitants","status":"publish","type":"page","link":"https:\/\/extu.com\/fr\/informations-legales\/sous-traitants\/","title":{"rendered":"Sous-traitants"},"content":{"rendered":"\n<h2 class=\"wp-block-heading\"><br>Sous-traitants<\/h2>\n\n\n\n<p><strong>Derni\u00e8re mise \u00e0 jour&nbsp;:<\/strong>&nbsp;16&nbsp;juin&nbsp;2021<\/p>\n\n\n\n<p>Extu utilise certains sous-traitants (y compris des membres du groupe Extu et des tiers, comme indiqu\u00e9 ci-dessous) pour l\u2019aider \u00e0 fournir les services d\u00e9crits dans les\u00a0<a href=\"https:\/\/extu.com\/fr\/conditions-generales-de-services\/\">Conditions g\u00e9n\u00e9rales standard<\/a>\u00a0applicables.<\/p>\n\n\n\n<p>Ces sous-traitants ou leurs serveurs peuvent se trouver \u00e0 l\u2019\u00e9tranger. \u00a0Les informations personnelles seront uniquement transf\u00e9r\u00e9es \u00e0 des organisations avec lesquelles Extu a mis en place des garanties ad\u00e9quates qui r\u00e9pondent aux exigences de Extu et conform\u00e9ment \u00e0 la loi applicable sur la confidentialit\u00e9.<\/p>\n\n\n\n<h3 class=\"wp-block-heading\">Sous-traitants du groupe Extu<\/h3>\n\n\n\n<p>Les entit\u00e9s suivantes sont membres du groupe Extu. Ils occupent par cons\u00e9quent la fonction de sous-traitants secondaires pour fournir les services.<\/p>\n\n\n\n<figure class=\"wp-block-table\"><table><tbody><tr><td><strong>Nom de l\u2019entit\u00e9<\/strong><\/td><td><strong>Pays<\/strong><\/td><td><strong>Fonction<\/strong><\/td><\/tr><tr><td>Finnigan&nbsp;Investments (Australia) Pty&nbsp;Ltd<\/td><td>Australie<\/td><td>Si\u00e8ge social du groupe<\/td><\/tr><tr><td>OneAffiniti LLC<\/td><td>\u00c9tats-Unis<\/td><td>Ventes et marketing<\/td><\/tr><tr><td>OneAffiniti Ltd<\/td><td>Royaume-Uni<\/td><td>Ventes et marketing<\/td><\/tr><\/tbody><\/table><\/figure>\n\n\n\n<h3 class=\"wp-block-heading\">Sous-traitants du stockage des donn\u00e9es d\u2019infrastructure<\/h3>\n\n\n\n<p>Le tableau suivant d\u00e9crit les pays et les entit\u00e9s juridiques avec lesquels collabore Extu pour le stockage des donn\u00e9es.<\/p>\n\n\n\n<figure class=\"wp-block-table\"><table><tbody><tr><td><strong>Nom de l\u2019entit\u00e9<\/strong><\/td><td><strong>Pays<\/strong><\/td><td><strong>Type d\u2019entit\u00e9<\/strong><\/td><\/tr><tr><td>Amazon Web Services<\/td><td>Australie et \u00c9tats-Unis<\/td><td>Fournisseur de services cloud<\/td><\/tr><tr><td>Google Cloud<\/td><td>\u00c9tats-Unis<\/td><td>Fournisseur de services cloud<\/td><\/tr><\/tbody><\/table><\/figure>\n\n\n\n<h3 class=\"wp-block-heading\">Sous-traitants li\u00e9s directement au service<\/h3>\n\n\n\n<p>Extu travaille avec des tiers pour fournir des fonctionnalit\u00e9s sp\u00e9cifiques au sein des services, \u00e9valuer l\u2019efficacit\u00e9 et\/ou optimiser les services.<\/p>\n\n\n\n<figure class=\"wp-block-table\"><table><tbody><tr><td><strong>Nom de l\u2019entit\u00e9<\/strong><\/td><td><strong>Pays<\/strong><\/td><td><strong>Fonction<\/strong><\/td><\/tr><tr><td>Alchemer<\/td><td>\u00c9tats-Unis<\/td><td>Envoi de formulaires<\/td><\/tr><tr><td>AODOCs<\/td><td>\u00c9tats-Unis<\/td><td>Plateforme de gestion de documents<\/td><\/tr><tr><td>Calendly<\/td><td>\u00c9tats-Unis<\/td><td>Outil de planification et de prise de rendez-vous<\/td><\/tr><tr><td>Campaign Monitor<\/td><td>\u00c9tats-Unis<\/td><td>Diffusion de courriels<\/td><\/tr><tr><td>Chargebee<\/td><td>Australie<\/td><td>Gestion de facturation d\u2019abonnement<\/td><\/tr><tr><td>Clearbit<\/td><td>\u00c9tats-Unis<\/td><td>Validation de coordonn\u00e9es<\/td><\/tr><tr><td>Domo<\/td><td>\u00c9tats-Unis<\/td><td>Analyses, donn\u00e9es et cr\u00e9ation de rapports<\/td><\/tr><tr><td>Emapta<\/td><td>Philippines<\/td><td>\u00c9quipe de production et centre d\u2019assistance<\/td><\/tr><tr><td>Giftbit<\/td><td>Canada<\/td><td>Portail de cartes-cadeaux<\/td><\/tr><tr><td>GiftPay<\/td><td>Australie<\/td><td>Syst\u00e8me Flexi eGift<\/td><\/tr><tr><td>GlockApps<\/td><td>\u00c9tats-Unis<\/td><td>Analyse de la d\u00e9livrabilit\u00e9 des e-mails<\/td><\/tr><tr><td>Google&nbsp;Tag&nbsp;Manager\/Google&nbsp;Analytics<\/td><td>\u00c9tats-Unis<\/td><td>Analyse de statistiques comportementales<\/td><\/tr><tr><td>G&nbsp;Suite (Apps Google)<\/td><td>\u00c9tats-Unis<\/td><td>Outils de productivit\u00e9 de bureau<\/td><\/tr><tr><td>Hotjar<\/td><td>Malte<\/td><td>Analyse de statistiques comportementales<\/td><\/tr><tr><td>IRIS Worldwide<\/td><td>\u00c9tats-Unis<\/td><td>Services de publicit\u00e9 et de marketing<\/td><\/tr><tr><td>KPI Analytics<\/td><td>\u00c9tats-Unis<\/td><td>G\u00e9n\u00e9ration de donn\u00e9es de prospects et renseignements<\/td><\/tr><tr><td>My Channel Team (\u00ab&nbsp;Spark Your Channel&nbsp;\u00bb)<\/td><td>\u00c9tats-Unis<\/td><td>Plateforme de contenu vid\u00e9o<\/td><\/tr><tr><td>Omnicard<\/td><td>\u00c9tats-Unis<\/td><td>Portail de cartes-cadeaux<\/td><\/tr><tr><td>OptinMonster<\/td><td>\u00c9tats-Unis<\/td><td>Formulaire d\u2019adh\u00e9sion de page de destination<\/td><\/tr><tr><td>Pardot<\/td><td>\u00c9tats-Unis<\/td><td>Automatisation du marketing<\/td><\/tr><tr><td>Prezzy Card<\/td><td>Nouvelle-Z\u00e9lande<\/td><td>Portail de cartes-cadeaux<\/td><\/tr><tr><td>Salesforce<\/td><td>\u00c9tats-Unis<\/td><td>Gestion de la relation client<\/td><\/tr><tr><td>Sendgrid<\/td><td>\u00c9tats-Unis<\/td><td>Diffusion de courriels<\/td><\/tr><tr><td>Slack<\/td><td>\u00c9tats-Unis<\/td><td>Outil de communication interne<\/td><\/tr><tr><td>Smartsheet<\/td><td>\u00c9tats-Unis<\/td><td>Gestion de t\u00e2ches et de projets<\/td><\/tr><tr><td>Stripe<\/td><td>\u00c9tats-Unis<\/td><td>Traitement des paiements<\/td><\/tr><tr><td>Successful Channels<\/td><td>\u00c9tats-Unis<\/td><td>Plateforme de fiche d\u2019\u00e9valuation<\/td><\/tr><tr><td>Twilio<\/td><td>\u00c9tats-Unis<\/td><td>Notification par SMS<\/td><\/tr><tr><td>Universal Gift Cards<\/td><td>Australie<\/td><td>Portail de cartes-cadeaux<\/td><\/tr><tr><td>Zapier<\/td><td>\u00c9tats-Unis<\/td><td>Automatisation et synchronisation<\/td><\/tr><tr><td>Zerobounce<\/td><td>\u00c9tats-Unis<\/td><td>Validation des courriels d\u2019abonn\u00e9s<\/td><\/tr><\/tbody><\/table><\/figure>\n","protected":false},"excerpt":{"rendered":"<p>Sous-traitants Derni\u00e8re mise \u00e0 jour&nbsp;:&nbsp;16&nbsp;juin&nbsp;2021 Extu utilise certains sous-traitants (y compris des membres du groupe Extu et des &hellip;<\/p>\n","protected":false},"author":4,"featured_media":0,"parent":119404,"menu_order":0,"comment_status":"closed","ping_status":"closed","template":"","meta":{"_acf_changed":false,"_eb_attr":"","footnotes":""},"class_list":["post-119408","page","type-page","status-publish"],"acf":{"footer_box_text":"<h2 data-pm-slice=\"1 1 []\">Partnering With Us = Higher Returns for You<\/h2>","footer_form_text":"Channel Growth Looks Good On You","footer_form":""},"_links":{"self":[{"href":"https:\/\/extu.com\/fr\/wp-json\/wp\/v2\/pages\/119408","targetHints":{"allow":["GET"]}}],"collection":[{"href":"https:\/\/extu.com\/fr\/wp-json\/wp\/v2\/pages"}],"about":[{"href":"https:\/\/extu.com\/fr\/wp-json\/wp\/v2\/types\/page"}],"author":[{"embeddable":true,"href":"https:\/\/extu.com\/fr\/wp-json\/wp\/v2\/users\/4"}],"replies":[{"embeddable":true,"href":"https:\/\/extu.com\/fr\/wp-json\/wp\/v2\/comments?post=119408"}],"version-history":[{"count":0,"href":"https:\/\/extu.com\/fr\/wp-json\/wp\/v2\/pages\/119408\/revisions"}],"up":[{"embeddable":true,"href":"https:\/\/extu.com\/fr\/wp-json\/wp\/v2\/pages\/119404"}],"wp:attachment":[{"href":"https:\/\/extu.com\/fr\/wp-json\/wp\/v2\/media?parent=119408"}],"curies":[{"name":"wp","href":"https:\/\/api.w.org\/{rel}","templated":true}]}}