{"id":129206,"date":"2023-08-09T18:16:58","date_gmt":"2023-08-09T18:16:58","guid":{"rendered":"https:\/\/extu.com\/informacion-legal\/politica-de-cookies\/"},"modified":"2025-08-08T19:11:41","modified_gmt":"2025-08-08T19:11:41","slug":"politica-de-cookies","status":"publish","type":"page","link":"https:\/\/extu.com\/es_mx\/informacion-legal\/politica-de-cookies\/","title":{"rendered":"Pol\u00edtica de Cookies"},"content":{"rendered":"\n<p>En vigor: 23 de diciembre del 2022<\/p>\n\n\n\n<p>Cuando visita nuestros Sitios, utiliza nuestras aplicaciones m\u00f3viles, interact\u00faa con nuestros Materiales de Marketing, anuncios en l\u00ednea o correos electr\u00f3nicos (o correos electr\u00f3nicos que enviamos a nuestros clientes), recolectamos informaci\u00f3n utilizando tecnolog\u00edas como cookies, etiquetas de p\u00edxeles (tambi\u00e9n llamadas balizas web), herramientas de an\u00e1lisis de navegador y registros del servidor. Cada una de estas tecnolog\u00edas se explica a continuaci\u00f3n. <\/p>\n\n\n\n<h4 class=\"wp-block-heading\">a. Por qu\u00e9 utilizamos cookies <\/h4>\n\n\n\n<p>Los datos que recolectamos con cookies y otras herramientas se utilizan para muchos prop\u00f3sitos diferentes.<\/p>\n\n\n\n<ul class=\"wp-block-list\">\n<li><strong>Cookies estrictamente necesarias<\/strong> y etiquetas son utilizadas por Extu para que nuestros sitios web y aplicaciones funcionen. Permiten funciones b\u00e1sicas, como autenticaci\u00f3n, seguridad, gesti\u00f3n de red y accesibilidad. Es posible que pueda desactivarlos cambiando la configuraci\u00f3n de su navegador, pero esto puede afectar el funcionamiento del sitio web<\/li>\n\n\n\n<li><strong>Cookies de rendimiento y an\u00e1lisis <\/strong>y etiquetas son utilizadas por nosotros y nuestros proveedores de servicios para administrar nuestros sitios web. Esto puede incluir la recopilaci\u00f3n de cookies anal\u00edticas sobre los visitantes de nuestro sitio web y la recolecci\u00f3n de informaci\u00f3n sobre el uso del sitio web. Utilizamos la informaci\u00f3n para recolectar informes y ayudarnos a mejorar el sitio web. Estas cookies nos ayudan a recolectar datos para optimizar el rendimiento de nuestro sitio web. <em>No utilizamos los datos recolectados por estas cookies para marketing dirigido.<\/em><\/li>\n\n\n\n<li><strong>Cookies de experiencia del sitio <\/strong>y etiquetas se utilizan para respaldar su experiencia e incluyen opciones seleccionadas por el usuario y ayuda para la navegaci\u00f3n del sitio. Estas cookies proporcionaron una funcionalidad y personalizaci\u00f3n mejoradas en nuestros sitios. Si no permite estas cookies, es posible que algunos servicios de nuestros sitios web no funcionen correctamente.<\/li>\n\n\n\n<li><strong>Cookies de marketing y personalizaci\u00f3n <\/strong>se utilizan para permitir el intercambio social y para ofrecerle anuncios en l\u00ednea basados \u200b\u200ben sus intereses.<\/li>\n<\/ul>\n\n\n\n<ul class=\"wp-block-list\">\n<li><strong>Cookies de redes sociales<\/strong> y etiquetas son utilizadas por nosotros y las plataformas de redes sociales (como Facebook) para permitir a los usuarios de las plataformas compartir contenido en nuestros sitios. Tambi\u00e9n trabajamos con plataformas de redes sociales, como Facebook e Instagram, para mostrarle anuncios cuando utilice estas plataformas. Esta direcci\u00f3n la realiza la plataforma seg\u00fan sus propios t\u00e9rminos de uso.<\/li>\n<\/ul>\n\n\n\n<ul class=\"wp-block-list\">\n<li><strong>Cookies publicitarias <\/strong>y etiquetas utilizadas por nosotros, nuestros proveedores de servicios y terceros para personalizar los anuncios que se le entregan en nuestro sitio y en otros sitios. Estas cookies recolectan datos sobre su actividad en l\u00ednea y permiten mostrar anuncios que pueden ser de su inter\u00e9s. Estas cookies tambi\u00e9n registran qu\u00e9 anuncios ha visto y si interactu\u00f3 con el anuncio. Estas cookies ayudan a garantizar que los anuncios que ve sean relevantes y no repetitivos.<\/li>\n<\/ul>\n\n\n\n<p>Si bien no proporcionamos ninguna informaci\u00f3n de identificaci\u00f3n personal a las empresas de publicidad de terceros, podemos colocar cookies y etiquetas para ellas cuando visita un sitio web de Extu. Esto permite que estos terceros recolecten informaci\u00f3n suya utilizando estas tecnolog\u00edas en nuestros sitios web. La informaci\u00f3n que recolectan est\u00e1 sujeta a sus propios avisos de privacidad.  <\/p>\n\n\n\n<h3 class=\"wp-block-heading\">b. Sus opciones <\/h3>\n\n\n\n<ul class=\"wp-block-list\">\n<li>Usted puede administrar las cookies y eliminar las cookies de Extu y de las empresas utilizando la configuraci\u00f3n de su navegador. Navegadores como Chrome, Internet Explorer, Microsoft Edge, Firefox y Safari le permiten aceptar, rechazar o eliminar cookies. Visite el \u201ccentro de ayuda\u201d de su navegador para obtener m\u00e1s informaci\u00f3n.<\/li>\n\n\n\n<li>Tambi\u00e9n puede aprovechar los programas de la industria que le permiten controlar la forma en que las empresas le anuncian.<\/li>\n<\/ul>\n\n\n\n<ul class=\"wp-block-list\">\n<li>La Network Advertising Initiative (NAI) gestiona un programa de exclusi\u00f3n voluntaria para muchas empresas de publicidad de terceros. Puede optar por no ser el objetivo de los miembros de NAI visitando <a href=\"https:\/\/optout.networkadvertising.org\/\" target=\"_blank\" rel=\"noopener\">https:\/\/optout.networkadvertising.org\/<\/a>.<\/li>\n\n\n\n<li>En algunos sitios web, es posible que vea un \u00edcono de AdChoices, que puede aparecer en ciertos anuncios dirigidos. Puede hacer clic en este icono de AdChoices para obtener m\u00e1s informaci\u00f3n sobre la recolecci\u00f3n y el uso de su informaci\u00f3n o para cancelar dicha recolecci\u00f3n en el futuro. Para obtener m\u00e1s informaci\u00f3n sobre la herramienta Consumer Choice de Digital Advertising Alliance, por favor visite <a href=\"http:\/\/optout.aboutads.info\/\" target=\"_blank\" rel=\"noopener\">http:\/\/optout.aboutads.info<\/a>.<\/li>\n\n\n\n<li>Se ofrecen opciones adicionales por:<br><strong>Google<\/strong>: Para obtener informaci\u00f3n sobre c\u00f3mo Google Analytics utiliza los datos, visite &#8220;C\u00f3mo utiliza Google los datos cuando usted utiliza los sitios o aplicaciones de nuestros socios&#8221;, ubicado en <a href=\"https:\/\/www.google.com\/policies\/privacy\/partners\" target=\"_blank\" rel=\"noopener\">https:\/\/www.google.com\/policies\/privacy\/partners<\/a>. <\/li>\n<\/ul>\n\n\n\n<p>En la mayor\u00eda de los casos, las elecciones que realiza est\u00e1n vinculadas a su navegador. Si utiliza diferentes navegadores o diferentes dispositivos, deber\u00e1 configurar sus preferencias en cada uno de ellos. Incluso si opta por no participar, es posible que siga recibiendo anuncios que no est\u00e9n personalizados para usted.  <\/p>\n\n\n\n<p>Aunque nuestros sitios web actualmente no tienen un mecanismo para reconocer las diversas se\u00f1ales de No Rastreo del navegador web, ofrecemos a nuestros clientes opciones para administrar sus preferencias de cookies como se describe en la secci\u00f3n anterior. Para obtener m\u00e1s informaci\u00f3n sobre las se\u00f1ales de seguimiento del navegador y No Rastreo, visite <a href=\"http:\/\/www.allaboutdnt.org\/\" target=\"_blank\" rel=\"noopener\">www.allaboutdnt.org<\/a>.  <\/p>\n\n\n\n<h3 class=\"wp-block-heading\">c. Redes sociales y otras plataformas<\/h3>\n\n\n\n<p>Nuestros sitios web pueden permitirle interactuar con nosotros y otros a trav\u00e9s de plataformas de redes sociales, como Facebook, Twitter, LinkedIn e Instagram. Esta funcionalidad se habilita mediante etiquetas y cookies de redes sociales. Por ejemplo, algunos sitios web de Extu le permiten iniciar sesi\u00f3n utilizando las credenciales de la plataforma de redes sociales. Lea las declaraciones de privacidad proporcionadas por sus plataformas de redes sociales para entender c\u00f3mo usan su informaci\u00f3n y administrar sus opciones.   <\/p>\n\n\n\n<p>Es posible que le mostremos anuncios basados en sus intereses cuando utiliza plataformas como Facebook y Google. Estas plataformas nos permiten personalizar los anuncios que le mostramos. Para permitir la entrega de estos anuncios, convertimos su direcci\u00f3n de correo electr\u00f3nico en un n\u00famero \u00fanico. Las plataformas tambi\u00e9n convierten los correos electr\u00f3nicos de sus usuarios en n\u00fameros \u00fanicos mediante el mismo proceso. Esto permite comparar los registros sin ning\u00fan intercambio de elementos de datos que puedan identificarlo por s\u00ed solos. Las plataformas realizan el emparejamiento como proveedor de servicios de Extu, y no retienen ni utilizan el archivo que les enviamos para sus propios fines. Este proceso permite que la plataforma entregue nuestros anuncios a nuestros clientes en la plataforma. Las plataformas pueden obtener informaci\u00f3n sobre las personas que responden a los anuncios que publicamos.       <\/p>\n\n\n\n<h3 class=\"wp-block-heading\">d. Otros tipos de recolecci\u00f3n de datos en l\u00ednea <\/h3>\n\n\n\n<p>Nuestro <strong>registro del servidor<\/strong> registra informaci\u00f3n sobre los usuarios de nuestros sitios web. Podemos utilizar estos registros para fines internos, como administraci\u00f3n, optimizaci\u00f3n y seguridad del sitio web. Tambi\u00e9n podemos utilizar los datos para protecci\u00f3n contra fraudes, personalizaci\u00f3n y publicidad.  <\/p>\n\n\n\n<p>Nosotros recolectamos <strong>identificadores de dispositivos<\/strong> y otra informaci\u00f3n relacionada con el dispositivo, incluido el ID de su dispositivo de publicidad si est\u00e1 disponible. Esta informaci\u00f3n se utiliza para identificar el dispositivo y autenticarlo. Tambi\u00e9n podemos usar informaci\u00f3n relacionada con el dispositivo para asociarlo con diferentes dispositivos que puede usar, incluso con fines de protecci\u00f3n contra fraudes y para dirigir mejor la publicidad. En muchos caos, puede restablecer el ID de su dispositivo de publicidad, tanto los dispositivos Android como iOS le permiten restablecer el identificador de su dispositivo en el men\u00fa de \u201cajustes\u201d.<\/p>\n\n\n\n<h3 class=\"wp-block-heading\">e. Una gu\u00eda sobre cookies y otras tecnolog\u00edas <\/h3>\n\n\n\n<ul class=\"wp-block-list\">\n<li><strong>Cookies<\/strong><br>Las cookies son peque\u00f1os archivos de texto que los sitios web env\u00edan a su computadora u otro dispositivo conectado a Internet para identificar de forma \u00fanica su navegador o para almacenar informaci\u00f3n o configuraciones en su navegador. Las cookies nos permiten reconocerle cuando regrese. Tambi\u00e9n nos ayudan a brindar una experiencia personalizada y pueden permitirnos detectar ciertos tipos de fraude.  <\/li>\n<\/ul>\n\n\n\n<ul class=\"wp-block-list\">\n<li>Las cookies de origen son aquellas cookies colocadas por Extu. Estas cookies son utilizadas por Extu e incluyen todas las cookies esenciales. <\/li>\n<\/ul>\n\n\n\n<ul class=\"wp-block-list\">\n<li>Las cookies de terceros son colocadas por otra empresa, incluidos proveedores de servicios, cookies de redes sociales y empresas de publicidad de terceros. Estos terceros pueden leer las cookies colocadas por terceros cuando visita otros sitios en la red publicitaria, lo que permite crear un perfil de su comportamiento en l\u00ednea para que el tercero pueda ofrecer anuncios espec\u00edficos de todos sus clientes. <\/li>\n<\/ul>\n\n\n\n<ul class=\"wp-block-list\">\n<li><strong>Etiquetas de p\u00edxeles y balizas web<\/strong><br>Las etiquetas de p\u00edxeles (tambi\u00e9n llamadas balizas web) son peque\u00f1as im\u00e1genes gr\u00e1ficas y peque\u00f1os bloques de c\u00f3digo colocados en p\u00e1ginas de sitios web, anuncios o correos electr\u00f3nicos que nos permiten determinar si usted ha realizado una acci\u00f3n espec\u00edfica. Cuando accede a las p\u00e1ginas o abre un correo electr\u00f3nico, la etiqueta nos permite saber que ha accedido a la p\u00e1gina web o ha abierto el correo electr\u00f3nico. Estas herramientas nos permiten medir la respuesta a nuestras comunicaciones y mejorar nuestras p\u00e1ginas web y promociones.  <\/li>\n\n\n\n<li><strong>Registros del servidor<\/strong><br>Los registros del servidor registran las actividades en nuestros sitios web. Otros tipos de registros recopilan informaci\u00f3n similar de nuestras aplicaciones. Estos registros recogen informaci\u00f3n sobre el dispositivo que utiliza para acceder a nuestro sitio web, su tipo de sistema operativo, tipo de navegador, dominio y otras configuraciones del sistema, as\u00ed como el idioma que utiliza su sistema y el pa\u00eds y la zona horaria donde se encuentra su dispositivo. Nuestros registros tambi\u00e9n registran la direcci\u00f3n IP del dispositivo que utiliza para conectarse a Internet. Una direcci\u00f3n IP es un identificador \u00fanico que los dispositivos necesitan para identificarse y comunicarse entre s\u00ed en Internet. Tambi\u00e9n podemos recopilar informaci\u00f3n sobre el sitio web que estaba visitando antes de llegar a Extu y el sitio web que visita despu\u00e9s de abandonar nuestro sitio.     <\/li>\n<\/ul>\n","protected":false},"excerpt":{"rendered":"<p>En vigor: 23 de diciembre del 2022 Cuando visita nuestros Sitios, utiliza nuestras aplicaciones m\u00f3viles, interact\u00faa con nuestros &hellip;<\/p>\n","protected":false},"author":4,"featured_media":0,"parent":139227,"menu_order":0,"comment_status":"closed","ping_status":"closed","template":"","meta":{"_acf_changed":false,"_eb_attr":"","footnotes":""},"class_list":["post-129206","page","type-page","status-publish"],"acf":{"footer_box_text":"<h2 data-pm-slice=\"1 1 []\">Partnering With Us = Higher Returns for You<\/h2>","footer_form_text":"Channel Growth Looks Good On You","footer_form":""},"_links":{"self":[{"href":"https:\/\/extu.com\/es_mx\/wp-json\/wp\/v2\/pages\/129206","targetHints":{"allow":["GET"]}}],"collection":[{"href":"https:\/\/extu.com\/es_mx\/wp-json\/wp\/v2\/pages"}],"about":[{"href":"https:\/\/extu.com\/es_mx\/wp-json\/wp\/v2\/types\/page"}],"author":[{"embeddable":true,"href":"https:\/\/extu.com\/es_mx\/wp-json\/wp\/v2\/users\/4"}],"replies":[{"embeddable":true,"href":"https:\/\/extu.com\/es_mx\/wp-json\/wp\/v2\/comments?post=129206"}],"version-history":[{"count":0,"href":"https:\/\/extu.com\/es_mx\/wp-json\/wp\/v2\/pages\/129206\/revisions"}],"up":[{"embeddable":true,"href":"https:\/\/extu.com\/es_mx\/wp-json\/wp\/v2\/pages\/139227"}],"wp:attachment":[{"href":"https:\/\/extu.com\/es_mx\/wp-json\/wp\/v2\/media?parent=129206"}],"curies":[{"name":"wp","href":"https:\/\/api.w.org\/{rel}","templated":true}]}}