{"id":129102,"date":"2023-11-14T01:57:00","date_gmt":"2023-11-14T01:57:00","guid":{"rendered":"https:\/\/extu.com\/informacion-legal\/acuerdo-mutuo-de-confidencialidad-y-no-divulgacion\/"},"modified":"2025-08-08T19:13:24","modified_gmt":"2025-08-08T19:13:24","slug":"acuerdo-mutuo-de-confidencialidad-y-no-divulgacion","status":"publish","type":"page","link":"https:\/\/extu.com\/es_mx\/informacion-legal\/acuerdo-mutuo-de-confidencialidad-y-no-divulgacion\/","title":{"rendered":"Acuerdo Mutuo de Confidencialidad y No Divulgaci\u00f3n"},"content":{"rendered":"<div class=\"gb-container gb-container-b9b8bdc7 gb-container-default\">\n<div class=\"gb-container gb-container-727a5169 gb-container-inner\">\n\n<h1 class=\"gb-headline gb-headline-75f232a7 gb-headline-text\">Acuerdo Mutuo de Confidencialidad y No Divulgaci\u00f3n&nbsp;<\/h1>\n\n<\/div>\n<\/div>\n\n<div class=\"gb-container gb-container-27f6910c gb-container-default\">\n<div class=\"gb-container gb-container-372ebc27 gb-container-inner\">\n\n<p><strong>Acuerdo<\/strong> y reconocimiento entre <strong>Extu, Inc<\/strong>., una corporaci\u00f3n de Georgia, sus accionistas y afiliados (en adelante colectivamente \u201cExtu\u201d) de 4170 Ashford Dunwoody Rd, Suite 250, Atlanta, GA 30319 y ______________________<strong> <\/strong>(\u201cPatrocinador\u201d), constituida en el estado de _______________, y teniendo su lugar principal de negocios en _______________________. En el presente documento, nos referiremos colectivamente a Extu y al Patrocinador como \u201cPartes\u201d.  <\/p>\n\n\n\n<p><strong>Considerando que<\/strong>, las Partes de este Acuerdo tienen la intenci\u00f3n de discutir y celebrar diversos acuerdos comerciales; <\/p>\n\n\n\n<p><strong>Considerando que<\/strong>, como parte de dichas discusiones y acuerdos comerciales, las Partes pueden revelar cierta informaci\u00f3n que es confidencial y propiedad de cada parte; <\/p>\n\n\n\n<p><strong>Considerando que<\/strong>, la divulgaci\u00f3n de dicha informaci\u00f3n por parte de las Partes permitir\u00e1 que las Partes tengan el potencial de obtener ingresos significativos; <\/p>\n\n\n\n<p><strong>Considerando que<\/strong>, las Partes s\u00f3lo divulgar\u00e1n dicha informaci\u00f3n siempre y cuando acuerden estar sujetas a los t\u00e9rminos de este Acuerdo; y <\/p>\n\n\n\n<p><strong>Ahora<\/strong>, por lo tanto, en consideraci\u00f3n de la divulgaci\u00f3n de informaci\u00f3n por parte de las Partes y los acuerdos mutuos contenidos en este documento, las Partes acuerdan lo siguiente: <\/p>\n\n<\/div>\n\n<div class=\"gb-container gb-container-d3aa09ef gb-container-inner\">\n\n<ol class=\"wp-block-list\" start=\"1\">\n<li>\u201cParte Divulgadora\u201d significar\u00e1 la parte que proporciona Informaci\u00f3n Confidencial a la otra Parte. <\/li>\n<\/ol>\n\n\n\n<ol class=\"wp-block-list\" start=\"2\">\n<li>\u201cParte Receptora\u201d significar\u00e1 la parte que recibe Informaci\u00f3n Confidencial de la Parte Divulgadora. <\/li>\n<\/ol>\n\n\n\n<ol class=\"wp-block-list\" start=\"3\">\n<li>\u201cInformaci\u00f3n Confidencial\u201d significa informaci\u00f3n recibida de o relacionada con la Parte Divulgadora (a) que deriva valor econ\u00f3mico, real o potencial, de no ser generalmente conocida o f\u00e1cilmente determinable por otras personas que puedan obtener valor econ\u00f3mico de su divulgaci\u00f3n o uso; y (b) que sea objeto de esfuerzos que sean razonables seg\u00fan las circunstancias para mantener su secreto. La Informaci\u00f3n Confidencial incluye, sin limitaci\u00f3n, a cualquier conocimiento o propiedad material de la Parte Divulgadora (i) que la Parte Receptora obtenga conocimiento o acceda a este como resultado de conversaciones con la Parte Divulgadora; (ii) que la Parte Divulgadora revele a la Parte Receptora (incluido cualquier conocimiento concebido, originado, descubierto o desarrollado como resultado de la divulgaci\u00f3n de dicha informaci\u00f3n). La Informaci\u00f3n Confidencial incluye, pero no est\u00e1 limitada a los siguientes tipos de conocimiento o datos similares (ya sea reducidos o no a escritos): (i) planos, materiales u otra informaci\u00f3n relacionada con el negocio propuesto de la Parte Divulgadora; (ii) descubrimientos, invenciones, conceptos e ideas, patentables o no, incluidos, sin limitaci\u00f3n a la naturaleza y los resultados de las actividades, t\u00e9cnicas y \u201cconocimientos\u201d de investigaci\u00f3n y desarrollo; (iii) cualquier otro material o conocimiento relacionado con los planes de negocios o actividades de la Parte Divulgadora que generalmente no son conocidos por otros y (iv) los proveedores de servicios de la Parte Divulgadora; y (v) cualquier conocimiento descrito anteriormente que la Parte Divulgadora trate como confidencial o de propiedad exclusiva o designe como tal. La Parte Receptora, con la intenci\u00f3n de obligarse legalmente, por el presente acepta y garantiza a la Parte Divulgadora que no interferir\u00e1, eludir\u00e1 ni intentar\u00e1 eludir u obviar, directa o indirectamente, los intereses o negocios de la Parte Reveladora de ninguna manera.             <\/li>\n<\/ol>\n\n\n\n<ol class=\"wp-block-list\" start=\"4\">\n<li>Las Partes mantendr\u00e1n toda la Informaci\u00f3n Confidencial en confianza y confidencialidad y no divulgar\u00e1n dicha Informaci\u00f3n Confidencial a ning\u00fan tercero ni utilizar\u00e1n dicha Informaci\u00f3n Confidencial para ning\u00fan prop\u00f3sito no autorizado. Las Partes podr\u00e1n utilizar dicha Informaci\u00f3n Confidencial s\u00f3lo en la medida necesaria para cumplir los prop\u00f3sitos de este Acuerdo. Las Partes informar\u00e1n a sus empleados, afiliados o consultores (colectivamente, \u201cRepresentantes\u201d) que puedan tener acceso a Informaci\u00f3n Confidencial sobre la naturaleza confidencial de la misma y acuerdan que sus empleados estar\u00e1n sujetos a los t\u00e9rminos de este Acuerdo. No se divulgar\u00e1 informaci\u00f3n confidencial a ning\u00fan empleado, afiliado o consultor que no necesite dicha informaci\u00f3n. La Parte Receptora ser\u00e1 responsable de los actos y omisiones de todos sus Representantes y proporcionar\u00e1 una copia de este Acuerdo a todos los Representantes a quienes se les revele Informaci\u00f3n Confidencial. Cualquier divulgaci\u00f3n de Informaci\u00f3n Confidencial a cualquier parte que no sea un Representante seg\u00fan se define ese t\u00e9rmino en este documento no se realizar\u00e1 sin la aprobaci\u00f3n previa por escrito de la Parte Divulgadora.      <\/li>\n<\/ol>\n\n\n\n<ol class=\"wp-block-list\" start=\"5\">\n<li>La Informaci\u00f3n Confidencial no se reproducir\u00e1 de ninguna forma excepto cuando sea necesario para cumplir con la intenci\u00f3n de este Acuerdo. Toda la informaci\u00f3n confidencial (incluidas todas las copias de la misma) seguir\u00e1 siendo propiedad de la parte divulgadora y se devolver\u00e1 a la parte divulgadora una vez que la parte receptora haya expirado, o a petici\u00f3n de la parte divulgadora, y en cualquier caso, al finalizar o rescindir este Acuerdo. No se har\u00e1n o conservar\u00e1n copias de ninguna informaci\u00f3n proporcionada a la parte receptora sin el permiso expreso por escrito de la parte divulgadora. Todas las notas, extractos, memorandos u otros documentos divulgados que contengan Informaci\u00f3n Confidencial o cualquier discusi\u00f3n sobre la misma, ser\u00e1n destruidos o devueltos a la parte divulgadora mediante solicitud previa. La parte receptora certificar\u00e1 a la parte divulgadora que ha cumplido plenamente con las instrucciones de la parte divulgadora y que no ha retenido toda o parte de la Informaci\u00f3n Confidencial. Ninguna divulgaci\u00f3n de Informaci\u00f3n Confidencial en virtud del presente se interpretar\u00e1 como una divulgaci\u00f3n p\u00fablica de dicha Informaci\u00f3n Confidencial por parte de cualquiera de las partes para cualquier prop\u00f3sito.      <\/li>\n<\/ol>\n\n\n\n<ol class=\"wp-block-list\" start=\"6\">\n<li>La Informaci\u00f3n Confidencial no incluye informaci\u00f3n o materiales que: (i) sean o lleguen a ser generalmente conocidos o disponibles para el p\u00fablico sin culpa alguna de la Parte Receptora; (ii) ya era conocido por la Parte Receptora sin restricciones, antes de recibirlo de o en nombre de la Parte Divulgadora; (iii) es divulgada legalmente a la Parte Receptora por un tercero de que la parte receptora no tenga constancia de que est\u00e9 obligado a ello, ya sea contractual, fiduciaria, estatutaria o de otro tipo, de confidencialidad con la Parte Divulgadora con respecto a dicha Informaci\u00f3n Confidencial; (iv) es desarrollado en cualquier momento por la Parte Receptora de forma independiente sin uso o referencia a la Informaci\u00f3n Confidencial de la otra Parte; o (v) deba divulgarse en virtud de una orden o requerimiento de un tribunal, agencia administrativa u otro organismo gubernamental con jurisdicci\u00f3n competente; siempre y cuando la Parte Receptora haga esfuerzos diligentes para limitar dicha divulgaci\u00f3n y notifique a la Parte Divulgadora dentro de los tres (3) d\u00edas posteriores a la recepci\u00f3n de dicha orden judicial o requisito para permitir que la Parte Divulgadora solicite una orden de protecci\u00f3n o de otra manera impida o restrinja dicha divulgaci\u00f3n.<\/li>\n<\/ol>\n\n\n\n<ol class=\"wp-block-list\" start=\"7\">\n<li>Propiedad de la Informaci\u00f3n Confidencial. La Parte Receptora acepta que la Parte Divulgadora es y seguir\u00e1 siendo la propietaria exclusiva de la Informaci\u00f3n Confidencial divulgada a la Parte Receptora y de todas las patentes, derechos de autor, secretos comerciales, marcas comerciales y otros derechos de propiedad intelectual contenidos en la misma.  <\/li>\n<\/ol>\n\n\n\n<ol class=\"wp-block-list\" start=\"8\">\n<li>No se implica ni se otorga a la parte receptora ning\u00fan derecho o licencia sobre marcas comerciales, invenciones, derechos de autor, patentes o cualquier otra propiedad intelectual en virtud de este Acuerdo y la divulgaci\u00f3n de Informaci\u00f3n Confidencial no dar\u00e1 lugar a ninguna obligaci\u00f3n de otorgar a la Parte Receptora ning\u00fan derecho sobre o a las materias de la Informaci\u00f3n Confidencial. <\/li>\n<\/ol>\n\n\n\n<ol class=\"wp-block-list\" start=\"9\">\n<li>Los t\u00e9rminos de confidencialidad de este Acuerdo sobrevivir\u00e1n por un per\u00edodo de tres (3) a\u00f1os a partir de la fecha de este Acuerdo. <\/li>\n<\/ol>\n\n\n\n<ol class=\"wp-block-list\" start=\"10\">\n<li>Las Partes acuerdan que las disposiciones de este Acuerdo son la esencia de este Acuerdo y que si el Patrocinador no hubiera aceptado mantener confidencial la Informaci\u00f3n de Extu y no hubiera aceptado estar sujeto a este Acuerdo, Extu no habr\u00eda revelado ni proporcionado Informaci\u00f3n de Extu al Patrocinador. Si Extu no hubiera aceptado estar sujeto a este Acuerdo, el Patrocinador no revelar\u00eda cierta Informaci\u00f3n Confidencial a Extu. Cada uno de los acuerdos contenidos en este documento son razonables y necesarios para proteger los negocios, intereses y propiedades de las Partes. Las Partes sufrir\u00edan da\u00f1os irreparables en caso de cualquier incumplimiento de este Acuerdo. De manera acorde, cada Parte consiente y acepta que la otra parte tendr\u00eda derecho a medidas cautelares temporales, preliminares y definitivas, as\u00ed como a cualquier otro remedio aplicable por ley o en equidad contra la parte receptora si esa parte ha violado o amenaza con violar este Acuerdo. La existencia de cualquier reclamaci\u00f3n de una Parte contra la otra no constituir\u00e1 una defensa para el cumplimiento por la otra de los pactos y acuerdos contenidos en este Acuerdo.      <\/li>\n<\/ol>\n\n\n\n<ol class=\"wp-block-list\" start=\"11\">\n<li>Si un tribunal de jurisdicci\u00f3n competente declara inv\u00e1lida alguna de las disposiciones de este Acuerdo, dicha disposici\u00f3n se eliminar\u00e1 de este Acuerdo y las dem\u00e1s disposiciones del presente permanecer\u00e1n en pleno vigor y efecto. <\/li>\n<\/ol>\n\n\n\n<ol class=\"wp-block-list\" start=\"12\">\n<li>El hecho de no hacer cumplir en cualquier momento cualquier disposici\u00f3n de este Acuerdo, o de insistir en el cumplimiento oportuno de cualquier obligaci\u00f3n contenida en este Acuerdo, no se interpretar\u00e1 como una renuncia a dicha disposici\u00f3n o cualquier otra disposici\u00f3n, o al derecho de cumplimiento oportuno de todas las obligaciones aqu\u00ed contenidas. <\/li>\n<\/ol>\n\n\n\n<ol class=\"wp-block-list\" start=\"13\">\n<li>Este Acuerdo constituye el acuerdo completo entre las Partes con respecto al asunto de este y fusiona todas las discusiones previas entre ellas como Informaci\u00f3n Confidencial. No podr\u00e1 modificarse excepto mediante acuerdo escrito fechado con posterioridad a la fecha de este Acuerdo y firmado por ambas partes.  <\/li>\n<\/ol>\n\n\n\n<ol class=\"wp-block-list\" start=\"14\">\n<li>Si cualquiera de las partes emplea abogados para hacer cumplir cualquier derecho que surja o est\u00e9 relacionado con este Acuerdo, la parte que prevalezca tendr\u00e1 derecho a recuperar los honorarios de los abogados razonables. <\/li>\n<\/ol>\n\n\n\n<ol class=\"wp-block-list\" start=\"15\">\n<li>Este Acuerdo ser\u00e1 interpretado y regido en conformidad con las leyes del Estado de Georgia. <\/li>\n<\/ol>\n\n\n\n<ol class=\"wp-block-list\" start=\"16\">\n<li>Este Acuerdo ha sido negociado entre las Partes y por lo tanto se considerar\u00e1 redactado mutuamente por ellas. <\/li>\n<\/ol>\n\n<\/div>\n\n<div class=\"gb-container gb-container-cada4080 gb-container-inner\">\n\n<p>FIRMADO Y ENTREGADO. <\/p>\n\n\n<div class=\"gb-grid-wrapper gb-grid-wrapper-d58f33a0\">\n<div class=\"gb-grid-column gb-grid-column-28bdc1a8\"><div class=\"gb-container gb-container-28bdc1a8\">\n\n<p><strong>PATROCINADOR<\/strong> <\/p>\n\n\n\n<p>Por: _________________________________<\/p>\n\n\n\n<p>Nombre: _______________________________ <\/p>\n\n\n\n<p>Puesto: _________________________________<\/p>\n\n\n\n<p>Fecha: _________________________________<\/p>\n\n<\/div><\/div>\n\n<div class=\"gb-grid-column gb-grid-column-0c2ed346\"><div class=\"gb-container gb-container-0c2ed346\">\n\n<p><strong>EXTU, INC.<\/strong> <\/p>\n\n\n\n<p>Por: _________________________________<\/p>\n\n\n\n<p>Nombre: _________________________________<\/p>\n\n\n\n<p>Puesto: _________________________________<\/p>\n\n\n\n<p>Fecha: _________________________________<\/p>\n\n<\/div><\/div>\n<\/div>\n<\/div>\n<\/div>","protected":false},"excerpt":{"rendered":"<p>Acuerdo Mutuo de Confidencialidad y No Divulgaci\u00f3n&nbsp; Acuerdo y reconocimiento entre Extu, Inc., una corporaci\u00f3n de Georgia, sus &hellip;<\/p>\n","protected":false},"author":4,"featured_media":0,"parent":139227,"menu_order":0,"comment_status":"closed","ping_status":"closed","template":"","meta":{"_acf_changed":false,"_eb_attr":"","footnotes":""},"class_list":["post-129102","page","type-page","status-publish"],"acf":{"footer_box_text":"<h2 data-pm-slice=\"1 1 []\">Partnering With Us = Higher Returns for You<\/h2>","footer_form_text":"Channel Growth Looks Good On You","footer_form":""},"_links":{"self":[{"href":"https:\/\/extu.com\/es_mx\/wp-json\/wp\/v2\/pages\/129102","targetHints":{"allow":["GET"]}}],"collection":[{"href":"https:\/\/extu.com\/es_mx\/wp-json\/wp\/v2\/pages"}],"about":[{"href":"https:\/\/extu.com\/es_mx\/wp-json\/wp\/v2\/types\/page"}],"author":[{"embeddable":true,"href":"https:\/\/extu.com\/es_mx\/wp-json\/wp\/v2\/users\/4"}],"replies":[{"embeddable":true,"href":"https:\/\/extu.com\/es_mx\/wp-json\/wp\/v2\/comments?post=129102"}],"version-history":[{"count":0,"href":"https:\/\/extu.com\/es_mx\/wp-json\/wp\/v2\/pages\/129102\/revisions"}],"up":[{"embeddable":true,"href":"https:\/\/extu.com\/es_mx\/wp-json\/wp\/v2\/pages\/139227"}],"wp:attachment":[{"href":"https:\/\/extu.com\/es_mx\/wp-json\/wp\/v2\/media?parent=129102"}],"curies":[{"name":"wp","href":"https:\/\/api.w.org\/{rel}","templated":true}]}}