{"id":129082,"date":"2023-08-10T15:38:08","date_gmt":"2023-08-10T15:38:08","guid":{"rendered":"https:\/\/extu.com\/informacion-legal\/explicacion-del-gdpr\/"},"modified":"2025-08-08T19:13:30","modified_gmt":"2025-08-08T19:13:30","slug":"explicacion-del-gdpr","status":"publish","type":"page","link":"https:\/\/extu.com\/es_mx\/informacion-legal\/explicacion-del-gdpr\/","title":{"rendered":"Explicaci\u00f3n del RGPD"},"content":{"rendered":"<div class=\"gb-container gb-container-b18ab946 gb-container-default\">\n<div class=\"gb-container gb-container-5d0439a9 gb-container-inner\">\n<div class=\"gb-grid-wrapper gb-grid-wrapper-209d1e03\">\n<div class=\"gb-grid-column gb-grid-column-22a1eb65\"><div class=\"gb-container gb-container-22a1eb65\">\n\n<h1 class=\"gb-headline gb-headline-aa84e7da gb-headline-text\">Explicaci\u00f3n del RGPD<\/h1>\n\n<\/div><\/div>\n<\/div>\n<\/div>\n<\/div>\n\n<div class=\"gb-container gb-container-893a9890 gb-container-default\">\n<div class=\"gb-container gb-container-58d45196 gb-container-inner\">\n\n<h3 class=\"gb-headline gb-headline-49d13dfc gb-headline-text\">\u00bfQu\u00e9 es el RGPD?<\/h3>\n\n\n\n<p>El Reglamento General de Protecci\u00f3n de Datos (RGPD) es un marco legal dise\u00f1ado para proteger la privacidad de las personas en la Uni\u00f3n Europea (UE) y brindarles un mayor control sobre c\u00f3mo se recopilan, procesan y utilizan sus datos personales.<\/p>\n\n\n\n<p>El RGPD se aplica al procesamiento de datos personales en cualquier parte del mundo por empresas establecidas dentro de la UE. Tambi\u00e9n se aplica globalmente a cualquier empresa fuera de la UE que procese datos personales de personas mientras ofrece bienes\/servicios dentro de la UE o supervisa el comportamiento de personas en la UE.<\/p>\n\n\n\n<p>El RGPD se ha implementado en las leyes nacionales de toda la UE y el RU.<\/p>\n\n\n\n<h3 class=\"gb-headline gb-headline-a195d8d9 gb-headline-text\">\u00bfCu\u00e1les son los requisitos clave del RGPD?<\/h3>\n\n\n\n<p>El RGPD es un paso positivo hacia la creaci\u00f3n de una mayor confianza y transparencia entre organizaciones e individuos. Algunas de las \u00e1reas que cubre son:<\/p>\n\n\n\n<ul class=\"wp-block-list\">\n<li><strong>Los datos personales de personas dentro de la UE<\/strong>: esto incluye cualquier informaci\u00f3n relacionada con un individuo o \u2018sujeto de datos\u2019 que pueda usarse para identificar directa o indirectamente a esa persona. Esto incluye no s\u00f3lo informaci\u00f3n como un nombre, direcci\u00f3n de correo electr\u00f3nico o foto, sino tambi\u00e9n datos bancarios o de tarjeta de cr\u00e9dito; informaci\u00f3n m\u00e9dica; afiliaciones pol\u00edticas, religiosas o de otro tipo; antecedentes penales; o la direcci\u00f3n IP de una computadora. No existe distinci\u00f3n seg\u00fan el RGPD entre datos personales recolectados en un contexto de empresa a consumidor o de empresa a empresa; sin embargo, existen otras leyes sobre c\u00f3mo se pueden utilizar las comunicaciones electr\u00f3nicas, que difieren cuando se trata directamente con los consumidores.<\/li>\n\n\n\n<li><strong>C\u00f3mo se procesa la informaci\u00f3n personal<\/strong>: La informaci\u00f3n personal solo puede recolectarse y procesarse si existe una base legal para hacerlo. El consentimiento es una base que puede utilizarse con fines de marketing directo; sin embargo, no es la \u00fanica base legal. Otros motivos para el procesamiento legal de datos personales seg\u00fan el art\u00edculo 6 del RGPD incluyen la ejecuci\u00f3n de un contrato, el cumplimiento de una obligaci\u00f3n legal o cuando existe un &#8220;inter\u00e9s leg\u00edtimo&#8221; de la empresa o de un tercero que, en general, no infringe los derechos de privacidad del individuo.<\/li>\n\n\n\n<li><strong>Los derechos de los individuos<\/strong>: Los individuos tienen derecho a solicitar: acceso a sus datos personales, correcci\u00f3n de errores en sus datos personales, eliminaci\u00f3n de sus datos personales y\/o exportaci\u00f3n de sus datos personales. Tambi\u00e9n pueden oponerse al procesamiento de sus datos personales o solicitar que se limiten las actividades de procesamiento. <\/li>\n\n\n\n<li><strong>Violaciones de datos<\/strong>: existen obligaciones de informar ciertos tipos de violaciones de datos a la autoridad supervisora pertinente y a las personas afectadas (para el RU, la autoridad relevante es la Oficina del Comisionado de Informaci\u00f3n (ICO por sus siglas en ingl\u00e9s)).<\/li>\n\n\n\n<li><strong>Seguridad de datos y sistemas<\/strong>: los datos personales deben protegerse utilizando medidas t\u00e9cnicas y organizacionales adecuadas para garantizar un nivel de seguridad adecuado a los riesgos de privacidad asociados con cualquier dato personal en particular a lo largo de su ciclo de vida.<\/li>\n\n\n\n<li><strong>Transferencias al exterior<\/strong>: Los datos personales solo podr\u00e1n transferirse fuera de Europa en circunstancias limitadas, entre ellas: i) a pa\u00edses no europeos que la Comisi\u00f3n Europea haya determinado que proporcionan un nivel adecuado de protecci\u00f3n de datos;<br>(ii) cuando las partes de la transferencia utilicen cl\u00e1usulas de protecci\u00f3n de datos que hayan sido aprobadas por la Comisi\u00f3n Europea; (iii) cuando existan c\u00f3digos de conducta o certificaciones aprobados; o (iv) cuando grupos empresariales hayan adoptado \u201cNormas corporativas vinculantes\u201d aprobadas por la Comisi\u00f3n Europea.  <\/li>\n\n\n\n<li><strong>Transparencia<\/strong>: los avisos de privacidad y los contratos de usuario deben ser simples, claros y f\u00e1ciles de entender. Al recolectar datos personales, debe quedar claro, entre otras cosas, para qu\u00e9 se utilizar\u00e1n los datos, c\u00f3mo y durante cu\u00e1nto tiempo se conservar\u00e1n, bajo qu\u00e9 base legal se procesar\u00e1n y qu\u00e9 derechos est\u00e1n disponibles para el individuo. Una vez recolectados legalmente, los datos personales s\u00f3lo deben utilizarse para los fines para los que fueron recolectados y estrictamente de acuerdo con la informaci\u00f3n proporcionada al individuo.  <\/li>\n<\/ul>\n\n\n\n<h3 class=\"gb-headline gb-headline-12d4d2b0 gb-headline-text\">\u00bfQu\u00e9 significa el RGPD para las empresas?<\/h3>\n\n\n\n<p>El RGPD trata sobre ser claro, honesto, transparente y \u00e9tico con los datos personales. Se aplica a las empresas que son controladores de datos (la persona \/ empresa que determina c\u00f3mo se procesan los datos personales) o procesadores de datos (la persona \/ empresa que procesa datos personales bajo instrucciones del controlador de datos). Si usted es una organizaci\u00f3n de este tipo, debe asegurarse de proteger los datos que utiliza y la privacidad de aquellos de quienes los ha recolectado, como lo har\u00eda con cualquier otro activo.<\/p>\n\n\n\n<p>Aqu\u00ed hay cinco pasos simples que puede seguir para cumplir con el RGPD:<\/p>\n\n\n\n<ol class=\"wp-block-list\">\n<li><strong>Proteja sus sistemas<\/strong>: aseg\u00farese de que los sistemas que recolectan, procesan y almacenan datos personales sean seguros. Debe considerar aspectos como la seguridad f\u00edsica (por ejemplo, cerraduras), la seguridad cibern\u00e9tica (por ejemplo, antivirus), la seguridad del sistema (por ejemplo, firewalls), la seguridad de los datos (por ejemplo, cifrado) y la seguridad del dispositivo (por ejemplo, autenticaci\u00f3n).<\/li>\n\n\n\n<li><strong>Documente sus flujos de datos<\/strong>: mapee sus flujos de datos e informaci\u00f3n para ayudarlo a realizar una evaluaci\u00f3n adecuada de sus riesgos de privacidad. Compruebe cu\u00e1les de sus productos y servicios recopilan y procesan datos personales. Identifique qu\u00e9 informaci\u00f3n personal se recopila, por qu\u00e9 se recopila, c\u00f3mo se usa, se comparte, se almacena, se protege, se retiene y se elimina. Identificar si los datos son <a href=\"https:\/\/ico.org.uk\/for-organisations\/uk-gdpr-guidance-and-resources\/lawful-basis\/a-guide-to-lawful-basis\/special-category-data\/\" target=\"_blank\" rel=\"noopener\">datos personales sensibles<\/a> y si usted es responsable o encargado del tratamiento de esos datos.<\/li>\n\n\n\n<li><strong>Tenga una base legal para el procesamiento<\/strong>:<strong>&nbsp;<\/strong>determine la <a href=\"https:\/\/ico.org.uk\/for-organisations\/uk-gdpr-guidance-and-resources\/lawful-basis\/a-guide-to-lawful-basis\/\" target=\"_blank\" rel=\"noopener\">base legal<\/a> para el procesamiento de datos personales y docum\u00e9ntela. Hay seis bases legales en las que se puede confiar:\n<ul class=\"wp-block-list\">\n<li><strong style=\"background-color: var(--base-2); color: var(--contrast);\">Consentimiento <\/strong><span style=\"background-color: var(--base-2); color: var(--contrast);\">cuando existe elecci\u00f3n y control genuinos. El consentimiento debe ser inequ\u00edvoco, otorgado libremente, informado y otorgado mediante una acci\u00f3n afirmativa clara. <\/span><\/li>\n\n\n\n<li><strong style=\"background-color: var(--base-2); color: var(--contrast);\">Inter\u00e9s leg\u00edtimo<\/strong>: <span style=\"background-color: var(--base-2); color: var(--contrast);\">puede aplicarse cuando la informaci\u00f3n personal se utiliza de la manera que el individuo razonablemente esperar\u00eda, hay un impacto m\u00ednimo y existe un inter\u00e9s leg\u00edtimo que es necesario para que se lleve a cabo el procesamiento.<\/span><\/li>\n\n\n\n<li><strong style=\"background-color: var(--base-2); color: var(--contrast);\">Contrato<\/strong>: <span style=\"background-color: var(--base-2); color: var(--contrast);\">para cumplir con obligaciones contractuales o hubo una solicitud para hacer algo como proporcionar una cotizaci\u00f3n antes de celebrar un contrato.<\/span><\/li>\n\n\n\n<li><strong style=\"background-color: var(--base-2); color: var(--contrast);\">Obligaci\u00f3n legal<\/strong>: <span style=\"background-color: var(--base-2); color: var(--contrast);\">cumplir con una ley u obligaci\u00f3n estatutaria.<\/span><\/li>\n\n\n\n<li><strong style=\"background-color: var(--base-2); color: var(--contrast);\">Inter\u00e9s vital<\/strong>: <span style=\"background-color: var(--base-2); color: var(--contrast);\">proteger la vida de alguien.<\/span><\/li>\n\n\n\n<li><strong style=\"background-color: var(--base-2); color: var(--contrast);\">Tarea p\u00fablica<\/strong>: <span style=\"background-color: var(--base-2); color: var(--contrast);\">para funciones p\u00fablicas o tareas de inter\u00e9s p\u00fablico.<\/span><span style=\"background-color: var(--base-2); color: var(--contrast);\"><\/span><br>La Oficina del Comisionado de Informaci\u00f3n tiene <a href=\"https:\/\/ico.org.uk\/for-organisations\/uk-gdpr-guidance-and-resources\/lawful-basis\/lawful-basis-interactive-guidance-tool\/\" target=\"_blank\" rel=\"noreferrer noopener\">una herramienta de orientaci\u00f3n interactiva sobre bases legales<\/a> que puede ayudarlo a determinar la base legal m\u00e1s adecuada para el procesamiento de datos personales.<\/li>\n<\/ul>\n<\/li>\n\n\n\n<li><strong>Revise sus avisos y divulgaciones:<\/strong> revise y actualice sus avisos de privacidad par asegurarse de que reflejen sus actividades de procesamiento de datos personales. Debe revelar en qu\u00e9 base legal conf\u00eda para el procesamiento de datos personales. Si conf\u00eda en el consentimiento, aseg\u00farese de que sus solicitudes de consentimiento sean claras y no incluyan casillas de verificaci\u00f3n previamente marcadas. Revisar y actualizar o determinar si se requieren otras declaraciones o divulgaciones con respecto a la recolecci\u00f3n, el uso y el procesamiento de informaci\u00f3n personal.<\/li>\n\n\n\n<li><strong>Ley Federal de Protecci\u00f3n de Datos Personales en Posesi\u00f3n de los Particulares<\/strong>: al aceptar el uso de estos Servicios, usted acepta expl\u00edcitamente el uso de sus datos personales que ser\u00e1n procesados por Extu para la prestaci\u00f3n de estos servicios, seg\u00fan lo exige la Ley Federal de Protecci\u00f3n de Datos Personales en Posesi\u00f3n de los Particulares (Ley Federal de Protecci\u00f3n de Datos Personales en Posesi\u00f3n de los Particulares).<\/li>\n\n\n\n<li><strong>Establezca pol\u00edticas y procedimientos internos<\/strong>: establezca directrices y procesos formalizados para ayudarlo a manejar situaciones como quejas de privacidad, violaciones de datos y solicitudes de acceso a informaci\u00f3n personal.<\/li>\n<\/ol>\n\n\n\n<p>Tambi\u00e9n debe hablar con sus asesores legales sobre lo que debe hacer para cumplir con el RGPD.<\/p>\n\n\n\n<h3 class=\"gb-headline gb-headline-74d8186a gb-headline-text\">Otros recursos del RGPD<\/h3>\n\n\n\n<p>Puede obtener m\u00e1s informaci\u00f3n \u00fatil sobre el RGPD en la Oficina del Comisionado de Informaci\u00f3n del Reino Unido (ICO por sus siglas en ingl\u00e9s): <a href=\"https:\/\/ico.org.uk\/for-organisations\/guide-to-the-general-data-protection-regulation-gdpr\/\" target=\"_blank\" rel=\"noopener\">Gu\u00eda del RGPD.<\/a><\/p>\n\n<\/div>\n<\/div>\n\n<div class=\"gb-container gb-container-f02ad42d gb-container-default\">\n<div class=\"gb-container gb-container-369a59fd gb-container-inner\">\n\n<p><em>Este material se proporciona para su informaci\u00f3n general y no pretende brindar asesoramiento legal. Para comprender el impacto total del GDPR en cualquiera de sus actividades de procesamiento de datos, consulte con un profesional legal y\/o de privacidad independiente. <\/em><\/p>\n\n<\/div>\n<\/div>","protected":false},"excerpt":{"rendered":"<p>\u00bfQu\u00e9 es el RGPD? El Reglamento General de Protecci\u00f3n de Datos (RGPD) es un marco legal dise\u00f1ado para &hellip;<\/p>\n","protected":false},"author":4,"featured_media":0,"parent":139227,"menu_order":0,"comment_status":"closed","ping_status":"closed","template":"","meta":{"_acf_changed":false,"_eb_attr":"","footnotes":""},"class_list":["post-129082","page","type-page","status-publish"],"acf":{"footer_box_text":"<h2 data-pm-slice=\"1 1 []\">Asociarse con nosotros = Mayor rentabilidad para usted<\/h2>","footer_form_text":"El crecimiento del canal le queda bien","footer_form":""},"_links":{"self":[{"href":"https:\/\/extu.com\/es_mx\/wp-json\/wp\/v2\/pages\/129082","targetHints":{"allow":["GET"]}}],"collection":[{"href":"https:\/\/extu.com\/es_mx\/wp-json\/wp\/v2\/pages"}],"about":[{"href":"https:\/\/extu.com\/es_mx\/wp-json\/wp\/v2\/types\/page"}],"author":[{"embeddable":true,"href":"https:\/\/extu.com\/es_mx\/wp-json\/wp\/v2\/users\/4"}],"replies":[{"embeddable":true,"href":"https:\/\/extu.com\/es_mx\/wp-json\/wp\/v2\/comments?post=129082"}],"version-history":[{"count":0,"href":"https:\/\/extu.com\/es_mx\/wp-json\/wp\/v2\/pages\/129082\/revisions"}],"up":[{"embeddable":true,"href":"https:\/\/extu.com\/es_mx\/wp-json\/wp\/v2\/pages\/139227"}],"wp:attachment":[{"href":"https:\/\/extu.com\/es_mx\/wp-json\/wp\/v2\/media?parent=129082"}],"curies":[{"name":"wp","href":"https:\/\/api.w.org\/{rel}","templated":true}]}}