{"id":128624,"date":"2023-08-10T18:15:26","date_gmt":"2023-08-10T18:15:26","guid":{"rendered":"https:\/\/extu.com\/centro-de-confianza-de-gdpr\/"},"modified":"2025-08-08T19:13:28","modified_gmt":"2025-08-08T19:13:28","slug":"centro-de-confianza-de-gdpr","status":"publish","type":"page","link":"https:\/\/extu.com\/es_mx\/informacion-legal\/centro-de-confianza-de-gdpr\/","title":{"rendered":"Centro de Confianza de GDPR"},"content":{"rendered":"<div class=\"gb-container gb-container-b18ab946 gb-container-default\">\n<div class=\"gb-container gb-container-5d0439a9 gb-container-inner\">\n<div class=\"gb-grid-wrapper gb-grid-wrapper-209d1e03\">\n<div class=\"gb-grid-column gb-grid-column-22a1eb65\"><div class=\"gb-container gb-container-22a1eb65\">\n\n<h1 class=\"gb-headline gb-headline-aa84e7da gb-headline-text\">Centro de Confianza de RGPD<\/h1>\n\n<\/div><\/div>\n<\/div>\n<\/div>\n<\/div>\n\n<div class=\"gb-container gb-container-638790bd gb-container-default\">\n<div class=\"gb-container gb-container-fcd868d2 gb-container-inner\">\n\n<p>Como proveedor de servicios de marketing digital, Extu se compromete a trabajar estrechamente con nuestros socios para ayudarlos a cumplir con sus requerimientos seg\u00fan el Reglamento General de Protecci\u00f3n de Datos (RGPD por siglas en ingl\u00e9s) de la Uni\u00f3n Europea y la legislaci\u00f3n de implementaci\u00f3n local. Hemos creado esta gu\u00eda para ayudarlo a comprender sus responsabilidades dentro del RGPD y explicar c\u00f3mo Extu lo apoya a trav\u00e9s de sus propios esfuerzos de cumplimiento del RGPD.<\/p>\n\n\n<div class=\"gb-grid-wrapper gb-grid-wrapper-eccdd1c8\">\n<div class=\"gb-grid-column gb-grid-column-9147cf97\"><div class=\"gb-container gb-container-9147cf97\"><\/div><\/div>\n<\/div>\n\n<div class=\"gb-grid-wrapper gb-grid-wrapper-9d478778\">\n<div class=\"gb-grid-column gb-grid-column-84aa4f5b\"><div class=\"gb-container gb-container-84aa4f5b\">\n\n<p class=\"gb-headline gb-headline-fec0a191 gb-headline-text\"><a href=\"https:\/\/extu.com\/es_mx\/informacion-legal\/explicacion-del-gdpr\/\">Explicaci\u00f3n del RGPD<\/a><\/p>\n\n\n\n<p class=\"gb-headline gb-headline-b9779c9c gb-headline-text\">Ofrezca a los participantes una agradable experiencia de recompensa de principio a fin, sin mover un dedo.<\/p>\n\n<\/div><\/div>\n\n<div class=\"gb-grid-column gb-grid-column-906ff3e7\"><div class=\"gb-container gb-container-906ff3e7 by-md-0\">\n\n<p class=\"gb-headline gb-headline-12ad1c88 gb-headline-text\"><a href=\"https:\/\/extu.com\/es_mx\/informacion-legal\/rgpd-y-extu\/\" data-type=\"page\" data-id=\"117095\">RGPD &amp; Extu<\/a><\/p>\n\n\n\n<p class=\"gb-headline gb-headline-a3303339 gb-headline-text\">Obtenga contenido multimedia completo y de alta calidad, incluido liderazgo de pensamiento y noticias de la industria.<\/p>\n\n<\/div><\/div>\n\n<div class=\"gb-grid-column gb-grid-column-5eec28f3\"><div class=\"gb-container gb-container-5eec28f3\">\n\n<p class=\"gb-headline gb-headline-97d9727a gb-headline-text\"><a href=\"https:\/\/extu.com\/es_mx\/informacion-legal\/rgpd-y-extu\/\">RGPD y Socios<\/a><\/p>\n\n\n\n<p class=\"gb-headline gb-headline-9f328ec6 gb-headline-text\">Logre el equilibrio perfecto entre diversi\u00f3n de crear recuerdos y \u00e9xito empresarial para alcanzar objetivos.<\/p>\n\n<\/div><\/div>\n<\/div>\n<\/div>\n<\/div>\n\n<div class=\"gb-container gb-container-c9581eeb gb-container-default\">\n<div class=\"gb-container gb-container-3fc8b47d gb-container-inner\">\n\n<p><em>Este material se proporciona para su informaci\u00f3n general y no pretende brindar asesoramiento legal. Para comprender el impacto total del GDPR en cualquiera de sus actividades de procesamiento de datos, consulte con un profesional legal y\/o de privacidad independiente. <\/em><\/p>\n\n<\/div>\n<\/div>","protected":false},"excerpt":{"rendered":"<p>Como proveedor de servicios de marketing digital, Extu se compromete a trabajar estrechamente con nuestros socios para ayudarlos &hellip;<\/p>\n","protected":false},"author":4,"featured_media":0,"parent":139227,"menu_order":0,"comment_status":"closed","ping_status":"closed","template":"","meta":{"_acf_changed":false,"_eb_attr":"","footnotes":""},"class_list":["post-128624","page","type-page","status-publish"],"acf":{"footer_box_text":"<h2 data-pm-slice=\"1 1 []\">Partnering With Us = Higher Returns for You<\/h2>","footer_form_text":"Channel Growth Looks Good On You","footer_form":""},"_links":{"self":[{"href":"https:\/\/extu.com\/es_mx\/wp-json\/wp\/v2\/pages\/128624","targetHints":{"allow":["GET"]}}],"collection":[{"href":"https:\/\/extu.com\/es_mx\/wp-json\/wp\/v2\/pages"}],"about":[{"href":"https:\/\/extu.com\/es_mx\/wp-json\/wp\/v2\/types\/page"}],"author":[{"embeddable":true,"href":"https:\/\/extu.com\/es_mx\/wp-json\/wp\/v2\/users\/4"}],"replies":[{"embeddable":true,"href":"https:\/\/extu.com\/es_mx\/wp-json\/wp\/v2\/comments?post=128624"}],"version-history":[{"count":0,"href":"https:\/\/extu.com\/es_mx\/wp-json\/wp\/v2\/pages\/128624\/revisions"}],"up":[{"embeddable":true,"href":"https:\/\/extu.com\/es_mx\/wp-json\/wp\/v2\/pages\/139227"}],"wp:attachment":[{"href":"https:\/\/extu.com\/es_mx\/wp-json\/wp\/v2\/media?parent=128624"}],"curies":[{"name":"wp","href":"https:\/\/api.w.org\/{rel}","templated":true}]}}