{"id":128612,"date":"2024-01-05T17:45:48","date_gmt":"2024-01-05T17:45:48","guid":{"rendered":"https:\/\/extu.com\/etica\/"},"modified":"2025-08-08T19:13:21","modified_gmt":"2025-08-08T19:13:21","slug":"etica","status":"publish","type":"page","link":"https:\/\/extu.com\/es_mx\/informacion-legal\/etica\/","title":{"rendered":"\u00c9tica"},"content":{"rendered":"<div class=\"gb-container gb-container-4cff618d gb-container-default\">\n<div class=\"gb-container gb-container-c99d16b8 gb-container-inner\">\n\n<h1 class=\"gb-headline gb-headline-a34b3b00 gb-headline-text\">Portal de Reporte de \u00c9tica y Cumplimiento de Extu<\/h1>\n\n<\/div>\n<\/div>\n\n<div class=\"gb-container gb-container-0369e52c gb-container-default\">\n<div class=\"gb-container gb-container-006b7185 gb-container-inner\">\n\n<p><br>En Extu, estamos profundamente comprometidos a mantener los m\u00e1s altos est\u00e1ndares de integridad y profesionalismo en todas nuestras operaciones. Entendemos que un lugar de trabajo \u00e9tico no es s\u00f3lo un requisito; es la base de la confianza y el respeto que compartimos con nuestros empleados, clientes y miembros interesados.<\/p>\n\n\n\n<h3 class=\"gb-headline gb-headline-18eadb67 gb-headline-text\">Su Voz Importa<\/h3>\n\n\n\n<p>Creemos que cada voz es vital para crear un ambiente de trabajo positivo y \u00e9tico. Por eso lo alentamos a compartir cualquier inquietud o queja que pueda tener con respecto a la conducta \u00e9tica, el cumplimiento o las pr\u00e1cticas de la empresa. Ya sea que se trate de una consulta menor o de una inquietud importante, su aporte es invaluable para ayudarnos a mantener nuestro compromiso con la excelencia \u00e9tica.<\/p>\n\n\n\n<h3 class=\"gb-headline gb-headline-6a4c0cb4 gb-headline-text\">Absoluto Anonimato y Confidencialidad<\/h3>\n\n\n\n<p>Le aseguramos que sus reportes y env\u00edos ser\u00e1n tratados con la m\u00e1xima confidencialidad. Tiene la opci\u00f3n de reportar de forma an\u00f3nima, lo que garantiza que su identidad estar\u00e1 protegida. Nuestro sistema de denuncia an\u00f3nima est\u00e1 dise\u00f1ado para que se sienta seguro y apoyado, permiti\u00e9ndole expresar sus inquietudes sin temor a represalias. Si desea que nos comuniquemos con usted, por favor incluya su informaci\u00f3n de contacto en la caja de Comentarios. De lo contrario, puede omitir cualquier informaci\u00f3n identificable en su reporte.   <\/p>\n\n\n<div class=\"gb-grid-wrapper gb-grid-wrapper-0ef983d8\">\n<div class=\"gb-grid-column gb-grid-column-2b38ed27\"><div class=\"gb-container gb-container-2b38ed27\">\n\n<h3 class=\"gb-headline gb-headline-ef077ec7 gb-headline-text\">C\u00f3mo Reportar<\/h3>\n\n\n\n<p>Presentar su inquietud o queja sobre asuntos \u00e9ticos es sencillo. Simplemente complete el formulario en esta p\u00e1gina. Puede incluir tantos o tan pocos detalles como desee. Ya sea que elija permanecer en el anonimato o no, manejaremos respetuosamente su env\u00edo con el mismo nivel de atenci\u00f3n y urgencia.   <\/p>\n\n\n\n<h3 class=\"gb-headline gb-headline-f82efa78 gb-headline-text\">Nuestro Compromiso con Usted<\/h3>\n\n\n\n<p>En Extu, estamos comprometidos a abordar todas las dudas de manera r\u00e1pida y exhaustiva. Estamos dedicados a fomentar una cultura de transparencia y responsabilidad. Sus conocimientos son fundamentales para ayudarnos a mantener los m\u00e1s altos est\u00e1ndares \u00e9ticos y crear un lugar de trabajo del que todos podamos estar orgullosos.  <\/p>\n\n\n\n<p>Gracias por tomarse el tiempo de ayudarnos a hacer de Extu un lugar mejor para todos. Apreciamos mucho su valent\u00eda y compromiso con la integridad. <\/p>\n\n\n\n<p>Juntos, aseguremos una cultura de honestidad, respeto y excelencia \u00e9tica en Extu.<\/p>\n\n<\/div><\/div>\n\n<div class=\"gb-grid-column gb-grid-column-e9c4431f\"><div class=\"gb-container gb-container-e9c4431f\">\n\n<h4 class=\"gb-headline gb-headline-d485bae0 gb-headline-text\">Reportar un problema<\/h4>\n\n\n<style id=\"wpforms-css-vars-128618-block-70298dca-b44c-44b9-acfe-491861450dce\">\n\t\t\t\t#wpforms-128618.wpforms-block-70298dca-b44c-44b9-acfe-491861450dce {\n\t\t\t\t--wpforms-label-color: var(--contrast);\n--wpforms-label-sublabel-color: var(--contrast-2);\n--wpforms-label-error-color: var(--contrast);\n--wpforms-button-border-radius: 5px;\n--wpforms-button-background-color: var(--contrast);\n--wpforms-button-text-color: var(--base-2);\n\t\t\t}\n\t\t\t<\/style><div class=\"wpforms-container wpforms-container-full wpforms-block wpforms-block-70298dca-b44c-44b9-acfe-491861450dce wpforms-render-modern\" id=\"wpforms-128618\"><form id=\"wpforms-form-128618\" class=\"wpforms-validate wpforms-form wpforms-ajax-form\" data-formid=\"128618\" data-form-name=\"Ethics Form es-MX\" method=\"post\" enctype=\"multipart\/form-data\" action=\"\/es_mx\/wp-json\/wp\/v2\/pages\/128612\" data-token=\"4ee3513c010fcf20e1ae37757d077011\" data-token-time=\"1775766655\"><noscript class=\"wpforms-error-noscript\">Por favor, activa JavaScript en tu navegador para completar este formulario.<\/noscript><div id=\"wpforms-error-noscript\" style=\"display: none;\">Por favor, activa JavaScript en tu navegador para completar este formulario.<\/div><div class=\"wpforms-field-container\"><div id=\"wpforms-128618-field_1-container\" class=\"wpforms-field wpforms-field-email\" data-field-id=\"1\"><label class=\"wpforms-field-label\" for=\"wpforms-128618-field_1\">Correo electr\u00f3nico:<\/label><input type=\"email\" id=\"wpforms-128618-field_1\" class=\"wpforms-field-medium\" name=\"wpforms[fields][1]\" spellcheck=\"false\" aria-errormessage=\"wpforms-128618-field_1-error\" aria-describedby=\"wpforms-128618-field_1-description\" ><div id=\"wpforms-128618-field_1-description\" class=\"wpforms-field-description\">Puede dejar en blanco para permanecer an\u00f3nimo<\/div><\/div><div id=\"wpforms-128618-field_3-container\" class=\"wpforms-field wpforms-field-text\" data-field-id=\"3\"><label class=\"wpforms-field-label\" for=\"wpforms-128618-field_3\">Resumen del Problema o Duda: <span class=\"wpforms-required-label\" aria-hidden=\"true\">*<\/span><\/label><input type=\"text\" id=\"wpforms-128618-field_3\" class=\"wpforms-field-medium wpforms-field-required\" name=\"wpforms[fields][3]\" aria-errormessage=\"wpforms-128618-field_3-error\" required><\/div><div id=\"wpforms-128618-field_2-container\" class=\"wpforms-field wpforms-field-textarea\" data-field-id=\"2\"><label class=\"wpforms-field-label\" for=\"wpforms-128618-field_2\">Detalles del Problema o Duda: <span class=\"wpforms-required-label\" aria-hidden=\"true\">*<\/span><\/label><textarea id=\"wpforms-128618-field_2\" class=\"wpforms-field-medium wpforms-field-required\" name=\"wpforms[fields][2]\" aria-errormessage=\"wpforms-128618-field_2-error\" required><\/textarea><\/div><\/div><!-- .wpforms-field-container --><div class=\"wpforms-recaptcha-container wpforms-is-turnstile\" ><div class=\"wpforms-turnstile\" data-sitekey=\"0x4AAAAAAAPi5flkWrHI0UNL\" data-action=\"FormID-128618\"><\/div><input type=\"text\" name=\"g-recaptcha-hidden\" class=\"wpforms-recaptcha-hidden\" style=\"position:absolute!important;clip:rect(0,0,0,0)!important;height:1px!important;width:1px!important;border:0!important;overflow:hidden!important;padding:0!important;margin:0!important;\" data-rule-turnstile=\"1\"><\/div><div class=\"wpforms-submit-container\" ><input type=\"hidden\" name=\"wpforms[id]\" value=\"128618\"><input type=\"hidden\" name=\"page_title\" value=\"\"><input type=\"hidden\" name=\"page_url\" value=\"https:\/\/extu.com\/es_mx\/wp-json\/wp\/v2\/pages\/128612\"><input type=\"hidden\" name=\"url_referer\" value=\"\"><button type=\"submit\" name=\"wpforms[submit]\" id=\"wpforms-submit-128618\" class=\"wpforms-submit gb-button\" data-alt-text=\"Enviando...\" data-submit-text=\"Enviar\" aria-live=\"assertive\" value=\"wpforms-submit\">Enviar<\/button><img loading=\"lazy\" decoding=\"async\" src=\"https:\/\/extu.com\/wp-content\/plugins\/wpforms\/assets\/images\/submit-spin.svg\" class=\"wpforms-submit-spinner\" style=\"display: none;\" width=\"26\" height=\"26\" alt=\"Cargando\"><\/div><\/form><\/div>  <!-- .wpforms-container -->\n<\/div><\/div>\n<\/div>\n<\/div>\n<\/div>","protected":false},"excerpt":{"rendered":"<p>Portal de Reporte de \u00c9tica y Cumplimiento de Extu En Extu, estamos profundamente comprometidos a mantener los m\u00e1s &hellip;<\/p>\n","protected":false},"author":4,"featured_media":0,"parent":139227,"menu_order":0,"comment_status":"closed","ping_status":"closed","template":"","meta":{"_acf_changed":false,"_eb_attr":"","footnotes":""},"class_list":["post-128612","page","type-page","status-publish"],"acf":{"footer_box_text":"<h2 data-pm-slice=\"1 1 []\">Partnering With Us = Higher Returns for You<\/h2>","footer_form_text":"Channel Growth Looks Good On You","footer_form":""},"_links":{"self":[{"href":"https:\/\/extu.com\/es_mx\/wp-json\/wp\/v2\/pages\/128612","targetHints":{"allow":["GET"]}}],"collection":[{"href":"https:\/\/extu.com\/es_mx\/wp-json\/wp\/v2\/pages"}],"about":[{"href":"https:\/\/extu.com\/es_mx\/wp-json\/wp\/v2\/types\/page"}],"author":[{"embeddable":true,"href":"https:\/\/extu.com\/es_mx\/wp-json\/wp\/v2\/users\/4"}],"replies":[{"embeddable":true,"href":"https:\/\/extu.com\/es_mx\/wp-json\/wp\/v2\/comments?post=128612"}],"version-history":[{"count":0,"href":"https:\/\/extu.com\/es_mx\/wp-json\/wp\/v2\/pages\/128612\/revisions"}],"up":[{"embeddable":true,"href":"https:\/\/extu.com\/es_mx\/wp-json\/wp\/v2\/pages\/139227"}],"wp:attachment":[{"href":"https:\/\/extu.com\/es_mx\/wp-json\/wp\/v2\/media?parent=128612"}],"curies":[{"name":"wp","href":"https:\/\/api.w.org\/{rel}","templated":true}]}}