{"id":136973,"date":"2024-01-05T17:45:48","date_gmt":"2024-01-05T17:45:48","guid":{"rendered":"https:\/\/extu.com\/?page_id=136973"},"modified":"2025-10-07T16:03:01","modified_gmt":"2025-10-07T16:03:01","slug":"ethik","status":"publish","type":"page","link":"https:\/\/extu.com\/de\/rechtliche\/ethik\/","title":{"rendered":"Ethik- und Compliance-Meldeportal von Extu"},"content":{"rendered":"<div class=\"gb-container gb-container-4cff618d gb-container-default\">\n<div class=\"gb-container gb-container-c99d16b8 gb-container-inner\">\n\n<h1 class=\"gb-headline gb-headline-a34b3b00 gb-headline-text\">Ethik- und Compliance-Meldeportal von Extu<\/h1>\n\n<\/div>\n<\/div>\n\n<div class=\"gb-container gb-container-0369e52c gb-container-default\">\n<div class=\"gb-container gb-container-006b7185 gb-container-inner\">\n\n<p>Bei Extu verpflichten wir uns zutiefst, die h\u00f6chsten Standards an Integrit\u00e4t und Professionalit\u00e4t in allen unseren T\u00e4tigkeiten zu wahren. Wir verstehen, dass ein ethischer Arbeitsplatz nicht nur eine Verpflichtung ist, sondern die Grundlage f\u00fcr das Vertrauen und den Respekt bildet, den wir mit unseren Mitarbeitern, Kunden und Interessengruppen teilen.<\/p>\n\n\n\n<h3 class=\"gb-headline gb-headline-18eadb67 gb-headline-text\">Ihre Stimme Z\u00e4hlt<\/h3>\n\n\n\n<p>Wir sind der \u00dcberzeugung, dass jede Stimme eine wesentliche Rolle dabei spielt, ein positives und ethisches Arbeitsumfeld zu gestalten. Deshalb ermutigen wir Sie, jegliche Bedenken oder Beschwerden in Bezug auf ethisches Verhalten, die Einhaltung von Vorschriften oder Unternehmenspraktiken zu \u00e4u\u00dfern. Ob es sich um eine kleine Anfrage oder eine erhebliche Besorgnis handelt, Ihr Feedback ist von unsch\u00e4tzbarem Wert, um unser Engagement f\u00fcr ethische Exzellenz aufrechtzuerhalten.<\/p>\n\n\n\n<h3 class=\"gb-headline gb-headline-6a4c0cb4 gb-headline-text\">Absolute Anonymit\u00e4t und Vertraulichkeit<\/h3>\n\n\n\n<p>Wir versichern Ihnen, dass Ihre Meldungen mit h\u00f6chster Vertraulichkeit behandelt werden. Sie haben die M\u00f6glichkeit, anonym zu berichten, sodass Ihre Identit\u00e4t gesch\u00fctzt bleibt. Unser anonymes Meldesystem ist so gestaltet, dass Sie sich sicher und unterst\u00fctzt f\u00fchlen k\u00f6nnen, und Ihre Anliegen ohne Angst vor Repressalien \u00e4u\u00dfern k\u00f6nnen. Wenn Sie kontaktiert werden m\u00f6chten, geben Sie bitte Ihre Kontaktdaten im Kommentarfeld an. Andernfalls k\u00f6nnen Sie alle identifizierbaren Informationen in Ihrer Meldung weglassen.<\/p>\n\n\n<div class=\"gb-grid-wrapper gb-grid-wrapper-0ef983d8\">\n<div class=\"gb-grid-column gb-grid-column-2b38ed27\"><div class=\"gb-container gb-container-2b38ed27\">\n\n<h3 class=\"gb-headline gb-headline-ef077ec7 gb-headline-text\">Bericht einreichen<\/h3>\n\n\n\n<p>Das Einreichen Ihrer ethischen Bedenken oder Beschwerden ist einfach. F\u00fcllen Sie einfach das Formular auf dieser Seite aus. Sie k\u00f6nnen so viele oder so wenige Details angeben, wie Sie m\u00f6chten. Unabh\u00e4ngig davon, ob Sie anonym bleiben m\u00f6chten oder nicht, behandeln wir Ihre Meldung mit der gleichen Aufmerksamkeit und Dringlichkeit.<\/p>\n\n\n\n<h3 class=\"gb-headline gb-headline-f82efa78 gb-headline-text\">Unser Engagement Ihnen gegen\u00fcber<\/h3>\n\n\n\n<p>Unser Engagement Ihnen gegen\u00fcber<br>Bei Extu verpflichten wir uns, jedes Anliegen umgehend und gr\u00fcndlich zu pr\u00fcfen. Wir setzen uns daf\u00fcr ein, eine Kultur der Transparenz und Verantwortung zu f\u00f6rdern. Ihre Einsichten sind entscheidend, um die h\u00f6chsten ethischen Standards aufrechtzuerhalten und ein Arbeitsumfeld zu schaffen, auf das wir alle stolz sein k\u00f6nnen.<\/p>\n\n\n\n<p>Vielen Dank, dass Sie sich die Zeit nehmen, um Extu zu einem besseren Ort f\u00fcr alle zu machen. Ihr Mut und Ihr Engagement f\u00fcr Integrit\u00e4t werden sehr gesch\u00e4tzt.<\/p>\n\n\n\n<p>Gemeinsam sorgen wir f\u00fcr eine Kultur von Ehrlichkeit, Respekt und ethischer Exzellenz bei Extu.<\/p>\n\n<\/div><\/div>\n\n<div class=\"gb-grid-column gb-grid-column-e9c4431f\"><div class=\"gb-container gb-container-e9c4431f\">\n\n<h4 class=\"gb-headline gb-headline-d485bae0 gb-headline-text\">Ein Problem Melden<\/h4>\n\n\n<style id=\"wpforms-css-vars-136977-block-70298dca-b44c-44b9-acfe-491861450dce\">\n\t\t\t\t#wpforms-136977.wpforms-block-70298dca-b44c-44b9-acfe-491861450dce {\n\t\t\t\t--wpforms-label-color: var(--contrast);\n--wpforms-label-sublabel-color: var(--contrast-2);\n--wpforms-label-error-color: var(--contrast);\n--wpforms-button-border-radius: 5px;\n--wpforms-button-background-color: var(--contrast);\n--wpforms-button-text-color: var(--base-2);\n--wpforms-field-size-input-height: 43px;\n--wpforms-field-size-input-spacing: 15px;\n--wpforms-field-size-font-size: 16px;\n--wpforms-field-size-line-height: 19px;\n--wpforms-field-size-padding-h: 14px;\n--wpforms-field-size-checkbox-size: 16px;\n--wpforms-field-size-sublabel-spacing: 5px;\n--wpforms-field-size-icon-size: 1;\n--wpforms-label-size-font-size: 16px;\n--wpforms-label-size-line-height: 19px;\n--wpforms-label-size-sublabel-font-size: 14px;\n--wpforms-label-size-sublabel-line-height: 17px;\n--wpforms-button-size-font-size: 17px;\n--wpforms-button-size-height: 41px;\n--wpforms-button-size-padding-h: 15px;\n--wpforms-button-size-margin-top: 10px;\n--wpforms-container-shadow-size-box-shadow: none;\n\t\t\t}\n\t\t\t<\/style><div class=\"wpforms-container wpforms-container-full wpforms-block wpforms-block-70298dca-b44c-44b9-acfe-491861450dce wpforms-render-modern\" id=\"wpforms-136977\"><form id=\"wpforms-form-136977\" class=\"wpforms-validate wpforms-form wpforms-ajax-form\" data-formid=\"136977\" data-form-name=\"Ethics Form de-de\" method=\"post\" enctype=\"multipart\/form-data\" action=\"\/de\/wp-json\/wp\/v2\/pages\/136973\" data-token=\"b5a376d85acbd0ec03f44234d567fff8\" data-token-time=\"1775766382\"><noscript class=\"wpforms-error-noscript\">Bitte aktiviere JavaScript in deinem Browser, um dieses Formular fertigzustellen.<\/noscript><div id=\"wpforms-error-noscript\" style=\"display: none;\">Bitte aktiviere JavaScript in deinem Browser, um dieses Formular fertigzustellen.<\/div><div class=\"wpforms-field-container\"><div id=\"wpforms-136977-field_1-container\" class=\"wpforms-field wpforms-field-email\" data-field-id=\"1\"><label class=\"wpforms-field-label\" for=\"wpforms-136977-field_1\">E-Mail:<\/label><input type=\"email\" id=\"wpforms-136977-field_1\" class=\"wpforms-field-medium\" name=\"wpforms[fields][1]\" spellcheck=\"false\" aria-errormessage=\"wpforms-136977-field_1-error\" aria-describedby=\"wpforms-136977-field_1-description\" ><div id=\"wpforms-136977-field_1-description\" class=\"wpforms-field-description\">Bitte leer lassen, um anonym zu bleiben<\/div><\/div><div id=\"wpforms-136977-field_3-container\" class=\"wpforms-field wpforms-field-text\" data-field-id=\"3\"><label class=\"wpforms-field-label\" for=\"wpforms-136977-field_3\">Zusammenfassung des Problems oder der Bedenken:  <span class=\"wpforms-required-label\" aria-hidden=\"true\">*<\/span><\/label><input type=\"text\" id=\"wpforms-136977-field_3\" class=\"wpforms-field-medium wpforms-field-required\" name=\"wpforms[fields][3]\" aria-errormessage=\"wpforms-136977-field_3-error\" required><\/div><div id=\"wpforms-136977-field_2-container\" class=\"wpforms-field wpforms-field-textarea\" data-field-id=\"2\"><label class=\"wpforms-field-label\" for=\"wpforms-136977-field_2\">Detail des Problems oder der Bedenken: <span class=\"wpforms-required-label\" aria-hidden=\"true\">*<\/span><\/label><textarea id=\"wpforms-136977-field_2\" class=\"wpforms-field-medium wpforms-field-required\" name=\"wpforms[fields][2]\" aria-errormessage=\"wpforms-136977-field_2-error\" required><\/textarea><\/div><\/div><!-- .wpforms-field-container --><div class=\"wpforms-recaptcha-container wpforms-is-turnstile\" ><div class=\"wpforms-turnstile\" data-sitekey=\"0x4AAAAAAAPi5flkWrHI0UNL\" data-action=\"FormID-136977\"><\/div><input type=\"text\" name=\"g-recaptcha-hidden\" class=\"wpforms-recaptcha-hidden\" style=\"position:absolute!important;clip:rect(0,0,0,0)!important;height:1px!important;width:1px!important;border:0!important;overflow:hidden!important;padding:0!important;margin:0!important;\" data-rule-turnstile=\"1\"><\/div><div class=\"wpforms-submit-container\" ><input type=\"hidden\" name=\"wpforms[id]\" value=\"136977\"><input type=\"hidden\" name=\"page_title\" value=\"\"><input type=\"hidden\" name=\"page_url\" value=\"https:\/\/extu.com\/de\/wp-json\/wp\/v2\/pages\/136973\"><input type=\"hidden\" name=\"url_referer\" value=\"\"><button type=\"submit\" name=\"wpforms[submit]\" id=\"wpforms-submit-136977\" class=\"wpforms-submit gb-button\" data-alt-text=\"Senden...\" data-submit-text=\"Absenden\" aria-live=\"assertive\" value=\"wpforms-submit\">Absenden<\/button><img loading=\"lazy\" decoding=\"async\" src=\"https:\/\/extu.com\/wp-content\/plugins\/wpforms\/assets\/images\/submit-spin.svg\" class=\"wpforms-submit-spinner\" style=\"display: none;\" width=\"26\" height=\"26\" alt=\"Wird geladen\"><\/div><\/form><\/div>  <!-- .wpforms-container -->\n<\/div><\/div>\n<\/div>\n<\/div>\n<\/div>","protected":false},"excerpt":{"rendered":"<p>Ethik- und Compliance-Meldeportal von Extu Bei Extu verpflichten wir uns zutiefst, die h\u00f6chsten Standards an Integrit\u00e4t und Professionalit\u00e4t &hellip;<\/p>\n","protected":false},"author":29,"featured_media":0,"parent":136822,"menu_order":0,"comment_status":"closed","ping_status":"closed","template":"","meta":{"_acf_changed":false,"_eb_attr":"","footnotes":""},"class_list":["post-136973","page","type-page","status-publish"],"acf":{"footer_box_text":"Partnering With Us = Higher Returns for You","footer_form_text":"Channel Growth Looks Good On You","footer_form":""},"_links":{"self":[{"href":"https:\/\/extu.com\/de\/wp-json\/wp\/v2\/pages\/136973","targetHints":{"allow":["GET"]}}],"collection":[{"href":"https:\/\/extu.com\/de\/wp-json\/wp\/v2\/pages"}],"about":[{"href":"https:\/\/extu.com\/de\/wp-json\/wp\/v2\/types\/page"}],"author":[{"embeddable":true,"href":"https:\/\/extu.com\/de\/wp-json\/wp\/v2\/users\/29"}],"replies":[{"embeddable":true,"href":"https:\/\/extu.com\/de\/wp-json\/wp\/v2\/comments?post=136973"}],"version-history":[{"count":0,"href":"https:\/\/extu.com\/de\/wp-json\/wp\/v2\/pages\/136973\/revisions"}],"up":[{"embeddable":true,"href":"https:\/\/extu.com\/de\/wp-json\/wp\/v2\/pages\/136822"}],"wp:attachment":[{"href":"https:\/\/extu.com\/de\/wp-json\/wp\/v2\/media?parent=136973"}],"curies":[{"name":"wp","href":"https:\/\/api.w.org\/{rel}","templated":true}]}}