{"id":136966,"date":"2023-11-14T01:57:00","date_gmt":"2023-11-14T01:57:00","guid":{"rendered":"https:\/\/extu.com\/rechtliche\/gegenseitige-geheimhaltungs-und-vertraulichkeitsvereinbarung\/"},"modified":"2024-10-18T14:16:06","modified_gmt":"2024-10-18T14:16:06","slug":"gegenseitige-geheimhaltungs-und-vertraulichkeitsvereinbarung","status":"publish","type":"page","link":"https:\/\/extu.com\/de\/rechtliche\/gegenseitige-geheimhaltungs-und-vertraulichkeitsvereinbarung\/","title":{"rendered":"Gegenseitige Geheimhaltungs- und Vertraulichkeitsvereinbarung"},"content":{"rendered":"<div class=\"gb-container gb-container-b9b8bdc7 gb-container-default\">\n<div class=\"gb-container gb-container-727a5169 gb-container-inner\">\n\n<h1 class=\"gb-headline gb-headline-75f232a7 gb-headline-text\">Gegenseitige Geheimhaltungs- und Vertraulichkeitsvereinbarung&nbsp;<\/h1>\n\n<\/div>\n<\/div><div class=\"gb-container gb-container-27f6910c gb-container-default\">\n<div class=\"gb-container gb-container-372ebc27 gb-container-inner\">\n\n<p><strong>Vereinbarung <\/strong>und Best\u00e4tigung zwischen <strong>Extu, Inc., <\/strong>einer Gesellschaft nach dem Recht des Bundesstaates Georgia, deren Aktion\u00e4ren und verbundenen Unternehmen (im Folgenden zusammenfassend \u201eExtu\u201c) mit Sitz in 4170 Ashford Dunwoody Rd, Suite 250, Atlanta, GA 30319, und ______________________<strong> <\/strong>(\u201eAuftraggeber\u201c), eingetragen im Bundesstaat _______________ und mit Sitz in _______________________. Extu und der Auftraggeber werden hierin gemeinsam als \u201eParteien\u201c bezeichnet.  <\/p>\n\n\n\n<p><strong>In Erw\u00e4gung<\/strong> dessen, dass die Parteien dieser Vereinbarung beabsichtigen, verschiedene Gesch\u00e4ftsvorhaben zu besprechen und einzugehen; <\/p>\n\n\n\n<p><strong>In Erw\u00e4gung <\/strong>dessen, dass im Rahmen solcher Diskussionen und Gesch\u00e4ftsabschl\u00fcsse bestimmte Informationen offengelegt werden, die vertraulich und eigentumsrechtlich gesch\u00fctzt sind; <\/p>\n\n\n\n<p><strong>In Erw\u00e4gung<\/strong> dessen, dass die Offenlegung solcher Informationen es den Parteien erm\u00f6glicht, potenziell signifikante Eink\u00fcnfte zu erzielen; <\/p>\n\n\n\n<p><strong>In Erw\u00e4gung<\/strong> dessen, dass die Parteien solche Informationen nur dann offenlegen, wenn die Parteien sich verpflichten, an die Bedingungen dieser Vereinbarung gebunden zu sein; und <\/p>\n\n\n\n<p><strong>Jetzt<\/strong>, daher vereinbaren die Parteien im Hinblick auf die Freigabe von Informationen und die hierin enthaltenen gegenseitigen Verpflichtungen wie folgt: <\/p>\n\n<\/div>\n\n<div class=\"gb-container gb-container-d3aa09ef gb-container-inner\">\n\n<ol class=\"wp-block-list\" start=\"1\">\n<li>\u201eOffenlegende Partei\u201c bezeichnet die Partei, die der anderen Partei vertrauliche Informationen zur Verf\u00fcgung stellt. <\/li>\n<\/ol>\n\n\n\n<ol class=\"wp-block-list\" start=\"2\">\n<li>\u201eEmpf\u00e4ngerpartei\u201c ist die Partei, die vertrauliche Informationen von der offenlegenden Partei erh\u00e4lt. <\/li>\n<\/ol>\n\n\n\n<ol class=\"wp-block-list\" start=\"3\">\n<li>\u201eVertrauliche Informationen\u201c sind Informationen, die von oder in Bezug auf die offenlegende Partei erhalten werden und (a) die wirtschaftlichen Wert, tats\u00e4chlich oder potenziell, daraus ziehen, dass sie nicht allgemein bekannt oder leicht feststellbar sind, und (b) die durch angemessene Anstrengungen unter den gegebenen Umst\u00e4nden geheim gehalten werden. Vertrauliche Informationen umfassen, ohne Einschr\u00e4nkung, jegliches Wissen oder materielles Eigentum der offenlegenden Partei (i), das die empfangende Partei im Rahmen von Gespr\u00e4chen mit der offenlegenden Partei erlangt; (ii), das die offenlegende Partei der empfangenden Partei zur Verf\u00fcgung stellt (einschlie\u00dflich aller Kenntnisse, die infolge der Offenlegung solcher Informationen erdacht, entdeckt oder entwickelt wurden). Vertrauliche Informationen umfassen, jedoch nicht ausschlie\u00dflich, folgende Arten von Wissen oder \u00e4hnliche Daten (unabh\u00e4ngig davon, ob sie schriftlich festgehalten sind oder nicht): (i) Pl\u00e4ne, Materialien oder andere Informationen, die sich auf das geplante Gesch\u00e4ft der offenlegenden Partei beziehen; (ii) Entdeckungen, Erfindungen, Konzepte und Ideen, ob patentierbar oder nicht, einschlie\u00dflich, aber nicht beschr\u00e4nkt auf die Art und Ergebnisse von Forschungs- und Entwicklungsaktivit\u00e4ten, Techniken und \u201eKnow-how\u201c; (iii) jegliche sonstigen Materialien oder Wissen, die sich auf die Gesch\u00e4ftspl\u00e4ne oder -aktivit\u00e4ten der offenlegenden Partei beziehen und nicht allgemein bekannt sind; (iv) die Dienstleister der offenlegenden Partei; und (v) jegliches Wissen, wie oben beschrieben, das die offenlegende Partei als vertraulich oder propriet\u00e4r behandelt oder als solches kennzeichnet. Die empfangende Partei, die sich rechtlich binden will, erkl\u00e4rt und garantiert hiermit der offenlegenden Partei, dass sie weder direkt noch indirekt in die Interessen oder Gesch\u00e4fte der offenlegenden Partei eingreifen, diese umgehen oder zu umgehen versuchen wird.             <\/li>\n<\/ol>\n\n\n\n<ol class=\"wp-block-list\" start=\"4\">\n<li>Die Parteien verpflichten sich, alle vertraulichen Informationen im Vertrauen zu bewahren und diese nicht an Dritte weiterzugeben oder f\u00fcr unautorisierte Zwecke zu verwenden. Die vertraulichen Informationen d\u00fcrfen nur in dem Ma\u00dfe genutzt werden, wie dies zur Erreichung der Zwecke dieser Vereinbarung erforderlich ist. Die Parteien werden ihre Mitarbeiter, verbundenen Unternehmen oder Berater (zusammenfassend \u201eVertreter\u201c) \u00fcber den vertraulichen Charakter der Informationen unterrichten und sicherstellen, dass diese Mitarbeiter an die Bedingungen dieser Vereinbarung gebunden sind. Vertrauliche Informationen d\u00fcrfen nicht an Mitarbeiter, verbundene Unternehmen oder Berater weitergegeben werden, die diese Informationen nicht ben\u00f6tigen. Die empfangende Partei ist f\u00fcr die Handlungen und Unterlassungen aller ihrer Vertreter verantwortlich und hat allen Vertretern, denen vertrauliche Informationen offengelegt werden, eine Kopie dieser Vereinbarung auszuh\u00e4ndigen. Eine Offenlegung vertraulicher Informationen gegen\u00fcber einer Partei, die kein Vertreter im Sinne dieser Vereinbarung ist, darf nur nach vorheriger schriftlicher Genehmigung durch die offenlegende Partei erfolgen.      <\/li>\n<\/ol>\n\n\n\n<ol class=\"wp-block-list\" start=\"5\">\n<li>Vertrauliche Informationen d\u00fcrfen nur in dem erforderlichen Umfang reproduziert werden, um die Absichten dieser Vereinbarung zu erf\u00fcllen. S\u00e4mtliche vertraulichen Informationen (einschlie\u00dflich aller Kopien) bleiben Eigentum der offenlegenden Partei und werden nach Ablauf des Bedarfs der empfangenden Partei oder auf Anfrage der offenlegenden Partei zur\u00fcckgegeben. S\u00e4mtliche Notizen, Ausz\u00fcge oder Memoranden, die vertrauliche Informationen enthalten, werden vernichtet oder der offenlegenden Partei auf Anfrage zur\u00fcckgegeben. Die empfangende Partei best\u00e4tigt der offenlegenden Partei, dass sie die Anweisungen der offenlegenden Partei vollst\u00e4ndig befolgt hat und die vertraulichen Informationen weder ganz noch teilweise zur\u00fcckbehalten hat. Die Offenlegung vertraulicher Informationen im Rahmen dieser Vereinbarung ist nicht als \u00f6ffentliche Offenlegung solcher vertraulicher Informationen durch eine der Parteien zu irgendeinem Zweck auszulegen.      <\/li>\n<\/ol>\n\n\n\n<ol class=\"wp-block-list\" start=\"6\">\n<li>Vertrauliche Informationen umfassen keine Informationen oder Materialien, die: (i) allgemein bekannt sind oder ohne Verschulden der empfangenden Partei der \u00d6ffentlichkeit zug\u00e4nglich werden; (ii) der empfangenden Partei ohne Einschr\u00e4nkung bereits vor dem Erhalt von oder im Namen der offenlegenden Partei bekannt waren; (iii) der empfangenden Partei rechtm\u00e4\u00dfig von einem Dritten offengelegt werden, der nach Wissen der empfangenden Partei keiner Verpflichtung \u2013 weder vertraglicher, treuh\u00e4nderischer, gesetzlicher noch sonstiger Art \u2013 zur Vertraulichkeit gegen\u00fcber der offenlegenden Partei in Bezug auf diese vertraulichen Informationen unterliegt; (iv) zu jedem Zeitpunkt von der empfangenden Partei unabh\u00e4ngig und ohne Verwendung oder Bezugnahme auf die vertraulichen Informationen der anderen Partei entwickelt werden; oder (v) aufgrund einer Anordnung oder eines Erfordernisses eines Gerichts, einer Verwaltungsbeh\u00f6rde oder einer anderen staatlichen Stelle mit entsprechender Zust\u00e4ndigkeit offengelegt werden m\u00fcssen; vorausgesetzt jedoch, dass die empfangende Partei alle zumutbaren Anstrengungen unternimmt, um eine solche Offenlegung zu begrenzen, und die offenlegende Partei innerhalb von drei (3) Tagen nach Erhalt einer solchen gerichtlichen Anordnung oder eines Erfordernisses benachrichtigt, um der offenlegenden Partei die M\u00f6glichkeit zu geben, eine Schutzanordnung zu beantragen oder die Offenlegung anderweitig zu verhindern oder einzuschr\u00e4nken.      <\/li>\n<\/ol>\n\n\n\n<ol class=\"wp-block-list\" start=\"7\">\n<li>Eigentum an vertraulichen Informationen. Die empfangende Partei stimmt zu, dass die offenlegende Partei das ausschlie\u00dfliche Eigentum an den der empfangenden Partei offengelegten vertraulichen Informationen beh\u00e4lt und dass alle damit verbundenen Patente, Urheberrechte, Gesch\u00e4ftsgeheimnisse, Marken und sonstigen geistigen Eigentumsrechte ausschlie\u00dflich bei der offenlegenden Partei verbleiben.  <\/li>\n<\/ol>\n\n\n\n<ol class=\"wp-block-list\" start=\"8\">\n<li>Keine Rechte oder Lizenzen an Marken, Erfindungen, Urheberrechten, Patenten oder sonstigem geistigen Eigentum werden der empfangenden Partei im Rahmen dieser Vereinbarung stillschweigend einger\u00e4umt oder gew\u00e4hrt, und die Offenlegung von vertraulichen Informationen begr\u00fcndet keine Verpflichtung, der empfangenden Partei irgendwelche Rechte an oder in Bezug auf die vertraulichen Informationen zu gew\u00e4hren. <\/li>\n<\/ol>\n\n\n\n<ol class=\"wp-block-list\" start=\"9\">\n<li>Die Vertraulichkeitsbestimmungen dieser Vereinbarung bleiben f\u00fcr einen Zeitraum von drei (3) Jahren ab dem Datum dieser Vereinbarung in Kraft. <\/li>\n<\/ol>\n\n\n\n<ol class=\"wp-block-list\" start=\"10\">\n<li>Die Parteien stimmen \u00fcberein, dass die Bestimmungen dieser Vereinbarung von wesentlicher Bedeutung sind und dass, wenn der Auftraggeber nicht zugestimmt h\u00e4tte, die Informationen von Extu vertraulich zu behandeln und sich an diese Vereinbarung zu halten, Extu dem Auftraggeber keine Informationen offengelegt oder zur Verf\u00fcgung gestellt h\u00e4tte. H\u00e4tte Extu nicht zugestimmt, an diese Vereinbarung gebunden zu sein, h\u00e4tte der Auftraggeber bestimmte vertrauliche Informationen nicht an Extu weitergegeben. Jede der hierin enthaltenen Verpflichtungen ist angemessen und notwendig, um das Gesch\u00e4ft, die Interessen und das Eigentum der Parteien zu sch\u00fctzen. Die Parteien w\u00fcrden im Falle eines Versto\u00dfes gegen diese Vereinbarung irreparablen Schaden erleiden. Dementsprechend willigt jede Partei ein und stimmt zu, dass die andere Partei Anspruch auf einstweiligen Rechtsschutz, vorl\u00e4ufige und endg\u00fcltige Unterlassungsanspr\u00fcche sowie andere anwendbare gesetzliche oder anderweitige Rechtsmittel gegen\u00fcber der empfangenden Partei hat, wenn diese Partei gegen diese Vereinbarung versto\u00dfen hat oder zu versto\u00dfen droht. Das Bestehen eines Anspruchs einer Partei gegen die andere stellt keine Verteidigung gegen die Durchsetzung der in dieser Vereinbarung enthaltenen Verpflichtungen und Vereinbarungen durch die andere Partei dar.      <\/li>\n<\/ol>\n\n\n\n<ol class=\"wp-block-list\" start=\"11\">\n<li>Sollte eine Bestimmung dieser Vereinbarung von einem zust\u00e4ndigen Gericht f\u00fcr ung\u00fcltig erkl\u00e4rt werden, so wird diese Bestimmung von der Vereinbarung abgetrennt, w\u00e4hrend die \u00fcbrigen Bestimmungen weiterhin in vollem Umfang g\u00fcltig und wirksam bleiben. <\/li>\n<\/ol>\n\n\n\n<ol class=\"wp-block-list\" start=\"12\">\n<li>Das Vers\u00e4umnis, zu irgendeinem Zeitpunkt eine Bestimmung dieser Vereinbarung durchzusetzen oder auf die rechtzeitige Erf\u00fcllung einer hierin enthaltenen Verpflichtung zu bestehen, gilt nicht als Verzicht auf diese Bestimmung oder eine andere Bestimmung oder auf das Recht auf rechtzeitige Erf\u00fcllung aller hierin enthaltenen Verpflichtungen. <\/li>\n<\/ol>\n\n\n\n<ol class=\"wp-block-list\" start=\"13\">\n<li>Diese Vereinbarung stellt die gesamte Vereinbarung zwischen den Parteien in Bezug auf den hierin behandelten Gegenstand dar und fasst alle vorherigen Gespr\u00e4che zwischen ihnen als vertrauliche Informationen zusammen. Sie darf nur durch eine schriftliche Vereinbarung, die nach dem Datum dieser Vereinbarung datiert und von beiden Parteien unterzeichnet ist, ge\u00e4ndert werden.  <\/li>\n<\/ol>\n\n\n\n<ol class=\"wp-block-list\" start=\"14\">\n<li>Sollte eine der Parteien Anw\u00e4lte beauftragen, um Rechte aus oder im Zusammenhang mit dieser Vereinbarung durchzusetzen, hat die obsiegende Partei Anspruch auf Erstattung angemessener Anwaltsgeb\u00fchren. <\/li>\n<\/ol>\n\n\n\n<ol class=\"wp-block-list\" start=\"15\">\n<li>Diese Vereinbarung unterliegt den Gesetzen des Bundesstaates Georgia und ist in \u00dcbereinstimmung mit diesen auszulegen. <\/li>\n<\/ol>\n\n\n\n<ol class=\"wp-block-list\" start=\"16\">\n<li>Diese Vereinbarung wurde zwischen den Parteien ausgehandelt und gilt daher als von ihnen gemeinsam verfasst. <\/li>\n<\/ol>\n\n<\/div>\n\n<div class=\"gb-container gb-container-cada4080 gb-container-inner\">\n\n<p>UNTERSCHRIEBEN UND AUSGEFERTIGT <\/p>\n\n\n<div class=\"gb-grid-wrapper gb-grid-wrapper-d58f33a0\">\n<div class=\"gb-grid-column gb-grid-column-28bdc1a8\"><div class=\"gb-container gb-container-28bdc1a8\">\n\n<p><strong>AUFTRAGGEBER<\/strong> <\/p>\n\n\n\n<p>Durch: _______________________________<\/p>\n\n\n\n<p>Name: _______________________________ <\/p>\n\n\n\n<p>Title:___________________________<\/p>\n\n\n\n<p>Datum: _______________________________<\/p>\n\n<\/div><\/div>\n\n<div class=\"gb-grid-column gb-grid-column-0c2ed346\"><div class=\"gb-container gb-container-0c2ed346\">\n\n<p><strong>EXTU, INC.<\/strong> <\/p>\n\n\n\n<p>Durch: _______________________________<\/p>\n\n\n\n<p>Name: _______________________________<\/p>\n\n\n\n<p>Title:___________________________<\/p>\n\n\n\n<p>Datum: _______________________________<\/p>\n\n<\/div><\/div>\n<\/div>\n<\/div>\n<\/div>","protected":false},"excerpt":{"rendered":"<p>Gegenseitige Geheimhaltungs- und Vertraulichkeitsvereinbarung&nbsp; Vereinbarung und Best\u00e4tigung zwischen Extu, Inc., einer Gesellschaft nach dem Recht des Bundesstaates Georgia, &hellip;<\/p>\n","protected":false},"author":4,"featured_media":0,"parent":136822,"menu_order":0,"comment_status":"closed","ping_status":"closed","template":"","meta":{"_acf_changed":false,"_eb_attr":"","footnotes":""},"class_list":["post-136966","page","type-page","status-publish"],"acf":{"footer_box_text":"Partnering With Us = Higher Returns for You","footer_form_text":"Channel Growth Looks Good On You","footer_form":""},"_links":{"self":[{"href":"https:\/\/extu.com\/de\/wp-json\/wp\/v2\/pages\/136966","targetHints":{"allow":["GET"]}}],"collection":[{"href":"https:\/\/extu.com\/de\/wp-json\/wp\/v2\/pages"}],"about":[{"href":"https:\/\/extu.com\/de\/wp-json\/wp\/v2\/types\/page"}],"author":[{"embeddable":true,"href":"https:\/\/extu.com\/de\/wp-json\/wp\/v2\/users\/4"}],"replies":[{"embeddable":true,"href":"https:\/\/extu.com\/de\/wp-json\/wp\/v2\/comments?post=136966"}],"version-history":[{"count":0,"href":"https:\/\/extu.com\/de\/wp-json\/wp\/v2\/pages\/136966\/revisions"}],"up":[{"embeddable":true,"href":"https:\/\/extu.com\/de\/wp-json\/wp\/v2\/pages\/136822"}],"wp:attachment":[{"href":"https:\/\/extu.com\/de\/wp-json\/wp\/v2\/media?parent=136966"}],"curies":[{"name":"wp","href":"https:\/\/api.w.org\/{rel}","templated":true}]}}