{"id":136837,"date":"2023-08-10T13:15:41","date_gmt":"2023-08-10T13:15:41","guid":{"rendered":"https:\/\/extu.com\/rechtliche\/dsgvo-und-extu\/"},"modified":"2024-10-21T12:20:58","modified_gmt":"2024-10-21T12:20:58","slug":"dsgvo-und-extu","status":"publish","type":"page","link":"https:\/\/extu.com\/de\/rechtliche\/dsgvo-und-extu\/","title":{"rendered":"DSGVO und Extu"},"content":{"rendered":"<div class=\"gb-container gb-container-b18ab946 gb-container-default\">\n<div class=\"gb-container gb-container-5d0439a9 gb-container-inner\">\n<div class=\"gb-grid-wrapper gb-grid-wrapper-209d1e03\">\n<div class=\"gb-grid-column gb-grid-column-22a1eb65\"><div class=\"gb-container gb-container-22a1eb65\">\n\n<h1 class=\"gb-headline gb-headline-aa84e7da gb-headline-text\">DSGVO und Extu<\/h1>\n\n\n\n<p class=\"gb-headline gb-headline-c06d6f66 gb-headline-text\">Extu sch\u00e4tzt die Privatsph\u00e4re seiner Benutzer. <\/p>\n\n<\/div><\/div>\n<\/div>\n<\/div>\n<\/div>\n\n<div class=\"gb-container gb-container-2be5925a gb-container-default\">\n<div class=\"gb-container gb-container-71010533\">\n\n<h2 class=\"gb-headline gb-headline-07db59a1 gb-headline-text\">Was hat Extu unternommen, um die DSGVO einzuhalten?<\/h2>\n\n\n\n<p>Extu verpflichtet sich, verantwortungsbewusste Verwalter der pers\u00f6nlichen Informationen zu sein, die Sie uns anvertrauen, zu erfassen und zu verarbeiten. Im Rahmen unseres Engagements f\u00fcr den Datenschutz haben wir uns von spezialisiertem rechtlichem Rat beraten lassen und ein internes DSGVO-Team eingerichtet, um unsere Verantwortlichkeiten zu bewerten und die erforderlichen Ma\u00dfnahmen zur Einhaltung der DSGVO umzusetzen. Dar\u00fcber hinaus haben wir die DSGVO als unseren globalen Standard f\u00fcr Datenschutz und Datensicherheit \u00fcbernommen. Hier ist eine Zusammenfassung der wichtigsten Schritte, die wir unternommen haben:<\/p>\n\n\n\n<ul class=\"wp-block-list\">\n<li><strong>Gap-Analyse: <\/strong>Wir haben eine Gap-Analyse der Anforderungen durchgef\u00fchrt, die die DSGVO an Extus Gesch\u00e4ftsbetrieb stellt<\/li>\n\n\n\n<li><strong>Datenkarten:<\/strong> Wir haben umfassende Datenkarten erstellt, die den Fluss personenbezogener Daten in unseren Systemen und Dienstleistungen nachverfolgen<\/li>\n\n\n\n<li><strong>Offenlegung: <\/strong>Wir haben die Offenlegungen in unseren Marketingmaterialien und auf unseren Landing Pages aktualisiert.<\/li>\n\n\n\n<li><strong>Datenschutzhinweis:<\/strong> Wir haben unseren Datenschutzhinweis auf der Website sowie interne Datenschutzhinweise aktualisiert, um sie DSGVO-konform zu machen und gleichzeitig klarer, pr\u00e4gnanter und transparenter darzulegen, wie wir personenbezogene Daten verarbeiten.<\/li>\n\n\n\n<li><strong>Meldung von Datenschutzversto\u00dfen:<\/strong> Wir haben unseren Plan f\u00fcr Datenschutzverst\u00f6\u00dfe und unsere Verfahren zur Vorfallreaktion aktualisiert, um sie mit der DSGVO in Einklang zu bringen.<\/li>\n\n\n\n<li><strong>Datensicherheit: <\/strong>Wir haben unsere technischen und organisatorischen Sicherheitspraktiken \u00fcberpr\u00fcft und, wo erforderlich, aktualisiert oder verbessert.<\/li>\n\n\n\n<li><strong>Rechte der betroffenen Personen: <\/strong>Wir haben Prozesse implementiert, um die wesentlichen Rechte der betroffenen Personen zu gew\u00e4hrleisten, wie das Recht auf Zugang, das Recht auf Daten\u00fcbertragbarkeit und das Recht auf L\u00f6schung.<\/li>\n\n\n\n<li><strong>Datenverarbeitungsprotokolle: <\/strong>Wir f\u00fchren DSGVO-konforme Datenverarbeitungsprotokolle, einschlie\u00dflich Verfahren f\u00fcr grenz\u00fcberschreitende Daten\u00fcbermittlungen.<\/li>\n\n\n\n<li><strong>Datenschutzrichtlinien und Schulungen: <\/strong>Wir haben Datenschutz- und Datenhandhabungsrichtlinien entwickelt und ein Schulungsframework f\u00fcr alle Extu-Mitarbeiter eingef\u00fchrt.<\/li>\n\n\n\n<li><strong>Anbieter und Dritte:<\/strong> Wir haben unsere Beziehungen zu Drittanbietern \u00fcberpr\u00fcft und sichergestellt, dass die bestehenden Vereinbarungen den Anforderungen der DSGVO entsprechen.<\/li>\n<\/ul>\n\n\n\n<p>Unsere Reise zur DSGVO-Compliance ist ein Prozess der kontinuierlichen Verbesserung. Wir sind hier, um Ihre Marketinginitiativen zu unterst\u00fctzen, und gemeinsam als Team k\u00f6nnen wir eine vertrauensvolle und transparente Beziehung zu Ihren aktuellen und potenziellen Abonnenten aufbauen.<\/p>\n\n\n\n<p>Da wir die DSGVO als Standard f\u00fcr unser globales Datenschutz-Compliance-Programm \u00fcbernommen haben, k\u00f6nnen wir viele der Anforderungen des CCPA erf\u00fcllen. Wo erforderlich, haben wir unsere internen Richtlinien und Kontrollmechanismen, wie z. B. unsere Pl\u00e4ne f\u00fcr Datenvorf\u00e4lle, aktualisiert. Zudem haben wir unseren Datenschutzhinweis \u00fcberarbeitet.<\/p>\n\n<\/div>\n<\/div>\n\n<div class=\"gb-container gb-container-822b9373 gb-container-default\">\n<div class=\"gb-container gb-container-267a6df0 gb-container-inner\">\n\n<h2 class=\"gb-headline gb-headline-a64fe33d gb-headline-text\">Wie hat Extu den California Consumer Protection Act (CCPA) umgesetzt?<\/h2>\n\n\n\n<p>Der CCPA gew\u00e4hrt den Einwohnern Kaliforniens das Recht, der \u201eVer\u00e4u\u00dferung\u201c ihrer pers\u00f6nlichen Informationen zu widersprechen. Extu verkauft keine personenbezogenen Informationen. Wir geben personenbezogene Daten nur an Dritte weiter, die als Dienstleister fungieren, oder an Dritte, wie unsere Sponsoren, f\u00fcr gesch\u00e4ftliche Zwecke oder wenn Sie uns hierzu autorisiert haben.<\/p>\n\n<\/div>\n<\/div>\n\n<div class=\"gb-container gb-container-1d6fd59e gb-container-default\">\n<div class=\"gb-container gb-container-061503a3 gb-container-inner\">\n\n<h2 class=\"gb-headline gb-headline-4b3e56ac gb-headline-text\">Kurz-FAQs<\/h2>\n\n\n<div class=\"gb-container gb-container-884b9234 gb-accordion\">\n<div class=\"gb-container gb-container-2dbb83bd gb-accordion__item gb-accordion__item-open\" data-transition=\"slide\">\n\n<button class=\"gb-button gb-button-4269b730 gb-accordion__toggle gb-block-is-current\" id=\"gb-accordion-toggle-4269b730\"><span class=\"gb-button-text\">Wo speichert Extu die Daten von Partnern und Abonnenten?<\/span><span class=\"gb-icon\"><svg xmlns=\"http:\/\/www.w3.org\/2000\/svg\" viewBox=\"0 0 448 512\" width=\"1em\" height=\"1em\" ariahidden=\"true\" role=\"img\" class=\"gb-accordion__icon\"><path d=\"M207.029 381.476L12.686 187.132c-9.373-9.373-9.373-24.569 0-33.941l22.667-22.667c9.357-9.357 24.522-9.375 33.901-.04L224 284.505l154.745-154.021c9.379-9.335 24.544-9.317 33.901.04l22.667 22.667c9.373 9.373 9.373 24.569 0 33.941L240.971 381.476c-9.373 9.372-24.569 9.372-33.942 0z\" fill=\"currentColor\"><\/path><\/svg><svg xmlns=\"http:\/\/www.w3.org\/2000\/svg\" viewBox=\"0 0 448 512\" width=\"1em\" height=\"1em\" ariahidden=\"true\" role=\"img\" class=\"gb-accordion__icon-open\"><path d=\"M240.971 130.524l194.343 194.343c9.373 9.373 9.373 24.569 0 33.941l-22.667 22.667c-9.357 9.357-24.522 9.375-33.901.04L224 227.495 69.255 381.516c-9.379 9.335-24.544 9.317-33.901-.04l-22.667-22.667c-9.373-9.373-9.373-24.569 0-33.941L207.03 130.525c9.372-9.373 24.568-9.373 33.941-.001z\" fill=\"currentColor\"><\/path><\/svg><\/span><\/button>\n\n\n<div id=\"gb-accordion-content-b52027d9\" class=\"gb-accordion__content\"><div class=\"gb-container gb-container-b52027d9\">\n\n<p>Wir nutzen einen erstklassigen externen Datenhosting-Anbieter (Amazon Web Services) zur Bereitstellung unserer Dienstleistungen. Weitere Informationen \u00fcber den Umgang von AWS mit der Einhaltung der DSGVO finden Sie unter: <a href=\"https:\/\/aws.amazon.com\/compliance\/gdpr-center\/\" target=\"_blank\" rel=\"noopener\">https:\/\/aws.amazon.com\/compliance\/gdpr-center\/<\/a>. <\/p>\n\n<\/div><\/div>\n<\/div>\n\n<div class=\"gb-container gb-container-a9f1b25a gb-accordion__item\" data-transition=\"slide\">\n\n<button class=\"gb-button gb-button-2278a0e9 gb-accordion__toggle\" id=\"gb-accordion-toggle-2278a0e9\"><span class=\"gb-button-text\">Wer sind die Unterauftragsverarbeiter oder Drittanbieter von Extu?<\/span><span class=\"gb-icon\"><svg xmlns=\"http:\/\/www.w3.org\/2000\/svg\" viewBox=\"0 0 448 512\" width=\"1em\" height=\"1em\" ariahidden=\"true\" role=\"img\" class=\"gb-accordion__icon\"><path d=\"M207.029 381.476L12.686 187.132c-9.373-9.373-9.373-24.569 0-33.941l22.667-22.667c9.357-9.357 24.522-9.375 33.901-.04L224 284.505l154.745-154.021c9.379-9.335 24.544-9.317 33.901.04l22.667 22.667c9.373 9.373 9.373 24.569 0 33.941L240.971 381.476c-9.373 9.372-24.569 9.372-33.942 0z\" fill=\"currentColor\"><\/path><\/svg><svg xmlns=\"http:\/\/www.w3.org\/2000\/svg\" viewBox=\"0 0 448 512\" width=\"1em\" height=\"1em\" ariahidden=\"true\" role=\"img\" class=\"gb-accordion__icon-open\"><path d=\"M240.971 130.524l194.343 194.343c9.373 9.373 9.373 24.569 0 33.941l-22.667 22.667c-9.357 9.357-24.522 9.375-33.901.04L224 227.495 69.255 381.516c-9.379 9.335-24.544 9.317-33.901-.04l-22.667-22.667c-9.373-9.373-9.373-24.569 0-33.941L207.03 130.525c9.372-9.373 24.568-9.373 33.941-.001z\" fill=\"currentColor\"><\/path><\/svg><\/span><\/button>\n\n\n<div id=\"gb-accordion-content-c77d4ed5\" class=\"gb-accordion__content\"><div class=\"gb-container gb-container-c77d4ed5\">\n\n<p>Eine vollst\u00e4ndige Liste unserer Drittanbieter und Auftragsverarbeiter finden Sie <a href=\"http:\/\/extu.com\/legal\/subprocessors\/\">hier<\/a>.<\/p>\n\n<\/div><\/div>\n<\/div>\n\n<div class=\"gb-container gb-container-097a6cf1 gb-accordion__item\" data-transition=\"slide\">\n\n<button class=\"gb-button gb-button-189cce92 gb-accordion__toggle\" id=\"gb-accordion-toggle-189cce92\"><span class=\"gb-button-text\">Ich bin ein Partner, der am Extu-Programm teilnimmt. Muss ich mich weiterhin um die DSGVO-Compliance k\u00fcmmern? <\/span><span class=\"gb-icon\"><svg xmlns=\"http:\/\/www.w3.org\/2000\/svg\" viewBox=\"0 0 448 512\" width=\"1em\" height=\"1em\" ariahidden=\"true\" role=\"img\" class=\"gb-accordion__icon\"><path d=\"M207.029 381.476L12.686 187.132c-9.373-9.373-9.373-24.569 0-33.941l22.667-22.667c9.357-9.357 24.522-9.375 33.901-.04L224 284.505l154.745-154.021c9.379-9.335 24.544-9.317 33.901.04l22.667 22.667c9.373 9.373 9.373 24.569 0 33.941L240.971 381.476c-9.373 9.372-24.569 9.372-33.942 0z\" fill=\"currentColor\"><\/path><\/svg><svg xmlns=\"http:\/\/www.w3.org\/2000\/svg\" viewBox=\"0 0 448 512\" width=\"1em\" height=\"1em\" ariahidden=\"true\" role=\"img\" class=\"gb-accordion__icon-open\"><path d=\"M240.971 130.524l194.343 194.343c9.373 9.373 9.373 24.569 0 33.941l-22.667 22.667c-9.357 9.357-24.522 9.375-33.901.04L224 227.495 69.255 381.516c-9.379 9.335-24.544 9.317-33.901-.04l-22.667-22.667c-9.373-9.373-9.373-24.569 0-33.941L207.03 130.525c9.372-9.373 24.568-9.373 33.941-.001z\" fill=\"currentColor\"><\/path><\/svg><\/span><\/button>\n\n\n<div id=\"gb-accordion-content-5a60a2dd\" class=\"gb-accordion__content\"><div class=\"gb-container gb-container-5a60a2dd\">\n\n<p>Ja, wenn Sie in der EU niedergelassen sind oder, wenn Sie au\u00dferhalb der EU niedergelassen sind und einer Ihrer Abonnenten in der EU ans\u00e4ssig ist, gelten Sie als Verantwortlicher f\u00fcr die Informationen Ihrer Abonnenten. Zudem gibt es Datenschutzanforderungen, die Sie gem\u00e4\u00df den Allgemeinen Gesch\u00e4ftsbedingungen von Extu erf\u00fcllen m\u00fcssen. Daher umfassen Ihre Verpflichtungen im Rahmen der DSGVO, wenn Sie am Extu-Programm teilnehmen und gem\u00e4\u00df unseren Allgemeinen Gesch\u00e4ftsbedingungen handeln, unter anderem die Gew\u00e4hrleistung, dass:<\/p>\n\n\n\n<ul class=\"wp-block-list\">\n<li>Sie eine DSGVO-konforme Abonnentenliste f\u00fchren<\/li>\n\n\n\n<li>Ihr Datenschutzhinweis ausreichende Offenlegungen im Einklang mit den<\/li>\n\n\n\n<li>Sie geeignete technische und organisatorische Sicherheitsma\u00dfnahmen getroffen haben, um das Risiko eines Datenschutzversto\u00dfes zu mindern<\/li>\n\n\n\n<li>Sie Extu unverz\u00fcglich benachrichtigen, wenn Sie eine Datenschutzbeschwerde oder -anfrage erhalten oder in einen potenziellen oder tats\u00e4chlichen Vorfall eines Datenschutzversto\u00dfes verwickelt sind.<\/li>\n<\/ul>\n\n\n\n<p>Extu verpflichtet sich, Ihnen dabei zu helfen, Ihre DSGVO-Verpflichtungen in Bezug auf das Abonnementpr\u00e4ferenzmanagement, die Offenlegung von Cookies, Anfragen zu personenbezogenen Informationen und andere Rechte der betroffenen Personen zu erf\u00fcllen. Wir setzen alles daran, sicherzustellen, dass unsere Dienstleistungen in \u00dcbereinstimmung mit den geltenden Datenschutzbestimmungen erbracht werden, und unterst\u00fctzen Sie dabei, Ihre Marketingbotschaft im Einklang mit der DSGVO an Ihre Kunden zu \u00fcbermitteln. <\/p>\n\n\n\n<p>Weitere Informationen finden Sie in unserem Abschnitt <a href=\"http:\/\/extu.com\/legal\/gdpr-and-partners\/\">Partnerpflichten gem\u00e4\u00df DSGVO<\/a>.<\/p>\n\n<\/div><\/div>\n<\/div>\n\n<div class=\"gb-container gb-container-64bd034b gb-accordion__item\" data-transition=\"slide\">\n\n<button class=\"gb-button gb-button-20831c2f gb-accordion__toggle\" id=\"gb-accordion-toggle-20831c2f\"><span class=\"gb-button-text\">Welche Sicherheitsma\u00dfnahmen hat Extu zum Schutz von Daten eingef\u00fchrt?<\/span><span class=\"gb-icon\"><svg xmlns=\"http:\/\/www.w3.org\/2000\/svg\" viewBox=\"0 0 448 512\" width=\"1em\" height=\"1em\" ariahidden=\"true\" role=\"img\" class=\"gb-accordion__icon\"><path d=\"M207.029 381.476L12.686 187.132c-9.373-9.373-9.373-24.569 0-33.941l22.667-22.667c9.357-9.357 24.522-9.375 33.901-.04L224 284.505l154.745-154.021c9.379-9.335 24.544-9.317 33.901.04l22.667 22.667c9.373 9.373 9.373 24.569 0 33.941L240.971 381.476c-9.373 9.372-24.569 9.372-33.942 0z\" fill=\"currentColor\"><\/path><\/svg><svg xmlns=\"http:\/\/www.w3.org\/2000\/svg\" viewBox=\"0 0 448 512\" width=\"1em\" height=\"1em\" ariahidden=\"true\" role=\"img\" class=\"gb-accordion__icon-open\"><path d=\"M240.971 130.524l194.343 194.343c9.373 9.373 9.373 24.569 0 33.941l-22.667 22.667c-9.357 9.357-24.522 9.375-33.901.04L224 227.495 69.255 381.516c-9.379 9.335-24.544 9.317-33.901-.04l-22.667-22.667c-9.373-9.373-9.373-24.569 0-33.941L207.03 130.525c9.372-9.373 24.568-9.373 33.941-.001z\" fill=\"currentColor\"><\/path><\/svg><\/span><\/button>\n\n\n<div id=\"gb-accordion-content-41a5d2f2\" class=\"gb-accordion__content\"><div class=\"gb-container gb-container-41a5d2f2\">\n\n<p>Wir haben technische Ma\u00dfnahmen und organisatorische Verfahren eingef\u00fchrt, um die Sicherheit und Vertraulichkeit personenbezogener Informationen zu gew\u00e4hrleisten. Zu diesen geh\u00f6ren unter anderem:<\/p>\n\n\n\n<ul class=\"wp-block-list\">\n<li><strong>Netzwerkschutz: <\/strong>Mehrere Sicherheitsebenen sch\u00fctzen den Zugriff auf unsere Umgebung und innerhalb unserer Umgebung,einschlie\u00dflich Firewalls, Eindringungsschutzsystemen und Netzwerksegmentierung. Wir engagieren regelm\u00e4\u00dfig Datensicherheitsexperten und nutzen deren Fachwissen, um unsere Systeme zu sch\u00fctzen<\/li>\n\n\n\n<li><strong>Datenverschl\u00fcsselung: <\/strong>Wir verschl\u00fcsseln alle Daten, die zwischen Ihnen, Ihren Abonnenten und Extu ausgetauscht werden, mithilfe von TLS (Transport Layer Security), einem Industriestandard<\/li>\n\n\n\n<li><strong>Sichere Rechenzentren:<\/strong> Unsere Server befinden sich in hochsicheren Hosting-Einrichtungen, die robuste physische Sicherheitskontrollen einsetzen. Extu unterh\u00e4lt geografisch getrennte Datenreplikate und Hosting-Umgebungen, um das Risiko von Datenverlusten oder Ausf\u00e4llen zu minimieren.<\/li>\n\n\n\n<li><strong>Interne Richtlinien und Kontrollen:<\/strong> Wir unterhalten umfangreiche Datenschutzrichtlinien und IT-Sicherheitsrichtlinien und f\u00fchren regelm\u00e4\u00dfige Audits unserer Systeme und Kontrollen durch.<\/li>\n<\/ul>\n\n<\/div><\/div>\n<\/div>\n<\/div>\n<\/div>\n<\/div>\n\n<div class=\"gb-container gb-container-6e0523e1 gb-container-default\">\n<div class=\"gb-container gb-container-542ab6fd gb-container-inner\">\n\n<p><em>Dieses Material dient ausschlie\u00dflich zu allgemeinen Informationszwecken und stellt keine Rechtsberatung dar. Um die vollst\u00e4ndigen Auswirkungen der DSGVO auf Ihre Datenverarbeitungsaktivit\u00e4ten zu verstehen, empfehlen wir Ihnen, sich mit einem unabh\u00e4ngigen Rechts- oder Datenschutzexperten zu beraten. <\/em><\/p>\n\n<\/div>\n<\/div>","protected":false},"excerpt":{"rendered":"<p>Was hat Extu unternommen, um die DSGVO einzuhalten? Extu verpflichtet sich, verantwortungsbewusste Verwalter der pers\u00f6nlichen Informationen zu sein, &hellip;<\/p>\n","protected":false},"author":4,"featured_media":0,"parent":136822,"menu_order":0,"comment_status":"closed","ping_status":"closed","template":"","meta":{"_acf_changed":false,"_eb_attr":"","footnotes":""},"class_list":["post-136837","page","type-page","status-publish"],"acf":{"footer_box_text":"Partnering With Us = Higher Returns for You","footer_form_text":"Channel Growth Looks Good On You","footer_form":""},"_links":{"self":[{"href":"https:\/\/extu.com\/de\/wp-json\/wp\/v2\/pages\/136837","targetHints":{"allow":["GET"]}}],"collection":[{"href":"https:\/\/extu.com\/de\/wp-json\/wp\/v2\/pages"}],"about":[{"href":"https:\/\/extu.com\/de\/wp-json\/wp\/v2\/types\/page"}],"author":[{"embeddable":true,"href":"https:\/\/extu.com\/de\/wp-json\/wp\/v2\/users\/4"}],"replies":[{"embeddable":true,"href":"https:\/\/extu.com\/de\/wp-json\/wp\/v2\/comments?post=136837"}],"version-history":[{"count":0,"href":"https:\/\/extu.com\/de\/wp-json\/wp\/v2\/pages\/136837\/revisions"}],"up":[{"embeddable":true,"href":"https:\/\/extu.com\/de\/wp-json\/wp\/v2\/pages\/136822"}],"wp:attachment":[{"href":"https:\/\/extu.com\/de\/wp-json\/wp\/v2\/media?parent=136837"}],"curies":[{"name":"wp","href":"https:\/\/api.w.org\/{rel}","templated":true}]}}