{"id":119354,"date":"2023-08-09T18:16:58","date_gmt":"2023-08-09T18:16:58","guid":{"rendered":"https:\/\/extu.com\/?page_id=119354"},"modified":"2024-10-18T12:45:57","modified_gmt":"2024-10-18T12:45:57","slug":"cookie-richtlinie","status":"publish","type":"page","link":"https:\/\/extu.com\/de\/rechtliche\/cookie-richtlinie\/","title":{"rendered":"Cookie-Richtlinie"},"content":{"rendered":"\n<p>Wirksam: 23. Dezember 2022<\/p>\n\n\n\n<p>Wenn Sie unsere Websites besuchen, unsere mobilen Apps nutzen, mit unseren Marketingmaterialien, Online-Werbeanzeigen oder E-Mails (einschlie\u00dflich der E-Mails, die wir im Auftrag unserer Kunden versenden) interagieren,interagieren (oder E-Mails, die wir im Auftrag unserer Kunden versenden), erheben wir Informationen mithilfe von Technologien wie Cookies, Pixel-Tags (auch Web-Beacons genannt), Browser-Analysetools und Server-Logs. Jede dieser Technologien wird unten erl\u00e4utert. <\/p>\n\n\n\n<h4 class=\"wp-block-heading\">a. Warum wir Cookies verwenden <\/h4>\n\n\n\n<p>Die Daten, die wir mithilfe von Cookies und anderen Tools erheben, werden f\u00fcr viele verschiedene Zwecke genutzt.<\/p>\n\n\n\n<ul class=\"wp-block-list\">\n<li><strong>Zwingend notwendige Cookies<\/strong> und Tags werden von Extu verwendet, um die Funktionalit\u00e4t unserer Websites und Apps sicherzustellen. Sie erm\u00f6glichen wesentliche Funktionen wie Authentifizierung, Sicherheit, Netzwerkverwaltung und Barrierefreiheit. Es ist m\u00f6glich, diese in den Browsereinstellungen zu deaktivieren, jedoch kann dies die Funktionsweise der Website beeintr\u00e4chtigen.<\/li>\n\n\n\n<li><strong>Leistungs- sowie Analyse-Cookies<\/strong>\u202fund Tags werden von uns und unseren Dienstleistern verwendet, um unsere Websites zu verwalten. Dazu kann das Sammeln von Analyse-Cookies \u00fcber die Besucher unserer Website und Informationen zur Nutzung der Website geh\u00f6ren. Wir verwenden diese Informationen, um Berichte zu erstellen und um unsere Website zu verbessern. Diese Cookies helfen uns, Daten zu sammeln, um die Leistung unserer Website zu optimieren.    <em>Die durch diese Cookies gesammelten Daten werden nicht f\u00fcr gezieltes Marketing verwendet.<\/em><\/li>\n\n\n\n<li><strong>Cookies f\u00fcr die Benutzererfahrung<\/strong> und Tags werden verwendet, um Ihre Erfahrung zu verbessernCookies f\u00fcr das Nutzererlebnis\u202fund Tags werden verwendet, um Ihr Erlebnis zu unterst\u00fctzen und benutzerdefinierte Optionen sowie Navigationshilfen bereitzustellen. Diese Cookies bieten erweiterte Funktionen und Personalisierung auf unseren Websites. Wenn Sie diese Cookies nicht zulassen, funktionieren einige Dienste auf unseren Websites m\u00f6glicherweise nicht ordnungsgem\u00e4\u00df.  <\/li>\n\n\n\n<li><strong>Marketing- und Personalisierungs-Cookies<\/strong> werden verwendet, um soziale Freigabefunktionen zu aktivieren und interessenbasierte Anzeigen online an Sie zu liefern. <\/li>\n<\/ul>\n\n\n\n<ul class=\"wp-block-list\">\n<li><strong>Cookies f\u00fcr soziale Medien<\/strong>\u202fund Tags werden von uns und sozialen Medienplattformen (wie Facebook) verwendet, um es Nutzern zu erm\u00f6glichen, Inhalte auf unseren Websites zu teilen. Wir arbeiten auch mit sozialen Medienplattformen wie Facebook und Instagram zusammen, um Ihnen Anzeigen zu zeigen, wenn Sie diese Plattformen nutzen. Diese Zielgruppenansprache erfolgt durch die Plattform gem\u00e4\u00df ihren eigenen Nutzungsbedingungen.  <\/li>\n<\/ul>\n\n\n\n<ul class=\"wp-block-list\">\n<li><strong>Werbe-Cookies\u202f<\/strong>und Tags werden von uns, unseren Dienstleistern und Dritten verwendet, um die an Sie ausgelieferten Anzeigen auf unserer Website und auf anderen Websites zu personalisieren. Diese Cookies sammeln Daten \u00fcber Ihre Online-Aktivit\u00e4ten und erm\u00f6glichen die Anzeige von Anzeigen, die f\u00fcr Sie von Interesse sein k\u00f6nnten. Sie zeichnen auch auf, welche Anzeigen Sie gesehen haben und ob Sie mit der Anzeige interagiert haben. Diese Cookies stellen sicher, dass die Anzeigen, die Sie sehen, relevant und nicht wiederholt angezeigt werden.   <\/li>\n<\/ul>\n\n\n\n<p>Auch wenn wir keine pers\u00f6nlich identifizierbaren Informationen an Drittanbieter von Werbefirmen weitergeben, k\u00f6nnen wir Cookies und Tags f\u00fcr diese platzieren, wenn Sie eine Website von Extu besuchen. Dies erm\u00f6glicht es diesen Drittanbietern, Informationen von Ihnen mithilfe dieser Technologien auf unseren Websites zu sammeln. Die von ihnen gesammelten Informationen unterliegen ihren eigenen Datenschutzhinweisen.<\/p>\n\n\n\n<h3 class=\"wp-block-heading\">b. Ihre Auswahlm\u00f6glichkeiten <\/h3>\n\n\n\n<ul class=\"wp-block-list\">\n<li>Sie k\u00f6nnen Cookies von Extu und anderen Unternehmen \u00fcber Ihre Browsereinstellungen verwalten und l\u00f6schen. Browser wie Chrome, Internet Explorer, Microsoft Edge, Firefox und Safari erm\u00f6glichen es Ihnen, Cookies zu akzeptieren, abzulehnen oder zu l\u00f6schen. Besuchen Sie das \u201eHilfezentrum\u201c Ihres Browsers, um mehr dar\u00fcber zu erfahren.<\/li>\n\n\n\n<li>Sie k\u00f6nnen auch von Branchenprogrammen profitieren, die es Ihnen erm\u00f6glichen, zu steuern, wie Unternehmen Ihnen Werbung anzeigen.<\/li>\n<\/ul>\n\n\n\n<ul class=\"wp-block-list\">\n<li>Die Network Advertising Initiative (NAI) verwaltet ein Opt-out-Programm f\u00fcr viele Drittanbieter von Werbefirmen. Sie k\u00f6nnen das Targeting durch NAI-Mitglieder unter <a href=\"\">https:\/\/optout.networkadvertising.org\/<\/a> deaktivieren. <\/li>\n\n\n\n<li>Auf einigen Websites sehen Sie m\u00f6glicherweise ein AdChoices-Symbol, das auf bestimmten zielgerichteten Anzeigen erscheint. Sie k\u00f6nnen auf dieses Symbol klicken, um mehr Informationen \u00fcber die Erhebung und Nutzung Ihrer Daten zu erhalten oder um in Zukunft von dieser Datenerhebung abzumeldenauszuschlie\u00dfen. Um mehr \u00fcber das Digital Advertising Alliance Consumer Choice Tool zu erfahren, besuchen Sie bitte <a href=\"\">http:\/\/optout.aboutads.info<\/a>.   <\/li>\n\n\n\n<li>Zus\u00e4tzliche Auswahlm\u00f6glichkeiten werden von den folgenden Plattformen angeboten:<br><strong>Google<\/strong>:\u202fWeitere Informationen dar\u00fcber, wie Google Analytics Daten verwendet, finden Sie unter \u201eWie Google Daten verwendet, wenn Sie die Websites oder Apps unserer Partner nutzen\u201c, verf\u00fcgbar unter\u202f <a href=\"https:\/\/www.google.com\/policies\/privacy\/partners\" target=\"_blank\" rel=\"noopener\">https:\/\/policies.google.com\/technologies\/partner-sites?hl=de<\/a> <\/li>\n<\/ul>\n\n\n\n<p>In den meisten F\u00e4llen sind die von Ihnen getroffenen Einstellungen an Ihren Browser gebunden. Wenn Sie verschiedene Browser oder Ger\u00e4te verwenden, m\u00fcssen Sie Ihre Einstellungen f\u00fcr jedes Ger\u00e4t vornehmen. Selbst wenn Sie sich abmelden, k\u00f6nnen Sie weiterhin Anzeigen erhalten, die nicht auf Sie zugeschnitten sind.  <\/p>\n\n\n\n<p>Obwohl unsere Websites derzeit keinen Mechanismus haben, um verschiedene \u201eDo Not Track\u201c-Signale von Webbrowsern zu erkennen, bieten wir unseren Kunden die M\u00f6glichkeit, ihre Cookie-Einstellungen wie im vorherigen Abschnitt beschrieben zu verwalten. Um mehr \u00fcber \u201eDo Not Track\u201c-Signale und Browser-Tracking zu erfahren, besuchen Sie\u202f<a href=\"\">www.allaboutdnt.org<\/a>.  <\/p>\n\n\n\n<h3 class=\"wp-block-heading\">c. Soziale Medien und andere Plattformen <\/h3>\n\n\n\n<p>Unsere Websites erm\u00f6glichen es Ihnen, \u00fcber soziale Medienplattformen wie Facebook, Twitter, LinkedIn und Instagram mit uns und anderen zu interagieren. Diese Funktion wird durch Cookies und Tags f\u00fcr soziale Medien aktiviert. Einige Extu-Websites erm\u00f6glichen es Ihnen beispielsweise, sich mit Anmeldedaten von sozialen Medienplattformen einzuloggen. Lesen Sie die Datenschutzerkl\u00e4rungen Ihrer sozialen Medienplattformen, um zu verstehen, wie diese Ihre Informationen verwenden und wie Sie Ihre Auswahlm\u00f6glichkeiten verwalten k\u00f6nnen.<\/p>\n\n\n\n<p>Wir k\u00f6nnen Ihnen interessenbasierte Anzeigen anzeigen, wenn Sie Plattformen wie Facebook und Google nutzen. Diese Plattformen erm\u00f6glichen es uns, die angezeigten Anzeigen f\u00fcr Sie zu personalisieren. Um diese Anzeigen bereitzustellen, wandeln wir Ihre E-Mail-Adresse in eine eindeutige Zahl um. Die Plattformen wandeln die E-Mail-Adressen ihrer Nutzer mit demselben Prozess in eindeutige Zahlen um. So k\u00f6nnen die Datens\u00e4tze abgeglichen werden, ohne dass dabei Daten ausgetauscht werden, die Sie allein identifizieren k\u00f6nnten. Die Plattformen f\u00fchren diesen Abgleich als Dienstleister f\u00fcr Extu durch und behalten oder verwenden die \u00fcbermittelten Daten nicht f\u00fcr eigene Zwecke. Dieser Prozess erm\u00f6glicht es der Plattform, unsere Anzeigen an unsere Kunden auf der Plattform auszuliefern. Die Plattformen k\u00f6nnen Erkenntnisse \u00fcber Personen gewinnen, die auf die von uns geschalteten Anzeigen reagieren.<\/p>\n\n\n\n<h3 class=\"wp-block-heading\">d. Andere Arten der Online-Datenerfassung <\/h3>\n\n\n\n<p>Unsere <strong>Server-Logs<\/strong> zeichnen Informationen \u00fcber Nutzer unserer Websites auf. Wir k\u00f6nnen diese Logs f\u00fcr interne Zwecke wie die Verwaltung, Optimierung und Sicherheit der Website verwenden. Zudem k\u00f6nnen wir die Daten zum Schutz vor Betrug, zur Personalisierung und f\u00fcr Werbezwecke nutzenWir k\u00f6nnen die Daten auch zum Schutz vor Betrug, zur Personalisierung und f\u00fcr Werbeanzeigen verwenden.  <\/p>\n\n\n\n<p>Wir erfassen <strong>Ger\u00e4tekennungen <\/strong>und andere ger\u00e4tebezogene Informationen, einschlie\u00dflich der Werbe-ID Ihres Ger\u00e4ts, sofern verf\u00fcgbar. Diese Informationen werden verwendet, um das Ger\u00e4t zu identifizieren und Sie zu authentifizieren. Wir k\u00f6nnen auch ger\u00e4tebezogene Informationen verwenden, um Sie mit verschiedenen Ger\u00e4ten zu verkn\u00fcpfen, die Sie m\u00f6glicherweise verwenden, unter anderem zum Schutz vor Betrug und um Werbung gezielter auszuspielen. In vielen F\u00e4llen k\u00f6nnen Sie die Werbe-ID Ihres Ger\u00e4ts zur\u00fccksetzen. Sowohl Android- als auch iOS-Ger\u00e4te erm\u00f6glichen es Ihnen, die Ger\u00e4tekennung im Men\u00fc \u201eEinstellungen\u201c zur\u00fcckzusetzen.    <\/p>\n\n\n\n<h3 class=\"wp-block-heading\">e. Ein Leitfaden zu Cookies und anderen Technologien <\/h3>\n\n\n\n<ul class=\"wp-block-list\">\n<li><strong>Cookies<\/strong><br>Cookies sind kleine Textdateien, die Websites an Ihren Computer oder ein anderes mit dem Internet verbundenes Ger\u00e4t senden, um Ihren Browser eindeutig zu identifizieren oder Informationen oder Einstellungen in Ihrem Browser zu speichern. Cookies erm\u00f6glichen es uns, Sie zu erkennen, wenn Sie zur\u00fcckkehren. Sie helfen uns auch, ein personalisiertes Erlebnis zu bieten und bestimmte Arten von Betrug zu erkennen.  <\/li>\n<\/ul>\n\n\n\n<ul class=\"wp-block-list\">\n<li>Erstanbieter-Cookies sind Cookies, die von Extu platziert werden. Diese Cookies werden von Extu verwendet und umfassen alle wesentlichen Cookies.<\/li>\n<\/ul>\n\n\n\n<ul class=\"wp-block-list\">\n<li>Drittanbieter-Cookies werden von anderen Unternehmen platziert, einschlie\u00dflich Dienstleistern, sozialen Medien-Cookies und Drittanbieter-Werbefirmen. Cookies, die von Dritten platziert werden, k\u00f6nnen von diesen Dritten gelesen werden, wenn Sie andere Websites im Werbenetzwerk besuchen, wodurch ein Profil Ihres Online-Verhaltens erstellt werden kann, um zielgerichtete Anzeigen von allen Kunden des Drittanbieters auszuliefern. <\/li>\n<\/ul>\n\n\n\n<ul class=\"wp-block-list\">\n<li><strong>Pixel-Tags und Web-Beacons<\/strong><br>Pixel-Tags (auch Web-Beacons genannt) sind winzige Grafiken und kleine Codebl\u00f6cke, die auf Webseiten, Anzeigen oder in E-Mails platziert werden und es uns erm\u00f6glichen, festzustellen, ob Sie eine bestimmte Aktion ausgef\u00fchrt haben. Wenn Sie auf die Seiten zugreifen oder eine E-Mail \u00f6ffnen, teilt uns das Tag mit, dass Sie die Webseite aufgerufen oder die E-Mail ge\u00f6ffnet haben. Diese Tools helfen uns dabei, die Reaktionen auf unsere Kommunikation zu messen und unsere Webseiten und Werbema\u00dfnahmen zu optimieren.Diese Tools erm\u00f6glichen es uns, die Reaktion auf unsere Kommunikation zu messen und unsere Webseiten und Aktionen zu verbessern.  <\/li>\n\n\n\n<li><strong>Server Logs<\/strong><br>Server-Logs zeichnen Aktivit\u00e4ten auf unseren Websites auf. Andere Arten von Logs erfassen \u00e4hnliche Informationen aus unseren Apps. Diese Logs erfassen Informationen \u00fcber das von Ihnen verwendete Ger\u00e4t, Ihr Betriebssystem, den Browsertyp, die Domain und andere Systemeinstellungen sowie die Sprache Ihres Systems und das Land und die Zeitzone, in der sich Ihr Ger\u00e4t befindet. Unsere Logs erfassen auch die IP-Adresse des Ger\u00e4ts, mit dem Sie sich mit dem Internet verbinden. Eine IP-Adresse ist eine eindeutige Kennung, die Ger\u00e4te ben\u00f6tigen, um sich im Internet zu identifizieren und miteinander zu kommunizieren. Wir k\u00f6nnen auch Informationen \u00fcber die Website erfassen, die Sie vor Ihrem Besuch bei Extu aufgerufen haben, sowie \u00fcber die Website, die Sie nach dem Verlassen unserer Seite besuchen.<\/li>\n<\/ul>\n","protected":false},"excerpt":{"rendered":"<p>Wirksam: 23. Dezember 2022 Wenn Sie unsere Websites besuchen, unsere mobilen Apps nutzen, mit unseren Marketingmaterialien, Online-Werbeanzeigen oder &hellip;<\/p>\n","protected":false},"author":4,"featured_media":0,"parent":136822,"menu_order":0,"comment_status":"closed","ping_status":"closed","template":"","meta":{"_acf_changed":false,"_eb_attr":"","footnotes":""},"class_list":["post-119354","page","type-page","status-publish"],"acf":{"footer_box_text":"<h2 data-pm-slice=\"1 1 []\">Partnering With Us = Higher Returns for You<\/h2>","footer_form_text":"Channel Growth Looks Good On You","footer_form":""},"_links":{"self":[{"href":"https:\/\/extu.com\/de\/wp-json\/wp\/v2\/pages\/119354","targetHints":{"allow":["GET"]}}],"collection":[{"href":"https:\/\/extu.com\/de\/wp-json\/wp\/v2\/pages"}],"about":[{"href":"https:\/\/extu.com\/de\/wp-json\/wp\/v2\/types\/page"}],"author":[{"embeddable":true,"href":"https:\/\/extu.com\/de\/wp-json\/wp\/v2\/users\/4"}],"replies":[{"embeddable":true,"href":"https:\/\/extu.com\/de\/wp-json\/wp\/v2\/comments?post=119354"}],"version-history":[{"count":0,"href":"https:\/\/extu.com\/de\/wp-json\/wp\/v2\/pages\/119354\/revisions"}],"up":[{"embeddable":true,"href":"https:\/\/extu.com\/de\/wp-json\/wp\/v2\/pages\/136822"}],"wp:attachment":[{"href":"https:\/\/extu.com\/de\/wp-json\/wp\/v2\/media?parent=119354"}],"curies":[{"name":"wp","href":"https:\/\/api.w.org\/{rel}","templated":true}]}}