{"id":118874,"date":"2023-08-15T14:28:21","date_gmt":"2023-08-15T14:28:21","guid":{"rendered":"https:\/\/extu.com\/?page_id=118874"},"modified":"2025-02-19T15:48:25","modified_gmt":"2025-02-19T15:48:25","slug":"unterauftragsverarbeiter","status":"publish","type":"page","link":"https:\/\/extu.com\/de\/rechtliche\/unterauftragsverarbeiter\/","title":{"rendered":"Unterauftragsverarbeiter"},"content":{"rendered":"\n<p class=\"has-base-2-color has-contrast-background-color has-text-color has-background\"><strong>Zuletzt aktualisiert:<\/strong> 17. Juni 2024<\/p>\n\n\n\n<p>Extu setzt bestimmte Unterauftragsverarbeiter (einschlie\u00dflich Mitglieder der Extu-Gruppe und Dritte, wie nachfolgend aufgef\u00fchrt) ein, um bei der Bereitstellung der in den geltenden <a href=\"https:\/\/extu.com\/de\/rechtliche\/allgemeine-nutzungsbedingungen\/\">Allgemeinen Gesch\u00e4ftsbedingungen<\/a> beschriebenen Dienstleistungen zu unterst\u00fctzen.<\/p>\n\n\n\n<p>Diese Unterauftragsverarbeiter k\u00f6nnen sich im Ausland befinden oder ihre Server im Ausland betreibenhaben. Personenbezogene Daten werden nur an Organisationen \u00fcbermittelt, bei denen Extu angemessene Schutzma\u00dfnahmen implementierteingerichtet hat, die den Anforderungen von Extu entsprechen und die geltenden Datenschutzgesetze einhaltenin \u00dcbereinstimmung mit den geltenden Datenschutzgesetzen stehen. <\/p>\n\n\n\n<h3 class=\"wp-block-heading\">Unterauftragsverarbeiter der Extu-Gruppe<\/h3>\n\n\n\n<p>Die folgenden Unternehmen sind Mitglieder der Extu-Gruppe und fungieren daher als Unterauftragsverarbeiter zur Erbringung Bereitstellung der DienstleistungenDienstleistungen. <\/p>\n\n\n\n<figure class=\"wp-block-table\"><table><tbody><tr><td><strong>Name der Entit\u00e4t<\/strong><\/td><td><strong>Land<\/strong><\/td><td><strong>Zweck<\/strong><\/td><\/tr><tr><td>Finnigan Investments (Australia) Pty Ltd<\/td><td>Australien<\/td><td>Hauptsitz der Gruppe<\/td><\/tr><tr><td>OneAffiniti LLC<\/td><td>USA<\/td><td>Vertriebs- und Marketingb\u00fcro<\/td><\/tr><tr><td>OneAffiniti Ltd<\/td><td>GB<\/td><td>Vertriebs- und Marketingb\u00fcro<\/td><\/tr><\/tbody><\/table><\/figure>\n\n\n\n<h3 class=\"wp-block-heading\">Unterauftragsverarbeiter f\u00fcr die Datenspeicherung in der InfrastrukturDateninfrastruktur-Speicherung<\/h3>\n\n\n\n<p>Die folgende Tabelle beschreibt die L\u00e4nder und juristischen Personenrechtlichen Entit\u00e4ten, die von Extu f\u00fcr die Datenspeicherung Speicherung von Daten beauftragt wurdenwerden.<\/p>\n\n\n\n<figure class=\"wp-block-table\"><table><tbody><tr><td><strong>Name der Entit\u00e4t<\/strong><\/td><td><strong>Land<\/strong><\/td><td><strong>Entit\u00e4tstyp<\/strong><\/td><\/tr><tr><td>Amazon Web Services<\/td><td>Australien und USA<\/td><td>Cloud-Dienstanbieter<\/td><\/tr><tr><td>Flexential Corp. <\/td><td>USA <\/td><td>Rechenzentrums-anbieter <\/td><\/tr><tr><td>Google Cloud<\/td><td>USA<\/td><td>Cloud-Dienstanbieter<\/td><\/tr><\/tbody><\/table><\/figure>\n\n\n\n<h3 class=\"wp-block-heading\">Dienstleistungsspezifische Unterauftragsverarbeiter<\/h3>\n\n\n\n<p>Extu arbeitet mit bestimmten Drittanbietern zusammen, um spezifische Funktionen innerhalb der Dienstleistungen bereitzustellen, die Wirksamkeit der Dienstleistungen zu bewerten und\/oder die Dienstleistungen zu optimieren.<\/p>\n\n\n\n<figure class=\"wp-block-table\"><table><tbody><tr><td><strong>Name der Entit\u00e4t<\/strong><\/td><td><strong>Land<\/strong><\/td><td><strong>Zweck<\/strong><\/td><\/tr><tr><td>Alchemer<\/td><td>USA<\/td><td>Formular-\u00fcbermittlungen<\/td><\/tr><tr><td>Bakkt Marketplace, LLC<\/td><td>USA<\/td><td>Reiseleistungs-abwicklung<\/td><\/tr><tr><td>Best Buy Co. Inc. <\/td><td>USA<\/td><td>Warenabwicklung<\/td><\/tr><tr><td>Blackhawk Network Holdings, Inc <\/td><td>USA <\/td><td>Geschenkkartenabwicklung<\/td><\/tr><tr><td>Books-A-Million, Inc.<\/td><td>USA<\/td><td>Warenabwicklung<\/td><\/tr><tr><td>Bulovoa Watch Company<\/td><td>USA<\/td><td>Warenabwicklung<\/td><\/tr><tr><td>Calendly<\/td><td>USA<\/td><td>Kalender-planungsintegration<\/td><\/tr><tr><td>Campaign Monitor<\/td><td>USA<\/td><td>E-Mail-Verteilung<\/td><\/tr><tr><td>Capitol Sales Company<\/td><td>USA<\/td><td>Warenabwicklung<\/td><\/tr><tr><td>Castle Merchandising, Inc<\/td><td>USA<\/td><td>Warenabwicklung<\/td><\/tr><tr><td>Chargebee<\/td><td>Australien<\/td><td>Abonnement-Abrechnungsverwaltung<\/td><\/tr><tr><td>Clearbit<\/td><td>USA<\/td><td>Validierung von Kontaktdaten<\/td><\/tr><tr><td>The DataDirect Group <\/td><td>USA <\/td><td>Warenabwicklung<\/td><\/tr><tr><td>Domo<\/td><td>USA<\/td><td>Analysen, Ein-blicke und Berichterstattung<\/td><\/tr><tr><td>Edenred SE<\/td><td>FRA<\/td><td>Warenabwicklung<\/td><\/tr><tr><td>Emapta<\/td><td>Philippinen<\/td><td>Produktions-team und Support-Hub<\/td><\/tr><tr><td>Fandango Media LLC<\/td><td>USA<\/td><td>Kinokarten-abwicklung<\/td><\/tr><tr><td>Giftbit<\/td><td>Kanada<\/td><td>Geschenkkartenportal<\/td><\/tr><tr><td>GiftPay<\/td><td>AU<\/td><td>Flexi-eGift-System<\/td><\/tr><tr><td>GlockApps<\/td><td>USA<\/td><td>Analyse der E-Mail-Zustellbarkeit<\/td><\/tr><tr><td>Google, LLC <\/td><td>USA <\/td><td>Webseiten-Analysen <\/td><\/tr><tr><td>Google Tag Manager\/Google Analytics<\/td><td>USA<\/td><td>Analyse von Verhaltensstatistiken<\/td><\/tr><tr><td>G Suite (Google Apps)<\/td><td>USA<\/td><td>B\u00fcro-Produktivit\u00e4tstools<\/td><\/tr><tr><td>Helix Global Solutions, Inc <\/td><td>USA <\/td><td>Warenabwicklung<\/td><\/tr><tr><td>Hotjar<\/td><td>Malta<\/td><td>Analyse von Verhaltensstatistiken<\/td><\/tr><tr><td>Incentive Concepts, Inc <\/td><td>USA <\/td><td>Warenabwicklung<\/td><\/tr><tr><td>Incomm Digital Solutions, LLC <\/td><td>USA <\/td><td>Geschenkkartenabwicklung<\/td><\/tr><tr><td>Ingram Content Group <\/td><td>USA <\/td><td>Warenabwicklung<\/td><\/tr><tr><td>Ingram Entertainment, Inc <\/td><td>USA <\/td><td>Warenabwicklung<\/td><\/tr><tr><td>IRIS Worldwide<\/td><td>USA<\/td><td>Werbe- und Marketingdienste<\/td><\/tr><tr><td>KleerWest, LLC <\/td><td>USA <\/td><td>Warenabwicklung<\/td><\/tr><tr><td>KPI Analytics<\/td><td>USA<\/td><td>Daten-Lead-Generierung und -Intelligenz<\/td><\/tr><tr><td>Lapine, Inc <\/td><td>USA <\/td><td>Warenabwicklung<\/td><\/tr><tr><td>Links Unlimited, Inc <\/td><td>USA <\/td><td>Warenabwicklung<\/td><\/tr><tr><td>MAS, Inc <\/td><td>USA <\/td><td>Warenabwicklung<\/td><\/tr><tr><td>Microsoft<\/td><td>USA<\/td><td>B\u00fcro-Produktivit\u00e4tstools<\/td><\/tr><tr><td>Microsoft Corporation <\/td><td>USA <\/td><td>Identit\u00e4t, Authentifizierung, E-Mail, Dateispeicherung, Protokolldatenspeicherung<\/td><\/tr><tr><td>My Channel Team (\u201cSpark Your Channel\u201d)<\/td><td>USA<\/td><td>Videoinhaltsplattform<\/td><\/tr><tr><td>O&#8217;Rourke Sales Company <\/td><td>USA <\/td><td>Warenabwicklung<\/td><\/tr><tr><td>Omnicard<\/td><td>USA<\/td><td>Geschenkkartenportal<\/td><\/tr><tr><td>Onbe, Inc <\/td><td>USA <\/td><td>Prepaid-Debitkartenabwicklung <\/td><\/tr><tr><td>PayPal Holdings, Inc <\/td><td>USA <\/td><td>Kreditkartenverarbeitung <\/td><\/tr><tr><td>Power Sales and Advertising, Inc <\/td><td>USA <\/td><td>Warenabwicklung<\/td><\/tr><tr><td>Premco Associates <\/td><td>USA <\/td><td>Warenabwicklung<\/td><\/tr><tr><td>Premstar, Inc. <\/td><td>USA <\/td><td>Warenabwicklung<\/td><\/tr><tr><td>Prezzy Card<\/td><td>NZ<\/td><td>Geschenkkartenportal<\/td><\/tr><tr><td>Proam Golf <\/td><td>USA <\/td><td>Warenabwicklung<\/td><\/tr><tr><td>Q6 Inc. <\/td><td>USA <\/td><td>Warenabwicklung<\/td><\/tr><tr><td>The Rocket Science Group LLC <\/td><td>USA <\/td><td>E-Mail-Zustellung <\/td><\/tr><tr><td>Salesforce<\/td><td>USA<\/td><td>Kundenbeziehungsmanagement<\/td><\/tr><tr><td>Sand Dune Mail Ltd <\/td><td>USA <\/td><td>E-Mail-Zustellung <\/td><\/tr><tr><td>Sendgrid<\/td><td>USA<\/td><td>E-Mail-Verteilung<\/td><\/tr><tr><td>Smartsheet<\/td><td>USA<\/td><td>Aufgaben- und Projektmanagement<\/td><\/tr><tr><td>Stark Enterprises, Inc <\/td><td>USA <\/td><td>Warenabwicklung<\/td><\/tr><tr><td>Stripe<\/td><td>USA<\/td><td>Zahlungsabwickler<\/td><\/tr><tr><td>Successful Channels<\/td><td>USA<\/td><td>Scorecard-Plattform<\/td><\/tr><tr><td>Top Brands, Inc <\/td><td>USA <\/td><td>Warenabwicklung<\/td><\/tr><tr><td>Ticket Network, Inc <\/td><td>USA <\/td><td>Veranstaltungsticketabwicklung <\/td><\/tr><tr><td>Twilio<\/td><td>USA<\/td><td>SMS-Benachrichtigung und -Zustellung<\/td><\/tr><tr><td>Universal Gift Cards<\/td><td>Australien<\/td><td>Geschenkkartenportal<\/td><\/tr><tr><td>Zane&#8217;s Cycle <\/td><td>USA <\/td><td>Warenabwicklung<\/td><\/tr><tr><td>Zapier<\/td><td>USA<\/td><td>Automatisierung und Synchronisierung<\/td><\/tr><tr><td>Zerobounce<\/td><td>USA<\/td><td>Validierung von Abonnenten-E-Mails<\/td><\/tr><\/tbody><\/table><\/figure>\n\n\n\n<p><\/p>\n","protected":false},"excerpt":{"rendered":"<p>Zuletzt aktualisiert: 17. Juni 2024 Extu setzt bestimmte Unterauftragsverarbeiter (einschlie\u00dflich Mitglieder der Extu-Gruppe und Dritte, wie nachfolgend aufgef\u00fchrt) &hellip;<\/p>\n","protected":false},"author":4,"featured_media":0,"parent":136822,"menu_order":0,"comment_status":"closed","ping_status":"closed","template":"","meta":{"_acf_changed":false,"_eb_attr":"","footnotes":""},"class_list":["post-118874","page","type-page","status-publish"],"acf":{"footer_box_text":"<h2 data-pm-slice=\"1 1 []\">Partnering With Us = Higher Returns for You<\/h2>","footer_form_text":"Channel Growth Looks Good On You","footer_form":""},"_links":{"self":[{"href":"https:\/\/extu.com\/de\/wp-json\/wp\/v2\/pages\/118874","targetHints":{"allow":["GET"]}}],"collection":[{"href":"https:\/\/extu.com\/de\/wp-json\/wp\/v2\/pages"}],"about":[{"href":"https:\/\/extu.com\/de\/wp-json\/wp\/v2\/types\/page"}],"author":[{"embeddable":true,"href":"https:\/\/extu.com\/de\/wp-json\/wp\/v2\/users\/4"}],"replies":[{"embeddable":true,"href":"https:\/\/extu.com\/de\/wp-json\/wp\/v2\/comments?post=118874"}],"version-history":[{"count":0,"href":"https:\/\/extu.com\/de\/wp-json\/wp\/v2\/pages\/118874\/revisions"}],"up":[{"embeddable":true,"href":"https:\/\/extu.com\/de\/wp-json\/wp\/v2\/pages\/136822"}],"wp:attachment":[{"href":"https:\/\/extu.com\/de\/wp-json\/wp\/v2\/media?parent=118874"}],"curies":[{"name":"wp","href":"https:\/\/api.w.org\/{rel}","templated":true}]}}