{"id":118865,"date":"2023-08-10T18:15:26","date_gmt":"2023-08-10T18:15:26","guid":{"rendered":"https:\/\/extu.com\/?page_id=118865"},"modified":"2025-08-28T15:53:37","modified_gmt":"2025-08-28T15:53:37","slug":"dsgvo-vertrauenszentrum","status":"publish","type":"page","link":"https:\/\/extu.com\/de\/rechtliche\/dsgvo-vertrauenszentrum\/","title":{"rendered":"DSGVO-Vertrauenszentrum"},"content":{"rendered":"<div class=\"gb-container gb-container-b18ab946 gb-container-default\">\n<div class=\"gb-container gb-container-5d0439a9 gb-container-inner\">\n<div class=\"gb-grid-wrapper gb-grid-wrapper-209d1e03\">\n<div class=\"gb-grid-column gb-grid-column-22a1eb65\"><div class=\"gb-container gb-container-22a1eb65\">\n\n<h1 class=\"gb-headline gb-headline-aa84e7da gb-headline-text\">DSGVO-Vertrauenszentrum<\/h1>\n\n<\/div><\/div>\n<\/div>\n<\/div>\n<\/div>\n\n<div class=\"gb-container gb-container-638790bd gb-container-default\">\n<div class=\"gb-container gb-container-fcd868d2 gb-container-inner\">\n\n<p>Als Anbieter von digitalen Marketingdiensten ist Extu bestrebt, eng mit seinen Partnern zusammenzuarbeiten, um ihnen zu helfen, ihre Verpflichtungen gem\u00e4\u00df der Datenschutz-Grundverordnung (DSGVO) der Europ\u00e4ischen Union und der entsprechenden nationalen Umsetzungsbestimmungen zu erf\u00fcllen. Wir haben diesen Leitfaden entwickelt, um Ihnen zu helfen, Ihre DSGVO-Verantwortlichkeiten zu verstehen und zu erkl\u00e4ren, wie Extu Sie durch seine eigenen DSGVO-Compliance-Bem\u00fchungen unterst\u00fctzt.<\/p>\n\n\n<div class=\"gb-grid-wrapper gb-grid-wrapper-eccdd1c8\">\n<div class=\"gb-grid-column gb-grid-column-9147cf97\"><div class=\"gb-container gb-container-9147cf97\"><\/div><\/div>\n<\/div>\n\n<div class=\"gb-grid-wrapper gb-grid-wrapper-9d478778\">\n<div class=\"gb-grid-column gb-grid-column-84aa4f5b\"><div class=\"gb-container gb-container-84aa4f5b\">\n\n<p class=\"gb-headline gb-headline-fec0a191 gb-headline-text\"><a href=\"https:\/\/extu.com\/de\/rechtliche\/die-dsgvo-im-ueberblick\/\">DSGVO erkl\u00e4rt<\/a><\/p>\n\n\n\n<p class=\"gb-headline gb-headline-b9779c9c gb-headline-text\">Bieten Sie den Teilnehmern von Anfang bis Ende ein erfreuliches Belohnungserlebnis \u2013 ganz ohne M\u00fche.<\/p>\n\n<\/div><\/div>\n\n<div class=\"gb-grid-column gb-grid-column-906ff3e7\"><div class=\"gb-container gb-container-906ff3e7 by-md-0\">\n\n<p class=\"gb-headline gb-headline-12ad1c88 gb-headline-text\"><a href=\"https:\/\/extu.com\/de\/rechtliche\/dsgvo-und-extu\/\" data-type=\"page\" data-id=\"117095\">DSGVO und Extu<\/a><\/p>\n\n\n<div class=\"gb-container gb-container-4ce0924a\">\n\n<p class=\"gb-headline gb-headline-a3303339 gb-headline-text\">Holen Sie sich vollst\u00e4ndig verpackte, hochwertige Multimedia-Inhalte, einschlie\u00dflich Thought Leadership und Branchennachrichten.<\/p>\n\n<\/div>\n<\/div><\/div>\n\n<div class=\"gb-grid-column gb-grid-column-5eec28f3\"><div class=\"gb-container gb-container-5eec28f3\">\n\n<p class=\"gb-headline gb-headline-97d9727a gb-headline-text\"><a href=\"https:\/\/extu.com\/de\/rechtliche\/dsgvo-und-partner\/\">DSGVO und Partner<\/a><\/p>\n\n\n\n<p class=\"gb-headline gb-headline-9f328ec6 gb-headline-text\">Erreichen Sie die perfekte Balance zwischen unterhaltsamen Erinnerungen und gesch\u00e4ftlichem Erfolg.<\/p>\n\n<\/div><\/div>\n<\/div>\n<\/div>\n<\/div>\n\n<div class=\"gb-container gb-container-c9581eeb gb-container-default\">\n<div class=\"gb-container gb-container-3fc8b47d gb-container-inner\">\n\n<p><em>Diese Unterlagen dienen ausschlie\u00dflich allgemeinen Informationszwecken und stellen keine Rechtsberatung dar. Um die vollst\u00e4ndigen Auswirkungen der DSGVO auf Ihre Datenverarbeitungsaktivit\u00e4ten zu verstehen, empfehlen wir Ihnen, sich mit einem unabh\u00e4ngigen Rechts- oder Datenschutzexperten zu beraten.<\/em><\/p>\n\n<\/div>\n<\/div>","protected":false},"excerpt":{"rendered":"<p>Als Anbieter von digitalen Marketingdiensten ist Extu bestrebt, eng mit seinen Partnern zusammenzuarbeiten, um ihnen zu helfen, ihre &hellip;<\/p>\n","protected":false},"author":4,"featured_media":0,"parent":136822,"menu_order":0,"comment_status":"closed","ping_status":"closed","template":"","meta":{"_acf_changed":false,"_eb_attr":"","footnotes":""},"class_list":["post-118865","page","type-page","status-publish"],"acf":{"footer_box_text":"<h2 data-pm-slice=\"1 1 []\">Partnering With Us = Higher Returns for You<\/h2>","footer_form_text":"Channel Growth Looks Good On You","footer_form":""},"_links":{"self":[{"href":"https:\/\/extu.com\/de\/wp-json\/wp\/v2\/pages\/118865","targetHints":{"allow":["GET"]}}],"collection":[{"href":"https:\/\/extu.com\/de\/wp-json\/wp\/v2\/pages"}],"about":[{"href":"https:\/\/extu.com\/de\/wp-json\/wp\/v2\/types\/page"}],"author":[{"embeddable":true,"href":"https:\/\/extu.com\/de\/wp-json\/wp\/v2\/users\/4"}],"replies":[{"embeddable":true,"href":"https:\/\/extu.com\/de\/wp-json\/wp\/v2\/comments?post=118865"}],"version-history":[{"count":0,"href":"https:\/\/extu.com\/de\/wp-json\/wp\/v2\/pages\/118865\/revisions"}],"up":[{"embeddable":true,"href":"https:\/\/extu.com\/de\/wp-json\/wp\/v2\/pages\/136822"}],"wp:attachment":[{"href":"https:\/\/extu.com\/de\/wp-json\/wp\/v2\/media?parent=118865"}],"curies":[{"name":"wp","href":"https:\/\/api.w.org\/{rel}","templated":true}]}}